{"id":1586,"date":"2019-01-21T18:43:21","date_gmt":"2019-01-21T18:43:21","guid":{"rendered":"http:\/\/www.artsituacions.com\/?page_id=1586"},"modified":"2023-05-31T10:21:56","modified_gmt":"2023-05-31T10:21:56","slug":"premio-art-situacions-arcomadrid-2019","status":"publish","type":"page","link":"https:\/\/www.artsituacions.com\/ca\/premio-art-situacions-arcomadrid-2019\/","title":{"rendered":"Premi ART Situacions ARCOmadrid 2019"},"content":{"rendered":"<div style=\"margin-top:20px; \" class=\"exhibitionInfo\">\n<div class=\"c1\"><img decoding=\"async\" class=\"alignnone size-full wp-image-46\" src=\"http:\/\/www.artsituacions.com\/wp-content\/uploads\/2017\/02\/logo_arco_madrid.jpg\" alt=\"ARCOmadrid 2018\" height=\"300\" \/><br \/>\n<a style=\"color: #cc0000; margin-top: 10px; display: block;\" href=\"art-situacions-en-los-medios\/?event=2019-arco\">Press Clipping<\/a><\/p>\n<div class=\"supportBy\" style=\"margin-top:5px;\">\n<strong>Directora ArtSituacions:<\/strong><br \/>\nPilar Forcada <\/p>\n<p><strong>Patrocini:<\/strong><br \/>\nMarcel Pascual <\/p>\n<div class=\"box\">\n<div class=\"item\"><a href=\"https:\/\/www.hondaencasa.com\/\" target=\"_blank\" rel=\"noopener\"><img decoding=\"async\" loading=\"lazy\" src=\"\/wp-content\/uploads\/2014\/10\/honda-the-power-of-dreams-300x144.jpg\" alt=\"honda-the-power-of-dreams\" width=\"100\" height=\"48\" class=\"alignnone size-thumbnail wp-image-127\" \/><\/a><\/div>\n<div class=\"item\"><a href=\"https:\/\/www.hondaencasa.com\/\" target=\"_blank\" rel=\"noopener\"><img decoding=\"async\" loading=\"lazy\" src=\"\/wp-content\/uploads\/2015\/09\/greens.jpg\" alt=\"greens\" width=\"100\" height=\"48\" class=\"alignnone size-thumbnail wp-image-127\" \/><\/a><\/div>\n<p><br style=\"clear:both;\" \/><\/p>\n<p style=\"margin-top:40px;\"><strong>Anteriors edicions:<\/strong><\/p>\n<p><a style=\"color:#cc0000;\" href=\"art-situacions-arcomadrid-2022\">2022<\/a><br \/>\n<a style=\"color:#cc0000;\" href=\"premio-art-situacions-arcomadrid-2020\">2020<\/a><br \/>\n<a style=\"color:#cc0000;\" href=\"premio-art-situacions-arcomadrid-2019\">2019<\/a><br \/>\n<a style=\"color:#cc0000;\" href=\"arcomadrid-2018\">2018<\/a><br \/>\n<a style=\"color:#cc0000;\" href=\"arcomadrid-2017\">2017<\/a>\n<\/div>\n<p><!--box--><\/p>\n<\/div>\n<p><!--supportby--><\/p>\n<\/div>\n<p><!--c1--><\/p>\n<div class=\"c2\">\n<div class='scroll-pane'>\n<div class=\"info\">\n<h4>Premi ART Situacions ARCOmadrid 2019<\/h4>\n<p><h5>Un projecte que documenta les empremtes dels migrants obt\u00e9 l\u2019ART Situacions<\/h5>\n<\/p>\n<p>Madrid, 28 de febrer de 2019.- El Premi ha estat per a l&#8217;obra PLEASE DON\u2019T PAINT THE WALL de la s\u00e8rie \u00c0 tous les clandestins, projecte de Patricia G\u00f3mez i Mar\u00eda Jes\u00fas Gonz\u00e1lez que rescata i documenta les petjades que van deixar escrites migrants africans en diferents centres d&#8217;internament de les Can\u00e0ries. Ha obtingut el premi ART Situacions que destaca la millor obra d&#8217;art emergent de la recentment clausurada fira ARCO.<\/p>\n<p>El premi, que est\u00e0 dotat amb 15.000 euros i compta amb el patrocini d&#8217;Honda-Greens Power Products, S.L., es presentava a la galeria valenciana Espaivisor i s&#8217;incorporar\u00e0 a la col\u00b7lecci\u00f3 ART Situacions, que dirigeix Pilar Forcada. El comit\u00e8 de selecci\u00f3 estava compost per Mar\u00eda de Corral, comiss\u00e0ria independent i Nimfa Bisbe, Cap de les col\u00b7leccions d&#8217;art de la Fundaci\u00f3 Banc\u00e0ria &#8220;la Caixa&#8221;.<\/p>\n<p>El lliurament del premi ha comptat tamb\u00e9 amb la participaci\u00f3 del Sr. Carlos Urroz, director d&#8217;ARCOmadrid, la Sra. Pilar Forcada, directora de ARTSituacions, i el Sr. Marcel Pascual, director d&#8217;Honda &#8211; Greens Power Products.<\/p>\n<p><strong>Obra guanyadora<\/strong><\/p>\n<p>PLEASE DON\u2019T PAINT THE WALL. CHARLIE-I. CIE El Matorral, Fuerteventura (2014)<br \/>\nPatricia G\u00f3mez &#038; Mar\u00eda Jes\u00fas Gonz\u00e1lez, Valencia, 1978<br \/>\nImpressi\u00f3 d&#8217;arrencada de pintura de paret sobre tela 116 x 211 x 6 cm (marco)<br \/>\nPe\u00e7a u\u0301nica <\/p>\n<p>\u00c0 tous les clandestins<\/p>\n<p>El projecte tracta d&#8217;abordar el fenomen contemporani de les migracions, enfocant-se en la ruta que parteix des de les costes occidentals africanes a Can\u00e0ries. L&#8217;objectiu del projecte ha consistit en rescatar i documentar, per mitj\u00e0 de l&#8217;estampaci\u00f3 mural, la fotografia i el v\u00eddeo, les empremtes escrites que els homes i dones en tr\u00e0nsit van anar deixant al seu pas, i ser aix\u00ed un homenatge a la seva mem\u00f2ria.<\/p>\n<\/div>\n<p><!--info--><\/p>\n<\/div>\n<style>.scroll-pane{width: 100%;height:800px;overflow: auto;}<\/style>\n<\/div>\n<p><!--c2--><br \/>\n<br style=\"clear: both;\" \/><\/p>\n<h2 class=\"hdrSection\">Imatges<\/h2>\n<div class=\"gallery\">\n\n\t<ul id=\"slideshowgallery45250\" class=\"slideshowgallery45250\" style=\"display:none;\">\n\t\t\t\t\t<!-- From all slides or gallery slides -->\n\t\t\t\t\t\t\t\n\t\t\t\t<li>\n\t\t\t\t\t<h3 style=\"opacity:70;\">AR19_RRS_PREMIO ART SITUACIONS_012<\/h3>\n\t\t\t\t\t\t\t\t\t\t\t<span data-alt=\"ar19rrspremio-art-situacions012\">https:\/\/www.artsituacions.com\/wp-content\/uploads\/2019\/03\/ar19_rrs_premio-art-situacions_012.jpg<\/span>\n\t\t\t\t\t\t\t\t\t\t<p><\/p>\n\t\t\t\t\t\t\t\t\t\t\t\t\t\t\t\t\t\t<a><img class=\"skip-lazy\" src=\"https:\/\/www.artsituacions.com\/wp-content\/uploads\/2019\/03\/ar19_rrs_premio-art-situacions_012.jpg\" alt=\"ar19rrspremio-art-situacions012\" \/><\/a>\n\t\t\t\t\t\t\t\t\t\t\t\t\t\t\t<\/li>\n\t\t\t\t\t\t\t\n\t\t\t\t<li>\n\t\t\t\t\t<h3 style=\"opacity:70;\">Imagen oficial galeria<\/h3>\n\t\t\t\t\t\t\t\t\t\t\t<span data-alt=\"imagen-oficial-galeria\">https:\/\/www.artsituacions.com\/wp-content\/uploads\/2019\/03\/imagen-oficial-galeria.jpg<\/span>\n\t\t\t\t\t\t\t\t\t\t<p><\/p>\n\t\t\t\t\t\t\t\t\t\t\t\t\t\t\t\t\t\t<a><img class=\"skip-lazy\" src=\"https:\/\/www.artsituacions.com\/wp-content\/uploads\/2019\/03\/imagen-oficial-galeria.jpg\" alt=\"imagen-oficial-galeria\" \/><\/a>\n\t\t\t\t\t\t\t\t\t\t\t\t\t\t\t<\/li>\n\t\t\t\t\t\t<\/ul>\n\t\n\t<div id=\"slideshow-wrappergallery45250\" class=\"slideshow-wrapper\">\n\t\t\t\n\t\t<div class=\"slideshow-fullsize\" id=\"fullsizegallery45250\">\n\t\t\t\t\t\t\t\t\t\t\t\t\t\t<div id=\"imgprevgallery45250\" class=\"slideshow-imgprev imgnav\" title=\"Previous Image\">Previous Image<\/div>\n\t\t\t\t\t\t<a id=\"imglinkgallery45250\" class=\"slideshow-imglink imglink\"><!-- link --><\/a>\n\t\t\t\t\t\t\t\t\t\t\t<div id=\"imgnextgallery45250\" class=\"slideshow-imgnext imgnav\" title=\"Next Image\">Next Image<\/div>\n\t\t\t\t\t\t<div id=\"imagegallery45250\" class=\"slideshow-image\"><\/div>\n\t\t\t<div class=\"slideshow-information infobottom\" id=\"informationgallery45250\">\n\t\t\t\t<h3 class=\"slideshow-info-heading\">info heading<\/h3>\n\t\t\t\t<p class=\"slideshow-info-content\">info content<\/p>\n\t\t\t<\/div>\n\t\t<\/div>\n\t\t\n\t\t\t\t\t<div id=\"thumbnailsgallery45250\" class=\"slideshow-thumbnails thumbsbot\">\n\t\t\t\t<div class=\"slideshow-slideleft\" id=\"slideleftgallery45250\" title=\"Slide Left\"><\/div>\n\t\t\t\t<div class=\"slideshow-slidearea\" id=\"slideareagallery45250\">\n\t\t\t\t\t<div class=\"slideshow-slider\" id=\"slidergallery45250\"><\/div>\n\t\t\t\t<\/div>\n\t\t\t\t<div class=\"slideshow-slideright\" id=\"sliderightgallery45250\" title=\"Slide Right\"><\/div>\n\t\t\t\t<br style=\"clear:both; visibility:hidden; height:1px;\" \/>\n\t\t\t<\/div>\n\t\t\t<\/div>\n\t\n\t\n\t<!-- Slideshow Gallery Javascript BEG -->\t\t<script type=\"text\/javascript\">\tjQuery.noConflict();\ttid('slideshowgallery45250').style.display = \"none\";\ttid('slideshow-wrappergallery45250').style.display = 'block';\ttid('slideshow-wrappergallery45250').style.visibility = 'hidden';\tvar spinnerDiv = document.createElement('div');\tspinnerDiv.setAttribute('id', 'spinnergallery45250');\tspinnerDiv.innerHTML = '<i class=\"fa fa-cog fa-spin\"><\/i>';\tjQuery(spinnerDiv).appendTo('#fullsizegallery45250');\ttid('spinnergallery45250').style.visibility = 'visible';\tvar slideshowgallery45250 = new TINY.slideshow(\"slideshowgallery45250\");\tjQuery(document).ready(function() {\t\tslideshowgallery45250.auto = true;\t\tslideshowgallery45250.speed = 10;\t\tslideshowgallery45250.effect = \"fade\";\t\tslideshowgallery45250.slide_direction = \"lr\";\t\tslideshowgallery45250.easing = \"swing\";\t\tslideshowgallery45250.alwaysauto = true;\t\tslideshowgallery45250.autoheight = true;\t\tslideshowgallery45250.autoheight_max = false;\t\tslideshowgallery45250.imgSpeed = 10;\t\tslideshowgallery45250.navOpacity = 25;\t\tslideshowgallery45250.navHover = 70;\t\tslideshowgallery45250.letterbox = \"#000000\";\t\tslideshowgallery45250.linkclass = \"linkhover\";\t\tslideshowgallery45250.imagesid = \"imagesgallery45250\";\t\tslideshowgallery45250.info = \"informationgallery45250\";\t\tslideshowgallery45250.infoonhover = 0;\t\tslideshowgallery45250.infoSpeed = 10;\t\tslideshowgallery45250.infodelay = 0;\t\tslideshowgallery45250.infofade = 0;\t\tslideshowgallery45250.infofadedelay = 0;\t\tslideshowgallery45250.thumbs = \"slidergallery45250\";\t\tslideshowgallery45250.thumbOpacity = 70;\t\tslideshowgallery45250.left = \"slideleftgallery45250\";\t\tslideshowgallery45250.right = \"sliderightgallery45250\";\t\tslideshowgallery45250.scrollSpeed = 5;\t\tslideshowgallery45250.spacing = 5;\t\tslideshowgallery45250.active = \"#ffffff\";\t\tslideshowgallery45250.imagesthickbox = \"false\";\t\tjQuery(\"#spinnergallery45250\").remove();\t\tslideshowgallery45250.init(\"slideshowgallery45250\",\"imagegallery45250\",\"imgprevgallery45250\",\"imgnextgallery45250\",\"imglinkgallery45250\");\t\ttid('slideshow-wrappergallery45250').style.visibility = 'visible';\t\tjQuery(window).trigger('resize');\t\t\t\t\t});\t\t\t<\/script>\t\t<!-- Slideshow Gallery Javascript END --><!-- Slideshow Gallery CSS BEG --><style id=\"style-gallery45250\">\t\tul.slideshowgallery45250 { list-style:none !important; color:#fff; }\n\t\tul.slideshowgallery45250 span { display:none; }\n\t\t#slideshow-wrappergallery45250 { overflow: hidden; position:relative; width:100%; background:#020202; padding:0 0 0 0; border:; margin:0; display:none; }\n\t\t#slideshow-wrappergallery45250 * { margin:0; padding:0; }\n\t\t#slideshow-wrappergallery45250 #fullsizegallery45250 { position:relative; z-index:1; overflow:hidden; width:100%; height:460px; clear:both; border: none; }\n\t\t#slideshow-wrappergallery45250 #informationgallery45250 { text-align:left; font-family:Verdana, Arial, Helvetica, sans-serif !important; position:absolute; width:100%; height:0; background:#000000; color:#ffffff; overflow:hidden; z-index:300; opacity:.7; filter:alpha(opacity=70); }\n\t\t#slideshow-wrappergallery45250 #informationgallery45250 h3 { color:#ffffff; padding:4px 8px 3px; margin:0 !important; font-size:16px; font-weight:bold; }\n\t\t#slideshow-wrappergallery45250 #informationgallery45250 a { color:#ffffff; }\n\t\t#slideshow-wrappergallery45250 #informationgallery45250 p { color:#ffffff; padding:0 8px 8px; margin:0 !important; font-size: 14px; font-weight:normal; }\n\t\t#slideshow-wrappergallery45250 .infotop { margin-bottom:8px !important; top:0!important; }\n\t\t#slideshow-wrappergallery45250 .infobottom { margin-top:8px !important; bottom:0!important; }\n\t\t\t\t\t#slideshow-wrappergallery45250 #imagegallery45250 { width:100%; }\n\t\t\t#slideshow-wrappergallery45250 #imagegallery45250 img { border:none; border-radius:0; box-shadow:none; position:absolute; left:0%; right:0%; max-height:100%; max-width:100%; margin:0 auto; display:block; }\n\t\t\t\t#slideshow-wrappergallery45250 .imgnav { position:absolute; width:25%; height:100%; cursor:pointer; z-index:250; }\n\t\t#slideshow-wrappergallery45250 #imgprevgallery45250:before { font-family:FontAwesome; content:\"\\f053\"; font-size:30px; color:white; visibility:visible; left:0; text-align:left; width: auto; height:auto; line-height:160%; top:50%; margin:-30px 0 0 0; border-radius:0 10px 10px 0; background:black; padding:3px 10px 0 10px; position: absolute; display: inline-block; \t}\n\t\t#slideshow-wrappergallery45250 #imgprevgallery45250 { display:none; -moz-user-select: none; -khtml-user-select: none; -webkit-user-select: none; -o-user-select: none; left:0; font-size:0px; }\n\t\t#slideshow-wrappergallery45250 #imgnextgallery45250:before { font-family:FontAwesome; content:\"\\f054\"; font-size:30px; color:white; visibility:visible; right:0; text-align:right; width: auto; height:auto; line-height:160%; top:50%; margin:-30px 0 0 0; border-radius:10px 0 0 10px; background:black; padding:3px 10px 0 10px; position: absolute; display: inline-block; }\n\t\t#slideshow-wrappergallery45250 #imgnextgallery45250 { display:none; -moz-user-select: none; -khtml-user-select: none; -webkit-user-select: none; -o-user-select: none; right:0; font-size:0px; }\n\t\t#slideshow-wrappergallery45250 #imglinkgallery45250 { position:absolute; zoom:1; background-color:#ffffff; height:100%; width:100%; left:0; z-index:149; opacity:0; filter:alpha(opacity=0); }\n\t\t#slideshow-wrappergallery45250 .linkhover:before { font-family:FontAwesome; content:\"\\f14c\"; font-size:30px; text-align:center; height:auto; line-height:160%; width:auto; top:50%; left:auto; right:auto; margin:-30px 0 0 0; padding:0px 12px; display: inline-block; position: relative; background:black; color:white; border-radius:10px; }\n\t\t#slideshow-wrappergallery45250 .linkhover { background:transparent !important; opacity:.4 !important; filter:alpha(opacity=40) !important; text-align:center; font-size:0px; }\n\t\t#slideshow-wrappergallery45250 #thumbnailsgallery45250 { background:#020202; height:89px; width:100%; position:relative; overflow:hidden; }\n\t\t#slideshow-wrappergallery45250 .thumbstop { margin-bottom:8px !important; }\n\t\t#slideshow-wrappergallery45250 .thumbsbot { margin-top:8px !important; }\n\t\t#slideshow-wrappergallery45250 #slideleftgallery45250:before { font-family:FontAwesome; content: \"\\f104\"; color:#999; position: absolute; height: auto; line-height:160%; width: auto; display: inline-block; top: 50%; font-size: 30px; margin: -30px 0 0 0; padding: 0 5px; }\n\t\t#slideshow-wrappergallery45250 #slideleftgallery45250 { text-align:left; float:left; position:absolute; left:0; z-index:150; width:20px; height:89px; background:#222; }\n\t\t#slideshow-wrappergallery45250 #slideleftgallery45250:hover { background-color:#333; }\n\t\t#slideshow-wrappergallery45250 #sliderightgallery45250:before { font-family:FontAwesome; content: \"\\f105\"; color:#999; position: absolute; height: auto; line-height:160%; width: auto; display: inline-block; top: 50%; font-size: 30px; margin: -30px 0 0 0; padding: 0 5px; }\n\t\t#slideshow-wrappergallery45250 #sliderightgallery45250 { text-align:left; float:right; position:absolute; right:0; z-index:150; width:20px; height:89px; background:#222; }\n\t\t#slideshow-wrappergallery45250 #sliderightgallery45250:hover { background-color:#333; }\n\t\t#slideshow-wrappergallery45250 #slideareagallery45250 { float:left; position:absolute; z-index:149; background:#020202; width:100%; margin:0; height:89px; overflow:hidden; }\n\t\t#slideshow-wrappergallery45250 #slidergallery45250 { position:absolute; width:282px !important; left:0; height:89px; padding:3px 20px 0 25px; }\n\t\t#slideshow-wrappergallery45250 #slidergallery45250 img { width:100px; height:75px; cursor:pointer; border:1px solid #666; padding:2px; float:left !important; }\n\t\t#slideshow-wrappergallery45250 #spinnergallery45250 { position:relative; top:50%; left:45%; text-align:left; font-size:30px; }\n\t\t#slideshow-wrappergallery45250 #spinnergallery45250 img { border:none; }\n\t\n\t\t\t\t@media (max-width:480px) { \t.slideshow-information { display: none !important; } }\n\t\t\t\t\t\t@media (max-width:480px) { \t.slideshow-thumbnails { display: none !important; } }\n\t\t\t<\/style><!-- Slideshow Gallery CSS END --><\/p>\n<p><br style=\"clear: both;\" \/><br style=\"clear: both;\" \/><\/p><\/div>\n<\/p><\/div>\n<\/div>\n<p><!--exhibitioninfo--><\/p>\n","protected":false},"excerpt":{"rendered":"<p>Press Clipping Directora ArtSituacions: Pilar Forcada Patrocini: Marcel Pascual Anteriors edicions: 2022 2020 2019 2018 2017 Premi ART Situacions ARCOmadrid 2019 Un projecte que documenta les empremtes dels migrants obt\u00e9 l\u2019ART Situacions Madrid, 28 de febrer de 2019.- El Premi<span class=\"ellipsis\">&hellip;<\/span><\/p>\n<div class=\"read-more\"><a href=\"https:\/\/www.artsituacions.com\/ca\/premio-art-situacions-arcomadrid-2019\/\">Llegir m\u00e9s &#8250;<\/a><\/div>\n<p><!-- end of .read-more --><\/p>\n","protected":false},"author":1,"featured_media":0,"parent":0,"menu_order":0,"comment_status":"closed","ping_status":"closed","template":"","meta":[],"yoast_head":"<!-- This site is optimized with the Yoast SEO plugin v17.8 - https:\/\/yoast.com\/wordpress\/plugins\/seo\/ -->\n<meta name=\"robots\" content=\"index, follow, max-snippet:-1, max-image-preview:large, max-video-preview:-1\" \/>\n<link rel=\"canonical\" href=\"https:\/\/www.artsituacions.com\/en\/premio-art-situacions-arcomadrid-2019\/\" \/>\n<meta property=\"og:locale\" content=\"ca_ES\" \/>\n<meta property=\"og:type\" content=\"article\" \/>\n<meta property=\"og:title\" content=\"Premi ART Situacions ARCOmadrid 2019\" \/>\n<meta property=\"og:description\" content=\"Press Clipping Directora ArtSituacions: Pilar Forcada Patrocini: Marcel Pascual Anteriors edicions: 2022 2020 2019 2018 2017 Premi ART Situacions ARCOmadrid 2019 Un projecte que documenta les empremtes dels migrants obt\u00e9 l\u2019ART Situacions Madrid, 28 de febrer de 2019.- El Premi&hellip;Llegir m\u00e9s &#8250;\" \/>\n<meta property=\"og:url\" content=\"https:\/\/www.artsituacions.com\/ca\/premio-art-situacions-arcomadrid-2019\/\" \/>\n<meta property=\"og:site_name\" content=\"Artsituacions\" \/>\n<meta property=\"article:modified_time\" content=\"2023-05-31T10:21:56+00:00\" \/>\n<meta property=\"og:image\" content=\"http:\/\/www.artsituacions.com\/wp-content\/uploads\/2017\/02\/logo_arco_madrid.jpg\" \/>\n<meta name=\"twitter:card\" content=\"summary_large_image\" \/>\n<meta name=\"twitter:label1\" content=\"Temps estimat de lectura\" \/>\n\t<meta name=\"twitter:data1\" content=\"6 minuts\" \/>\n<script type=\"application\/ld+json\" class=\"yoast-schema-graph\">{\"@context\":\"https:\/\/schema.org\",\"@graph\":[{\"@type\":\"WebSite\",\"@id\":\"https:\/\/www.artsituacions.com\/es\/#website\",\"url\":\"https:\/\/www.artsituacions.com\/es\/\",\"name\":\"Artsituacions\",\"description\":\"\",\"potentialAction\":[{\"@type\":\"SearchAction\",\"target\":{\"@type\":\"EntryPoint\",\"urlTemplate\":\"https:\/\/www.artsituacions.com\/es\/?s={search_term_string}\"},\"query-input\":\"required name=search_term_string\"}],\"inLanguage\":\"ca\"},{\"@type\":\"ImageObject\",\"@id\":\"https:\/\/www.artsituacions.com\/en\/premio-art-situacions-arcomadrid-2019\/#primaryimage\",\"inLanguage\":\"ca\",\"url\":\"http:\/\/www.artsituacions.com\/wp-content\/uploads\/2017\/02\/logo_arco_madrid.jpg\",\"contentUrl\":\"http:\/\/www.artsituacions.com\/wp-content\/uploads\/2017\/02\/logo_arco_madrid.jpg\"},{\"@type\":\"WebPage\",\"@id\":\"https:\/\/www.artsituacions.com\/en\/premio-art-situacions-arcomadrid-2019\/#webpage\",\"url\":\"https:\/\/www.artsituacions.com\/en\/premio-art-situacions-arcomadrid-2019\/\",\"name\":\"[:es]Premio ART Situacions ARCOmadrid 2019[:ca]Premi ART Situacions ARCOmadrid 2019[:en]ART Situacions ARCOmadrid 2019[:it]Premio ART Situacions ARCOmadrid 2019[:] - Artsituacions\",\"isPartOf\":{\"@id\":\"https:\/\/www.artsituacions.com\/es\/#website\"},\"primaryImageOfPage\":{\"@id\":\"https:\/\/www.artsituacions.com\/en\/premio-art-situacions-arcomadrid-2019\/#primaryimage\"},\"datePublished\":\"2019-01-21T18:43:21+00:00\",\"dateModified\":\"2023-05-31T10:21:56+00:00\",\"breadcrumb\":{\"@id\":\"https:\/\/www.artsituacions.com\/en\/premio-art-situacions-arcomadrid-2019\/#breadcrumb\"},\"inLanguage\":\"ca\",\"potentialAction\":[{\"@type\":\"ReadAction\",\"target\":[\"https:\/\/www.artsituacions.com\/en\/premio-art-situacions-arcomadrid-2019\/\"]}]},{\"@type\":\"BreadcrumbList\",\"@id\":\"https:\/\/www.artsituacions.com\/en\/premio-art-situacions-arcomadrid-2019\/#breadcrumb\",\"itemListElement\":[{\"@type\":\"ListItem\",\"position\":1,\"name\":\"Home\",\"item\":\"https:\/\/www.artsituacions.com\/es\/\"},{\"@type\":\"ListItem\",\"position\":2,\"name\":\"ART Situacions ARCOmadrid 2019\"}]}]}<\/script>\n<!-- \/ Yoast SEO plugin. -->","yoast_head_json":{"robots":{"index":"index","follow":"follow","max-snippet":"max-snippet:-1","max-image-preview":"max-image-preview:large","max-video-preview":"max-video-preview:-1"},"canonical":"https:\/\/www.artsituacions.com\/en\/premio-art-situacions-arcomadrid-2019\/","og_locale":"ca_ES","og_type":"article","og_title":"[:es]Premio ART Situacions ARCOmadrid 2019[:ca]Premi ART Situacions ARCOmadrid 2019[:en]ART Situacions ARCOmadrid 2019[:it]Premio ART Situacions ARCOmadrid 2019[:] - Artsituacions","og_description":"Press Clipping Directora ArtSituacions: Pilar Forcada Patrocini: Marcel Pascual Anteriors edicions: 2022 2020 2019 2018 2017 Premi ART Situacions ARCOmadrid 2019 Un projecte que documenta les empremtes dels migrants obt\u00e9 l\u2019ART Situacions Madrid, 28 de febrer de 2019.- El Premi&hellip;Llegir m\u00e9s &#8250;","og_url":"https:\/\/www.artsituacions.com\/ca\/premio-art-situacions-arcomadrid-2019\/","og_site_name":"Artsituacions","article_modified_time":"2023-05-31T10:21:56+00:00","og_image":[{"url":"http:\/\/www.artsituacions.com\/wp-content\/uploads\/2017\/02\/logo_arco_madrid.jpg"}],"twitter_card":"summary_large_image","twitter_misc":{"Temps estimat de lectura":"6 minuts"},"schema":{"@context":"https:\/\/schema.org","@graph":[{"@type":"WebSite","@id":"https:\/\/www.artsituacions.com\/es\/#website","url":"https:\/\/www.artsituacions.com\/es\/","name":"Artsituacions","description":"","potentialAction":[{"@type":"SearchAction","target":{"@type":"EntryPoint","urlTemplate":"https:\/\/www.artsituacions.com\/es\/?s={search_term_string}"},"query-input":"required name=search_term_string"}],"inLanguage":"ca"},{"@type":"ImageObject","@id":"https:\/\/www.artsituacions.com\/en\/premio-art-situacions-arcomadrid-2019\/#primaryimage","inLanguage":"ca","url":"http:\/\/www.artsituacions.com\/wp-content\/uploads\/2017\/02\/logo_arco_madrid.jpg","contentUrl":"http:\/\/www.artsituacions.com\/wp-content\/uploads\/2017\/02\/logo_arco_madrid.jpg"},{"@type":"WebPage","@id":"https:\/\/www.artsituacions.com\/en\/premio-art-situacions-arcomadrid-2019\/#webpage","url":"https:\/\/www.artsituacions.com\/en\/premio-art-situacions-arcomadrid-2019\/","name":"[:es]Premio ART Situacions ARCOmadrid 2019[:ca]Premi ART Situacions ARCOmadrid 2019[:en]ART Situacions ARCOmadrid 2019[:it]Premio ART Situacions ARCOmadrid 2019[:] - Artsituacions","isPartOf":{"@id":"https:\/\/www.artsituacions.com\/es\/#website"},"primaryImageOfPage":{"@id":"https:\/\/www.artsituacions.com\/en\/premio-art-situacions-arcomadrid-2019\/#primaryimage"},"datePublished":"2019-01-21T18:43:21+00:00","dateModified":"2023-05-31T10:21:56+00:00","breadcrumb":{"@id":"https:\/\/www.artsituacions.com\/en\/premio-art-situacions-arcomadrid-2019\/#breadcrumb"},"inLanguage":"ca","potentialAction":[{"@type":"ReadAction","target":["https:\/\/www.artsituacions.com\/en\/premio-art-situacions-arcomadrid-2019\/"]}]},{"@type":"BreadcrumbList","@id":"https:\/\/www.artsituacions.com\/en\/premio-art-situacions-arcomadrid-2019\/#breadcrumb","itemListElement":[{"@type":"ListItem","position":1,"name":"Home","item":"https:\/\/www.artsituacions.com\/es\/"},{"@type":"ListItem","position":2,"name":"ART Situacions ARCOmadrid 2019"}]}]}},"AFP_featured_media_urls":{"full":false,"thumbnail":false,"medium":false,"medium_large":false,"large":false},"AFP_attachments":[],"AFP_videos":[],"AFP_video_blocks":"","AFP_category_names":[],"_links":{"self":[{"href":"https:\/\/www.artsituacions.com\/ca\/wp-json\/wp\/v2\/pages\/1586"}],"collection":[{"href":"https:\/\/www.artsituacions.com\/ca\/wp-json\/wp\/v2\/pages"}],"about":[{"href":"https:\/\/www.artsituacions.com\/ca\/wp-json\/wp\/v2\/types\/page"}],"author":[{"embeddable":true,"href":"https:\/\/www.artsituacions.com\/ca\/wp-json\/wp\/v2\/users\/1"}],"replies":[{"embeddable":true,"href":"https:\/\/www.artsituacions.com\/ca\/wp-json\/wp\/v2\/comments?post=1586"}],"version-history":[{"count":40,"href":"https:\/\/www.artsituacions.com\/ca\/wp-json\/wp\/v2\/pages\/1586\/revisions"}],"predecessor-version":[{"id":2785,"href":"https:\/\/www.artsituacions.com\/ca\/wp-json\/wp\/v2\/pages\/1586\/revisions\/2785"}],"wp:attachment":[{"href":"https:\/\/www.artsituacions.com\/ca\/wp-json\/wp\/v2\/media?parent=1586"}],"curies":[{"name":"wp","href":"https:\/\/api.w.org\/{rel}","templated":true}]}}