{"id":1624,"date":"2020-02-06T16:38:31","date_gmt":"2020-02-06T16:38:31","guid":{"rendered":"http:\/\/www.artsituacions.com\/?page_id=1624"},"modified":"2023-05-31T10:23:19","modified_gmt":"2023-05-31T10:23:19","slug":"premio-art-situacions-arcomadrid-2020","status":"publish","type":"page","link":"https:\/\/www.artsituacions.com\/ca\/premio-art-situacions-arcomadrid-2020\/","title":{"rendered":"Premi ART Situacions ARCOmadrid 2020"},"content":{"rendered":"<div style=\"margin-top:20px; \" class=\"exhibitionInfo\">\n<div class=\"c1\"><img decoding=\"async\" class=\"alignnone size-full wp-image-46\" src=\"http:\/\/www.artsituacions.com\/wp-content\/uploads\/2017\/02\/logo_arco_madrid.jpg\" alt=\"ARCOmadrid 2018\" height=\"300\" \/><br \/>\n<a style=\"color: #cc0000; margin-top: 10px; display: block;\" href=\"art-situacions-en-los-medios\/?event=2020-arco\">Press Clipping<\/a><\/p>\n<div class=\"supportBy\" style=\"margin-top:5px;\">\n<strong>Directora ArtSituacions:<\/strong><br \/>\nPilar Forcada <\/p>\n<p><strong>Patrocini:<\/strong><br \/>\nMarcel Pascual <\/p>\n<div class=\"box\">\n<div class=\"item\"><a href=\"https:\/\/www.hondaencasa.com\/\" target=\"_blank\" rel=\"noopener\"><img decoding=\"async\" loading=\"lazy\" src=\"\/wp-content\/uploads\/2014\/10\/honda-the-power-of-dreams-300x144.jpg\" alt=\"honda-the-power-of-dreams\" width=\"100\" height=\"48\" class=\"alignnone size-thumbnail wp-image-127\" \/><\/a><\/div>\n<div class=\"item\"><a href=\"https:\/\/www.hondaencasa.com\/\" target=\"_blank\" rel=\"noopener\"><img decoding=\"async\" loading=\"lazy\" src=\"\/wp-content\/uploads\/2015\/09\/greens.jpg\" alt=\"greens\" width=\"100\" height=\"48\" class=\"alignnone size-thumbnail wp-image-127\" \/><\/a><\/div>\n<p><br style=\"clear:both;\" \/><\/p>\n<p style=\"margin-top:40px;\"><strong>Anteriors edicions:<\/strong><\/p>\n<p><a style=\"color:#cc0000;\" href=\"art-situacions-arcomadrid-2022\">2022<\/a><br \/>\n<a style=\"color:#cc0000;\" href=\"premio-art-situacions-arcomadrid-2020\">2020<\/a><br \/>\n<a style=\"color:#cc0000;\" href=\"premio-art-situacions-arcomadrid-2019\">2019<\/a><br \/>\n<a style=\"color:#cc0000;\" href=\"arcomadrid-2018\">2018<\/a><br \/>\n<a style=\"color:#cc0000;\" href=\"arcomadrid-2017\">2017<\/a>\n<\/div>\n<p><!--box--><\/p>\n<\/div>\n<p><!--supportby--><\/p>\n<\/div>\n<p><!--c1--><\/p>\n<div class=\"c2\">\n<div class='scroll-pane'>\n<div class=\"info\">\n<h4 style=\"margin-top: 100px;\">Es lliura el PREMI ART Situacions ARCOmadrid 2020<\/h4>\n<p><h5>Patrocinat per Honda \u2013 Greens Power Products premia la millor obra d\u2019art emergente a ARCOmadrid 2020<\/h5>\n<\/p>\n<p>Madrid, 28 de febrer de 2020.- En la seva quarta convocat\u00f2ria a ARCOMadrid, ART Situacions d\u00f3na suport a la creaci\u00f3 art\u00edstica contempor\u00e0nia emergent internacional.<\/p>\n<p>El premi, dotat amb 15.000\u20ac, ha estat lliurat a la Sala 39 d\u2019ARCOmadrid a l&#8217;obra Land Grabbing, d&#8217;Asunci\u00f3n Molinos Gordo, representada per la Galeria Traves\u00eda Cuatro, de Madrid.<\/p>\n<p>Ha estat triada pel comit\u00e8 de professionals compost per la Sra. Lorena M. de Corral, historiadora de l&#8217;art i comiss\u00e0ria independent, i la Sra. Chus Mart\u00ednez, curadora d&#8217;art, historiadora i escriptora. El lliurament del premi ha comptat tamb\u00e9 amb la participaci\u00f3 de la Sra. Maribel L\u00f3pez, Directora d\u2019 ARCOmadrid, la Sra. Pilar Forcada, Directora d\u2019ART Situacions, i el Sr. Marcel Pascual, Director d&#8217;Honda \u2013 Greens Power Products. L&#8217;obra guanyadora s&#8217;incorporar\u00e0 a la col\u00b7lecci\u00f3 de ART Situacions.<\/p>\n<p><em>Sobre l\u2019obra guanyadora:<\/em><br \/>\nLand Grabbing<br \/>\n2019<br \/>\nCot\u00f3 egipci cosit a m\u00e0<br \/>\n150 x 150<\/p>\n<p>L&#8217;obra Land Grabbing va ser concebuda com a part de l&#8217;exposici\u00f3 &#8216;Accumulation by Disposession&#8217; d&#8217;Asunci\u00f3n Molinos en la Delfina Foundation (Londres), al mar\u00e7-juny de 2019.<\/p>\n<p>Una vista d&#8217;ocell d&#8217;Egipte ens revela una geometria parlant, que ens parla tant de les condicions econ\u00f2miques i productives dels petits pagesos, com de l&#8217;agroind\u00fastria i del govern central. Aquesta obra proposa una reflexi\u00f3 sobre com les geometries d&#8217;aquestes dues maneres d&#8217;agricultura evidencien la disputa pels recursos naturals i econ\u00f2mics.<\/p>\n<p>Es tracta finalment d&#8217;una representaci\u00f3 visual de com el sistema alimentari actual ha portat a la mercantilitzaci\u00f3 dels aliments b\u00e0sics en un proc\u00e9s de financeritzaci\u00f3 de la terra, el treball i els mitjans de producci\u00f3, deixant a un gran nombre de la poblaci\u00f3 a la vora de la inanici\u00f3.<\/p>\n<p>Asunci\u00f3n Molinos Gordo \u00e9s una artista conceptual i investigadora cultural espanyola. La seva obra se centra en l&#8217;estudi de les cultures rurals i pageses des d&#8217;una perspectiva internacional. Treballa des d&#8217;una perspectiva influ\u00efda fortament per disciplines com l&#8217;antropologia, la sociologia i els estudis culturals. Ha produ\u00eft obra que reflexiona sobre l&#8217;\u00fas de la terra, l&#8217;arquitectura n\u00f2mada, les vagues dels pagesos, la burocr\u00e0cia sobre el territori, la transformaci\u00f3 del treball rural, la biotecnologia i el comer\u00e7 internacional d&#8217;aliments.<\/p>\n<p>Viu i treballa entre Espanya i Egipte.<\/p>\n<\/div>\n<p><!--info--><\/p>\n<\/div>\n<style>.scroll-pane{width: 100%;height:auto;overflow: auto;}<\/style>\n<\/div>\n<p><!--c2--><br \/>\n<br style=\"clear: both;\" \/><\/p>\n<h2 class=\"hdrSection\">Galeria<\/h2>\n<div class=\"gallery\">\n\n\t<ul id=\"slideshowgallery46359\" class=\"slideshowgallery46359\" style=\"display:none;\">\n\t\t\t\t\t<!-- From all slides or gallery slides -->\n\t\t\t\t\t\t\t\n\t\t\t\t<li>\n\t\t\t\t\t<h3 style=\"opacity:70;\">_CR_0885<\/h3>\n\t\t\t\t\t\t\t\t\t\t\t<span data-alt=\"cr0885\">https:\/\/www.artsituacions.com\/wp-content\/uploads\/2020\/02\/cr_0885.jpg<\/span>\n\t\t\t\t\t\t\t\t\t\t<p><\/p>\n\t\t\t\t\t\t\t\t\t\t\t\t\t\t\t\t\t\t<a><img class=\"skip-lazy\" src=\"https:\/\/www.artsituacions.com\/wp-content\/uploads\/2020\/02\/cr_0885.jpg\" alt=\"cr0885\" \/><\/a>\n\t\t\t\t\t\t\t\t\t\t\t\t\t\t\t<\/li>\n\t\t\t\t\t\t\t\n\t\t\t\t<li>\n\t\t\t\t\t<h3 style=\"opacity:70;\">_CR_0839<\/h3>\n\t\t\t\t\t\t\t\t\t\t\t<span data-alt=\"cr0839\">https:\/\/www.artsituacions.com\/wp-content\/uploads\/2020\/02\/cr_0839.jpg<\/span>\n\t\t\t\t\t\t\t\t\t\t<p><\/p>\n\t\t\t\t\t\t\t\t\t\t\t\t\t\t\t\t\t\t<a><img class=\"skip-lazy\" src=\"https:\/\/www.artsituacions.com\/wp-content\/uploads\/2020\/02\/cr_0839.jpg\" alt=\"cr0839\" \/><\/a>\n\t\t\t\t\t\t\t\t\t\t\t\t\t\t\t<\/li>\n\t\t\t\t\t\t\t\n\t\t\t\t<li>\n\t\t\t\t\t<h3 style=\"opacity:70;\">_CR_0873<\/h3>\n\t\t\t\t\t\t\t\t\t\t\t<span data-alt=\"cr0873\">https:\/\/www.artsituacions.com\/wp-content\/uploads\/2020\/02\/cr_0873.jpg<\/span>\n\t\t\t\t\t\t\t\t\t\t<p><\/p>\n\t\t\t\t\t\t\t\t\t\t\t\t\t\t\t\t\t\t<a><img class=\"skip-lazy\" src=\"https:\/\/www.artsituacions.com\/wp-content\/uploads\/2020\/02\/cr_0873.jpg\" alt=\"cr0873\" \/><\/a>\n\t\t\t\t\t\t\t\t\t\t\t\t\t\t\t<\/li>\n\t\t\t\t\t\t\t\n\t\t\t\t<li>\n\t\t\t\t\t<h3 style=\"opacity:70;\">_CR_0841<\/h3>\n\t\t\t\t\t\t\t\t\t\t\t<span data-alt=\"cr0841\">https:\/\/www.artsituacions.com\/wp-content\/uploads\/2020\/02\/cr_0841.jpg<\/span>\n\t\t\t\t\t\t\t\t\t\t<p><\/p>\n\t\t\t\t\t\t\t\t\t\t\t\t\t\t\t\t\t\t<a><img class=\"skip-lazy\" src=\"https:\/\/www.artsituacions.com\/wp-content\/uploads\/2020\/02\/cr_0841.jpg\" alt=\"cr0841\" \/><\/a>\n\t\t\t\t\t\t\t\t\t\t\t\t\t\t\t<\/li>\n\t\t\t\t\t\t<\/ul>\n\t\n\t<div id=\"slideshow-wrappergallery46359\" class=\"slideshow-wrapper\">\n\t\t\t\n\t\t<div class=\"slideshow-fullsize\" id=\"fullsizegallery46359\">\n\t\t\t\t\t\t\t\t\t\t\t\t\t\t<div id=\"imgprevgallery46359\" class=\"slideshow-imgprev imgnav\" title=\"Previous Image\">Previous Image<\/div>\n\t\t\t\t\t\t<a id=\"imglinkgallery46359\" class=\"slideshow-imglink imglink\"><!-- link --><\/a>\n\t\t\t\t\t\t\t\t\t\t\t<div id=\"imgnextgallery46359\" class=\"slideshow-imgnext imgnav\" title=\"Next Image\">Next Image<\/div>\n\t\t\t\t\t\t<div id=\"imagegallery46359\" class=\"slideshow-image\"><\/div>\n\t\t\t<div class=\"slideshow-information infobottom\" id=\"informationgallery46359\">\n\t\t\t\t<h3 class=\"slideshow-info-heading\">info heading<\/h3>\n\t\t\t\t<p class=\"slideshow-info-content\">info content<\/p>\n\t\t\t<\/div>\n\t\t<\/div>\n\t\t\n\t\t\t\t\t<div id=\"thumbnailsgallery46359\" class=\"slideshow-thumbnails thumbsbot\">\n\t\t\t\t<div class=\"slideshow-slideleft\" id=\"slideleftgallery46359\" title=\"Slide Left\"><\/div>\n\t\t\t\t<div class=\"slideshow-slidearea\" id=\"slideareagallery46359\">\n\t\t\t\t\t<div class=\"slideshow-slider\" id=\"slidergallery46359\"><\/div>\n\t\t\t\t<\/div>\n\t\t\t\t<div class=\"slideshow-slideright\" id=\"sliderightgallery46359\" title=\"Slide Right\"><\/div>\n\t\t\t\t<br style=\"clear:both; visibility:hidden; height:1px;\" \/>\n\t\t\t<\/div>\n\t\t\t<\/div>\n\t\n\t\n\t<!-- Slideshow Gallery Javascript BEG -->\t\t<script type=\"text\/javascript\">\tjQuery.noConflict();\ttid('slideshowgallery46359').style.display = \"none\";\ttid('slideshow-wrappergallery46359').style.display = 'block';\ttid('slideshow-wrappergallery46359').style.visibility = 'hidden';\tvar spinnerDiv = document.createElement('div');\tspinnerDiv.setAttribute('id', 'spinnergallery46359');\tspinnerDiv.innerHTML = '<i class=\"fa fa-cog fa-spin\"><\/i>';\tjQuery(spinnerDiv).appendTo('#fullsizegallery46359');\ttid('spinnergallery46359').style.visibility = 'visible';\tvar slideshowgallery46359 = new TINY.slideshow(\"slideshowgallery46359\");\tjQuery(document).ready(function() {\t\tslideshowgallery46359.auto = true;\t\tslideshowgallery46359.speed = 10;\t\tslideshowgallery46359.effect = \"fade\";\t\tslideshowgallery46359.slide_direction = \"lr\";\t\tslideshowgallery46359.easing = \"swing\";\t\tslideshowgallery46359.alwaysauto = true;\t\tslideshowgallery46359.autoheight = true;\t\tslideshowgallery46359.autoheight_max = false;\t\tslideshowgallery46359.imgSpeed = 10;\t\tslideshowgallery46359.navOpacity = 25;\t\tslideshowgallery46359.navHover = 70;\t\tslideshowgallery46359.letterbox = \"#000000\";\t\tslideshowgallery46359.linkclass = \"linkhover\";\t\tslideshowgallery46359.imagesid = \"imagesgallery46359\";\t\tslideshowgallery46359.info = \"informationgallery46359\";\t\tslideshowgallery46359.infoonhover = 0;\t\tslideshowgallery46359.infoSpeed = 10;\t\tslideshowgallery46359.infodelay = 0;\t\tslideshowgallery46359.infofade = 0;\t\tslideshowgallery46359.infofadedelay = 0;\t\tslideshowgallery46359.thumbs = \"slidergallery46359\";\t\tslideshowgallery46359.thumbOpacity = 70;\t\tslideshowgallery46359.left = \"slideleftgallery46359\";\t\tslideshowgallery46359.right = \"sliderightgallery46359\";\t\tslideshowgallery46359.scrollSpeed = 5;\t\tslideshowgallery46359.spacing = 5;\t\tslideshowgallery46359.active = \"#ffffff\";\t\tslideshowgallery46359.imagesthickbox = \"false\";\t\tjQuery(\"#spinnergallery46359\").remove();\t\tslideshowgallery46359.init(\"slideshowgallery46359\",\"imagegallery46359\",\"imgprevgallery46359\",\"imgnextgallery46359\",\"imglinkgallery46359\");\t\ttid('slideshow-wrappergallery46359').style.visibility = 'visible';\t\tjQuery(window).trigger('resize');\t\t\t\t\t});\t\t\t<\/script>\t\t<!-- Slideshow Gallery Javascript END --><!-- Slideshow Gallery CSS BEG --><style id=\"style-gallery46359\">\t\tul.slideshowgallery46359 { list-style:none !important; color:#fff; }\n\t\tul.slideshowgallery46359 span { display:none; }\n\t\t#slideshow-wrappergallery46359 { overflow: hidden; position:relative; width:100%; background:#020202; padding:0 0 0 0; border:; margin:0; display:none; }\n\t\t#slideshow-wrappergallery46359 * { margin:0; padding:0; }\n\t\t#slideshow-wrappergallery46359 #fullsizegallery46359 { position:relative; z-index:1; overflow:hidden; width:100%; height:460px; clear:both; border: none; }\n\t\t#slideshow-wrappergallery46359 #informationgallery46359 { text-align:left; font-family:Verdana, Arial, Helvetica, sans-serif !important; position:absolute; width:100%; height:0; background:#000000; color:#ffffff; overflow:hidden; z-index:300; opacity:.7; filter:alpha(opacity=70); }\n\t\t#slideshow-wrappergallery46359 #informationgallery46359 h3 { color:#ffffff; padding:4px 8px 3px; margin:0 !important; font-size:16px; font-weight:bold; }\n\t\t#slideshow-wrappergallery46359 #informationgallery46359 a { color:#ffffff; }\n\t\t#slideshow-wrappergallery46359 #informationgallery46359 p { color:#ffffff; padding:0 8px 8px; margin:0 !important; font-size: 14px; font-weight:normal; }\n\t\t#slideshow-wrappergallery46359 .infotop { margin-bottom:8px !important; top:0!important; }\n\t\t#slideshow-wrappergallery46359 .infobottom { margin-top:8px !important; bottom:0!important; }\n\t\t\t\t\t#slideshow-wrappergallery46359 #imagegallery46359 { width:100%; }\n\t\t\t#slideshow-wrappergallery46359 #imagegallery46359 img { border:none; border-radius:0; box-shadow:none; position:absolute; left:0%; right:0%; max-height:100%; max-width:100%; margin:0 auto; display:block; }\n\t\t\t\t#slideshow-wrappergallery46359 .imgnav { position:absolute; width:25%; height:100%; cursor:pointer; z-index:250; }\n\t\t#slideshow-wrappergallery46359 #imgprevgallery46359:before { font-family:FontAwesome; content:\"\\f053\"; font-size:30px; color:white; visibility:visible; left:0; text-align:left; width: auto; height:auto; line-height:160%; top:50%; margin:-30px 0 0 0; border-radius:0 10px 10px 0; background:black; padding:3px 10px 0 10px; position: absolute; display: inline-block; \t}\n\t\t#slideshow-wrappergallery46359 #imgprevgallery46359 { display:none; -moz-user-select: none; -khtml-user-select: none; -webkit-user-select: none; -o-user-select: none; left:0; font-size:0px; }\n\t\t#slideshow-wrappergallery46359 #imgnextgallery46359:before { font-family:FontAwesome; content:\"\\f054\"; font-size:30px; color:white; visibility:visible; right:0; text-align:right; width: auto; height:auto; line-height:160%; top:50%; margin:-30px 0 0 0; border-radius:10px 0 0 10px; background:black; padding:3px 10px 0 10px; position: absolute; display: inline-block; }\n\t\t#slideshow-wrappergallery46359 #imgnextgallery46359 { display:none; -moz-user-select: none; -khtml-user-select: none; -webkit-user-select: none; -o-user-select: none; right:0; font-size:0px; }\n\t\t#slideshow-wrappergallery46359 #imglinkgallery46359 { position:absolute; zoom:1; background-color:#ffffff; height:100%; width:100%; left:0; z-index:149; opacity:0; filter:alpha(opacity=0); }\n\t\t#slideshow-wrappergallery46359 .linkhover:before { font-family:FontAwesome; content:\"\\f14c\"; font-size:30px; text-align:center; height:auto; line-height:160%; width:auto; top:50%; left:auto; right:auto; margin:-30px 0 0 0; padding:0px 12px; display: inline-block; position: relative; background:black; color:white; border-radius:10px; }\n\t\t#slideshow-wrappergallery46359 .linkhover { background:transparent !important; opacity:.4 !important; filter:alpha(opacity=40) !important; text-align:center; font-size:0px; }\n\t\t#slideshow-wrappergallery46359 #thumbnailsgallery46359 { background:#020202; height:89px; width:100%; position:relative; overflow:hidden; }\n\t\t#slideshow-wrappergallery46359 .thumbstop { margin-bottom:8px !important; }\n\t\t#slideshow-wrappergallery46359 .thumbsbot { margin-top:8px !important; }\n\t\t#slideshow-wrappergallery46359 #slideleftgallery46359:before { font-family:FontAwesome; content: \"\\f104\"; color:#999; position: absolute; height: auto; line-height:160%; width: auto; display: inline-block; top: 50%; font-size: 30px; margin: -30px 0 0 0; padding: 0 5px; }\n\t\t#slideshow-wrappergallery46359 #slideleftgallery46359 { text-align:left; float:left; position:absolute; left:0; z-index:150; width:20px; height:89px; background:#222; }\n\t\t#slideshow-wrappergallery46359 #slideleftgallery46359:hover { background-color:#333; }\n\t\t#slideshow-wrappergallery46359 #sliderightgallery46359:before { font-family:FontAwesome; content: \"\\f105\"; color:#999; position: absolute; height: auto; line-height:160%; width: auto; display: inline-block; top: 50%; font-size: 30px; margin: -30px 0 0 0; padding: 0 5px; }\n\t\t#slideshow-wrappergallery46359 #sliderightgallery46359 { text-align:left; float:right; position:absolute; right:0; z-index:150; width:20px; height:89px; background:#222; }\n\t\t#slideshow-wrappergallery46359 #sliderightgallery46359:hover { background-color:#333; }\n\t\t#slideshow-wrappergallery46359 #slideareagallery46359 { float:left; position:absolute; z-index:149; background:#020202; width:100%; margin:0; height:89px; overflow:hidden; }\n\t\t#slideshow-wrappergallery46359 #slidergallery46359 { position:absolute; width:504px !important; left:0; height:89px; padding:3px 20px 0 25px; }\n\t\t#slideshow-wrappergallery46359 #slidergallery46359 img { width:100px; height:75px; cursor:pointer; border:1px solid #666; padding:2px; float:left !important; }\n\t\t#slideshow-wrappergallery46359 #spinnergallery46359 { position:relative; top:50%; left:45%; text-align:left; font-size:30px; }\n\t\t#slideshow-wrappergallery46359 #spinnergallery46359 img { border:none; }\n\t\n\t\t\t\t@media (max-width:480px) { \t.slideshow-information { display: none !important; } }\n\t\t\t\t\t\t@media (max-width:480px) { \t.slideshow-thumbnails { display: none !important; } }\n\t\t\t<\/style><!-- Slideshow Gallery CSS END --><\/p>\n<p><br style=\"clear: both;\" \/><br style=\"clear: both;\" \/><\/p><\/div>\n<\/div>\n<p><!--exhibitioninfo--><\/p>\n","protected":false},"excerpt":{"rendered":"<p>Press Clipping Directora ArtSituacions: Pilar Forcada Patrocini: Marcel Pascual Anteriors edicions: 2022 2020 2019 2018 2017 Es lliura el PREMI ART Situacions ARCOmadrid 2020 Patrocinat per Honda \u2013 Greens Power Products premia la millor obra d\u2019art emergente a ARCOmadrid 2020<span class=\"ellipsis\">&hellip;<\/span><\/p>\n<div class=\"read-more\"><a href=\"https:\/\/www.artsituacions.com\/ca\/premio-art-situacions-arcomadrid-2020\/\">Llegir m\u00e9s &#8250;<\/a><\/div>\n<p><!-- end of .read-more --><\/p>\n","protected":false},"author":1,"featured_media":0,"parent":0,"menu_order":0,"comment_status":"closed","ping_status":"closed","template":"","meta":[],"yoast_head":"<!-- This site is optimized with the Yoast SEO plugin v17.8 - https:\/\/yoast.com\/wordpress\/plugins\/seo\/ -->\n<meta name=\"robots\" content=\"index, follow, max-snippet:-1, max-image-preview:large, max-video-preview:-1\" \/>\n<link rel=\"canonical\" href=\"https:\/\/www.artsituacions.com\/ca\/premio-art-situacions-arcomadrid-2020\/\" \/>\n<meta property=\"og:locale\" content=\"ca_ES\" \/>\n<meta property=\"og:type\" content=\"article\" \/>\n<meta property=\"og:title\" content=\"Premi ART Situacions ARCOmadrid 2020\" \/>\n<meta property=\"og:description\" content=\"Press Clipping Directora ArtSituacions: Pilar Forcada Patrocini: Marcel Pascual Anteriors edicions: 2022 2020 2019 2018 2017 Es lliura el PREMI ART Situacions ARCOmadrid 2020 Patrocinat per Honda \u2013 Greens Power Products premia la millor obra d\u2019art emergente a ARCOmadrid 2020&hellip;Llegir m\u00e9s &#8250;\" \/>\n<meta property=\"og:url\" content=\"https:\/\/www.artsituacions.com\/ca\/premio-art-situacions-arcomadrid-2020\/\" \/>\n<meta property=\"og:site_name\" content=\"Artsituacions\" \/>\n<meta property=\"article:modified_time\" content=\"2023-05-31T10:23:19+00:00\" \/>\n<meta property=\"og:image\" content=\"http:\/\/www.artsituacions.com\/wp-content\/uploads\/2017\/02\/logo_arco_madrid.jpg\" \/>\n<meta name=\"twitter:card\" content=\"summary_large_image\" \/>\n<meta name=\"twitter:label1\" content=\"Temps estimat de lectura\" \/>\n\t<meta name=\"twitter:data1\" content=\"8 minuts\" \/>\n<script type=\"application\/ld+json\" class=\"yoast-schema-graph\">{\"@context\":\"https:\/\/schema.org\",\"@graph\":[{\"@type\":\"WebSite\",\"@id\":\"https:\/\/www.artsituacions.com\/es\/#website\",\"url\":\"https:\/\/www.artsituacions.com\/es\/\",\"name\":\"Artsituacions\",\"description\":\"\",\"potentialAction\":[{\"@type\":\"SearchAction\",\"target\":{\"@type\":\"EntryPoint\",\"urlTemplate\":\"https:\/\/www.artsituacions.com\/es\/?s={search_term_string}\"},\"query-input\":\"required name=search_term_string\"}],\"inLanguage\":\"ca\"},{\"@type\":\"ImageObject\",\"@id\":\"https:\/\/www.artsituacions.com\/ca\/premio-art-situacions-arcomadrid-2020\/#primaryimage\",\"inLanguage\":\"ca\",\"url\":\"http:\/\/www.artsituacions.com\/wp-content\/uploads\/2017\/02\/logo_arco_madrid.jpg\",\"contentUrl\":\"http:\/\/www.artsituacions.com\/wp-content\/uploads\/2017\/02\/logo_arco_madrid.jpg\"},{\"@type\":\"WebPage\",\"@id\":\"https:\/\/www.artsituacions.com\/ca\/premio-art-situacions-arcomadrid-2020\/#webpage\",\"url\":\"https:\/\/www.artsituacions.com\/ca\/premio-art-situacions-arcomadrid-2020\/\",\"name\":\"[:es]Premio ART Situacions ARCOmadrid 2020[:ca]Premi ART Situacions ARCOmadrid 2020[:en]ART Situacions ARCOmadrid 2020[:it]Premio ART Situacions ARCOmadrid 2020[:] - Artsituacions\",\"isPartOf\":{\"@id\":\"https:\/\/www.artsituacions.com\/es\/#website\"},\"primaryImageOfPage\":{\"@id\":\"https:\/\/www.artsituacions.com\/ca\/premio-art-situacions-arcomadrid-2020\/#primaryimage\"},\"datePublished\":\"2020-02-06T16:38:31+00:00\",\"dateModified\":\"2023-05-31T10:23:19+00:00\",\"breadcrumb\":{\"@id\":\"https:\/\/www.artsituacions.com\/ca\/premio-art-situacions-arcomadrid-2020\/#breadcrumb\"},\"inLanguage\":\"ca\",\"potentialAction\":[{\"@type\":\"ReadAction\",\"target\":[\"https:\/\/www.artsituacions.com\/ca\/premio-art-situacions-arcomadrid-2020\/\"]}]},{\"@type\":\"BreadcrumbList\",\"@id\":\"https:\/\/www.artsituacions.com\/ca\/premio-art-situacions-arcomadrid-2020\/#breadcrumb\",\"itemListElement\":[{\"@type\":\"ListItem\",\"position\":1,\"name\":\"Home\",\"item\":\"https:\/\/www.artsituacions.com\/es\/\"},{\"@type\":\"ListItem\",\"position\":2,\"name\":\"Premi ART Situacions ARCOmadrid 2020\"}]}]}<\/script>\n<!-- \/ Yoast SEO plugin. -->","yoast_head_json":{"robots":{"index":"index","follow":"follow","max-snippet":"max-snippet:-1","max-image-preview":"max-image-preview:large","max-video-preview":"max-video-preview:-1"},"canonical":"https:\/\/www.artsituacions.com\/ca\/premio-art-situacions-arcomadrid-2020\/","og_locale":"ca_ES","og_type":"article","og_title":"[:es]Premio ART Situacions ARCOmadrid 2020[:ca]Premi ART Situacions ARCOmadrid 2020[:en]ART Situacions ARCOmadrid 2020[:it]Premio ART Situacions ARCOmadrid 2020[:] - Artsituacions","og_description":"Press Clipping Directora ArtSituacions: Pilar Forcada Patrocini: Marcel Pascual Anteriors edicions: 2022 2020 2019 2018 2017 Es lliura el PREMI ART Situacions ARCOmadrid 2020 Patrocinat per Honda \u2013 Greens Power Products premia la millor obra d\u2019art emergente a ARCOmadrid 2020&hellip;Llegir m\u00e9s &#8250;","og_url":"https:\/\/www.artsituacions.com\/ca\/premio-art-situacions-arcomadrid-2020\/","og_site_name":"Artsituacions","article_modified_time":"2023-05-31T10:23:19+00:00","og_image":[{"url":"http:\/\/www.artsituacions.com\/wp-content\/uploads\/2017\/02\/logo_arco_madrid.jpg"}],"twitter_card":"summary_large_image","twitter_misc":{"Temps estimat de lectura":"8 minuts"},"schema":{"@context":"https:\/\/schema.org","@graph":[{"@type":"WebSite","@id":"https:\/\/www.artsituacions.com\/es\/#website","url":"https:\/\/www.artsituacions.com\/es\/","name":"Artsituacions","description":"","potentialAction":[{"@type":"SearchAction","target":{"@type":"EntryPoint","urlTemplate":"https:\/\/www.artsituacions.com\/es\/?s={search_term_string}"},"query-input":"required name=search_term_string"}],"inLanguage":"ca"},{"@type":"ImageObject","@id":"https:\/\/www.artsituacions.com\/ca\/premio-art-situacions-arcomadrid-2020\/#primaryimage","inLanguage":"ca","url":"http:\/\/www.artsituacions.com\/wp-content\/uploads\/2017\/02\/logo_arco_madrid.jpg","contentUrl":"http:\/\/www.artsituacions.com\/wp-content\/uploads\/2017\/02\/logo_arco_madrid.jpg"},{"@type":"WebPage","@id":"https:\/\/www.artsituacions.com\/ca\/premio-art-situacions-arcomadrid-2020\/#webpage","url":"https:\/\/www.artsituacions.com\/ca\/premio-art-situacions-arcomadrid-2020\/","name":"[:es]Premio ART Situacions ARCOmadrid 2020[:ca]Premi ART Situacions ARCOmadrid 2020[:en]ART Situacions ARCOmadrid 2020[:it]Premio ART Situacions ARCOmadrid 2020[:] - Artsituacions","isPartOf":{"@id":"https:\/\/www.artsituacions.com\/es\/#website"},"primaryImageOfPage":{"@id":"https:\/\/www.artsituacions.com\/ca\/premio-art-situacions-arcomadrid-2020\/#primaryimage"},"datePublished":"2020-02-06T16:38:31+00:00","dateModified":"2023-05-31T10:23:19+00:00","breadcrumb":{"@id":"https:\/\/www.artsituacions.com\/ca\/premio-art-situacions-arcomadrid-2020\/#breadcrumb"},"inLanguage":"ca","potentialAction":[{"@type":"ReadAction","target":["https:\/\/www.artsituacions.com\/ca\/premio-art-situacions-arcomadrid-2020\/"]}]},{"@type":"BreadcrumbList","@id":"https:\/\/www.artsituacions.com\/ca\/premio-art-situacions-arcomadrid-2020\/#breadcrumb","itemListElement":[{"@type":"ListItem","position":1,"name":"Home","item":"https:\/\/www.artsituacions.com\/es\/"},{"@type":"ListItem","position":2,"name":"Premi ART Situacions ARCOmadrid 2020"}]}]}},"AFP_featured_media_urls":{"full":false,"thumbnail":false,"medium":false,"medium_large":false,"large":false},"AFP_attachments":[],"AFP_videos":[],"AFP_video_blocks":"","AFP_category_names":[],"_links":{"self":[{"href":"https:\/\/www.artsituacions.com\/ca\/wp-json\/wp\/v2\/pages\/1624"}],"collection":[{"href":"https:\/\/www.artsituacions.com\/ca\/wp-json\/wp\/v2\/pages"}],"about":[{"href":"https:\/\/www.artsituacions.com\/ca\/wp-json\/wp\/v2\/types\/page"}],"author":[{"embeddable":true,"href":"https:\/\/www.artsituacions.com\/ca\/wp-json\/wp\/v2\/users\/1"}],"replies":[{"embeddable":true,"href":"https:\/\/www.artsituacions.com\/ca\/wp-json\/wp\/v2\/comments?post=1624"}],"version-history":[{"count":18,"href":"https:\/\/www.artsituacions.com\/ca\/wp-json\/wp\/v2\/pages\/1624\/revisions"}],"predecessor-version":[{"id":2788,"href":"https:\/\/www.artsituacions.com\/ca\/wp-json\/wp\/v2\/pages\/1624\/revisions\/2788"}],"wp:attachment":[{"href":"https:\/\/www.artsituacions.com\/ca\/wp-json\/wp\/v2\/media?parent=1624"}],"curies":[{"name":"wp","href":"https:\/\/api.w.org\/{rel}","templated":true}]}}