{"id":2154,"date":"2022-11-22T18:15:35","date_gmt":"2022-11-22T18:15:35","guid":{"rendered":"https:\/\/www.artsituacions.com\/ca\/?page_id=2154"},"modified":"2022-11-22T18:25:17","modified_gmt":"2022-11-22T18:25:17","slug":"politica-de-privacidad","status":"publish","type":"page","link":"https:\/\/www.artsituacions.com\/ca\/politica-de-privacidad\/","title":{"rendered":"Pol\u00edtica de privacidad"},"content":{"rendered":"\n<p>Pol\u00edtica de privacidad<\/p>\n\n\n\n<p>Es importante que, adem\u00e1s de conocer nuestra pol\u00edtica de privacidad, conozca nuestro aviso legal para saber c\u00f3mo gestionamos y para qu\u00e9 usamos los datos que recopilamos.<\/p>\n\n\n\n<p>Qu\u00e9 son las Cookies<\/p>\n\n\n\n<p>Una Cookie es una informaci\u00f3n que intercambia entre el usuario y el servidor con diferentes objetivos: recordar preferencias del usuario, realizar anal\u00edtica, personalizaci\u00f3n de la publicidad, etc\u00e9tera.<\/p>\n\n\n\n<p>En ning\u00fan momento estas Cookies permitir\u00e1n a Art Situacions identificar ning\u00fan usuario. Mediante la configuraci\u00f3n del navegador se puede bloquear el uso de Cookies, de tal forma que es posible que no todo funcione como deber\u00eda pero se podr\u00eda acceder al contenido igualmente.<\/p>\n\n\n\n<p>Si quiere conocer m\u00e1s detalles t\u00e9cnicos sobre las Cookies puede consultar la Wikipedia: http:\/\/es.wikipedia.org\/wiki\/Cookie_(inform\u00e1tica).<br>Para qu\u00e9 se usan en los blogs de Art Situacions<\/p>\n\n\n\n<p>Nuestros web s\u00f3lo usa un tipo de Cookies:<\/p>\n\n\n\n<p>Cookies de anal\u00edtica: cada vez que el usuario navega por nuestro sitio, nuestro proveedor externo de estad\u00edsticas (Google Analytics actualmente) genera una Cookie para conocer el uso de nuestra web. Art Situacions no autoriza la compartici\u00f3n de estos datos a terceros. En todo momento la identificaci\u00f3n es an\u00f3nima y tan solo permite conocer las tendencias aproximadas de nuestros visitantes. Puede consultar la pol\u00edtica de privacidad de Google Analytics en <a href=\"https:\/\/policies.google.com\/privacy?hl=es\">https:\/\/policies.google.com\/privacy?hl=es<\/a>.<\/p>\n\n\n\n<p>Cookies y publicidad de Google<\/p>\n\n\n\n<p>En Art Situacions usamos, como en muchos otros sitios web y aplicaciones, servicios de Google para mejorar nuestro contenido y ofrecerlo de forma gratuita. Para poder usar esos servicios, tenemos que compartir informaci\u00f3n con Google. Por ejemplo, cuando usamos la publicidad de Google, o recopilamos estad\u00edsticas con Google Analytics, o insertamos v\u00eddeos de YouTube, tu navegador web env\u00eda autom\u00e1ticamente determinada informaci\u00f3n a Google, como por ejemplo, la URL de la p\u00e1gina a la que has accedido y tu direcci\u00f3n IP, entre otros. Google tambi\u00e9n puede incluir cookies en tu navegador o leer las que ya est\u00e9n almacenadas en \u00e9l.<\/p>\n\n\n\n<p>Google utiliza la informaci\u00f3n que comparten los sitios web y las aplicaciones para prestar sus servicios, mantenerlos y mejorarlos, desarrollar nuevos servicios, medir la efectividad de la publicidad, proteger a los usuarios frente a fraudes y abusos y personalizar el contenido y los anuncios que aparecen en Google o en los sitios web y las aplicaciones de sus partners. Puedes consultar su pol\u00edtica de privacidad para obtener m\u00e1s informaci\u00f3n sobre c\u00f3mo tratan los datos para cada uno de estas finalidades y la p\u00e1gina sobre publicidad para obtener m\u00e1s informaci\u00f3n acerca de los anuncios de Google, c\u00f3mo se utiliza tu informaci\u00f3n en el contexto de la publicidad y por cu\u00e1nto tiempo almacena Google esta informaci\u00f3n.<\/p>\n\n\n\n<p>Tienes m\u00e1s informaci\u00f3n en su secci\u00f3n C\u00f3mo utiliza Google la informaci\u00f3n de sitios web o aplicaciones que utilizan nuestros servicios.<br>Deshabilitar las Cookies en el navegador<\/p>\n\n\n\n<p>La mayor parte de los navegadores modernos permiten el bloqueo de cookies. Habitualmente estas opciones se encuentran en los men\u00fas: ajustes, preferencias u opciones. En caso de estar usando un navegador que no permita este tipo de configuraciones le recomendamos que se actualice a una versi\u00f3n m\u00e1s reciente.<\/p>\n\n\n\n<p>Para los navegadores m\u00e1s usados, puede encontrar las opciones en:<\/p>\n\n\n\n<p>Chrome: Configuraci\u00f3n -> Mostrar opciones avanzadas -> Privacidad -> Configuraci\u00f3n de contenido. M\u00e1s informaci\u00f3n.<br>Firefox: Herramientas -> Opciones -> Privacidad -> Historial -> Configuraci\u00f3n Personalizada. M\u00e1s informaci\u00f3n.<br>Internet Explorer: Herramientas -> Opciones de Internet -> Privacidad -> Configuraci\u00f3n. M\u00e1s informaci\u00f3n.<br>Safari: Preferencias -> Seguridad. M\u00e1s informaci\u00f3n.<\/p>\n\n\n\n<p>En caso de tener dudas le recomendamos que se ponga en contacto con el equipo de soporte de su navegador.<\/p>\n\n\n\n<p>Cookies que usamos<\/p>\n\n\n\n<p>Google Analytics (Google Inc.)<\/p>\n\n\n\n<p>Es un servicio de anal\u00edtica de Google que utiliza cookies para ayudar a analizar el uso que hacen los usuarios de un sitio web. La informaci\u00f3n que genera la cookie acerca de su uso de nuestras webs (incluyendo su direcci\u00f3n IP) es directamente transmitida y archivada por Google en los servidores de Estados Unidos. Si quiere evitar que Google Analytics utilice sus datos, puede utilizar este complemento. La retenci\u00f3n de datos de usuarios y eventos en Google Analytics ser\u00e1 sin fecha de caducidad autom\u00e1tica para poder estudiar los datos hist\u00f3ricos de nuestras webs.<\/p>\n\n\n\n<p>Documento revisado el 22-11-2022.<\/p>\n","protected":false},"excerpt":{"rendered":"<p>Pol\u00edtica de privacidad Es importante que, adem\u00e1s de conocer nuestra pol\u00edtica de privacidad, conozca nuestro aviso legal para saber c\u00f3mo gestionamos y para qu\u00e9 usamos los datos que recopilamos. Qu\u00e9 son las Cookies Una Cookie es una informaci\u00f3n que intercambia<span class=\"ellipsis\">&hellip;<\/span><\/p>\n<div class=\"read-more\"><a href=\"https:\/\/www.artsituacions.com\/ca\/politica-de-privacidad\/\">Llegir m\u00e9s &#8250;<\/a><\/div>\n<p><!-- end of .read-more --><\/p>\n","protected":false},"author":1,"featured_media":0,"parent":0,"menu_order":0,"comment_status":"closed","ping_status":"closed","template":"","meta":[],"yoast_head":"<!-- This site is optimized with the Yoast SEO plugin v17.8 - https:\/\/yoast.com\/wordpress\/plugins\/seo\/ -->\n<meta name=\"robots\" content=\"index, follow, max-snippet:-1, max-image-preview:large, max-video-preview:-1\" \/>\n<link rel=\"canonical\" href=\"https:\/\/www.artsituacions.com\/es\/politica-de-privacidad\/\" \/>\n<meta property=\"og:locale\" content=\"ca_ES\" \/>\n<meta property=\"og:type\" content=\"article\" \/>\n<meta property=\"og:title\" content=\"Pol\u00edtica de privacidad\" \/>\n<meta property=\"og:description\" content=\"Pol\u00edtica de privacidad Es importante que, adem\u00e1s de conocer nuestra pol\u00edtica de privacidad, conozca nuestro aviso legal para saber c\u00f3mo gestionamos y para qu\u00e9 usamos los datos que recopilamos. Qu\u00e9 son las Cookies Una Cookie es una informaci\u00f3n que intercambia&hellip;Llegir m\u00e9s &#8250;\" \/>\n<meta property=\"og:url\" content=\"https:\/\/www.artsituacions.com\/ca\/politica-de-privacidad\/\" \/>\n<meta property=\"og:site_name\" content=\"Artsituacions\" \/>\n<meta property=\"article:modified_time\" content=\"2022-11-22T18:25:17+00:00\" \/>\n<meta name=\"twitter:card\" content=\"summary_large_image\" \/>\n<meta name=\"twitter:label1\" content=\"Temps estimat de lectura\" \/>\n\t<meta name=\"twitter:data1\" content=\"4 minuts\" \/>\n<script type=\"application\/ld+json\" class=\"yoast-schema-graph\">{\"@context\":\"https:\/\/schema.org\",\"@graph\":[{\"@type\":\"WebSite\",\"@id\":\"https:\/\/www.artsituacions.com\/es\/#website\",\"url\":\"https:\/\/www.artsituacions.com\/es\/\",\"name\":\"Artsituacions\",\"description\":\"\",\"potentialAction\":[{\"@type\":\"SearchAction\",\"target\":{\"@type\":\"EntryPoint\",\"urlTemplate\":\"https:\/\/www.artsituacions.com\/es\/?s={search_term_string}\"},\"query-input\":\"required name=search_term_string\"}],\"inLanguage\":\"ca\"},{\"@type\":\"WebPage\",\"@id\":\"https:\/\/www.artsituacions.com\/es\/politica-de-privacidad\/#webpage\",\"url\":\"https:\/\/www.artsituacions.com\/es\/politica-de-privacidad\/\",\"name\":\"[:es]Pol\\u00edtica de privacidad[:ca]Pol\\u00edtica de privacidad[:en]Privacy Policy[:] - Artsituacions\",\"isPartOf\":{\"@id\":\"https:\/\/www.artsituacions.com\/es\/#website\"},\"datePublished\":\"2022-11-22T18:15:35+00:00\",\"dateModified\":\"2022-11-22T18:25:17+00:00\",\"breadcrumb\":{\"@id\":\"https:\/\/www.artsituacions.com\/es\/politica-de-privacidad\/#breadcrumb\"},\"inLanguage\":\"ca\",\"potentialAction\":[{\"@type\":\"ReadAction\",\"target\":[\"https:\/\/www.artsituacions.com\/es\/politica-de-privacidad\/\"]}]},{\"@type\":\"BreadcrumbList\",\"@id\":\"https:\/\/www.artsituacions.com\/es\/politica-de-privacidad\/#breadcrumb\",\"itemListElement\":[{\"@type\":\"ListItem\",\"position\":1,\"name\":\"Home\",\"item\":\"https:\/\/www.artsituacions.com\/es\/\"},{\"@type\":\"ListItem\",\"position\":2,\"name\":\"Pol\\u00edtica de privacidad\"}]}]}<\/script>\n<!-- \/ Yoast SEO plugin. -->","yoast_head_json":{"robots":{"index":"index","follow":"follow","max-snippet":"max-snippet:-1","max-image-preview":"max-image-preview:large","max-video-preview":"max-video-preview:-1"},"canonical":"https:\/\/www.artsituacions.com\/es\/politica-de-privacidad\/","og_locale":"ca_ES","og_type":"article","og_title":"[:es]Pol\u00edtica de privacidad[:ca]Pol\u00edtica de privacidad[:en]Privacy Policy[:] - Artsituacions","og_description":"Pol\u00edtica de privacidad Es importante que, adem\u00e1s de conocer nuestra pol\u00edtica de privacidad, conozca nuestro aviso legal para saber c\u00f3mo gestionamos y para qu\u00e9 usamos los datos que recopilamos. Qu\u00e9 son las Cookies Una Cookie es una informaci\u00f3n que intercambia&hellip;Llegir m\u00e9s &#8250;","og_url":"https:\/\/www.artsituacions.com\/ca\/politica-de-privacidad\/","og_site_name":"Artsituacions","article_modified_time":"2022-11-22T18:25:17+00:00","twitter_card":"summary_large_image","twitter_misc":{"Temps estimat de lectura":"4 minuts"},"schema":{"@context":"https:\/\/schema.org","@graph":[{"@type":"WebSite","@id":"https:\/\/www.artsituacions.com\/es\/#website","url":"https:\/\/www.artsituacions.com\/es\/","name":"Artsituacions","description":"","potentialAction":[{"@type":"SearchAction","target":{"@type":"EntryPoint","urlTemplate":"https:\/\/www.artsituacions.com\/es\/?s={search_term_string}"},"query-input":"required name=search_term_string"}],"inLanguage":"ca"},{"@type":"WebPage","@id":"https:\/\/www.artsituacions.com\/es\/politica-de-privacidad\/#webpage","url":"https:\/\/www.artsituacions.com\/es\/politica-de-privacidad\/","name":"[:es]Pol\u00edtica de privacidad[:ca]Pol\u00edtica de privacidad[:en]Privacy Policy[:] - Artsituacions","isPartOf":{"@id":"https:\/\/www.artsituacions.com\/es\/#website"},"datePublished":"2022-11-22T18:15:35+00:00","dateModified":"2022-11-22T18:25:17+00:00","breadcrumb":{"@id":"https:\/\/www.artsituacions.com\/es\/politica-de-privacidad\/#breadcrumb"},"inLanguage":"ca","potentialAction":[{"@type":"ReadAction","target":["https:\/\/www.artsituacions.com\/es\/politica-de-privacidad\/"]}]},{"@type":"BreadcrumbList","@id":"https:\/\/www.artsituacions.com\/es\/politica-de-privacidad\/#breadcrumb","itemListElement":[{"@type":"ListItem","position":1,"name":"Home","item":"https:\/\/www.artsituacions.com\/es\/"},{"@type":"ListItem","position":2,"name":"Pol\u00edtica de privacidad"}]}]}},"AFP_featured_media_urls":{"full":false,"thumbnail":false,"medium":false,"medium_large":false,"large":false},"AFP_attachments":[],"AFP_videos":[],"AFP_video_blocks":"","AFP_category_names":[],"_links":{"self":[{"href":"https:\/\/www.artsituacions.com\/ca\/wp-json\/wp\/v2\/pages\/2154"}],"collection":[{"href":"https:\/\/www.artsituacions.com\/ca\/wp-json\/wp\/v2\/pages"}],"about":[{"href":"https:\/\/www.artsituacions.com\/ca\/wp-json\/wp\/v2\/types\/page"}],"author":[{"embeddable":true,"href":"https:\/\/www.artsituacions.com\/ca\/wp-json\/wp\/v2\/users\/1"}],"replies":[{"embeddable":true,"href":"https:\/\/www.artsituacions.com\/ca\/wp-json\/wp\/v2\/comments?post=2154"}],"version-history":[{"count":8,"href":"https:\/\/www.artsituacions.com\/ca\/wp-json\/wp\/v2\/pages\/2154\/revisions"}],"predecessor-version":[{"id":2165,"href":"https:\/\/www.artsituacions.com\/ca\/wp-json\/wp\/v2\/pages\/2154\/revisions\/2165"}],"wp:attachment":[{"href":"https:\/\/www.artsituacions.com\/ca\/wp-json\/wp\/v2\/media?parent=2154"}],"curies":[{"name":"wp","href":"https:\/\/api.w.org\/{rel}","templated":true}]}}