{"id":2163,"date":"2022-11-22T18:45:17","date_gmt":"2022-11-22T18:45:17","guid":{"rendered":"https:\/\/www.artsituacions.com\/es\/?page_id=2163"},"modified":"2022-11-22T18:45:17","modified_gmt":"2022-11-22T18:45:17","slug":"aviso-legal","status":"publish","type":"page","link":"https:\/\/www.artsituacions.com\/ca\/aviso-legal\/","title":{"rendered":"Aviso Legal"},"content":{"rendered":"<p>Identificaci\u00f3n del titular conforme a la Ley 34\/2002<\/p>\n<p>En cumplimiento de la Ley 34\/2002, de 11 de julio, de servicios de la sociedad de la informaci\u00f3n y de comercio electr\u00f3nico (LSSICE), te informamos que la titularidad del dominio \u00a0www.artsituacions.com, corresponde a la empresa mercantil GREENS POWER PRODUCTS S.L. (en adelante artsituacions.com), sociedad legalmente constituida en Espa\u00f1a con CIF: B-17073016, inscrita en el Registro Mercantil de Barcelona, Tomo 21343, Folio 32, Hoja N\u00famero B-20189, Inscripci\u00f3n 1\u00aa y\u00a0en el Registro de empresas de ventas a distancia, con el n\u00famero 2001\/0129\/09\/08\/4\/V, de conformidad con lo dispuesto en el Real Decreto 225\/2006, de 24 de febrero.<\/p>\n<p>Para cualquier consulta, puedes\u00a0contactar con artsituacions.com por correo electr\u00f3nico desde nuestro\u00a0formulario de contacto\u00a0o en el tel\u00e9fono 938605025. Nuestro horario de atenci\u00f3n telef\u00f3nica es de\u00a08:30 a 13:00 horas y de 15:00 a 18:30 horas, de lunes a viernes.<\/p>\n<p>\u00c1mbito de aplicaci\u00f3n y\u00a0aceptaci\u00f3n de las condiciones<\/p>\n<p>El presente documento (conjuntamente con todos los documentos en \u00e9l mencionados) establece las condiciones por las que se rigen el uso de esta p\u00e1gina web (www.artsituacions.com) y las ventas\u00a0de productos en la misma\u00a0(en adelante, las &#8220;Condiciones&#8221;) efectuadas por artsituacions.com.<\/p>\n<p>Las presentes Condiciones generales de contrataci\u00f3n y uso tienen como objeto regular la puesta a disposici\u00f3n de la informaci\u00f3n suministrada en la web de artsituacions.com y los usuarios del dominio www.artsituacions.com. La navegaci\u00f3n de la web supone la aceptaci\u00f3n como usuario, sin reservas de ninguna clase, de todas y cada una de las presentes Condiciones.<\/p>\n<p>Te rogamos que leas atentamente las presentes Condiciones, nuestra Pol\u00edtica de Privacidad y nuestra Pol\u00edtica de Cookies (conjuntamente, las &#8220;Pol\u00edticas de Protecci\u00f3n de\u00a0datos&#8221;) antes de usar esta p\u00e1gina web. Al utilizar esta p\u00e1gina web o hacer un pedido a trav\u00e9s de la misma consientes en quedar vinculado por estas Condiciones y por nuestras Pol\u00edticas de Protecci\u00f3n de datos, por lo que si no est\u00e1s de acuerdo con todas las Condiciones y con las Pol\u00edticas de Protecci\u00f3n de datos, no debes usar esta p\u00e1gina web.<\/p>\n<p>Mis datos y mis visitas a esta p\u00e1gina web<\/p>\n<p>artsituacions.com se compromete a proteger y respetar tu privacidad. Somos transparentes sobre lo que hacemos con tus datos personales, para que entiendas las implicaciones de los usos que llevamos a cabo o los derechos de los que dispones en relaci\u00f3n con tus datos. As\u00ed, en\u00a0nuestra Pol\u00edtica de privacidad y protecci\u00f3n de datos personales, junto a nuestras Pol\u00edtica de cookies y Pol\u00edtica de privacidad en las redes sociales, encontrar\u00e1s toda la informaci\u00f3n relevante que se aplica al uso que hacemos de los datos personales de nuestros clientes, usuarios y seguidores, con independencia del canal o medio que empleen para interactuar con nosotros.<\/p>\n<p>Uso de nuestra p\u00e1gina web<\/p>\n<p>Las p\u00e1ginas de esta\u00a0p\u00e1gina web son de acceso p\u00fablico, libre y gratuito.<\/p>\n<p>El usuario deber\u00e1 hacer uso de la p\u00e1gina web de conformidad con la Ley, las buenas costumbres, la moral y el orden p\u00fablico. Por ello, el titular de esta p\u00e1gina web no podr\u00e1 asumir responsabilidad alguna que derive del mal uso, uso indebido, incorrecto o il\u00edcito de la p\u00e1gina web y\/o de su contenido. Tampoco asumir\u00e1 ninguna responsabilidad por los problemas de conexi\u00f3n o virus que puedan surgir como consecuencia de los riesgos intr\u00ednsecos de la conexi\u00f3n y la navegaci\u00f3n por Internet.<\/p>\n<p>El usuario accede voluntariamente a esta p\u00e1gina web. El acceso y navegaci\u00f3n en esta p\u00e1gina\u00a0web implica aceptar y conocer las advertencias legales, condiciones y t\u00e9rminos de uso contenidos en ella. El mero acceso no implica el establecimiento de ning\u00fan tipo de relaci\u00f3n comercial entre artsituacions.com y el usuario.<\/p>\n<p>Hacemos todos los esfuerzos para ofrecer la informaci\u00f3n contenida en la p\u00e1gina web de forma veraz y sin errores. En el caso de que se produjera alg\u00fan error, ajeno en todo momento a la voluntad de artsituacions.com, se proceder\u00eda inmediatamente a su correcci\u00f3n.<\/p>\n<p>artsituacions.com se reserva el derecho a modificar las condiciones de acceso y el contenido de la p\u00e1gina web cuando estime conveniente y sin previo aviso.<\/p>\n<p>Al hacer uso de esta p\u00e1gina web y realizar pedidos a trav\u00e9s de la misma te comprometes a:<\/p>\n<p>    Usarla \u00fanicamente para realizar consultas legalmente v\u00e1lidas.<br \/>\n    Facilitarnos tu direcci\u00f3n de correo electr\u00f3nico, direcci\u00f3n postal y\/u otros datos de contacto de forma veraz y exacta. Asimismo, conscientes que podremos hacer uso de dicha informaci\u00f3n para ponernos en contacto contigo si es necesario.<br \/>\n    No introducir, almacenar o difundir en o desde la p\u00e1gina web, cualquier informaci\u00f3n o material que fuera difamatorio, injurioso, obsceno, amenazador, xen\u00f3fobo, incite a la violencia, a la discriminaci\u00f3n por raz\u00f3n de raza, sexo, ideolog\u00eda, religi\u00f3n o que de cualquier forma atente contra la moral, el orden p\u00fablico, los derechos fundamentales, las libertades p\u00fablicas, el honor, la intimidad o la imagen de terceros y en general la normativa vigente.<br \/>\n    No realizar actividades publicitarias o de explotaci\u00f3n comercial a trav\u00e9s de la p\u00e1gina web, y a no utilizar los contenidos y la informaci\u00f3n del mismo para remitir publicidad, o enviar mensajes con cualquier otro fin comercial, ni para recoger o almacenar datos personales de terceros.<br \/>\n    No utilizar identidades falsas, ni suplantar la identidad de otros en la utilizaci\u00f3n de la p\u00e1gina web o en la utilizaci\u00f3n de cualquiera de los servicios de la misma, incluyendo la utilizaci\u00f3n en su caso de contrase\u00f1as o claves de acceso de terceros o de cualquier otra forma.<br \/>\n    No destruir, alterar, utilizar para su uso, inutilizar o da\u00f1ar los datos, informaciones, programas o documentos electr\u00f3nicos de artsituacions.com, sus proveedores o terceros.<\/p>\n<p>Responsabilidad y exoneraci\u00f3n de responsabilidad<\/p>\n<p>El acceso a la p\u00e1gina web ser\u00e1 voluntario y por tanto, el usuario asume toda la responsabilidad derivada del uso de nuestra p\u00e1gina web, siendo el \u00fanico responsable de todo efecto directo o indirecto que sobre la p\u00e1gina web se derive, incluyendo, de forma enunciativa y no limitativa, todo resultado econ\u00f3mico, t\u00e9cnico y\/o jur\u00eddico adverso, as\u00ed como la defraudaci\u00f3n de las expectativas generadas por nuestra p\u00e1gina web, oblig\u00e1ndose el usuario a mantener indemne a artsituacions.com por cualesquiera reclamaciones derivadas, directa o indirectamente de tales hechos.<\/p>\n<p>Hacemos todos los esfuerzos para ofrecer la informaci\u00f3n contenida en la p\u00e1gina web de forma veraz y sin errores. En el caso de que se produjera alg\u00fan error, ajeno en todo momento a la voluntad de artsituacions.com, se proceder\u00eda inmediatamente a su correcci\u00f3n. De existir un error tipogr\u00e1fico en alguno de los precios mostrados, si alg\u00fan cliente hubiera tomado una decisi\u00f3n de compra basada en el mismo, le comunicaremos dicho error y tendr\u00e1 derecho a rescindir su compra sin ning\u00fan coste por su parte. Del mismo modo, es posible que los contenidos de la p\u00e1gina web puedan mostrar, en ocasiones, informaci\u00f3n provisional sobre algunos productos. En el caso que la informaci\u00f3n facilitada no correspondiera a las caracter\u00edsticas del producto, el cliente tendr\u00e1 derecho a rescindir su compra sin ning\u00fan coste por su parte.<\/p>\n<p>Debido a la naturaleza abierta de esta p\u00e1gina web y a la posibilidad de que se produzcan errores en el almacenaje y transmisi\u00f3n de informaci\u00f3n digital, no garantizamos la precisi\u00f3n y seguridad de la informaci\u00f3n transmitida u obtenida por medio de esta p\u00e1gina web a no ser que se establezca expresamente lo contrario en la misma.<\/p>\n<p>artsituacions.com no se hace responsable de los perjuicios que se pudieran derivar de interferencias, omisiones, interrupciones, virus inform\u00e1ticos, aver\u00edas y\/o desconexiones en el funcionamiento operativo de este sistema electr\u00f3nico o en los aparatos y equipos inform\u00e1ticos de los usuarios, motivadas por causas ajenas a artsituacions.com, que impidan o retrasen la prestaci\u00f3n de los servicios o la navegaci\u00f3n por la tienda, ni de los retrasos o bloqueos en el uso causados por deficiencias o sobrecargas de internet o en otros sistemas electr\u00f3nicos, ni de la imposibilidad de dar el servicio o permitir el acceso por causas no imputables a artsituacions.com, debidas al usuario, a terceros, o a supuestos de fuerza mayor. artsituacions.com no controla, con car\u00e1cter general, la utilizaci\u00f3n que los usuarios hacen de la p\u00e1gina web.<\/p>\n<p>En particular, artsituacions.com no garantiza bajo ning\u00fan concepto que los usuarios utilicen la p\u00e1gina web de conformidad con la ley, las Condiciones, la moral y buenas costumbres generalmente aceptadas y el orden p\u00fablico, ni tampoco que lo hagan de forma diligente y prudente.<\/p>\n<p>Propiedad intelectual e industrial<\/p>\n<p>Todos los contenidos publicados en la web y especialmente los dise\u00f1os, textos, gr\u00e1ficos, logos, iconos, botones, as\u00ed como el software, los nombres comerciales, las marcas o dibujos industriales y cualesquiera otros signos susceptibles de utilizaci\u00f3n industrial y comercial est\u00e1n sujetos a derechos de propiedad intelectual e industrial de artsituacions.com o de terceros titulares de los mismos que han autorizado debidamente su inclusi\u00f3n en la p\u00e1gina web.<\/p>\n<p>En ning\u00fan caso se entender\u00e1 que se concede licencia alguna o se efect\u00faa renuncia, transmisi\u00f3n, cesi\u00f3n total o parcial de dichos derechos ni se confiere ning\u00fan derecho ni expectativa de derecho y en especial, de alteraci\u00f3n, explotaci\u00f3n, reproducci\u00f3n, distribuci\u00f3n o comunicaci\u00f3n p\u00fablica sobre dichos contenidos sin la previa autorizaci\u00f3n expresa de artsituacions.com o de los titulares correspondientes.<\/p>\n<p>Queda prohibido, por tanto, el uso de la p\u00e1gina web de artsituacions.com con fines p\u00fablicos o comerciales, por lo que no se podr\u00e1 explotar, reproducir, distribuir, modificar, comunicar p\u00fablicamente, ceder, transformar o usar el contenido de la p\u00e1gina web. Queda expresamente prohibida la introducci\u00f3n de hiperenlaces con fines mercantiles en p\u00e1ginas web ajenas a artsituacions.com, que permitan el acceso a nuestra p\u00e1gina web, sin consentimiento previo.<\/p>\n<p>En todo caso, la existencia de hiperenlaces en sitios web ajenos a nosotros, no implicar\u00e1 necesariamente la existencia de relaciones comerciales o mercantiles con el titular de la p\u00e1gina web donde se establezca el hiperenlace, ni la aceptaci\u00f3n por parte de artsituacions.com de sus contenidos o servicios. Por lo tanto, no aceptamos responsabilidad alguna por cualquier da\u00f1o o p\u00e9rdida derivados de su uso.<\/p>\n<p>Nuestro derecho a modificar estas condiciones<\/p>\n<p>artsituacions.com se reserva el derecho a revisar y modificar las presentes Condiciones en cualquier momento.<\/p>\n<p>Ahora bien, el precio y resto de condiciones de los art\u00edculos que nos hayas solicitado no ser\u00e1n modificadas durante el lapso de tiempo que medie entre su oferta y la aceptaci\u00f3n de la misma emitida a trav\u00e9s de la confirmaci\u00f3n de env\u00edo salvo que por ley o decisi\u00f3n de organismos gubernamentales debamos hacer cambios con car\u00e1cter retroactivo en dichas pol\u00edticas, Condiciones o Pol\u00edtica de Privacidad, en cuyo caso, los posibles cambios afectar\u00e1n tambi\u00e9n a los pedidos que hubieras hecho previamente.<\/p>\n<p>Legislaci\u00f3n aplicable y sumisi\u00f3n a fueros<\/p>\n<p>El uso de nuestra p\u00e1gina web y los contratos de compra de productos a trav\u00e9s dicha p\u00e1gina web se regir\u00e1n por la legislaci\u00f3n espa\u00f1ola.<\/p>\n<p>La resoluci\u00f3n de cualquier tipo de controversia, litigio o discrepancia que pudiera suscitarse entre el usuario y artsituacions.com\u00a0por el uso de este sitio web, se someter\u00e1 a los Juzgados y Tribunales que resulten competentes de conformidad con la legislaci\u00f3n vigente.<\/p>\n","protected":false},"excerpt":{"rendered":"<p>Identificaci\u00f3n del titular conforme a la Ley 34\/2002 En cumplimiento de la Ley 34\/2002, de 11 de julio, de servicios de la sociedad de la informaci\u00f3n y de comercio electr\u00f3nico (LSSICE), te informamos que la titularidad del dominio \u00a0www.artsituacions.com, corresponde<span class=\"ellipsis\">&hellip;<\/span><\/p>\n<div class=\"read-more\"><a href=\"https:\/\/www.artsituacions.com\/ca\/aviso-legal\/\">Llegir m\u00e9s &#8250;<\/a><\/div>\n<p><!-- end of .read-more --><\/p>\n","protected":false},"author":1,"featured_media":0,"parent":0,"menu_order":0,"comment_status":"closed","ping_status":"closed","template":"","meta":[],"yoast_head":"<!-- This site is optimized with the Yoast SEO plugin v17.8 - https:\/\/yoast.com\/wordpress\/plugins\/seo\/ -->\n<meta name=\"robots\" content=\"index, follow, max-snippet:-1, max-image-preview:large, max-video-preview:-1\" \/>\n<link rel=\"canonical\" href=\"https:\/\/www.artsituacions.com\/es\/aviso-legal\/\" \/>\n<meta property=\"og:locale\" content=\"ca_ES\" \/>\n<meta property=\"og:type\" content=\"article\" \/>\n<meta property=\"og:title\" content=\"Aviso Legal\" \/>\n<meta property=\"og:description\" content=\"Identificaci\u00f3n del titular conforme a la Ley 34\/2002 En cumplimiento de la Ley 34\/2002, de 11 de julio, de servicios de la sociedad de la informaci\u00f3n y de comercio electr\u00f3nico (LSSICE), te informamos que la titularidad del dominio \u00a0www.artsituacions.com, corresponde&hellip;Llegir m\u00e9s &#8250;\" \/>\n<meta property=\"og:url\" content=\"https:\/\/www.artsituacions.com\/ca\/aviso-legal\/\" \/>\n<meta property=\"og:site_name\" content=\"Artsituacions\" \/>\n<meta name=\"twitter:card\" content=\"summary_large_image\" \/>\n<meta name=\"twitter:label1\" content=\"Temps estimat de lectura\" \/>\n\t<meta name=\"twitter:data1\" content=\"10 minuts\" \/>\n<script type=\"application\/ld+json\" class=\"yoast-schema-graph\">{\"@context\":\"https:\/\/schema.org\",\"@graph\":[{\"@type\":\"WebSite\",\"@id\":\"https:\/\/www.artsituacions.com\/es\/#website\",\"url\":\"https:\/\/www.artsituacions.com\/es\/\",\"name\":\"Artsituacions\",\"description\":\"\",\"potentialAction\":[{\"@type\":\"SearchAction\",\"target\":{\"@type\":\"EntryPoint\",\"urlTemplate\":\"https:\/\/www.artsituacions.com\/es\/?s={search_term_string}\"},\"query-input\":\"required name=search_term_string\"}],\"inLanguage\":\"ca\"},{\"@type\":\"WebPage\",\"@id\":\"https:\/\/www.artsituacions.com\/es\/aviso-legal\/#webpage\",\"url\":\"https:\/\/www.artsituacions.com\/es\/aviso-legal\/\",\"name\":\"[:es]Aviso Legal[:] - Artsituacions\",\"isPartOf\":{\"@id\":\"https:\/\/www.artsituacions.com\/es\/#website\"},\"datePublished\":\"2022-11-22T18:45:17+00:00\",\"dateModified\":\"2022-11-22T18:45:17+00:00\",\"breadcrumb\":{\"@id\":\"https:\/\/www.artsituacions.com\/es\/aviso-legal\/#breadcrumb\"},\"inLanguage\":\"ca\",\"potentialAction\":[{\"@type\":\"ReadAction\",\"target\":[\"https:\/\/www.artsituacions.com\/es\/aviso-legal\/\"]}]},{\"@type\":\"BreadcrumbList\",\"@id\":\"https:\/\/www.artsituacions.com\/es\/aviso-legal\/#breadcrumb\",\"itemListElement\":[{\"@type\":\"ListItem\",\"position\":1,\"name\":\"Home\",\"item\":\"https:\/\/www.artsituacions.com\/es\/\"},{\"@type\":\"ListItem\",\"position\":2,\"name\":\"Aviso Legal\"}]}]}<\/script>\n<!-- \/ Yoast SEO plugin. -->","yoast_head_json":{"robots":{"index":"index","follow":"follow","max-snippet":"max-snippet:-1","max-image-preview":"max-image-preview:large","max-video-preview":"max-video-preview:-1"},"canonical":"https:\/\/www.artsituacions.com\/es\/aviso-legal\/","og_locale":"ca_ES","og_type":"article","og_title":"[:es]Aviso Legal[:] - Artsituacions","og_description":"Identificaci\u00f3n del titular conforme a la Ley 34\/2002 En cumplimiento de la Ley 34\/2002, de 11 de julio, de servicios de la sociedad de la informaci\u00f3n y de comercio electr\u00f3nico (LSSICE), te informamos que la titularidad del dominio \u00a0www.artsituacions.com, corresponde&hellip;Llegir m\u00e9s &#8250;","og_url":"https:\/\/www.artsituacions.com\/ca\/aviso-legal\/","og_site_name":"Artsituacions","twitter_card":"summary_large_image","twitter_misc":{"Temps estimat de lectura":"10 minuts"},"schema":{"@context":"https:\/\/schema.org","@graph":[{"@type":"WebSite","@id":"https:\/\/www.artsituacions.com\/es\/#website","url":"https:\/\/www.artsituacions.com\/es\/","name":"Artsituacions","description":"","potentialAction":[{"@type":"SearchAction","target":{"@type":"EntryPoint","urlTemplate":"https:\/\/www.artsituacions.com\/es\/?s={search_term_string}"},"query-input":"required name=search_term_string"}],"inLanguage":"ca"},{"@type":"WebPage","@id":"https:\/\/www.artsituacions.com\/es\/aviso-legal\/#webpage","url":"https:\/\/www.artsituacions.com\/es\/aviso-legal\/","name":"[:es]Aviso Legal[:] - Artsituacions","isPartOf":{"@id":"https:\/\/www.artsituacions.com\/es\/#website"},"datePublished":"2022-11-22T18:45:17+00:00","dateModified":"2022-11-22T18:45:17+00:00","breadcrumb":{"@id":"https:\/\/www.artsituacions.com\/es\/aviso-legal\/#breadcrumb"},"inLanguage":"ca","potentialAction":[{"@type":"ReadAction","target":["https:\/\/www.artsituacions.com\/es\/aviso-legal\/"]}]},{"@type":"BreadcrumbList","@id":"https:\/\/www.artsituacions.com\/es\/aviso-legal\/#breadcrumb","itemListElement":[{"@type":"ListItem","position":1,"name":"Home","item":"https:\/\/www.artsituacions.com\/es\/"},{"@type":"ListItem","position":2,"name":"Aviso Legal"}]}]}},"AFP_featured_media_urls":{"full":false,"thumbnail":false,"medium":false,"medium_large":false,"large":false},"AFP_attachments":[],"AFP_videos":[],"AFP_video_blocks":"","AFP_category_names":[],"_links":{"self":[{"href":"https:\/\/www.artsituacions.com\/ca\/wp-json\/wp\/v2\/pages\/2163"}],"collection":[{"href":"https:\/\/www.artsituacions.com\/ca\/wp-json\/wp\/v2\/pages"}],"about":[{"href":"https:\/\/www.artsituacions.com\/ca\/wp-json\/wp\/v2\/types\/page"}],"author":[{"embeddable":true,"href":"https:\/\/www.artsituacions.com\/ca\/wp-json\/wp\/v2\/users\/1"}],"replies":[{"embeddable":true,"href":"https:\/\/www.artsituacions.com\/ca\/wp-json\/wp\/v2\/comments?post=2163"}],"version-history":[{"count":1,"href":"https:\/\/www.artsituacions.com\/ca\/wp-json\/wp\/v2\/pages\/2163\/revisions"}],"predecessor-version":[{"id":2164,"href":"https:\/\/www.artsituacions.com\/ca\/wp-json\/wp\/v2\/pages\/2163\/revisions\/2164"}],"wp:attachment":[{"href":"https:\/\/www.artsituacions.com\/ca\/wp-json\/wp\/v2\/media?parent=2163"}],"curies":[{"name":"wp","href":"https:\/\/api.w.org\/{rel}","templated":true}]}}