{"id":527,"date":"2014-11-26T18:36:12","date_gmt":"2014-11-26T18:36:12","guid":{"rendered":"http:\/\/elb-artsituacions-com-1145311841.eu-west-1.elb.amazonaws.com\/?page_id=527"},"modified":"2023-05-31T09:49:05","modified_gmt":"2023-05-31T09:49:05","slug":"quienes-somos","status":"publish","type":"page","link":"https:\/\/www.artsituacions.com\/ca\/quienes-somos\/","title":{"rendered":"Qui Som"},"content":{"rendered":"<div class=\"profile clearfix\">\n<div class=\"c1\"><img decoding=\"async\" loading=\"lazy\" class=\"alignnone size-full wp-image-530\" src=\"\/wp-content\/uploads\/2014\/11\/about_about_us.jpg\" alt=\"about_about_us\" width=\"250\" height=\"250\" srcset=\"https:\/\/www.artsituacions.com\/wp-content\/uploads\/2014\/11\/about_about_us.jpg 250w, https:\/\/www.artsituacions.com\/wp-content\/uploads\/2014\/11\/about_about_us-100x100.jpg 100w, https:\/\/www.artsituacions.com\/wp-content\/uploads\/2014\/11\/about_about_us-150x150.jpg 150w, https:\/\/www.artsituacions.com\/wp-content\/uploads\/2014\/11\/about_about_us-200x200.jpg 200w\" sizes=\"(max-width: 250px) 100vw, 250px\" \/><br \/>\n<a style=\"color:#cc0000;\" href=\"premio-honda\"> Inicis: Premi de pintura Honda <\/a><br \/>\n<a style=\"color:#cc0000; padding-top: 10px; display: block;\" href=\"premio-art-situacions\"> Premi Pilar Forcada<\/a><a style=\"color: #cc0000; display: block; margin-top: 10px;\" href=\"art-situacions-en-los-medios\">ART Situacions en els mitjans<\/a><\/p>\n<p class=\"contact\"><a href=\"contacto\">Contactar<\/a><\/p>\n<\/div>\n<div class=\"c2\">\n<div>\n<strong>Qui Som<\/strong>\n<\/div>\n<p>ART Situacions \u00e9s una organitzaci\u00f3 privada sense \u00e0nim de lucre que cerca promoure la difusi\u00f3 del sector m\u00e9s jove de l&#8217;art actual i apropar-lo a un p\u00fablic m\u00e9s ampli, amb una mirada prospectiva.<\/p>\n<p>El 2011 s&#8217;engega la primera edici\u00f3 d&#8217;ART Situacions amb una selecci\u00f3 d&#8217;artistes espanyols i portuguesos, escollits per un comit\u00e8 d&#8217;experts format per Teresa Blanch, Maria de Corral, Yolanda Romero i Vicent Todol\u00ed, especialistes de reconegut prestigi nacional i internacional. Les obres seleccionades es van exposar a Barcelona (Arts Santa M\u00f2nica), Valladolid (Museu Patio Herreriano), Salamanca (Domus Artium 2002) i Badajoz (Museu Extremeny Iberoameric\u00e0 d&#8217;Art Contemporani).<\/p>\n<p>La segona edici\u00f3 d&#8217;ART Situacions va comptar amb un comit\u00e8 d&#8217;experts format per Maria de Corral, Ilaria Gianni, Lorena M. de Corral i Vicent Todol\u00ed, que van seleccionar artistes espanyols i italians. Amb exposicions a G\u00e8nova (Vila Croce), Roma (Museu d&#8217;Arte Contemporanea Roma) i Madrid (Matadero Madrid), aquesta nova edici\u00f3 va tornar a ser un gran \u00e8xit.<\/p>\n<p>Des del 2017, ART Situacions convoca el premi anual ART Situacions ARCOmadrid que premia la millor obra d&#8217;art emergent de la prestigiosa fira d&#8217;art.  A partir del 2022, el premi canvia el seu nom a Premi Pilar Forcada ART Situacions, en honor a la fundadora i directora de ART Situacions, qui va morir tristament el 2022. Pilar Forcada va ser l\u2019\u00e0nima del projecte i el seu llegat continua inspirant la comunitat art\u00edstica emergent.<\/p>\n<p>ART Situacions, que recolza la cultura i els artistes participants amb l&#8217;anhel compartit de contribuir a dinamitzar el teixit art\u00edstic, est\u00e0 treballant actualment en la tercera edici\u00f3, ampliant aix\u00ed la seva col\u00b7lecci\u00f3 d&#8217;obres d&#8217;art emergent nacional i europeu.<\/p>\n<p>Despr\u00e9s de la trista p\u00e8rdua de l&#8217;\u00e0nima del projecte, Pilar Forcada, fundadora i directora d&#8217;ART Situacions, el seu marit i director general d&#8217;Honda-Greens, Marcel Pascual, pren el seu relleu al desembre de 2021 per continuar aquesta iniciativa que amb tanta il\u00b7lusi\u00f3 la seva dona va liderar amb gran \u00e8xit, honrant aix\u00ed la seva mem\u00f2ria i la seva passi\u00f3 compartida per l&#8217;art.<\/p>\n<div class=\"subsection\">\n<div>\n<strong>Una mirada prospectiva<\/strong><br \/>\nPilar Forcada, setembre 2015\n<\/div>\n<p>El sistema de valors sobre el qual hem sustentat la nostra societat es troba ara en plena redefinici\u00f3. La cultura i l&#8217;art constitueixen una eina efica\u00e7 per a aguditzar criteris, un cam\u00ed que permet fer llum sobre la incertesa en la qual es troba submergit l\u2019\u00e9sser hum\u00e0. Amb aquest convenciment sorgeix ART Situacions, convocat\u00f2ria que pret\u00e9n donar suport a l\u2019art contemporani de l\u2019escena emergent. Des de l\u2019Edat Moderna fins a l\u2019actualitat, la iniciativa privada ha estimulat de manera constant la creaci\u00f3 art\u00edstica. Podr\u00edem tra\u00e7ar una l\u00ednia a partir dels M\u00e8dici, impulsors del Renaixement, fins a Heiner Friedrich i Philippa de Menil, promotors de la Dia Art Foundation, que van motivar el desenvolupament de l\u2019Art Minimal, per posar dos exemples il\u00b7lustres i molt separats en el temps. Aquesta proposta \u00e9s un pas m\u00e9s per incentivar les iniciatives privades, fundacions i col\u00b7leccionistes, juntament amb tots els amants de l&#8217;art, i per a nosaltres \u00e9s motiu de satisfacci\u00f3 sumar-nos-hi.<\/p>\n<p>Conscient de l&#8217;escassetat d&#8217;oportunitats que afronta el sector m\u00e9s jove de l&#8217;art actual, ART Situacions busca promoure la seva difusi\u00f3 i apropar-lo a un p\u00fablic m\u00e9s ampli. Al mateix temps, no pret\u00e9n reflectir els gustos propis dels col\u00b7leccionistes, com tampoc potenciar un tema o una disciplina art\u00edstica en concret, sin\u00f3 dur a terme una mirada prospectiva. Comptem amb la col\u00b7laboraci\u00f3 de destacades personalitats dins el m\u00f3n de l&#8217;art de prestigi nacional i internacional, que escullen de forma consensuada els artistes que conformen una incisiva panor\u00e0mica de les generacions m\u00e9s joves de l&#8217;art actual. Sens dubte, es tracta d&#8217;un suggerent grup de creadors amb projecci\u00f3 transfronterera, que exhibeix la seva obra in\u00e8dita elaborada amb diversos mitjans, des de la pintura i l&#8217;objecte fins al v\u00eddeo o l&#8217;acci\u00f3 performativa. Un estimulant paisatge de gran capacitat poli\u00e8drica, unit per un viu desig de repensar la relaci\u00f3 de l&#8217;\u00e9sser hum\u00e0 amb l&#8217;entorn.<\/p>\n<p>Per nosaltres representa una gran satisfacci\u00f3 recolzar econ\u00f2micament la cultura espanyola i els artistes participants amb l\u2019anhel compartit de contribuir a dinamitzar el teixit art\u00edstic. Tamb\u00e9 voldria expressar el nostre agra\u00efment a aquelles persones del m\u00f3n cultural que, amb el seu suport incondicional, permeten consolidar aquest projecte.<\/p>\n<h1 class=\"discreet\">Pilar Forcada<\/h1>\n<h2 class=\"discreet\">Fundadora d&#8217;ART Situacions<\/h2>\n<\/div>\n<\/div>\n<\/div>\n<p><!--end about us--><\/p>\n","protected":false},"excerpt":{"rendered":"<p>Inicis: Premi de pintura Honda Premi Pilar ForcadaART Situacions en els mitjans Contactar Qui Som ART Situacions \u00e9s una organitzaci\u00f3 privada sense \u00e0nim de lucre que cerca promoure la difusi\u00f3 del sector m\u00e9s jove de l&#8217;art actual i apropar-lo a<span class=\"ellipsis\">&hellip;<\/span><\/p>\n<div class=\"read-more\"><a href=\"https:\/\/www.artsituacions.com\/ca\/quienes-somos\/\">Llegir m\u00e9s &#8250;<\/a><\/div>\n<p><!-- end of .read-more --><\/p>\n","protected":false},"author":1,"featured_media":0,"parent":0,"menu_order":0,"comment_status":"closed","ping_status":"closed","template":"","meta":[],"yoast_head":"<!-- This site is optimized with the Yoast SEO plugin v17.8 - https:\/\/yoast.com\/wordpress\/plugins\/seo\/ -->\n<meta name=\"robots\" content=\"index, follow, max-snippet:-1, max-image-preview:large, max-video-preview:-1\" \/>\n<link rel=\"canonical\" href=\"https:\/\/www.artsituacions.com\/en\/quienes-somos\/\" \/>\n<meta property=\"og:locale\" content=\"ca_ES\" \/>\n<meta property=\"og:type\" content=\"article\" \/>\n<meta property=\"og:title\" content=\"Qui Som\" \/>\n<meta property=\"og:description\" content=\"Inicis: Premi de pintura Honda Premi Pilar ForcadaART Situacions en els mitjans Contactar Qui Som ART Situacions \u00e9s una organitzaci\u00f3 privada sense \u00e0nim de lucre que cerca promoure la difusi\u00f3 del sector m\u00e9s jove de l&#8217;art actual i apropar-lo a&hellip;Llegir m\u00e9s &#8250;\" \/>\n<meta property=\"og:url\" content=\"https:\/\/www.artsituacions.com\/ca\/quienes-somos\/\" \/>\n<meta property=\"og:site_name\" content=\"Artsituacions\" \/>\n<meta property=\"article:modified_time\" content=\"2023-05-31T09:49:05+00:00\" \/>\n<meta property=\"og:image\" content=\"https:\/\/www.artsituacions.com\/wp-content\/uploads\/2014\/11\/about_about_us.jpg\" \/>\n<meta name=\"twitter:card\" content=\"summary_large_image\" \/>\n<meta name=\"twitter:label1\" content=\"Temps estimat de lectura\" \/>\n\t<meta name=\"twitter:data1\" content=\"11 minuts\" \/>\n<script type=\"application\/ld+json\" class=\"yoast-schema-graph\">{\"@context\":\"https:\/\/schema.org\",\"@graph\":[{\"@type\":\"WebSite\",\"@id\":\"https:\/\/www.artsituacions.com\/es\/#website\",\"url\":\"https:\/\/www.artsituacions.com\/es\/\",\"name\":\"Artsituacions\",\"description\":\"\",\"potentialAction\":[{\"@type\":\"SearchAction\",\"target\":{\"@type\":\"EntryPoint\",\"urlTemplate\":\"https:\/\/www.artsituacions.com\/es\/?s={search_term_string}\"},\"query-input\":\"required name=search_term_string\"}],\"inLanguage\":\"ca\"},{\"@type\":\"ImageObject\",\"@id\":\"https:\/\/www.artsituacions.com\/en\/quienes-somos\/#primaryimage\",\"inLanguage\":\"ca\",\"url\":\"\/wp-content\/uploads\/2014\/11\/about_about_us.jpg\",\"contentUrl\":\"\/wp-content\/uploads\/2014\/11\/about_about_us.jpg\"},{\"@type\":\"WebPage\",\"@id\":\"https:\/\/www.artsituacions.com\/en\/quienes-somos\/#webpage\",\"url\":\"https:\/\/www.artsituacions.com\/en\/quienes-somos\/\",\"name\":\"[:es]Qui\\u00e9nes somos[:ca]Qui Som[:en]About Us[:] - Artsituacions\",\"isPartOf\":{\"@id\":\"https:\/\/www.artsituacions.com\/es\/#website\"},\"primaryImageOfPage\":{\"@id\":\"https:\/\/www.artsituacions.com\/en\/quienes-somos\/#primaryimage\"},\"datePublished\":\"2014-11-26T18:36:12+00:00\",\"dateModified\":\"2023-05-31T09:49:05+00:00\",\"breadcrumb\":{\"@id\":\"https:\/\/www.artsituacions.com\/en\/quienes-somos\/#breadcrumb\"},\"inLanguage\":\"ca\",\"potentialAction\":[{\"@type\":\"ReadAction\",\"target\":[\"https:\/\/www.artsituacions.com\/en\/quienes-somos\/\"]}]},{\"@type\":\"BreadcrumbList\",\"@id\":\"https:\/\/www.artsituacions.com\/en\/quienes-somos\/#breadcrumb\",\"itemListElement\":[{\"@type\":\"ListItem\",\"position\":1,\"name\":\"Home\",\"item\":\"https:\/\/www.artsituacions.com\/es\/\"},{\"@type\":\"ListItem\",\"position\":2,\"name\":\"About Us\"}]}]}<\/script>\n<!-- \/ Yoast SEO plugin. -->","yoast_head_json":{"robots":{"index":"index","follow":"follow","max-snippet":"max-snippet:-1","max-image-preview":"max-image-preview:large","max-video-preview":"max-video-preview:-1"},"canonical":"https:\/\/www.artsituacions.com\/en\/quienes-somos\/","og_locale":"ca_ES","og_type":"article","og_title":"[:es]Qui\u00e9nes somos[:ca]Qui Som[:en]About Us[:] - Artsituacions","og_description":"Inicis: Premi de pintura Honda Premi Pilar ForcadaART Situacions en els mitjans Contactar Qui Som ART Situacions \u00e9s una organitzaci\u00f3 privada sense \u00e0nim de lucre que cerca promoure la difusi\u00f3 del sector m\u00e9s jove de l&#8217;art actual i apropar-lo a&hellip;Llegir m\u00e9s &#8250;","og_url":"https:\/\/www.artsituacions.com\/ca\/quienes-somos\/","og_site_name":"Artsituacions","article_modified_time":"2023-05-31T09:49:05+00:00","og_image":[{"url":"https:\/\/www.artsituacions.com\/wp-content\/uploads\/2014\/11\/about_about_us.jpg"}],"twitter_card":"summary_large_image","twitter_misc":{"Temps estimat de lectura":"11 minuts"},"schema":{"@context":"https:\/\/schema.org","@graph":[{"@type":"WebSite","@id":"https:\/\/www.artsituacions.com\/es\/#website","url":"https:\/\/www.artsituacions.com\/es\/","name":"Artsituacions","description":"","potentialAction":[{"@type":"SearchAction","target":{"@type":"EntryPoint","urlTemplate":"https:\/\/www.artsituacions.com\/es\/?s={search_term_string}"},"query-input":"required name=search_term_string"}],"inLanguage":"ca"},{"@type":"ImageObject","@id":"https:\/\/www.artsituacions.com\/en\/quienes-somos\/#primaryimage","inLanguage":"ca","url":"\/wp-content\/uploads\/2014\/11\/about_about_us.jpg","contentUrl":"\/wp-content\/uploads\/2014\/11\/about_about_us.jpg"},{"@type":"WebPage","@id":"https:\/\/www.artsituacions.com\/en\/quienes-somos\/#webpage","url":"https:\/\/www.artsituacions.com\/en\/quienes-somos\/","name":"[:es]Qui\u00e9nes somos[:ca]Qui Som[:en]About Us[:] - Artsituacions","isPartOf":{"@id":"https:\/\/www.artsituacions.com\/es\/#website"},"primaryImageOfPage":{"@id":"https:\/\/www.artsituacions.com\/en\/quienes-somos\/#primaryimage"},"datePublished":"2014-11-26T18:36:12+00:00","dateModified":"2023-05-31T09:49:05+00:00","breadcrumb":{"@id":"https:\/\/www.artsituacions.com\/en\/quienes-somos\/#breadcrumb"},"inLanguage":"ca","potentialAction":[{"@type":"ReadAction","target":["https:\/\/www.artsituacions.com\/en\/quienes-somos\/"]}]},{"@type":"BreadcrumbList","@id":"https:\/\/www.artsituacions.com\/en\/quienes-somos\/#breadcrumb","itemListElement":[{"@type":"ListItem","position":1,"name":"Home","item":"https:\/\/www.artsituacions.com\/es\/"},{"@type":"ListItem","position":2,"name":"About Us"}]}]}},"AFP_featured_media_urls":{"full":false,"thumbnail":false,"medium":false,"medium_large":false,"large":false},"AFP_attachments":{"full":["https:\/\/www.artsituacions.com\/wp-content\/uploads\/2014\/11\/about_about_us.jpg",250,250,false],"thumbnail":["https:\/\/www.artsituacions.com\/wp-content\/uploads\/2014\/11\/about_about_us-100x100.jpg",100,100,true],"medium":["https:\/\/www.artsituacions.com\/wp-content\/uploads\/2014\/11\/about_about_us.jpg",250,250,false],"medium_large":["https:\/\/www.artsituacions.com\/wp-content\/uploads\/2014\/11\/about_about_us.jpg",250,250,false],"large":["https:\/\/www.artsituacions.com\/wp-content\/uploads\/2014\/11\/about_about_us.jpg",250,250,false]},"AFP_videos":[],"AFP_video_blocks":"","AFP_category_names":[],"_links":{"self":[{"href":"https:\/\/www.artsituacions.com\/ca\/wp-json\/wp\/v2\/pages\/527"}],"collection":[{"href":"https:\/\/www.artsituacions.com\/ca\/wp-json\/wp\/v2\/pages"}],"about":[{"href":"https:\/\/www.artsituacions.com\/ca\/wp-json\/wp\/v2\/types\/page"}],"author":[{"embeddable":true,"href":"https:\/\/www.artsituacions.com\/ca\/wp-json\/wp\/v2\/users\/1"}],"replies":[{"embeddable":true,"href":"https:\/\/www.artsituacions.com\/ca\/wp-json\/wp\/v2\/comments?post=527"}],"version-history":[{"count":56,"href":"https:\/\/www.artsituacions.com\/ca\/wp-json\/wp\/v2\/pages\/527\/revisions"}],"predecessor-version":[{"id":2779,"href":"https:\/\/www.artsituacions.com\/ca\/wp-json\/wp\/v2\/pages\/527\/revisions\/2779"}],"wp:attachment":[{"href":"https:\/\/www.artsituacions.com\/ca\/wp-json\/wp\/v2\/media?parent=527"}],"curies":[{"name":"wp","href":"https:\/\/api.w.org\/{rel}","templated":true}]}}