{"id":1586,"date":"2019-01-21T18:43:21","date_gmt":"2019-01-21T18:43:21","guid":{"rendered":"http:\/\/www.artsituacions.com\/?page_id=1586"},"modified":"2023-05-31T10:21:56","modified_gmt":"2023-05-31T10:21:56","slug":"premio-art-situacions-arcomadrid-2019","status":"publish","type":"page","link":"https:\/\/www.artsituacions.com\/en\/premio-art-situacions-arcomadrid-2019\/","title":{"rendered":"ART Situacions ARCOmadrid 2019"},"content":{"rendered":"<div style=\"margin-top:20px; \" class=\"exhibitionInfo\">\n<div class=\"c1\"><img decoding=\"async\" class=\"alignnone size-full wp-image-46\" src=\"http:\/\/www.artsituacions.com\/wp-content\/uploads\/2017\/02\/logo_arco_madrid.jpg\" alt=\"ARCOmadrid 2018\" height=\"300\" \/><br \/>\n<a style=\"color: #cc0000; margin-top: 10px; display: block;\" href=\"art-situacions-en-los-medios\/?event=2019-arco\">Press Clipping<\/a><\/p>\n<div class=\"supportBy\" style=\"margin-top:5px;\">\n<strong>Directora ArtSituacions:<\/strong><br \/>\nPilar Forcada <\/p>\n<p><strong>Sponsorship:<\/strong><br \/>\nMarcel Pascual <\/p>\n<div class=\"box\">\n<div class=\"item\"><a href=\"https:\/\/www.hondaencasa.com\/\" target=\"_blank\" rel=\"noopener\"><img decoding=\"async\" loading=\"lazy\" src=\"\/wp-content\/uploads\/2014\/10\/honda-the-power-of-dreams-300x144.jpg\" alt=\"honda-the-power-of-dreams\" width=\"100\" height=\"48\" class=\"alignnone size-thumbnail wp-image-127\" \/><\/a><\/div>\n<div class=\"item\"><a href=\"https:\/\/www.hondaencasa.com\/\" target=\"_blank\" rel=\"noopener\"><img decoding=\"async\" loading=\"lazy\" src=\"\/wp-content\/uploads\/2015\/09\/greens.jpg\" alt=\"greens\" width=\"100\" height=\"48\" class=\"alignnone size-thumbnail wp-image-127\" \/><\/a><\/div>\n<p><br style=\"clear:both;\" \/><\/p>\n<p style=\"margin-top:40px;\"><strong>Previous editions:<\/strong><\/p>\n<p><a style=\"color:#cc0000;\" href=\"art-situacions-arcomadrid-2022\">2022<\/a><br \/>\n<a style=\"color:#cc0000;\" href=\"premio-art-situacions-arcomadrid-2020\">2020<\/a><br \/>\n<a style=\"color:#cc0000;\" href=\"premio-art-situacions-arcomadrid-2019\">2019<\/a><br \/>\n<a style=\"color:#cc0000;\" href=\"arcomadrid-2018\">2018<\/a><br \/>\n<a style=\"color:#cc0000;\" href=\"arcomadrid-2017\">2017<\/a>\n<\/div>\n<p><!--box--><\/p>\n<\/div>\n<p><!--supportby--><\/p>\n<\/div>\n<p><!--c1--><\/p>\n<div class=\"c2\">\n<div class='scroll-pane'>\n<div class=\"info\">\n<p><h4>2019 ART Situacions ARCOmadrid Prize<\/h4>\n<\/p>\n<p><h5>A project that documents the testimonies left by migrants wins the ART Situacions award.<\/h5>\n<\/p>\n<p>Madrid, 26 February 2019. The prize was awarded to the work PLEASE DON\u2019T PAINT THE WALL from the series entitled \u00c0 tous les clandestins by Patricia G\u00f3mez and Mar\u00eda Jes\u00fas Gonz\u00e1lez, which records and documents the written testimonies left by African migrants at various detention centres in the Canary Islands. It won the third ART Situacions prize at the recent ARCO art fair in recognition of best emerging artwork.<\/p>\n<p>The award, with a prize of \u20ac15,000, sponsored by Honda-Greens Power Products, S.L., was presented at the Valencian art gallery Espaivisor, and the piece will be added to the ART Situacions collection curated by Pilar Forcada. The selection panel was comprised of Mar\u00eda de Corral, an independent curator, and Nimfa Bisbe, the head of art collections at the \u201cla Caixa\u201d Banking Foundation.<\/p>\n<p>Also attending the prize-giving ceremony were Mr Carlos Urroz, Director of ARCOmadrid, Ms Pilar Forcada, Director of ARTSituacions, and Mr Marcel Pascual, Director of Honda \u2013 Greens Power Products. <\/p>\n<p><strong>Winning work<\/strong><\/p>\n<p>PLEASE, DON\u2019T PAINT THE WALL, 2014. CHARLIE-I. CIE El Matorral, Fuerteventura (2014)<br \/>\nPatricia G\u00f3mez &#038; Mar\u00eda Jes\u00fas Gonz\u00e1lez, Valencia, 1978<br \/>\nStacco-method print on fabric 116 x 211 x 6 cm (frame)<br \/>\nOne-off piece <\/p>\n<p>\u00c0 tous les clandestins<\/p>\n<p>The project addresses the contemporary phenomenon of migration, with a focus on the route from the West African coast to the Canary Islands. Its purpose is to record and document, in the form of wall carvings, photographs and videos, the written testimonies left by these men and women in transit, thus paying homage to their memory.<\/p>\n<\/div>\n<p><!--info--><\/p>\n<\/div>\n<style>.scroll-pane{width: 100%;height:800px;overflow: auto;}<\/style>\n<\/div>\n<p><!--c2--><br \/>\n<br style=\"clear: both;\" \/><\/p>\n<h2 class=\"hdrSection\">Images<\/h2>\n<div class=\"gallery\">\n\n\t<ul id=\"slideshowgallery45101\" class=\"slideshowgallery45101\" style=\"display:none;\">\n\t\t\t\t\t<!-- From all slides or gallery slides -->\n\t\t\t\t\t\t\t\n\t\t\t\t<li>\n\t\t\t\t\t<h3 style=\"opacity:70;\">AR19_RRS_PREMIO ART SITUACIONS_012<\/h3>\n\t\t\t\t\t\t\t\t\t\t\t<span data-alt=\"ar19rrspremio-art-situacions012\">https:\/\/www.artsituacions.com\/wp-content\/uploads\/2019\/03\/ar19_rrs_premio-art-situacions_012.jpg<\/span>\n\t\t\t\t\t\t\t\t\t\t<p><\/p>\n\t\t\t\t\t\t\t\t\t\t\t\t\t\t\t\t\t\t<a><img class=\"skip-lazy\" src=\"https:\/\/www.artsituacions.com\/wp-content\/uploads\/2019\/03\/ar19_rrs_premio-art-situacions_012.jpg\" alt=\"ar19rrspremio-art-situacions012\" \/><\/a>\n\t\t\t\t\t\t\t\t\t\t\t\t\t\t\t<\/li>\n\t\t\t\t\t\t\t\n\t\t\t\t<li>\n\t\t\t\t\t<h3 style=\"opacity:70;\">Imagen oficial galeria<\/h3>\n\t\t\t\t\t\t\t\t\t\t\t<span data-alt=\"imagen-oficial-galeria\">https:\/\/www.artsituacions.com\/wp-content\/uploads\/2019\/03\/imagen-oficial-galeria.jpg<\/span>\n\t\t\t\t\t\t\t\t\t\t<p><\/p>\n\t\t\t\t\t\t\t\t\t\t\t\t\t\t\t\t\t\t<a><img class=\"skip-lazy\" src=\"https:\/\/www.artsituacions.com\/wp-content\/uploads\/2019\/03\/imagen-oficial-galeria.jpg\" alt=\"imagen-oficial-galeria\" \/><\/a>\n\t\t\t\t\t\t\t\t\t\t\t\t\t\t\t<\/li>\n\t\t\t\t\t\t<\/ul>\n\t\n\t<div id=\"slideshow-wrappergallery45101\" class=\"slideshow-wrapper\">\n\t\t\t\n\t\t<div class=\"slideshow-fullsize\" id=\"fullsizegallery45101\">\n\t\t\t\t\t\t\t\t\t\t\t\t\t\t<div id=\"imgprevgallery45101\" class=\"slideshow-imgprev imgnav\" title=\"Previous Image\">Previous Image<\/div>\n\t\t\t\t\t\t<a id=\"imglinkgallery45101\" class=\"slideshow-imglink imglink\"><!-- link --><\/a>\n\t\t\t\t\t\t\t\t\t\t\t<div id=\"imgnextgallery45101\" class=\"slideshow-imgnext imgnav\" title=\"Next Image\">Next Image<\/div>\n\t\t\t\t\t\t<div id=\"imagegallery45101\" class=\"slideshow-image\"><\/div>\n\t\t\t<div class=\"slideshow-information infobottom\" id=\"informationgallery45101\">\n\t\t\t\t<h3 class=\"slideshow-info-heading\">info heading<\/h3>\n\t\t\t\t<p class=\"slideshow-info-content\">info content<\/p>\n\t\t\t<\/div>\n\t\t<\/div>\n\t\t\n\t\t\t\t\t<div id=\"thumbnailsgallery45101\" class=\"slideshow-thumbnails thumbsbot\">\n\t\t\t\t<div class=\"slideshow-slideleft\" id=\"slideleftgallery45101\" title=\"Slide Left\"><\/div>\n\t\t\t\t<div class=\"slideshow-slidearea\" id=\"slideareagallery45101\">\n\t\t\t\t\t<div class=\"slideshow-slider\" id=\"slidergallery45101\"><\/div>\n\t\t\t\t<\/div>\n\t\t\t\t<div class=\"slideshow-slideright\" id=\"sliderightgallery45101\" title=\"Slide Right\"><\/div>\n\t\t\t\t<br style=\"clear:both; visibility:hidden; height:1px;\" \/>\n\t\t\t<\/div>\n\t\t\t<\/div>\n\t\n\t\n\t<!-- Slideshow Gallery Javascript BEG -->\t\t<script type=\"text\/javascript\">\tjQuery.noConflict();\ttid('slideshowgallery45101').style.display = \"none\";\ttid('slideshow-wrappergallery45101').style.display = 'block';\ttid('slideshow-wrappergallery45101').style.visibility = 'hidden';\tvar spinnerDiv = document.createElement('div');\tspinnerDiv.setAttribute('id', 'spinnergallery45101');\tspinnerDiv.innerHTML = '<i class=\"fa fa-cog fa-spin\"><\/i>';\tjQuery(spinnerDiv).appendTo('#fullsizegallery45101');\ttid('spinnergallery45101').style.visibility = 'visible';\tvar slideshowgallery45101 = new TINY.slideshow(\"slideshowgallery45101\");\tjQuery(document).ready(function() {\t\tslideshowgallery45101.auto = true;\t\tslideshowgallery45101.speed = 10;\t\tslideshowgallery45101.effect = \"fade\";\t\tslideshowgallery45101.slide_direction = \"lr\";\t\tslideshowgallery45101.easing = \"swing\";\t\tslideshowgallery45101.alwaysauto = true;\t\tslideshowgallery45101.autoheight = true;\t\tslideshowgallery45101.autoheight_max = false;\t\tslideshowgallery45101.imgSpeed = 10;\t\tslideshowgallery45101.navOpacity = 25;\t\tslideshowgallery45101.navHover = 70;\t\tslideshowgallery45101.letterbox = \"#000000\";\t\tslideshowgallery45101.linkclass = \"linkhover\";\t\tslideshowgallery45101.imagesid = \"imagesgallery45101\";\t\tslideshowgallery45101.info = \"informationgallery45101\";\t\tslideshowgallery45101.infoonhover = 0;\t\tslideshowgallery45101.infoSpeed = 10;\t\tslideshowgallery45101.infodelay = 0;\t\tslideshowgallery45101.infofade = 0;\t\tslideshowgallery45101.infofadedelay = 0;\t\tslideshowgallery45101.thumbs = \"slidergallery45101\";\t\tslideshowgallery45101.thumbOpacity = 70;\t\tslideshowgallery45101.left = \"slideleftgallery45101\";\t\tslideshowgallery45101.right = \"sliderightgallery45101\";\t\tslideshowgallery45101.scrollSpeed = 5;\t\tslideshowgallery45101.spacing = 5;\t\tslideshowgallery45101.active = \"#ffffff\";\t\tslideshowgallery45101.imagesthickbox = \"false\";\t\tjQuery(\"#spinnergallery45101\").remove();\t\tslideshowgallery45101.init(\"slideshowgallery45101\",\"imagegallery45101\",\"imgprevgallery45101\",\"imgnextgallery45101\",\"imglinkgallery45101\");\t\ttid('slideshow-wrappergallery45101').style.visibility = 'visible';\t\tjQuery(window).trigger('resize');\t\t\t\t\t});\t\t\t<\/script>\t\t<!-- Slideshow Gallery Javascript END --><!-- Slideshow Gallery CSS BEG --><style id=\"style-gallery45101\">\t\tul.slideshowgallery45101 { list-style:none !important; color:#fff; }\n\t\tul.slideshowgallery45101 span { display:none; }\n\t\t#slideshow-wrappergallery45101 { overflow: hidden; position:relative; width:100%; background:#020202; padding:0 0 0 0; border:; margin:0; display:none; }\n\t\t#slideshow-wrappergallery45101 * { margin:0; padding:0; }\n\t\t#slideshow-wrappergallery45101 #fullsizegallery45101 { position:relative; z-index:1; overflow:hidden; width:100%; height:460px; clear:both; border: none; }\n\t\t#slideshow-wrappergallery45101 #informationgallery45101 { text-align:left; font-family:Verdana, Arial, Helvetica, sans-serif !important; position:absolute; width:100%; height:0; background:#000000; color:#ffffff; overflow:hidden; z-index:300; opacity:.7; filter:alpha(opacity=70); }\n\t\t#slideshow-wrappergallery45101 #informationgallery45101 h3 { color:#ffffff; padding:4px 8px 3px; margin:0 !important; font-size:16px; font-weight:bold; }\n\t\t#slideshow-wrappergallery45101 #informationgallery45101 a { color:#ffffff; }\n\t\t#slideshow-wrappergallery45101 #informationgallery45101 p { color:#ffffff; padding:0 8px 8px; margin:0 !important; font-size: 14px; font-weight:normal; }\n\t\t#slideshow-wrappergallery45101 .infotop { margin-bottom:8px !important; top:0!important; }\n\t\t#slideshow-wrappergallery45101 .infobottom { margin-top:8px !important; bottom:0!important; }\n\t\t\t\t\t#slideshow-wrappergallery45101 #imagegallery45101 { width:100%; }\n\t\t\t#slideshow-wrappergallery45101 #imagegallery45101 img { border:none; border-radius:0; box-shadow:none; position:absolute; left:0%; right:0%; max-height:100%; max-width:100%; margin:0 auto; display:block; }\n\t\t\t\t#slideshow-wrappergallery45101 .imgnav { position:absolute; width:25%; height:100%; cursor:pointer; z-index:250; }\n\t\t#slideshow-wrappergallery45101 #imgprevgallery45101:before { font-family:FontAwesome; content:\"\\f053\"; font-size:30px; color:white; visibility:visible; left:0; text-align:left; width: auto; height:auto; line-height:160%; top:50%; margin:-30px 0 0 0; border-radius:0 10px 10px 0; background:black; padding:3px 10px 0 10px; position: absolute; display: inline-block; \t}\n\t\t#slideshow-wrappergallery45101 #imgprevgallery45101 { display:none; -moz-user-select: none; -khtml-user-select: none; -webkit-user-select: none; -o-user-select: none; left:0; font-size:0px; }\n\t\t#slideshow-wrappergallery45101 #imgnextgallery45101:before { font-family:FontAwesome; content:\"\\f054\"; font-size:30px; color:white; visibility:visible; right:0; text-align:right; width: auto; height:auto; line-height:160%; top:50%; margin:-30px 0 0 0; border-radius:10px 0 0 10px; background:black; padding:3px 10px 0 10px; position: absolute; display: inline-block; }\n\t\t#slideshow-wrappergallery45101 #imgnextgallery45101 { display:none; -moz-user-select: none; -khtml-user-select: none; -webkit-user-select: none; -o-user-select: none; right:0; font-size:0px; }\n\t\t#slideshow-wrappergallery45101 #imglinkgallery45101 { position:absolute; zoom:1; background-color:#ffffff; height:100%; width:100%; left:0; z-index:149; opacity:0; filter:alpha(opacity=0); }\n\t\t#slideshow-wrappergallery45101 .linkhover:before { font-family:FontAwesome; content:\"\\f14c\"; font-size:30px; text-align:center; height:auto; line-height:160%; width:auto; top:50%; left:auto; right:auto; margin:-30px 0 0 0; padding:0px 12px; display: inline-block; position: relative; background:black; color:white; border-radius:10px; }\n\t\t#slideshow-wrappergallery45101 .linkhover { background:transparent !important; opacity:.4 !important; filter:alpha(opacity=40) !important; text-align:center; font-size:0px; }\n\t\t#slideshow-wrappergallery45101 #thumbnailsgallery45101 { background:#020202; height:89px; width:100%; position:relative; overflow:hidden; }\n\t\t#slideshow-wrappergallery45101 .thumbstop { margin-bottom:8px !important; }\n\t\t#slideshow-wrappergallery45101 .thumbsbot { margin-top:8px !important; }\n\t\t#slideshow-wrappergallery45101 #slideleftgallery45101:before { font-family:FontAwesome; content: \"\\f104\"; color:#999; position: absolute; height: auto; line-height:160%; width: auto; display: inline-block; top: 50%; font-size: 30px; margin: -30px 0 0 0; padding: 0 5px; }\n\t\t#slideshow-wrappergallery45101 #slideleftgallery45101 { text-align:left; float:left; position:absolute; left:0; z-index:150; width:20px; height:89px; background:#222; }\n\t\t#slideshow-wrappergallery45101 #slideleftgallery45101:hover { background-color:#333; }\n\t\t#slideshow-wrappergallery45101 #sliderightgallery45101:before { font-family:FontAwesome; content: \"\\f105\"; color:#999; position: absolute; height: auto; line-height:160%; width: auto; display: inline-block; top: 50%; font-size: 30px; margin: -30px 0 0 0; padding: 0 5px; }\n\t\t#slideshow-wrappergallery45101 #sliderightgallery45101 { text-align:left; float:right; position:absolute; right:0; z-index:150; width:20px; height:89px; background:#222; }\n\t\t#slideshow-wrappergallery45101 #sliderightgallery45101:hover { background-color:#333; }\n\t\t#slideshow-wrappergallery45101 #slideareagallery45101 { float:left; position:absolute; z-index:149; background:#020202; width:100%; margin:0; height:89px; overflow:hidden; }\n\t\t#slideshow-wrappergallery45101 #slidergallery45101 { position:absolute; width:282px !important; left:0; height:89px; padding:3px 20px 0 25px; }\n\t\t#slideshow-wrappergallery45101 #slidergallery45101 img { width:100px; height:75px; cursor:pointer; border:1px solid #666; padding:2px; float:left !important; }\n\t\t#slideshow-wrappergallery45101 #spinnergallery45101 { position:relative; top:50%; left:45%; text-align:left; font-size:30px; }\n\t\t#slideshow-wrappergallery45101 #spinnergallery45101 img { border:none; }\n\t\n\t\t\t\t@media (max-width:480px) { \t.slideshow-information { display: none !important; } }\n\t\t\t\t\t\t@media (max-width:480px) { \t.slideshow-thumbnails { display: none !important; } }\n\t\t\t<\/style><!-- Slideshow Gallery CSS END --><\/p>\n<p><br style=\"clear: both;\" \/><br style=\"clear: both;\" \/><\/p><\/div>\n<\/p><\/div>\n<\/p><\/div>\n<\/div>\n<p><!--exhibitioninfo--><\/p>\n","protected":false},"excerpt":{"rendered":"<p>Press Clipping Directora ArtSituacions: Pilar Forcada Sponsorship: Marcel Pascual Previous editions: 2022 2020 2019 2018 2017 2019 ART Situacions ARCOmadrid Prize A project that documents the testimonies left by migrants wins the ART Situacions award. Madrid, 26 February 2019. The<span class=\"ellipsis\">&hellip;<\/span><\/p>\n<div class=\"read-more\"><a href=\"https:\/\/www.artsituacions.com\/en\/premio-art-situacions-arcomadrid-2019\/\">Read more &#8250;<\/a><\/div>\n<p><!-- end of .read-more --><\/p>\n","protected":false},"author":1,"featured_media":0,"parent":0,"menu_order":0,"comment_status":"closed","ping_status":"closed","template":"","meta":[],"yoast_head":"<!-- This site is optimized with the Yoast SEO plugin v17.8 - https:\/\/yoast.com\/wordpress\/plugins\/seo\/ -->\n<meta name=\"robots\" content=\"index, follow, max-snippet:-1, max-image-preview:large, max-video-preview:-1\" \/>\n<link rel=\"canonical\" href=\"https:\/\/www.artsituacions.com\/en\/premio-art-situacions-arcomadrid-2019\/\" \/>\n<meta property=\"og:locale\" content=\"en_US\" \/>\n<meta property=\"og:type\" content=\"article\" \/>\n<meta property=\"og:title\" content=\"ART Situacions ARCOmadrid 2019\" \/>\n<meta property=\"og:description\" content=\"Press Clipping Directora ArtSituacions: Pilar Forcada Sponsorship: Marcel Pascual Previous editions: 2022 2020 2019 2018 2017 2019 ART Situacions ARCOmadrid Prize A project that documents the testimonies left by migrants wins the ART Situacions award. Madrid, 26 February 2019. The&hellip;Read more &#8250;\" \/>\n<meta property=\"og:url\" content=\"https:\/\/www.artsituacions.com\/en\/premio-art-situacions-arcomadrid-2019\/\" \/>\n<meta property=\"og:site_name\" content=\"Artsituacions\" \/>\n<meta property=\"article:modified_time\" content=\"2023-05-31T10:21:56+00:00\" \/>\n<meta property=\"og:image\" content=\"http:\/\/www.artsituacions.com\/wp-content\/uploads\/2017\/02\/logo_arco_madrid.jpg\" \/>\n<meta name=\"twitter:card\" content=\"summary_large_image\" \/>\n<meta name=\"twitter:label1\" content=\"Est. reading time\" \/>\n\t<meta name=\"twitter:data1\" content=\"6 minutes\" \/>\n<script type=\"application\/ld+json\" class=\"yoast-schema-graph\">{\"@context\":\"https:\/\/schema.org\",\"@graph\":[{\"@type\":\"WebSite\",\"@id\":\"https:\/\/www.artsituacions.com\/es\/#website\",\"url\":\"https:\/\/www.artsituacions.com\/es\/\",\"name\":\"Artsituacions\",\"description\":\"\",\"potentialAction\":[{\"@type\":\"SearchAction\",\"target\":{\"@type\":\"EntryPoint\",\"urlTemplate\":\"https:\/\/www.artsituacions.com\/es\/?s={search_term_string}\"},\"query-input\":\"required name=search_term_string\"}],\"inLanguage\":\"en-US\"},{\"@type\":\"ImageObject\",\"@id\":\"https:\/\/www.artsituacions.com\/en\/premio-art-situacions-arcomadrid-2019\/#primaryimage\",\"inLanguage\":\"en-US\",\"url\":\"http:\/\/www.artsituacions.com\/wp-content\/uploads\/2017\/02\/logo_arco_madrid.jpg\",\"contentUrl\":\"http:\/\/www.artsituacions.com\/wp-content\/uploads\/2017\/02\/logo_arco_madrid.jpg\"},{\"@type\":\"WebPage\",\"@id\":\"https:\/\/www.artsituacions.com\/en\/premio-art-situacions-arcomadrid-2019\/#webpage\",\"url\":\"https:\/\/www.artsituacions.com\/en\/premio-art-situacions-arcomadrid-2019\/\",\"name\":\"[:es]Premio ART Situacions ARCOmadrid 2019[:ca]Premi ART Situacions ARCOmadrid 2019[:en]ART Situacions ARCOmadrid 2019[:it]Premio ART Situacions ARCOmadrid 2019[:] - Artsituacions\",\"isPartOf\":{\"@id\":\"https:\/\/www.artsituacions.com\/es\/#website\"},\"primaryImageOfPage\":{\"@id\":\"https:\/\/www.artsituacions.com\/en\/premio-art-situacions-arcomadrid-2019\/#primaryimage\"},\"datePublished\":\"2019-01-21T18:43:21+00:00\",\"dateModified\":\"2023-05-31T10:21:56+00:00\",\"breadcrumb\":{\"@id\":\"https:\/\/www.artsituacions.com\/en\/premio-art-situacions-arcomadrid-2019\/#breadcrumb\"},\"inLanguage\":\"en-US\",\"potentialAction\":[{\"@type\":\"ReadAction\",\"target\":[\"https:\/\/www.artsituacions.com\/en\/premio-art-situacions-arcomadrid-2019\/\"]}]},{\"@type\":\"BreadcrumbList\",\"@id\":\"https:\/\/www.artsituacions.com\/en\/premio-art-situacions-arcomadrid-2019\/#breadcrumb\",\"itemListElement\":[{\"@type\":\"ListItem\",\"position\":1,\"name\":\"Home\",\"item\":\"https:\/\/www.artsituacions.com\/es\/\"},{\"@type\":\"ListItem\",\"position\":2,\"name\":\"ART Situacions ARCOmadrid 2019\"}]}]}<\/script>\n<!-- \/ Yoast SEO plugin. -->","yoast_head_json":{"robots":{"index":"index","follow":"follow","max-snippet":"max-snippet:-1","max-image-preview":"max-image-preview:large","max-video-preview":"max-video-preview:-1"},"canonical":"https:\/\/www.artsituacions.com\/en\/premio-art-situacions-arcomadrid-2019\/","og_locale":"en_US","og_type":"article","og_title":"[:es]Premio ART Situacions ARCOmadrid 2019[:ca]Premi ART Situacions ARCOmadrid 2019[:en]ART Situacions ARCOmadrid 2019[:it]Premio ART Situacions ARCOmadrid 2019[:] - Artsituacions","og_description":"Press Clipping Directora ArtSituacions: Pilar Forcada Sponsorship: Marcel Pascual Previous editions: 2022 2020 2019 2018 2017 2019 ART Situacions ARCOmadrid Prize A project that documents the testimonies left by migrants wins the ART Situacions award. Madrid, 26 February 2019. The&hellip;Read more &#8250;","og_url":"https:\/\/www.artsituacions.com\/en\/premio-art-situacions-arcomadrid-2019\/","og_site_name":"Artsituacions","article_modified_time":"2023-05-31T10:21:56+00:00","og_image":[{"url":"http:\/\/www.artsituacions.com\/wp-content\/uploads\/2017\/02\/logo_arco_madrid.jpg"}],"twitter_card":"summary_large_image","twitter_misc":{"Est. reading time":"6 minutes"},"schema":{"@context":"https:\/\/schema.org","@graph":[{"@type":"WebSite","@id":"https:\/\/www.artsituacions.com\/es\/#website","url":"https:\/\/www.artsituacions.com\/es\/","name":"Artsituacions","description":"","potentialAction":[{"@type":"SearchAction","target":{"@type":"EntryPoint","urlTemplate":"https:\/\/www.artsituacions.com\/es\/?s={search_term_string}"},"query-input":"required name=search_term_string"}],"inLanguage":"en-US"},{"@type":"ImageObject","@id":"https:\/\/www.artsituacions.com\/en\/premio-art-situacions-arcomadrid-2019\/#primaryimage","inLanguage":"en-US","url":"http:\/\/www.artsituacions.com\/wp-content\/uploads\/2017\/02\/logo_arco_madrid.jpg","contentUrl":"http:\/\/www.artsituacions.com\/wp-content\/uploads\/2017\/02\/logo_arco_madrid.jpg"},{"@type":"WebPage","@id":"https:\/\/www.artsituacions.com\/en\/premio-art-situacions-arcomadrid-2019\/#webpage","url":"https:\/\/www.artsituacions.com\/en\/premio-art-situacions-arcomadrid-2019\/","name":"[:es]Premio ART Situacions ARCOmadrid 2019[:ca]Premi ART Situacions ARCOmadrid 2019[:en]ART Situacions ARCOmadrid 2019[:it]Premio ART Situacions ARCOmadrid 2019[:] - Artsituacions","isPartOf":{"@id":"https:\/\/www.artsituacions.com\/es\/#website"},"primaryImageOfPage":{"@id":"https:\/\/www.artsituacions.com\/en\/premio-art-situacions-arcomadrid-2019\/#primaryimage"},"datePublished":"2019-01-21T18:43:21+00:00","dateModified":"2023-05-31T10:21:56+00:00","breadcrumb":{"@id":"https:\/\/www.artsituacions.com\/en\/premio-art-situacions-arcomadrid-2019\/#breadcrumb"},"inLanguage":"en-US","potentialAction":[{"@type":"ReadAction","target":["https:\/\/www.artsituacions.com\/en\/premio-art-situacions-arcomadrid-2019\/"]}]},{"@type":"BreadcrumbList","@id":"https:\/\/www.artsituacions.com\/en\/premio-art-situacions-arcomadrid-2019\/#breadcrumb","itemListElement":[{"@type":"ListItem","position":1,"name":"Home","item":"https:\/\/www.artsituacions.com\/es\/"},{"@type":"ListItem","position":2,"name":"ART Situacions ARCOmadrid 2019"}]}]}},"AFP_featured_media_urls":{"full":false,"thumbnail":false,"medium":false,"medium_large":false,"large":false},"AFP_attachments":[],"AFP_videos":[],"AFP_video_blocks":"","AFP_category_names":[],"_links":{"self":[{"href":"https:\/\/www.artsituacions.com\/en\/wp-json\/wp\/v2\/pages\/1586"}],"collection":[{"href":"https:\/\/www.artsituacions.com\/en\/wp-json\/wp\/v2\/pages"}],"about":[{"href":"https:\/\/www.artsituacions.com\/en\/wp-json\/wp\/v2\/types\/page"}],"author":[{"embeddable":true,"href":"https:\/\/www.artsituacions.com\/en\/wp-json\/wp\/v2\/users\/1"}],"replies":[{"embeddable":true,"href":"https:\/\/www.artsituacions.com\/en\/wp-json\/wp\/v2\/comments?post=1586"}],"version-history":[{"count":40,"href":"https:\/\/www.artsituacions.com\/en\/wp-json\/wp\/v2\/pages\/1586\/revisions"}],"predecessor-version":[{"id":2785,"href":"https:\/\/www.artsituacions.com\/en\/wp-json\/wp\/v2\/pages\/1586\/revisions\/2785"}],"wp:attachment":[{"href":"https:\/\/www.artsituacions.com\/en\/wp-json\/wp\/v2\/media?parent=1586"}],"curies":[{"name":"wp","href":"https:\/\/api.w.org\/{rel}","templated":true}]}}