{"id":1586,"date":"2019-01-21T18:43:21","date_gmt":"2019-01-21T18:43:21","guid":{"rendered":"http:\/\/www.artsituacions.com\/?page_id=1586"},"modified":"2023-05-31T10:21:56","modified_gmt":"2023-05-31T10:21:56","slug":"premio-art-situacions-arcomadrid-2019","status":"publish","type":"page","link":"https:\/\/www.artsituacions.com\/es\/premio-art-situacions-arcomadrid-2019\/","title":{"rendered":"Premio ART Situacions ARCOmadrid 2019"},"content":{"rendered":"<div style=\"margin-top:20px; \" class=\"exhibitionInfo\">\n<div class=\"c1\"><img decoding=\"async\" class=\"alignnone size-full wp-image-46\" src=\"http:\/\/www.artsituacions.com\/wp-content\/uploads\/2017\/02\/logo_arco_madrid.jpg\" alt=\"ARCOmadrid 2019\" height=\"300\" \/><br \/>\n<a style=\"color: #cc0000; display: block; margin-top: 10px;\" href=\"art-situacions-en-los-medios\/?event=2019-arco\">Press Clipping<\/a><\/p>\n<div class=\"supportBy\" style=\"margin-top:5px;\">\n<strong>Directora ArtSituacions:<\/strong><br \/>\nPilar Forcada <\/p>\n<p><strong>Patrocinio:<\/strong><br \/>\nMarcel Pascual <\/p>\n<div class=\"box\">\n<div class=\"item\"><a href=\"https:\/\/www.hondaencasa.com\/\" target=\"_blank\" rel=\"noopener\"><img decoding=\"async\" loading=\"lazy\" src=\"\/wp-content\/uploads\/2014\/10\/honda-the-power-of-dreams-300x144.jpg\" alt=\"honda-the-power-of-dreams\" width=\"100\" height=\"48\" class=\"alignnone size-thumbnail wp-image-127\" \/><\/a><\/div>\n<div class=\"item\"><a href=\"https:\/\/www.hondaencasa.com\/\" target=\"_blank\" rel=\"noopener\"><img decoding=\"async\" loading=\"lazy\" src=\"\/wp-content\/uploads\/2015\/09\/greens.jpg\" alt=\"greens\" width=\"100\" height=\"48\" class=\"alignnone size-thumbnail wp-image-127\" \/><\/a><\/div>\n<p><br style=\"clear:both;\" \/><\/p>\n<p style=\"margin-top:40px;\"><strong>Anteriores ediciones:<\/strong><\/p>\n<p><a style=\"color:#cc0000;\" href=\"art-situacions-arcomadrid-2022\">2022<\/a><br \/>\n<a style=\"color:#cc0000;\" href=\"premio-art-situacions-arcomadrid-2020\">2020<\/a><br \/>\n<a style=\"color:#cc0000;\" href=\"premio-art-situacions-arcomadrid-2019\">2019<\/a><br \/>\n<a style=\"color:#cc0000;\" href=\"arcomadrid-2018\">2018<\/a><br \/>\n<a style=\"color:#cc0000;\" href=\"arcomadrid-2017\">2017<\/a>\n<\/div>\n<p><!--box--><\/p>\n<\/div>\n<p><!--supportby--><\/p>\n<\/div>\n<p><!--c1--><\/p>\n<div class=\"c2\">\n<div class='scroll-pane'>\n<div class=\"info\">\n<p><h4>PREMIO ART Situacions ARCOmadrid 2019<\/h4>\n<\/p>\n<p><em><\/p>\n<h5>Un proyecto que documenta las huellas de los migrantes obtiene el ART Situacions.<\/h5>\n<p><\/em><\/p>\n<p>Madrid, 28 de febrero de 2019.- El Premio ha sido para la obra PLEASE DON\u2019T PAINT THE WALL de la serie \u00c0 tous les clandestins, proyecto de Patricia G\u00f3mez y Mar\u00eda Jes\u00fas Gonz\u00e1lez que rescata y documenta las huellas que dejaron escritas migrantes africanos en diferentes centros de internamiento de Canarias. Ha obtenido el premio ART Situacions que destaca la mejor obra de arte emergente de la reci\u00e9n clausurada feria ARCO.<\/p>\n<p>El premio, que est\u00e1 dotado con 15.000 euros y cuenta con el patrocinio de Honda-Greens Power Products, S.L., se presentaba en la galer\u00eda valenciana Espaivisor y se incorporar\u00e1 a la colecci\u00f3n ART Situacions, que dirige Pilar Forcada. El comit\u00e9 de selecci\u00f3n estaba compuesto por Mar\u00eda de Corral, comisaria independiente y Nimfa Bisbe, Jefa de las colecciones de arte de la Fundaci\u00f3n Bancaria \u201cla Caixa\u201d.<\/p>\n<p>La entrega del premio ha contado tambi\u00e9n con la participaci\u00f3n de D. Carlos Urroz, Director de ARCOmadrid, D\u00f1a. Pilar Forcada, Directora de ARTSituacions, y D. Marcel Pascual, Director de Honda \u2013 Greens Power Products. <\/p>\n<p><h5>Obra ganadora<\/h5>\n<\/p>\n<p>PLEASE DON\u2019T PAINT THE WALL. CHARLIE-I. CIE El Matorral, Fuerteventura (2014)<br \/>\nPatricia G\u00f3mez &#038; Mar\u00eda Jes\u00fas Gonz\u00e1lez, Valencia, 1978<br \/>\nImpresio\u0301n de arranque de pintura de pared sobre tela 116 x 211 x 6 cm (marco)<br \/>\nPieza u\u0301nica <\/p>\n<p>\u00c0 tous les clandestins<\/p>\n<p>El proyecto trata de abordar el fen\u00f3meno contempor\u00e1neo de las migraciones, enfoc\u00e1ndose en la ruta que parte desde las costas occidentales africanas a Canarias. El objetivo del proyecto ha consistido en rescatar y documentar, por medio de la estampaci\u00f3n mural, la fotograf\u00eda y el v\u00eddeo, las huellas escritas que los hombres y mujeres en tr\u00e1nsito fueron dejando a su paso, y ser as\u00ed un homenaje a su memoria.<\/p>\n<\/div>\n<p><!--info--><\/p>\n<\/div>\n<style>.scroll-pane{width: 100%;height:800px;overflow: auto;}<\/style>\n<\/div>\n<p><!--c2--><\/p>\n<p><br style=\"clear: both;\" \/><\/p>\n<h2 class=\"hdrSection\">Im\u00e1genes<\/h2>\n<div class=\"gallery\">\n\n\t<ul id=\"slideshowgallery4543\" class=\"slideshowgallery4543\" style=\"display:none;\">\n\t\t\t\t\t<!-- From all slides or gallery slides -->\n\t\t\t\t\t\t\t\n\t\t\t\t<li>\n\t\t\t\t\t<h3 style=\"opacity:70;\">AR19_RRS_PREMIO ART SITUACIONS_012<\/h3>\n\t\t\t\t\t\t\t\t\t\t\t<span data-alt=\"ar19rrspremio-art-situacions012\">https:\/\/www.artsituacions.com\/wp-content\/uploads\/2019\/03\/ar19_rrs_premio-art-situacions_012.jpg<\/span>\n\t\t\t\t\t\t\t\t\t\t<p><\/p>\n\t\t\t\t\t\t\t\t\t\t\t\t\t\t\t\t\t\t<a><img class=\"skip-lazy\" src=\"https:\/\/www.artsituacions.com\/wp-content\/uploads\/2019\/03\/ar19_rrs_premio-art-situacions_012.jpg\" alt=\"ar19rrspremio-art-situacions012\" \/><\/a>\n\t\t\t\t\t\t\t\t\t\t\t\t\t\t\t<\/li>\n\t\t\t\t\t\t\t\n\t\t\t\t<li>\n\t\t\t\t\t<h3 style=\"opacity:70;\">Imagen oficial galeria<\/h3>\n\t\t\t\t\t\t\t\t\t\t\t<span data-alt=\"imagen-oficial-galeria\">https:\/\/www.artsituacions.com\/wp-content\/uploads\/2019\/03\/imagen-oficial-galeria.jpg<\/span>\n\t\t\t\t\t\t\t\t\t\t<p><\/p>\n\t\t\t\t\t\t\t\t\t\t\t\t\t\t\t\t\t\t<a><img class=\"skip-lazy\" src=\"https:\/\/www.artsituacions.com\/wp-content\/uploads\/2019\/03\/imagen-oficial-galeria.jpg\" alt=\"imagen-oficial-galeria\" \/><\/a>\n\t\t\t\t\t\t\t\t\t\t\t\t\t\t\t<\/li>\n\t\t\t\t\t\t<\/ul>\n\t\n\t<div id=\"slideshow-wrappergallery4543\" class=\"slideshow-wrapper\">\n\t\t\t\n\t\t<div class=\"slideshow-fullsize\" id=\"fullsizegallery4543\">\n\t\t\t\t\t\t\t\t\t\t\t\t\t\t<div id=\"imgprevgallery4543\" class=\"slideshow-imgprev imgnav\" title=\"Previous Image\">Previous Image<\/div>\n\t\t\t\t\t\t<a id=\"imglinkgallery4543\" class=\"slideshow-imglink imglink\"><!-- link --><\/a>\n\t\t\t\t\t\t\t\t\t\t\t<div id=\"imgnextgallery4543\" class=\"slideshow-imgnext imgnav\" title=\"Next Image\">Next Image<\/div>\n\t\t\t\t\t\t<div id=\"imagegallery4543\" class=\"slideshow-image\"><\/div>\n\t\t\t<div class=\"slideshow-information infobottom\" id=\"informationgallery4543\">\n\t\t\t\t<h3 class=\"slideshow-info-heading\">info heading<\/h3>\n\t\t\t\t<p class=\"slideshow-info-content\">info content<\/p>\n\t\t\t<\/div>\n\t\t<\/div>\n\t\t\n\t\t\t\t\t<div id=\"thumbnailsgallery4543\" class=\"slideshow-thumbnails thumbsbot\">\n\t\t\t\t<div class=\"slideshow-slideleft\" id=\"slideleftgallery4543\" title=\"Slide Left\"><\/div>\n\t\t\t\t<div class=\"slideshow-slidearea\" id=\"slideareagallery4543\">\n\t\t\t\t\t<div class=\"slideshow-slider\" id=\"slidergallery4543\"><\/div>\n\t\t\t\t<\/div>\n\t\t\t\t<div class=\"slideshow-slideright\" id=\"sliderightgallery4543\" title=\"Slide Right\"><\/div>\n\t\t\t\t<br style=\"clear:both; visibility:hidden; height:1px;\" \/>\n\t\t\t<\/div>\n\t\t\t<\/div>\n\t\n\t\n\t<!-- Slideshow Gallery Javascript BEG -->\t\t<script type=\"text\/javascript\">\tjQuery.noConflict();\ttid('slideshowgallery4543').style.display = \"none\";\ttid('slideshow-wrappergallery4543').style.display = 'block';\ttid('slideshow-wrappergallery4543').style.visibility = 'hidden';\tvar spinnerDiv = document.createElement('div');\tspinnerDiv.setAttribute('id', 'spinnergallery4543');\tspinnerDiv.innerHTML = '<i class=\"fa fa-cog fa-spin\"><\/i>';\tjQuery(spinnerDiv).appendTo('#fullsizegallery4543');\ttid('spinnergallery4543').style.visibility = 'visible';\tvar slideshowgallery4543 = new TINY.slideshow(\"slideshowgallery4543\");\tjQuery(document).ready(function() {\t\tslideshowgallery4543.auto = true;\t\tslideshowgallery4543.speed = 10;\t\tslideshowgallery4543.effect = \"fade\";\t\tslideshowgallery4543.slide_direction = \"lr\";\t\tslideshowgallery4543.easing = \"swing\";\t\tslideshowgallery4543.alwaysauto = true;\t\tslideshowgallery4543.autoheight = true;\t\tslideshowgallery4543.autoheight_max = false;\t\tslideshowgallery4543.imgSpeed = 10;\t\tslideshowgallery4543.navOpacity = 25;\t\tslideshowgallery4543.navHover = 70;\t\tslideshowgallery4543.letterbox = \"#000000\";\t\tslideshowgallery4543.linkclass = \"linkhover\";\t\tslideshowgallery4543.imagesid = \"imagesgallery4543\";\t\tslideshowgallery4543.info = \"informationgallery4543\";\t\tslideshowgallery4543.infoonhover = 0;\t\tslideshowgallery4543.infoSpeed = 10;\t\tslideshowgallery4543.infodelay = 0;\t\tslideshowgallery4543.infofade = 0;\t\tslideshowgallery4543.infofadedelay = 0;\t\tslideshowgallery4543.thumbs = \"slidergallery4543\";\t\tslideshowgallery4543.thumbOpacity = 70;\t\tslideshowgallery4543.left = \"slideleftgallery4543\";\t\tslideshowgallery4543.right = \"sliderightgallery4543\";\t\tslideshowgallery4543.scrollSpeed = 5;\t\tslideshowgallery4543.spacing = 5;\t\tslideshowgallery4543.active = \"#ffffff\";\t\tslideshowgallery4543.imagesthickbox = \"false\";\t\tjQuery(\"#spinnergallery4543\").remove();\t\tslideshowgallery4543.init(\"slideshowgallery4543\",\"imagegallery4543\",\"imgprevgallery4543\",\"imgnextgallery4543\",\"imglinkgallery4543\");\t\ttid('slideshow-wrappergallery4543').style.visibility = 'visible';\t\tjQuery(window).trigger('resize');\t\t\t\t\t});\t\t\t<\/script>\t\t<!-- Slideshow Gallery Javascript END --><!-- Slideshow Gallery CSS BEG --><style id=\"style-gallery4543\">\t\tul.slideshowgallery4543 { list-style:none !important; color:#fff; }\n\t\tul.slideshowgallery4543 span { display:none; }\n\t\t#slideshow-wrappergallery4543 { overflow: hidden; position:relative; width:100%; background:#020202; padding:0 0 0 0; border:; margin:0; display:none; }\n\t\t#slideshow-wrappergallery4543 * { margin:0; padding:0; }\n\t\t#slideshow-wrappergallery4543 #fullsizegallery4543 { position:relative; z-index:1; overflow:hidden; width:100%; height:460px; clear:both; border: none; }\n\t\t#slideshow-wrappergallery4543 #informationgallery4543 { text-align:left; font-family:Verdana, Arial, Helvetica, sans-serif !important; position:absolute; width:100%; height:0; background:#000000; color:#ffffff; overflow:hidden; z-index:300; opacity:.7; filter:alpha(opacity=70); }\n\t\t#slideshow-wrappergallery4543 #informationgallery4543 h3 { color:#ffffff; padding:4px 8px 3px; margin:0 !important; font-size:16px; font-weight:bold; }\n\t\t#slideshow-wrappergallery4543 #informationgallery4543 a { color:#ffffff; }\n\t\t#slideshow-wrappergallery4543 #informationgallery4543 p { color:#ffffff; padding:0 8px 8px; margin:0 !important; font-size: 14px; font-weight:normal; }\n\t\t#slideshow-wrappergallery4543 .infotop { margin-bottom:8px !important; top:0!important; }\n\t\t#slideshow-wrappergallery4543 .infobottom { margin-top:8px !important; bottom:0!important; }\n\t\t\t\t\t#slideshow-wrappergallery4543 #imagegallery4543 { width:100%; }\n\t\t\t#slideshow-wrappergallery4543 #imagegallery4543 img { border:none; border-radius:0; box-shadow:none; position:absolute; left:0%; right:0%; max-height:100%; max-width:100%; margin:0 auto; display:block; }\n\t\t\t\t#slideshow-wrappergallery4543 .imgnav { position:absolute; width:25%; height:100%; cursor:pointer; z-index:250; }\n\t\t#slideshow-wrappergallery4543 #imgprevgallery4543:before { font-family:FontAwesome; content:\"\\f053\"; font-size:30px; color:white; visibility:visible; left:0; text-align:left; width: auto; height:auto; line-height:160%; top:50%; margin:-30px 0 0 0; border-radius:0 10px 10px 0; background:black; padding:3px 10px 0 10px; position: absolute; display: inline-block; \t}\n\t\t#slideshow-wrappergallery4543 #imgprevgallery4543 { display:none; -moz-user-select: none; -khtml-user-select: none; -webkit-user-select: none; -o-user-select: none; left:0; font-size:0px; }\n\t\t#slideshow-wrappergallery4543 #imgnextgallery4543:before { font-family:FontAwesome; content:\"\\f054\"; font-size:30px; color:white; visibility:visible; right:0; text-align:right; width: auto; height:auto; line-height:160%; top:50%; margin:-30px 0 0 0; border-radius:10px 0 0 10px; background:black; padding:3px 10px 0 10px; position: absolute; display: inline-block; }\n\t\t#slideshow-wrappergallery4543 #imgnextgallery4543 { display:none; -moz-user-select: none; -khtml-user-select: none; -webkit-user-select: none; -o-user-select: none; right:0; font-size:0px; }\n\t\t#slideshow-wrappergallery4543 #imglinkgallery4543 { position:absolute; zoom:1; background-color:#ffffff; height:100%; width:100%; left:0; z-index:149; opacity:0; filter:alpha(opacity=0); }\n\t\t#slideshow-wrappergallery4543 .linkhover:before { font-family:FontAwesome; content:\"\\f14c\"; font-size:30px; text-align:center; height:auto; line-height:160%; width:auto; top:50%; left:auto; right:auto; margin:-30px 0 0 0; padding:0px 12px; display: inline-block; position: relative; background:black; color:white; border-radius:10px; }\n\t\t#slideshow-wrappergallery4543 .linkhover { background:transparent !important; opacity:.4 !important; filter:alpha(opacity=40) !important; text-align:center; font-size:0px; }\n\t\t#slideshow-wrappergallery4543 #thumbnailsgallery4543 { background:#020202; height:89px; width:100%; position:relative; overflow:hidden; }\n\t\t#slideshow-wrappergallery4543 .thumbstop { margin-bottom:8px !important; }\n\t\t#slideshow-wrappergallery4543 .thumbsbot { margin-top:8px !important; }\n\t\t#slideshow-wrappergallery4543 #slideleftgallery4543:before { font-family:FontAwesome; content: \"\\f104\"; color:#999; position: absolute; height: auto; line-height:160%; width: auto; display: inline-block; top: 50%; font-size: 30px; margin: -30px 0 0 0; padding: 0 5px; }\n\t\t#slideshow-wrappergallery4543 #slideleftgallery4543 { text-align:left; float:left; position:absolute; left:0; z-index:150; width:20px; height:89px; background:#222; }\n\t\t#slideshow-wrappergallery4543 #slideleftgallery4543:hover { background-color:#333; }\n\t\t#slideshow-wrappergallery4543 #sliderightgallery4543:before { font-family:FontAwesome; content: \"\\f105\"; color:#999; position: absolute; height: auto; line-height:160%; width: auto; display: inline-block; top: 50%; font-size: 30px; margin: -30px 0 0 0; padding: 0 5px; }\n\t\t#slideshow-wrappergallery4543 #sliderightgallery4543 { text-align:left; float:right; position:absolute; right:0; z-index:150; width:20px; height:89px; background:#222; }\n\t\t#slideshow-wrappergallery4543 #sliderightgallery4543:hover { background-color:#333; }\n\t\t#slideshow-wrappergallery4543 #slideareagallery4543 { float:left; position:absolute; z-index:149; background:#020202; width:100%; margin:0; height:89px; overflow:hidden; }\n\t\t#slideshow-wrappergallery4543 #slidergallery4543 { position:absolute; width:282px !important; left:0; height:89px; padding:3px 20px 0 25px; }\n\t\t#slideshow-wrappergallery4543 #slidergallery4543 img { width:100px; height:75px; cursor:pointer; border:1px solid #666; padding:2px; float:left !important; }\n\t\t#slideshow-wrappergallery4543 #spinnergallery4543 { position:relative; top:50%; left:45%; text-align:left; font-size:30px; }\n\t\t#slideshow-wrappergallery4543 #spinnergallery4543 img { border:none; }\n\t\n\t\t\t\t@media (max-width:480px) { \t.slideshow-information { display: none !important; } }\n\t\t\t\t\t\t@media (max-width:480px) { \t.slideshow-thumbnails { display: none !important; } }\n\t\t\t<\/style><!-- Slideshow Gallery CSS END --><\/p>\n<p><br style=\"clear: both;\" \/><br style=\"clear: both;\" \/><\/p><\/div>\n<\/p><\/div>\n<\/div>\n<p><!--exhibitioninfo--><\/p>\n","protected":false},"excerpt":{"rendered":"<p>Press Clipping Directora ArtSituacions: Pilar Forcada Patrocinio: Marcel Pascual Anteriores ediciones: 2022 2020 2019 2018 2017 PREMIO ART Situacions ARCOmadrid 2019 Un proyecto que documenta las huellas de los migrantes obtiene el ART Situacions. Madrid, 28 de febrero de 2019.-<span class=\"ellipsis\">&hellip;<\/span><\/p>\n<div class=\"read-more\"><a href=\"https:\/\/www.artsituacions.com\/es\/premio-art-situacions-arcomadrid-2019\/\">Leer m\u00e1s \u203a<\/a><\/div>\n<p><!-- end of .read-more --><\/p>\n","protected":false},"author":1,"featured_media":0,"parent":0,"menu_order":0,"comment_status":"closed","ping_status":"closed","template":"","meta":[],"yoast_head":"<!-- This site is optimized with the Yoast SEO plugin v17.8 - https:\/\/yoast.com\/wordpress\/plugins\/seo\/ -->\n<meta name=\"robots\" content=\"index, follow, max-snippet:-1, max-image-preview:large, max-video-preview:-1\" \/>\n<link rel=\"canonical\" href=\"https:\/\/www.artsituacions.com\/en\/premio-art-situacions-arcomadrid-2019\/\" \/>\n<meta property=\"og:locale\" content=\"es_ES\" \/>\n<meta property=\"og:type\" content=\"article\" \/>\n<meta property=\"og:title\" content=\"Premio ART Situacions ARCOmadrid 2019\" \/>\n<meta property=\"og:description\" content=\"Press Clipping Directora ArtSituacions: Pilar Forcada Patrocinio: Marcel Pascual Anteriores ediciones: 2022 2020 2019 2018 2017 PREMIO ART Situacions ARCOmadrid 2019 Un proyecto que documenta las huellas de los migrantes obtiene el ART Situacions. Madrid, 28 de febrero de 2019.-&hellip;Leer m\u00e1s \u203a\" \/>\n<meta property=\"og:url\" content=\"https:\/\/www.artsituacions.com\/es\/premio-art-situacions-arcomadrid-2019\/\" \/>\n<meta property=\"og:site_name\" content=\"Artsituacions\" \/>\n<meta property=\"article:modified_time\" content=\"2023-05-31T10:21:56+00:00\" \/>\n<meta property=\"og:image\" content=\"http:\/\/www.artsituacions.com\/wp-content\/uploads\/2017\/02\/logo_arco_madrid.jpg\" \/>\n<meta name=\"twitter:card\" content=\"summary_large_image\" \/>\n<meta name=\"twitter:label1\" content=\"Tiempo de lectura\" \/>\n\t<meta name=\"twitter:data1\" content=\"6 minutos\" \/>\n<script type=\"application\/ld+json\" class=\"yoast-schema-graph\">{\"@context\":\"https:\/\/schema.org\",\"@graph\":[{\"@type\":\"WebSite\",\"@id\":\"https:\/\/www.artsituacions.com\/es\/#website\",\"url\":\"https:\/\/www.artsituacions.com\/es\/\",\"name\":\"Artsituacions\",\"description\":\"\",\"potentialAction\":[{\"@type\":\"SearchAction\",\"target\":{\"@type\":\"EntryPoint\",\"urlTemplate\":\"https:\/\/www.artsituacions.com\/es\/?s={search_term_string}\"},\"query-input\":\"required name=search_term_string\"}],\"inLanguage\":\"es-ES\"},{\"@type\":\"ImageObject\",\"@id\":\"https:\/\/www.artsituacions.com\/en\/premio-art-situacions-arcomadrid-2019\/#primaryimage\",\"inLanguage\":\"es-ES\",\"url\":\"http:\/\/www.artsituacions.com\/wp-content\/uploads\/2017\/02\/logo_arco_madrid.jpg\",\"contentUrl\":\"http:\/\/www.artsituacions.com\/wp-content\/uploads\/2017\/02\/logo_arco_madrid.jpg\"},{\"@type\":\"WebPage\",\"@id\":\"https:\/\/www.artsituacions.com\/en\/premio-art-situacions-arcomadrid-2019\/#webpage\",\"url\":\"https:\/\/www.artsituacions.com\/en\/premio-art-situacions-arcomadrid-2019\/\",\"name\":\"[:es]Premio ART Situacions ARCOmadrid 2019[:ca]Premi ART Situacions ARCOmadrid 2019[:en]ART Situacions ARCOmadrid 2019[:it]Premio ART Situacions ARCOmadrid 2019[:] - Artsituacions\",\"isPartOf\":{\"@id\":\"https:\/\/www.artsituacions.com\/es\/#website\"},\"primaryImageOfPage\":{\"@id\":\"https:\/\/www.artsituacions.com\/en\/premio-art-situacions-arcomadrid-2019\/#primaryimage\"},\"datePublished\":\"2019-01-21T18:43:21+00:00\",\"dateModified\":\"2023-05-31T10:21:56+00:00\",\"breadcrumb\":{\"@id\":\"https:\/\/www.artsituacions.com\/en\/premio-art-situacions-arcomadrid-2019\/#breadcrumb\"},\"inLanguage\":\"es-ES\",\"potentialAction\":[{\"@type\":\"ReadAction\",\"target\":[\"https:\/\/www.artsituacions.com\/en\/premio-art-situacions-arcomadrid-2019\/\"]}]},{\"@type\":\"BreadcrumbList\",\"@id\":\"https:\/\/www.artsituacions.com\/en\/premio-art-situacions-arcomadrid-2019\/#breadcrumb\",\"itemListElement\":[{\"@type\":\"ListItem\",\"position\":1,\"name\":\"Home\",\"item\":\"https:\/\/www.artsituacions.com\/es\/\"},{\"@type\":\"ListItem\",\"position\":2,\"name\":\"ART Situacions ARCOmadrid 2019\"}]}]}<\/script>\n<!-- \/ Yoast SEO plugin. -->","yoast_head_json":{"robots":{"index":"index","follow":"follow","max-snippet":"max-snippet:-1","max-image-preview":"max-image-preview:large","max-video-preview":"max-video-preview:-1"},"canonical":"https:\/\/www.artsituacions.com\/en\/premio-art-situacions-arcomadrid-2019\/","og_locale":"es_ES","og_type":"article","og_title":"[:es]Premio ART Situacions ARCOmadrid 2019[:ca]Premi ART Situacions ARCOmadrid 2019[:en]ART Situacions ARCOmadrid 2019[:it]Premio ART Situacions ARCOmadrid 2019[:] - Artsituacions","og_description":"Press Clipping Directora ArtSituacions: Pilar Forcada Patrocinio: Marcel Pascual Anteriores ediciones: 2022 2020 2019 2018 2017 PREMIO ART Situacions ARCOmadrid 2019 Un proyecto que documenta las huellas de los migrantes obtiene el ART Situacions. Madrid, 28 de febrero de 2019.-&hellip;Leer m\u00e1s \u203a","og_url":"https:\/\/www.artsituacions.com\/es\/premio-art-situacions-arcomadrid-2019\/","og_site_name":"Artsituacions","article_modified_time":"2023-05-31T10:21:56+00:00","og_image":[{"url":"http:\/\/www.artsituacions.com\/wp-content\/uploads\/2017\/02\/logo_arco_madrid.jpg"}],"twitter_card":"summary_large_image","twitter_misc":{"Tiempo de lectura":"6 minutos"},"schema":{"@context":"https:\/\/schema.org","@graph":[{"@type":"WebSite","@id":"https:\/\/www.artsituacions.com\/es\/#website","url":"https:\/\/www.artsituacions.com\/es\/","name":"Artsituacions","description":"","potentialAction":[{"@type":"SearchAction","target":{"@type":"EntryPoint","urlTemplate":"https:\/\/www.artsituacions.com\/es\/?s={search_term_string}"},"query-input":"required name=search_term_string"}],"inLanguage":"es-ES"},{"@type":"ImageObject","@id":"https:\/\/www.artsituacions.com\/en\/premio-art-situacions-arcomadrid-2019\/#primaryimage","inLanguage":"es-ES","url":"http:\/\/www.artsituacions.com\/wp-content\/uploads\/2017\/02\/logo_arco_madrid.jpg","contentUrl":"http:\/\/www.artsituacions.com\/wp-content\/uploads\/2017\/02\/logo_arco_madrid.jpg"},{"@type":"WebPage","@id":"https:\/\/www.artsituacions.com\/en\/premio-art-situacions-arcomadrid-2019\/#webpage","url":"https:\/\/www.artsituacions.com\/en\/premio-art-situacions-arcomadrid-2019\/","name":"[:es]Premio ART Situacions ARCOmadrid 2019[:ca]Premi ART Situacions ARCOmadrid 2019[:en]ART Situacions ARCOmadrid 2019[:it]Premio ART Situacions ARCOmadrid 2019[:] - Artsituacions","isPartOf":{"@id":"https:\/\/www.artsituacions.com\/es\/#website"},"primaryImageOfPage":{"@id":"https:\/\/www.artsituacions.com\/en\/premio-art-situacions-arcomadrid-2019\/#primaryimage"},"datePublished":"2019-01-21T18:43:21+00:00","dateModified":"2023-05-31T10:21:56+00:00","breadcrumb":{"@id":"https:\/\/www.artsituacions.com\/en\/premio-art-situacions-arcomadrid-2019\/#breadcrumb"},"inLanguage":"es-ES","potentialAction":[{"@type":"ReadAction","target":["https:\/\/www.artsituacions.com\/en\/premio-art-situacions-arcomadrid-2019\/"]}]},{"@type":"BreadcrumbList","@id":"https:\/\/www.artsituacions.com\/en\/premio-art-situacions-arcomadrid-2019\/#breadcrumb","itemListElement":[{"@type":"ListItem","position":1,"name":"Home","item":"https:\/\/www.artsituacions.com\/es\/"},{"@type":"ListItem","position":2,"name":"ART Situacions ARCOmadrid 2019"}]}]}},"AFP_featured_media_urls":{"full":false,"thumbnail":false,"medium":false,"medium_large":false,"large":false},"AFP_attachments":[],"AFP_videos":[],"AFP_video_blocks":"","AFP_category_names":[],"_links":{"self":[{"href":"https:\/\/www.artsituacions.com\/es\/wp-json\/wp\/v2\/pages\/1586"}],"collection":[{"href":"https:\/\/www.artsituacions.com\/es\/wp-json\/wp\/v2\/pages"}],"about":[{"href":"https:\/\/www.artsituacions.com\/es\/wp-json\/wp\/v2\/types\/page"}],"author":[{"embeddable":true,"href":"https:\/\/www.artsituacions.com\/es\/wp-json\/wp\/v2\/users\/1"}],"replies":[{"embeddable":true,"href":"https:\/\/www.artsituacions.com\/es\/wp-json\/wp\/v2\/comments?post=1586"}],"version-history":[{"count":40,"href":"https:\/\/www.artsituacions.com\/es\/wp-json\/wp\/v2\/pages\/1586\/revisions"}],"predecessor-version":[{"id":2785,"href":"https:\/\/www.artsituacions.com\/es\/wp-json\/wp\/v2\/pages\/1586\/revisions\/2785"}],"wp:attachment":[{"href":"https:\/\/www.artsituacions.com\/es\/wp-json\/wp\/v2\/media?parent=1586"}],"curies":[{"name":"wp","href":"https:\/\/api.w.org\/{rel}","templated":true}]}}