{"id":1624,"date":"2020-02-06T16:38:31","date_gmt":"2020-02-06T16:38:31","guid":{"rendered":"http:\/\/www.artsituacions.com\/?page_id=1624"},"modified":"2023-05-31T10:23:19","modified_gmt":"2023-05-31T10:23:19","slug":"premio-art-situacions-arcomadrid-2020","status":"publish","type":"page","link":"https:\/\/www.artsituacions.com\/es\/premio-art-situacions-arcomadrid-2020\/","title":{"rendered":"Premio ART Situacions ARCOmadrid 2020"},"content":{"rendered":"<div style=\"margin-top:20px; \" class=\"exhibitionInfo\">\n<div class=\"c1\"><img decoding=\"async\" class=\"alignnone size-full wp-image-46\" src=\"http:\/\/www.artsituacions.com\/wp-content\/uploads\/2017\/02\/logo_arco_madrid.jpg\" alt=\"ARCOmadrid 2019\" height=\"300\" \/><br \/>\n<a style=\"color: #cc0000; margin-top: 10px; display: block;\" href=\"art-situacions-en-los-medios\/?event=2020-arco\">Press Clipping<\/a><\/p>\n<div class=\"supportBy\" style=\"margin-top:5px;\">\n<strong>Directora ArtSituacions:<\/strong><br \/>\nPilar Forcada <\/p>\n<p><strong>Patrocinio:<\/strong><br \/>\nMarcel Pascual <\/p>\n<div class=\"box\">\n<div class=\"item\"><a href=\"https:\/\/www.hondaencasa.com\/\" target=\"_blank\" rel=\"noopener\"><img decoding=\"async\" loading=\"lazy\" src=\"\/wp-content\/uploads\/2014\/10\/honda-the-power-of-dreams-300x144.jpg\" alt=\"honda-the-power-of-dreams\" width=\"100\" height=\"48\" class=\"alignnone size-thumbnail wp-image-127\" \/><\/a><\/div>\n<div class=\"item\"><a href=\"https:\/\/www.hondaencasa.com\/\" target=\"_blank\" rel=\"noopener\"><img decoding=\"async\" loading=\"lazy\" src=\"\/wp-content\/uploads\/2015\/09\/greens.jpg\" alt=\"greens\" width=\"100\" height=\"48\" class=\"alignnone size-thumbnail wp-image-127\" \/><\/a><\/div>\n<p><br style=\"clear:both;\" \/><\/p>\n<p style=\"margin-top:40px;\"><strong>Anteriores ediciones:<\/strong><\/p>\n<p><a style=\"color:#cc0000;\" href=\"art-situacions-arcomadrid-2022\">2022<\/a><br \/>\n<a style=\"color:#cc0000;\" href=\"premio-art-situacions-arcomadrid-2020\">2020<\/a><br \/>\n<a style=\"color:#cc0000;\" href=\"premio-art-situacions-arcomadrid-2019\">2019<\/a><br \/>\n<a style=\"color:#cc0000;\" href=\"arcomadrid-2018\">2018<\/a><br \/>\n<a style=\"color:#cc0000;\" href=\"arcomadrid-2017\">2017<\/a>\n<\/div>\n<p><!--box--><\/p>\n<\/div>\n<p><!--supportby--><\/p>\n<\/div>\n<p><!--c1--><\/p>\n<div class=\"c2\">\n<div class='scroll-pane'>\n<div class=\"info\">\n<p><h4 style=\"margin-top: 60px;\">Se entrega el PREMIO ART Situacions ARCOmadrid 2020<\/h4>\n<\/p>\n<p><em><\/p>\n<h5>Patrocinado por Honda \u2013 Greens Power Products premia la mejor obra de arte emergente en ARCOmadrid 2020<\/h5>\n<p><\/em><\/p>\n<p>Madrid, 28 de febrero de 2020.- En su cuarta convocatoria en ARCOMadrid, ART Situacions apoya la creaci\u00f3n art\u00edstica contempor\u00e1nea emergente internacional.<\/p>\n<p>El premio, dotado con 15.000\u20ac, ha sido entregado en la Sala 39 de ARCOmadrid a la obra Land Grabbing, de Asunci\u00f3n Molinos Gordo, representada por la Galer\u00eda Traves\u00eda Cuatro, de Madrid. <\/p>\n<p>Ha sido escogida por el comit\u00e9 de profesionales compuesto por D\u00f1a. Lorena M. de Corral, historiadora del arte y comisaria independiente, y D\u00f1a. Chus Mart\u00ednez, curadora de arte, historiadora y escritora. La entrega del premio ha contado tambi\u00e9n con la participaci\u00f3n de D\u00f1a. Maribel L\u00f3pez, Directora de ARCOmadrid, D\u00f1a. Pilar Forcada, Directora de ART Situacions, y D. Marcel Pascual, Director de Honda \u2013 Greens Power Products. La obra ganadora se incorporar\u00e1 a la colecci\u00f3n de ART Situacions. <\/p>\n<p><strong>Sobre la obra ganadora:<\/strong><br \/>\n<em>Land Grabbing<br \/>\n2019<br \/>\nAlgod\u00f3n egipcio cosido a mano<br \/>\n150 x 150<\/em><\/p>\n<p>La obra Land Grabbing fue concebida como parte de la exposici\u00f3n &#8216;Accumulation by Disposession&#8217; de Asunci\u00f3n Molinos en la Delfina Foundation (Londres), en marzo-junio de 2019. <\/p>\n<p>Una vista de p\u00e1jaro de Egipto nos revela una geometr\u00eda parlante, que nos habla tanto de las condiciones econ\u00f3micas y productivas de peque\u00f1os campesinos, como de la agroindustria y del gobierno central. Esta obra propone una reflexi\u00f3n sobre c\u00f3mo las geometr\u00edas de estos dos modos de agricultura evidencian la disputa por los recursos naturales y econ\u00f3micos.<\/p>\n<p>Se trata finalmente de una representaci\u00f3n visual de c\u00f3mo el sistema alimentario actual ha llevado a la mercantilizaci\u00f3n de los alimentos b\u00e1sicos en un proceso de financiarizaci\u00f3n de la tierra, el trabajo y los medios de producci\u00f3n, dejando a un gran n\u00famero de la poblaci\u00f3n al borde de la inanici\u00f3n.<\/p>\n<p>Asunci\u00f3n Molinos Gordo es una artista conceptual e investigadora cultural espa\u00f1ola. Su obra se centra en el estudio de las culturas rurales y campesinas desde una perspectiva internacional. Trabaja desde una perspectiva influida fuertemente por disciplinas como la antropolog\u00eda, la sociolog\u00eda y los estudios culturales. Ha producido obra que reflexiona sobre el uso de la tierra, la arquitectura n\u00f3mada, las huelgas de los campesinos, la burocracia sobre el territorio, la transformaci\u00f3n del trabajo rural, la biotecnolog\u00eda y el comercio internacional de alimentos.<\/p>\n<p>Vive y trabaja entre Espa\u00f1a y Egipto.<\/p>\n<\/div>\n<p><!--info--><\/p>\n<\/div>\n<style>.scroll-pane{width: 100%;height:auto;overflow: auto;}<\/style>\n<\/div>\n<p><!--c2--><br \/>\n<br style=\"clear: both;\" \/><\/p>\n<h2 class=\"hdrSection\">Im\u00e1genes<\/h2>\n<div class=\"gallery\">\n\n\t<ul id=\"slideshowgallery46598\" class=\"slideshowgallery46598\" style=\"display:none;\">\n\t\t\t\t\t<!-- From all slides or gallery slides -->\n\t\t\t\t\t\t\t\n\t\t\t\t<li>\n\t\t\t\t\t<h3 style=\"opacity:70;\">_CR_0885<\/h3>\n\t\t\t\t\t\t\t\t\t\t\t<span data-alt=\"cr0885\">https:\/\/www.artsituacions.com\/wp-content\/uploads\/2020\/02\/cr_0885.jpg<\/span>\n\t\t\t\t\t\t\t\t\t\t<p><\/p>\n\t\t\t\t\t\t\t\t\t\t\t\t\t\t\t\t\t\t<a><img class=\"skip-lazy\" src=\"https:\/\/www.artsituacions.com\/wp-content\/uploads\/2020\/02\/cr_0885.jpg\" alt=\"cr0885\" \/><\/a>\n\t\t\t\t\t\t\t\t\t\t\t\t\t\t\t<\/li>\n\t\t\t\t\t\t\t\n\t\t\t\t<li>\n\t\t\t\t\t<h3 style=\"opacity:70;\">_CR_0839<\/h3>\n\t\t\t\t\t\t\t\t\t\t\t<span data-alt=\"cr0839\">https:\/\/www.artsituacions.com\/wp-content\/uploads\/2020\/02\/cr_0839.jpg<\/span>\n\t\t\t\t\t\t\t\t\t\t<p><\/p>\n\t\t\t\t\t\t\t\t\t\t\t\t\t\t\t\t\t\t<a><img class=\"skip-lazy\" src=\"https:\/\/www.artsituacions.com\/wp-content\/uploads\/2020\/02\/cr_0839.jpg\" alt=\"cr0839\" \/><\/a>\n\t\t\t\t\t\t\t\t\t\t\t\t\t\t\t<\/li>\n\t\t\t\t\t\t\t\n\t\t\t\t<li>\n\t\t\t\t\t<h3 style=\"opacity:70;\">_CR_0873<\/h3>\n\t\t\t\t\t\t\t\t\t\t\t<span data-alt=\"cr0873\">https:\/\/www.artsituacions.com\/wp-content\/uploads\/2020\/02\/cr_0873.jpg<\/span>\n\t\t\t\t\t\t\t\t\t\t<p><\/p>\n\t\t\t\t\t\t\t\t\t\t\t\t\t\t\t\t\t\t<a><img class=\"skip-lazy\" src=\"https:\/\/www.artsituacions.com\/wp-content\/uploads\/2020\/02\/cr_0873.jpg\" alt=\"cr0873\" \/><\/a>\n\t\t\t\t\t\t\t\t\t\t\t\t\t\t\t<\/li>\n\t\t\t\t\t\t\t\n\t\t\t\t<li>\n\t\t\t\t\t<h3 style=\"opacity:70;\">_CR_0841<\/h3>\n\t\t\t\t\t\t\t\t\t\t\t<span data-alt=\"cr0841\">https:\/\/www.artsituacions.com\/wp-content\/uploads\/2020\/02\/cr_0841.jpg<\/span>\n\t\t\t\t\t\t\t\t\t\t<p><\/p>\n\t\t\t\t\t\t\t\t\t\t\t\t\t\t\t\t\t\t<a><img class=\"skip-lazy\" src=\"https:\/\/www.artsituacions.com\/wp-content\/uploads\/2020\/02\/cr_0841.jpg\" alt=\"cr0841\" \/><\/a>\n\t\t\t\t\t\t\t\t\t\t\t\t\t\t\t<\/li>\n\t\t\t\t\t\t<\/ul>\n\t\n\t<div id=\"slideshow-wrappergallery46598\" class=\"slideshow-wrapper\">\n\t\t\t\n\t\t<div class=\"slideshow-fullsize\" id=\"fullsizegallery46598\">\n\t\t\t\t\t\t\t\t\t\t\t\t\t\t<div id=\"imgprevgallery46598\" class=\"slideshow-imgprev imgnav\" title=\"Previous Image\">Previous Image<\/div>\n\t\t\t\t\t\t<a id=\"imglinkgallery46598\" class=\"slideshow-imglink imglink\"><!-- link --><\/a>\n\t\t\t\t\t\t\t\t\t\t\t<div id=\"imgnextgallery46598\" class=\"slideshow-imgnext imgnav\" title=\"Next Image\">Next Image<\/div>\n\t\t\t\t\t\t<div id=\"imagegallery46598\" class=\"slideshow-image\"><\/div>\n\t\t\t<div class=\"slideshow-information infobottom\" id=\"informationgallery46598\">\n\t\t\t\t<h3 class=\"slideshow-info-heading\">info heading<\/h3>\n\t\t\t\t<p class=\"slideshow-info-content\">info content<\/p>\n\t\t\t<\/div>\n\t\t<\/div>\n\t\t\n\t\t\t\t\t<div id=\"thumbnailsgallery46598\" class=\"slideshow-thumbnails thumbsbot\">\n\t\t\t\t<div class=\"slideshow-slideleft\" id=\"slideleftgallery46598\" title=\"Slide Left\"><\/div>\n\t\t\t\t<div class=\"slideshow-slidearea\" id=\"slideareagallery46598\">\n\t\t\t\t\t<div class=\"slideshow-slider\" id=\"slidergallery46598\"><\/div>\n\t\t\t\t<\/div>\n\t\t\t\t<div class=\"slideshow-slideright\" id=\"sliderightgallery46598\" title=\"Slide Right\"><\/div>\n\t\t\t\t<br style=\"clear:both; visibility:hidden; height:1px;\" \/>\n\t\t\t<\/div>\n\t\t\t<\/div>\n\t\n\t\n\t<!-- Slideshow Gallery Javascript BEG -->\t\t<script type=\"text\/javascript\">\tjQuery.noConflict();\ttid('slideshowgallery46598').style.display = \"none\";\ttid('slideshow-wrappergallery46598').style.display = 'block';\ttid('slideshow-wrappergallery46598').style.visibility = 'hidden';\tvar spinnerDiv = document.createElement('div');\tspinnerDiv.setAttribute('id', 'spinnergallery46598');\tspinnerDiv.innerHTML = '<i class=\"fa fa-cog fa-spin\"><\/i>';\tjQuery(spinnerDiv).appendTo('#fullsizegallery46598');\ttid('spinnergallery46598').style.visibility = 'visible';\tvar slideshowgallery46598 = new TINY.slideshow(\"slideshowgallery46598\");\tjQuery(document).ready(function() {\t\tslideshowgallery46598.auto = true;\t\tslideshowgallery46598.speed = 10;\t\tslideshowgallery46598.effect = \"fade\";\t\tslideshowgallery46598.slide_direction = \"lr\";\t\tslideshowgallery46598.easing = \"swing\";\t\tslideshowgallery46598.alwaysauto = true;\t\tslideshowgallery46598.autoheight = true;\t\tslideshowgallery46598.autoheight_max = false;\t\tslideshowgallery46598.imgSpeed = 10;\t\tslideshowgallery46598.navOpacity = 25;\t\tslideshowgallery46598.navHover = 70;\t\tslideshowgallery46598.letterbox = \"#000000\";\t\tslideshowgallery46598.linkclass = \"linkhover\";\t\tslideshowgallery46598.imagesid = \"imagesgallery46598\";\t\tslideshowgallery46598.info = \"informationgallery46598\";\t\tslideshowgallery46598.infoonhover = 0;\t\tslideshowgallery46598.infoSpeed = 10;\t\tslideshowgallery46598.infodelay = 0;\t\tslideshowgallery46598.infofade = 0;\t\tslideshowgallery46598.infofadedelay = 0;\t\tslideshowgallery46598.thumbs = \"slidergallery46598\";\t\tslideshowgallery46598.thumbOpacity = 70;\t\tslideshowgallery46598.left = \"slideleftgallery46598\";\t\tslideshowgallery46598.right = \"sliderightgallery46598\";\t\tslideshowgallery46598.scrollSpeed = 5;\t\tslideshowgallery46598.spacing = 5;\t\tslideshowgallery46598.active = \"#ffffff\";\t\tslideshowgallery46598.imagesthickbox = \"false\";\t\tjQuery(\"#spinnergallery46598\").remove();\t\tslideshowgallery46598.init(\"slideshowgallery46598\",\"imagegallery46598\",\"imgprevgallery46598\",\"imgnextgallery46598\",\"imglinkgallery46598\");\t\ttid('slideshow-wrappergallery46598').style.visibility = 'visible';\t\tjQuery(window).trigger('resize');\t\t\t\t\t});\t\t\t<\/script>\t\t<!-- Slideshow Gallery Javascript END --><!-- Slideshow Gallery CSS BEG --><style id=\"style-gallery46598\">\t\tul.slideshowgallery46598 { list-style:none !important; color:#fff; }\n\t\tul.slideshowgallery46598 span { display:none; }\n\t\t#slideshow-wrappergallery46598 { overflow: hidden; position:relative; width:100%; background:#020202; padding:0 0 0 0; border:; margin:0; display:none; }\n\t\t#slideshow-wrappergallery46598 * { margin:0; padding:0; }\n\t\t#slideshow-wrappergallery46598 #fullsizegallery46598 { position:relative; z-index:1; overflow:hidden; width:100%; height:460px; clear:both; border: none; }\n\t\t#slideshow-wrappergallery46598 #informationgallery46598 { text-align:left; font-family:Verdana, Arial, Helvetica, sans-serif !important; position:absolute; width:100%; height:0; background:#000000; color:#ffffff; overflow:hidden; z-index:300; opacity:.7; filter:alpha(opacity=70); }\n\t\t#slideshow-wrappergallery46598 #informationgallery46598 h3 { color:#ffffff; padding:4px 8px 3px; margin:0 !important; font-size:16px; font-weight:bold; }\n\t\t#slideshow-wrappergallery46598 #informationgallery46598 a { color:#ffffff; }\n\t\t#slideshow-wrappergallery46598 #informationgallery46598 p { color:#ffffff; padding:0 8px 8px; margin:0 !important; font-size: 14px; font-weight:normal; }\n\t\t#slideshow-wrappergallery46598 .infotop { margin-bottom:8px !important; top:0!important; }\n\t\t#slideshow-wrappergallery46598 .infobottom { margin-top:8px !important; bottom:0!important; }\n\t\t\t\t\t#slideshow-wrappergallery46598 #imagegallery46598 { width:100%; }\n\t\t\t#slideshow-wrappergallery46598 #imagegallery46598 img { border:none; border-radius:0; box-shadow:none; position:absolute; left:0%; right:0%; max-height:100%; max-width:100%; margin:0 auto; display:block; }\n\t\t\t\t#slideshow-wrappergallery46598 .imgnav { position:absolute; width:25%; height:100%; cursor:pointer; z-index:250; }\n\t\t#slideshow-wrappergallery46598 #imgprevgallery46598:before { font-family:FontAwesome; content:\"\\f053\"; font-size:30px; color:white; visibility:visible; left:0; text-align:left; width: auto; height:auto; line-height:160%; top:50%; margin:-30px 0 0 0; border-radius:0 10px 10px 0; background:black; padding:3px 10px 0 10px; position: absolute; display: inline-block; \t}\n\t\t#slideshow-wrappergallery46598 #imgprevgallery46598 { display:none; -moz-user-select: none; -khtml-user-select: none; -webkit-user-select: none; -o-user-select: none; left:0; font-size:0px; }\n\t\t#slideshow-wrappergallery46598 #imgnextgallery46598:before { font-family:FontAwesome; content:\"\\f054\"; font-size:30px; color:white; visibility:visible; right:0; text-align:right; width: auto; height:auto; line-height:160%; top:50%; margin:-30px 0 0 0; border-radius:10px 0 0 10px; background:black; padding:3px 10px 0 10px; position: absolute; display: inline-block; }\n\t\t#slideshow-wrappergallery46598 #imgnextgallery46598 { display:none; -moz-user-select: none; -khtml-user-select: none; -webkit-user-select: none; -o-user-select: none; right:0; font-size:0px; }\n\t\t#slideshow-wrappergallery46598 #imglinkgallery46598 { position:absolute; zoom:1; background-color:#ffffff; height:100%; width:100%; left:0; z-index:149; opacity:0; filter:alpha(opacity=0); }\n\t\t#slideshow-wrappergallery46598 .linkhover:before { font-family:FontAwesome; content:\"\\f14c\"; font-size:30px; text-align:center; height:auto; line-height:160%; width:auto; top:50%; left:auto; right:auto; margin:-30px 0 0 0; padding:0px 12px; display: inline-block; position: relative; background:black; color:white; border-radius:10px; }\n\t\t#slideshow-wrappergallery46598 .linkhover { background:transparent !important; opacity:.4 !important; filter:alpha(opacity=40) !important; text-align:center; font-size:0px; }\n\t\t#slideshow-wrappergallery46598 #thumbnailsgallery46598 { background:#020202; height:89px; width:100%; position:relative; overflow:hidden; }\n\t\t#slideshow-wrappergallery46598 .thumbstop { margin-bottom:8px !important; }\n\t\t#slideshow-wrappergallery46598 .thumbsbot { margin-top:8px !important; }\n\t\t#slideshow-wrappergallery46598 #slideleftgallery46598:before { font-family:FontAwesome; content: \"\\f104\"; color:#999; position: absolute; height: auto; line-height:160%; width: auto; display: inline-block; top: 50%; font-size: 30px; margin: -30px 0 0 0; padding: 0 5px; }\n\t\t#slideshow-wrappergallery46598 #slideleftgallery46598 { text-align:left; float:left; position:absolute; left:0; z-index:150; width:20px; height:89px; background:#222; }\n\t\t#slideshow-wrappergallery46598 #slideleftgallery46598:hover { background-color:#333; }\n\t\t#slideshow-wrappergallery46598 #sliderightgallery46598:before { font-family:FontAwesome; content: \"\\f105\"; color:#999; position: absolute; height: auto; line-height:160%; width: auto; display: inline-block; top: 50%; font-size: 30px; margin: -30px 0 0 0; padding: 0 5px; }\n\t\t#slideshow-wrappergallery46598 #sliderightgallery46598 { text-align:left; float:right; position:absolute; right:0; z-index:150; width:20px; height:89px; background:#222; }\n\t\t#slideshow-wrappergallery46598 #sliderightgallery46598:hover { background-color:#333; }\n\t\t#slideshow-wrappergallery46598 #slideareagallery46598 { float:left; position:absolute; z-index:149; background:#020202; width:100%; margin:0; height:89px; overflow:hidden; }\n\t\t#slideshow-wrappergallery46598 #slidergallery46598 { position:absolute; width:504px !important; left:0; height:89px; padding:3px 20px 0 25px; }\n\t\t#slideshow-wrappergallery46598 #slidergallery46598 img { width:100px; height:75px; cursor:pointer; border:1px solid #666; padding:2px; float:left !important; }\n\t\t#slideshow-wrappergallery46598 #spinnergallery46598 { position:relative; top:50%; left:45%; text-align:left; font-size:30px; }\n\t\t#slideshow-wrappergallery46598 #spinnergallery46598 img { border:none; }\n\t\n\t\t\t\t@media (max-width:480px) { \t.slideshow-information { display: none !important; } }\n\t\t\t\t\t\t@media (max-width:480px) { \t.slideshow-thumbnails { display: none !important; } }\n\t\t\t<\/style><!-- Slideshow Gallery CSS END --><\/p>\n<p><br style=\"clear: both;\" \/><br style=\"clear: both;\" \/><\/p>\n<\/div><\/div>\n<\/div>\n<p><!--exhibitioninfo--><\/p>\n","protected":false},"excerpt":{"rendered":"<p>Press Clipping Directora ArtSituacions: Pilar Forcada Patrocinio: Marcel Pascual Anteriores ediciones: 2022 2020 2019 2018 2017 Se entrega el PREMIO ART Situacions ARCOmadrid 2020 Patrocinado por Honda \u2013 Greens Power Products premia la mejor obra de arte emergente en ARCOmadrid<span class=\"ellipsis\">&hellip;<\/span><\/p>\n<div class=\"read-more\"><a href=\"https:\/\/www.artsituacions.com\/es\/premio-art-situacions-arcomadrid-2020\/\">Leer m\u00e1s \u203a<\/a><\/div>\n<p><!-- end of .read-more --><\/p>\n","protected":false},"author":1,"featured_media":0,"parent":0,"menu_order":0,"comment_status":"closed","ping_status":"closed","template":"","meta":[],"yoast_head":"<!-- This site is optimized with the Yoast SEO plugin v17.8 - https:\/\/yoast.com\/wordpress\/plugins\/seo\/ -->\n<meta name=\"robots\" content=\"index, follow, max-snippet:-1, max-image-preview:large, max-video-preview:-1\" \/>\n<link rel=\"canonical\" href=\"https:\/\/www.artsituacions.com\/ca\/premio-art-situacions-arcomadrid-2020\/\" \/>\n<meta property=\"og:locale\" content=\"es_ES\" \/>\n<meta property=\"og:type\" content=\"article\" \/>\n<meta property=\"og:title\" content=\"Premio ART Situacions ARCOmadrid 2020\" \/>\n<meta property=\"og:description\" content=\"Press Clipping Directora ArtSituacions: Pilar Forcada Patrocinio: Marcel Pascual Anteriores ediciones: 2022 2020 2019 2018 2017 Se entrega el PREMIO ART Situacions ARCOmadrid 2020 Patrocinado por Honda \u2013 Greens Power Products premia la mejor obra de arte emergente en ARCOmadrid&hellip;Leer m\u00e1s \u203a\" \/>\n<meta property=\"og:url\" content=\"https:\/\/www.artsituacions.com\/es\/premio-art-situacions-arcomadrid-2020\/\" \/>\n<meta property=\"og:site_name\" content=\"Artsituacions\" \/>\n<meta property=\"article:modified_time\" content=\"2023-05-31T10:23:19+00:00\" \/>\n<meta property=\"og:image\" content=\"http:\/\/www.artsituacions.com\/wp-content\/uploads\/2017\/02\/logo_arco_madrid.jpg\" \/>\n<meta name=\"twitter:card\" content=\"summary_large_image\" \/>\n<meta name=\"twitter:label1\" content=\"Tiempo de lectura\" \/>\n\t<meta name=\"twitter:data1\" content=\"8 minutos\" \/>\n<script type=\"application\/ld+json\" class=\"yoast-schema-graph\">{\"@context\":\"https:\/\/schema.org\",\"@graph\":[{\"@type\":\"WebSite\",\"@id\":\"https:\/\/www.artsituacions.com\/es\/#website\",\"url\":\"https:\/\/www.artsituacions.com\/es\/\",\"name\":\"Artsituacions\",\"description\":\"\",\"potentialAction\":[{\"@type\":\"SearchAction\",\"target\":{\"@type\":\"EntryPoint\",\"urlTemplate\":\"https:\/\/www.artsituacions.com\/es\/?s={search_term_string}\"},\"query-input\":\"required name=search_term_string\"}],\"inLanguage\":\"es-ES\"},{\"@type\":\"ImageObject\",\"@id\":\"https:\/\/www.artsituacions.com\/ca\/premio-art-situacions-arcomadrid-2020\/#primaryimage\",\"inLanguage\":\"es-ES\",\"url\":\"http:\/\/www.artsituacions.com\/wp-content\/uploads\/2017\/02\/logo_arco_madrid.jpg\",\"contentUrl\":\"http:\/\/www.artsituacions.com\/wp-content\/uploads\/2017\/02\/logo_arco_madrid.jpg\"},{\"@type\":\"WebPage\",\"@id\":\"https:\/\/www.artsituacions.com\/ca\/premio-art-situacions-arcomadrid-2020\/#webpage\",\"url\":\"https:\/\/www.artsituacions.com\/ca\/premio-art-situacions-arcomadrid-2020\/\",\"name\":\"[:es]Premio ART Situacions ARCOmadrid 2020[:ca]Premi ART Situacions ARCOmadrid 2020[:en]ART Situacions ARCOmadrid 2020[:it]Premio ART Situacions ARCOmadrid 2020[:] - Artsituacions\",\"isPartOf\":{\"@id\":\"https:\/\/www.artsituacions.com\/es\/#website\"},\"primaryImageOfPage\":{\"@id\":\"https:\/\/www.artsituacions.com\/ca\/premio-art-situacions-arcomadrid-2020\/#primaryimage\"},\"datePublished\":\"2020-02-06T16:38:31+00:00\",\"dateModified\":\"2023-05-31T10:23:19+00:00\",\"breadcrumb\":{\"@id\":\"https:\/\/www.artsituacions.com\/ca\/premio-art-situacions-arcomadrid-2020\/#breadcrumb\"},\"inLanguage\":\"es-ES\",\"potentialAction\":[{\"@type\":\"ReadAction\",\"target\":[\"https:\/\/www.artsituacions.com\/ca\/premio-art-situacions-arcomadrid-2020\/\"]}]},{\"@type\":\"BreadcrumbList\",\"@id\":\"https:\/\/www.artsituacions.com\/ca\/premio-art-situacions-arcomadrid-2020\/#breadcrumb\",\"itemListElement\":[{\"@type\":\"ListItem\",\"position\":1,\"name\":\"Home\",\"item\":\"https:\/\/www.artsituacions.com\/es\/\"},{\"@type\":\"ListItem\",\"position\":2,\"name\":\"Premi ART Situacions ARCOmadrid 2020\"}]}]}<\/script>\n<!-- \/ Yoast SEO plugin. -->","yoast_head_json":{"robots":{"index":"index","follow":"follow","max-snippet":"max-snippet:-1","max-image-preview":"max-image-preview:large","max-video-preview":"max-video-preview:-1"},"canonical":"https:\/\/www.artsituacions.com\/ca\/premio-art-situacions-arcomadrid-2020\/","og_locale":"es_ES","og_type":"article","og_title":"[:es]Premio ART Situacions ARCOmadrid 2020[:ca]Premi ART Situacions ARCOmadrid 2020[:en]ART Situacions ARCOmadrid 2020[:it]Premio ART Situacions ARCOmadrid 2020[:] - Artsituacions","og_description":"Press Clipping Directora ArtSituacions: Pilar Forcada Patrocinio: Marcel Pascual Anteriores ediciones: 2022 2020 2019 2018 2017 Se entrega el PREMIO ART Situacions ARCOmadrid 2020 Patrocinado por Honda \u2013 Greens Power Products premia la mejor obra de arte emergente en ARCOmadrid&hellip;Leer m\u00e1s \u203a","og_url":"https:\/\/www.artsituacions.com\/es\/premio-art-situacions-arcomadrid-2020\/","og_site_name":"Artsituacions","article_modified_time":"2023-05-31T10:23:19+00:00","og_image":[{"url":"http:\/\/www.artsituacions.com\/wp-content\/uploads\/2017\/02\/logo_arco_madrid.jpg"}],"twitter_card":"summary_large_image","twitter_misc":{"Tiempo de lectura":"8 minutos"},"schema":{"@context":"https:\/\/schema.org","@graph":[{"@type":"WebSite","@id":"https:\/\/www.artsituacions.com\/es\/#website","url":"https:\/\/www.artsituacions.com\/es\/","name":"Artsituacions","description":"","potentialAction":[{"@type":"SearchAction","target":{"@type":"EntryPoint","urlTemplate":"https:\/\/www.artsituacions.com\/es\/?s={search_term_string}"},"query-input":"required name=search_term_string"}],"inLanguage":"es-ES"},{"@type":"ImageObject","@id":"https:\/\/www.artsituacions.com\/ca\/premio-art-situacions-arcomadrid-2020\/#primaryimage","inLanguage":"es-ES","url":"http:\/\/www.artsituacions.com\/wp-content\/uploads\/2017\/02\/logo_arco_madrid.jpg","contentUrl":"http:\/\/www.artsituacions.com\/wp-content\/uploads\/2017\/02\/logo_arco_madrid.jpg"},{"@type":"WebPage","@id":"https:\/\/www.artsituacions.com\/ca\/premio-art-situacions-arcomadrid-2020\/#webpage","url":"https:\/\/www.artsituacions.com\/ca\/premio-art-situacions-arcomadrid-2020\/","name":"[:es]Premio ART Situacions ARCOmadrid 2020[:ca]Premi ART Situacions ARCOmadrid 2020[:en]ART Situacions ARCOmadrid 2020[:it]Premio ART Situacions ARCOmadrid 2020[:] - Artsituacions","isPartOf":{"@id":"https:\/\/www.artsituacions.com\/es\/#website"},"primaryImageOfPage":{"@id":"https:\/\/www.artsituacions.com\/ca\/premio-art-situacions-arcomadrid-2020\/#primaryimage"},"datePublished":"2020-02-06T16:38:31+00:00","dateModified":"2023-05-31T10:23:19+00:00","breadcrumb":{"@id":"https:\/\/www.artsituacions.com\/ca\/premio-art-situacions-arcomadrid-2020\/#breadcrumb"},"inLanguage":"es-ES","potentialAction":[{"@type":"ReadAction","target":["https:\/\/www.artsituacions.com\/ca\/premio-art-situacions-arcomadrid-2020\/"]}]},{"@type":"BreadcrumbList","@id":"https:\/\/www.artsituacions.com\/ca\/premio-art-situacions-arcomadrid-2020\/#breadcrumb","itemListElement":[{"@type":"ListItem","position":1,"name":"Home","item":"https:\/\/www.artsituacions.com\/es\/"},{"@type":"ListItem","position":2,"name":"Premi ART Situacions ARCOmadrid 2020"}]}]}},"AFP_featured_media_urls":{"full":false,"thumbnail":false,"medium":false,"medium_large":false,"large":false},"AFP_attachments":[],"AFP_videos":[],"AFP_video_blocks":"","AFP_category_names":[],"_links":{"self":[{"href":"https:\/\/www.artsituacions.com\/es\/wp-json\/wp\/v2\/pages\/1624"}],"collection":[{"href":"https:\/\/www.artsituacions.com\/es\/wp-json\/wp\/v2\/pages"}],"about":[{"href":"https:\/\/www.artsituacions.com\/es\/wp-json\/wp\/v2\/types\/page"}],"author":[{"embeddable":true,"href":"https:\/\/www.artsituacions.com\/es\/wp-json\/wp\/v2\/users\/1"}],"replies":[{"embeddable":true,"href":"https:\/\/www.artsituacions.com\/es\/wp-json\/wp\/v2\/comments?post=1624"}],"version-history":[{"count":18,"href":"https:\/\/www.artsituacions.com\/es\/wp-json\/wp\/v2\/pages\/1624\/revisions"}],"predecessor-version":[{"id":2788,"href":"https:\/\/www.artsituacions.com\/es\/wp-json\/wp\/v2\/pages\/1624\/revisions\/2788"}],"wp:attachment":[{"href":"https:\/\/www.artsituacions.com\/es\/wp-json\/wp\/v2\/media?parent=1624"}],"curies":[{"name":"wp","href":"https:\/\/api.w.org\/{rel}","templated":true}]}}