{"id":1990,"date":"2022-03-01T19:14:22","date_gmt":"2022-03-01T19:14:22","guid":{"rendered":"https:\/\/www.artsituacions.com\/en\/?page_id=1990"},"modified":"2023-04-16T17:59:53","modified_gmt":"2023-04-16T17:59:53","slug":"art-situacions-arcomadrid-2022","status":"publish","type":"page","link":"https:\/\/www.artsituacions.com\/es\/art-situacions-arcomadrid-2022\/","title":{"rendered":"Premio Pilar Forcada ART Situacions ARCOmadrid 2022"},"content":{"rendered":"<div style=\"margin-top:20px; \" class=\"exhibitionInfo\">\n<div class=\"c1\"><img decoding=\"async\" class=\"alignnone size-full wp-image-46\" src=\"http:\/\/www.artsituacions.com\/wp-content\/uploads\/2017\/02\/logo_arco_madrid.jpg\" alt=\"ARCOmadrid 2018\" height=\"300\" \/><\/p>\n<div class=\"supportBy\" style=\"margin-top:5px;\">\n<strong>Direcci\u00f3n y patrocinio:<\/strong><br \/>\nMarcel Pascual <\/p>\n<div class=\"box\">\n<div class=\"item\"><a href=\"https:\/\/www.hondaencasa.com\/\" target=\"_blank\" rel=\"noopener\"><img decoding=\"async\" loading=\"lazy\" src=\"\/wp-content\/uploads\/2014\/10\/honda-the-power-of-dreams-300x144.jpg\" alt=\"honda-the-power-of-dreams\" width=\"100\" height=\"48\" class=\"alignnone size-thumbnail wp-image-127\" \/><\/a><\/div>\n<div class=\"item\"><a href=\"https:\/\/www.hondaencasa.com\/\" target=\"_blank\" rel=\"noopener\"><img decoding=\"async\" loading=\"lazy\" src=\"\/wp-content\/uploads\/2015\/09\/greens.jpg\" alt=\"greens\" width=\"100\" height=\"48\" class=\"alignnone size-thumbnail wp-image-127\" \/><\/a><\/div>\n<p><br style=\"clear:both;\" \/><\/p>\n<p style=\"margin-top:40px;\"><strong>Ediciones anteriores:<\/strong><\/p>\n<p><a style=\"color:#cc0000;\" href=\"art-situacions-arcomadrid-2022\">2022<\/a><br \/>\n<a style=\"color:#cc0000;\" href=\"premio-art-situacions-arcomadrid-2020\">2020<\/a><br \/>\n<a style=\"color:#cc0000;\" href=\"premio-art-situacions-arcomadrid-2019\">2019<\/a><br \/>\n<a style=\"color:#cc0000;\" href=\"arcomadrid-2018\">2018<\/a><br \/>\n<a style=\"color:#cc0000;\" href=\"arcomadrid-2017\">2017<\/a>\n<\/div>\n<p><!--box--><\/p>\n<\/div>\n<p><!--supportby--><\/p>\n<\/div>\n<p><!--c1--><\/p>\n<div class=\"c2\">\n<div class='scroll-pane'>\n<div class=\"info\">\n<h4>Irma \u00c1lvarez-Laviada gana el Premio Pilar Forcada ART Situacions 2022<\/h4>\n<p><h5>Patrocinado por Honda \u2013 Greens premia la mejor obra de arte emergente en ARCOmadrid 2022<\/h5>\n<\/p>\n<p>Madrid, 28 de febrero de 2022.- Se ha entregado el Premio Pilar Forcada ART Situacions 2022 en el marco de ARCOmadrid, valorado en 15.000\u20ac, que ha reca\u00eddo en la artista nacida en Gij\u00f3n y afincada en Madrid Irma \u00c1lvarez-Laviada.<\/p>\n<p>El premio se entreg\u00f3 el jueves 24 de febrero, en la Sala Fundaci\u00f3n, en un acto muy emotivo en el que se record\u00f3 de forma muy especial la memoria de su fundadora Pilar Forcada, de la mano de D\u00f1a. Maribel L\u00f3pez, Directora de ARCOmadrid; D. Marcel Pascual, Director y Patrocinador de ART Situacions; y las miembros del jurado D\u00f1a. Lorena M. de Coral y D\u00f1a. Neus Mir\u00f3. La obra ganadora se incorporar\u00e1 a la colecci\u00f3n de ART Situacions.<\/p>\n<p>El Premio, convocado desde 2017, ha adquirido este a\u00f1o un car\u00e1cter muy especial, ya que ha pasado a denominarse Premio Pilar Forcada ART Situacions, en memoria de la fundadora y directora de ART Situacions, alma del proyecto, quien tristemente nos dej\u00f3 el pasado a\u00f1o. Su marido y director general de Honda \u2013 Greens, Marcel Pascual, ha tomado su relevo para continuar esta iniciativa que con tanta ilusi\u00f3n su esposa lider\u00f3 con gran \u00e9xito.<\/p>\n<p><strong>Sobre la obra ganadora<\/strong><\/p>\n<p>El Premio ha reca\u00eddo en un conjunto de piezas que, dentro del marco de Solo Project de ARCO, Irma \u00c1lvarez-Laviada ha presentado bajo el t\u00edtulo Rojo, azul, amarillo y negro en el stand de la Galer\u00eda Luis Adelantado.<\/p>\n<p>Con una selecci\u00f3n de obras representativas de su cuerpo de trabajo y continua investigaci\u00f3n de la materialidad no convencional en el campo expandido de la pintura, se plantea el espacio de la caja vac\u00eda como una experiencia l\u00fadica bas\u00e1ndose en el dibujo constructivo o modular a trav\u00e9s de un conjunto de obras de materiales no convencionales de la practica art\u00edstica tratados en bruto, que se activan mediante diferentes formalizaciones.<\/p>\n<p>Rojo, azul, amarillo y negro se plantea como un juego de percepci\u00f3n sensorial en construcci\u00f3n en donde el espectador se enfrenta a diferentes elementos, en ocasiones fragmentados, que debe hilar o conseguir encajar como si se tratase de las piezas de un puzle, ofreciendo posibilidades compositivas que nos remiten al dise\u00f1o, la arquitectura y el arte.<\/p>\n<p><strong>Sobre la artista<\/strong><\/p>\n<p>La carrera de la artista Irma \u00c1lvarez-Laviada podr\u00eda situarse en el campo de la pintura expandida, en un intento de cuestionar, desde una posici\u00f3n radical, todo aquello que de alguna forma alude a los elementos estructurales de la pintura en su autorreferencialidad como medio. De esta forma, el cuadro se convierte en una entidad aut\u00f3noma, cuya superficie plana ya no refiere m\u00e1s que a s\u00ed misma, superando, por tanto, todo aquello relativo a la representaci\u00f3n y la ilusi\u00f3n de profundidad.<\/p>\n<p>Ha recibido reconocimientos como el Premio BMW, la beca de Artes Pl\u00e1sticas de la Fundaci\u00f3n Bot\u00edn y la beca de residencia para la Cit\u00e9 des Arts de Par\u00eds. Asimismo, su trabajo se ha mostrado tanto en ferias internacionales como Maco, Liste, Photo Miami, CIRCA, ARCO, Estampa, etc como en instituciones entre las que destacan Fundaci\u00f3n Cerezales Antonino y Cinia (Le\u00f3n), Fundaci\u00f3n RAC (Pontevedra) y forma parte de importantes colecciones como el Parlamento Europeo, AECID, Colecci\u00f3n Pilar Citoler, Colecci\u00f3n Mariano Yera, Ministerio de Cultura de Espa\u00f1a, Fundaci\u00f3n Antonio Gala, Galila Barzilai Collection (Bruselas), la Comunidad de Madrid y la Berezdivin Collection (Puerto Rico).<\/p>\n<p><strong>Sobre ART Situacions<\/strong><\/p>\n<p>ART Situacions es una organizaci\u00f3n privada sin \u00e1nimo de lucro que busca promover la difusi\u00f3n del sector m\u00e1s joven del arte actual y acercarlo a un p\u00fablico m\u00e1s amplio, con una mirada prospectiva.<\/p>\n<p>ART Situacions est\u00e1 trabajando actualmente en la tercera edici\u00f3n. El comit\u00e9 de expertos de esta edici\u00f3n est\u00e1 formado por Maria de Corral, Lorena M. de Corral, Chus Mart\u00ednez y Vicent Todol\u00ed.<\/p>\n<\/div>\n<p><!--info--><\/p>\n<\/div>\n<style>.scroll-pane{width: 100%;height:auto;overflow: auto;}<\/style>\n<\/div>\n<p><!--c2--><br \/>\n<br style=\"clear: both;\" \/><\/p>\n<h2 class=\"hdrSection\">Galer\u00eda<\/h2>\n<div class=\"gallery\">\n\n\t<ul id=\"slideshowgallery49713\" class=\"slideshowgallery49713\" style=\"display:none;\">\n\t\t\t\t\t<!-- From all slides or gallery slides -->\n\t\t\t\t\t\t\t\n\t\t\t\t<li>\n\t\t\t\t\t<h3 style=\"opacity:70;\">Irma \u00c1lvarez-Laviada<\/h3>\n\t\t\t\t\t\t\t\t\t\t\t<span data-alt=\"irma-lvarez-laviada\">https:\/\/www.artsituacions.com\/wp-content\/uploads\/2022\/03\/foto_prensa1_irmaalvarezlaviada.jpg<\/span>\n\t\t\t\t\t\t\t\t\t\t<p><\/p>\n\t\t\t\t\t\t\t\t\t\t\t\t\t\t\t\t\t\t<a><img class=\"skip-lazy\" src=\"https:\/\/www.artsituacions.com\/wp-content\/uploads\/2022\/03\/foto_prensa1_irmaalvarezlaviada.jpg\" alt=\"irma-lvarez-laviada\" \/><\/a>\n\t\t\t\t\t\t\t\t\t\t\t\t\t\t\t<\/li>\n\t\t\t\t\t\t\t\n\t\t\t\t<li>\n\t\t\t\t\t<h3 style=\"opacity:70;\">Lorena de Corral, Marcel Pascual, Irma \u00c1lvarez-Laviada, Maribel L\u00f3pez, NeusMir\u00f3<\/h3>\n\t\t\t\t\t\t\t\t\t\t\t<span data-alt=\"lorena-de-corral-marcel-pascual-irma-lvarez-laviada-maribel-lpez-neusmir\">https:\/\/www.artsituacions.com\/wp-content\/uploads\/2022\/03\/foto_prensa3_lorenamdecorral_marcelpascual_irmaalvarezlaviada_maribellopez_neusmiro.jpg<\/span>\n\t\t\t\t\t\t\t\t\t\t<p><\/p>\n\t\t\t\t\t\t\t\t\t\t\t\t\t\t\t\t\t\t<a><img class=\"skip-lazy\" src=\"https:\/\/www.artsituacions.com\/wp-content\/uploads\/2022\/03\/foto_prensa3_lorenamdecorral_marcelpascual_irmaalvarezlaviada_maribellopez_neusmiro.jpg\" alt=\"lorena-de-corral-marcel-pascual-irma-lvarez-laviada-maribel-lpez-neusmir\" \/><\/a>\n\t\t\t\t\t\t\t\t\t\t\t\t\t\t\t<\/li>\n\t\t\t\t\t\t\t\n\t\t\t\t<li>\n\t\t\t\t\t<h3 style=\"opacity:70;\">Neus Mir\u00f3, Marcel Pascual, Irma \u00c1lvarez-Laviada<\/h3>\n\t\t\t\t\t\t\t\t\t\t\t<span data-alt=\"neus-mir-marcel-pascual-irma-lvarez-laviada\">https:\/\/www.artsituacions.com\/wp-content\/uploads\/2022\/03\/foto_prensa2_neusmiro_marcelpascual_irmaalvarezlaviada.jpg<\/span>\n\t\t\t\t\t\t\t\t\t\t<p><\/p>\n\t\t\t\t\t\t\t\t\t\t\t\t\t\t\t\t\t\t<a><img class=\"skip-lazy\" src=\"https:\/\/www.artsituacions.com\/wp-content\/uploads\/2022\/03\/foto_prensa2_neusmiro_marcelpascual_irmaalvarezlaviada.jpg\" alt=\"neus-mir-marcel-pascual-irma-lvarez-laviada\" \/><\/a>\n\t\t\t\t\t\t\t\t\t\t\t\t\t\t\t<\/li>\n\t\t\t\t\t\t<\/ul>\n\t\n\t<div id=\"slideshow-wrappergallery49713\" class=\"slideshow-wrapper\">\n\t\t\t\n\t\t<div class=\"slideshow-fullsize\" id=\"fullsizegallery49713\">\n\t\t\t\t\t\t\t\t\t\t\t\t\t\t<div id=\"imgprevgallery49713\" class=\"slideshow-imgprev imgnav\" title=\"Previous Image\">Previous Image<\/div>\n\t\t\t\t\t\t<a id=\"imglinkgallery49713\" class=\"slideshow-imglink imglink\"><!-- link --><\/a>\n\t\t\t\t\t\t\t\t\t\t\t<div id=\"imgnextgallery49713\" class=\"slideshow-imgnext imgnav\" title=\"Next Image\">Next Image<\/div>\n\t\t\t\t\t\t<div id=\"imagegallery49713\" class=\"slideshow-image\"><\/div>\n\t\t\t<div class=\"slideshow-information infobottom\" id=\"informationgallery49713\">\n\t\t\t\t<h3 class=\"slideshow-info-heading\">info heading<\/h3>\n\t\t\t\t<p class=\"slideshow-info-content\">info content<\/p>\n\t\t\t<\/div>\n\t\t<\/div>\n\t\t\n\t\t\t\t\t<div id=\"thumbnailsgallery49713\" class=\"slideshow-thumbnails thumbsbot\">\n\t\t\t\t<div class=\"slideshow-slideleft\" id=\"slideleftgallery49713\" title=\"Slide Left\"><\/div>\n\t\t\t\t<div class=\"slideshow-slidearea\" id=\"slideareagallery49713\">\n\t\t\t\t\t<div class=\"slideshow-slider\" id=\"slidergallery49713\"><\/div>\n\t\t\t\t<\/div>\n\t\t\t\t<div class=\"slideshow-slideright\" id=\"sliderightgallery49713\" title=\"Slide Right\"><\/div>\n\t\t\t\t<br style=\"clear:both; visibility:hidden; height:1px;\" \/>\n\t\t\t<\/div>\n\t\t\t<\/div>\n\t\n\t\n\t<!-- Slideshow Gallery Javascript BEG -->\t\t<script type=\"text\/javascript\">\tjQuery.noConflict();\ttid('slideshowgallery49713').style.display = \"none\";\ttid('slideshow-wrappergallery49713').style.display = 'block';\ttid('slideshow-wrappergallery49713').style.visibility = 'hidden';\tvar spinnerDiv = document.createElement('div');\tspinnerDiv.setAttribute('id', 'spinnergallery49713');\tspinnerDiv.innerHTML = '<i class=\"fa fa-cog fa-spin\"><\/i>';\tjQuery(spinnerDiv).appendTo('#fullsizegallery49713');\ttid('spinnergallery49713').style.visibility = 'visible';\tvar slideshowgallery49713 = new TINY.slideshow(\"slideshowgallery49713\");\tjQuery(document).ready(function() {\t\tslideshowgallery49713.auto = true;\t\tslideshowgallery49713.speed = 10;\t\tslideshowgallery49713.effect = \"fade\";\t\tslideshowgallery49713.slide_direction = \"lr\";\t\tslideshowgallery49713.easing = \"swing\";\t\tslideshowgallery49713.alwaysauto = true;\t\tslideshowgallery49713.autoheight = true;\t\tslideshowgallery49713.autoheight_max = false;\t\tslideshowgallery49713.imgSpeed = 10;\t\tslideshowgallery49713.navOpacity = 25;\t\tslideshowgallery49713.navHover = 70;\t\tslideshowgallery49713.letterbox = \"#000000\";\t\tslideshowgallery49713.linkclass = \"linkhover\";\t\tslideshowgallery49713.imagesid = \"imagesgallery49713\";\t\tslideshowgallery49713.info = \"informationgallery49713\";\t\tslideshowgallery49713.infoonhover = 0;\t\tslideshowgallery49713.infoSpeed = 10;\t\tslideshowgallery49713.infodelay = 0;\t\tslideshowgallery49713.infofade = 0;\t\tslideshowgallery49713.infofadedelay = 0;\t\tslideshowgallery49713.thumbs = \"slidergallery49713\";\t\tslideshowgallery49713.thumbOpacity = 70;\t\tslideshowgallery49713.left = \"slideleftgallery49713\";\t\tslideshowgallery49713.right = \"sliderightgallery49713\";\t\tslideshowgallery49713.scrollSpeed = 5;\t\tslideshowgallery49713.spacing = 5;\t\tslideshowgallery49713.active = \"#ffffff\";\t\tslideshowgallery49713.imagesthickbox = \"false\";\t\tjQuery(\"#spinnergallery49713\").remove();\t\tslideshowgallery49713.init(\"slideshowgallery49713\",\"imagegallery49713\",\"imgprevgallery49713\",\"imgnextgallery49713\",\"imglinkgallery49713\");\t\ttid('slideshow-wrappergallery49713').style.visibility = 'visible';\t\tjQuery(window).trigger('resize');\t\t\t\t\t});\t\t\t<\/script>\t\t<!-- Slideshow Gallery Javascript END --><!-- Slideshow Gallery CSS BEG --><style id=\"style-gallery49713\">\t\tul.slideshowgallery49713 { list-style:none !important; color:#fff; }\n\t\tul.slideshowgallery49713 span { display:none; }\n\t\t#slideshow-wrappergallery49713 { overflow: hidden; position:relative; width:100%; background:#020202; padding:0 0 0 0; border:; margin:0; display:none; }\n\t\t#slideshow-wrappergallery49713 * { margin:0; padding:0; }\n\t\t#slideshow-wrappergallery49713 #fullsizegallery49713 { position:relative; z-index:1; overflow:hidden; width:100%; height:460px; clear:both; border: none; }\n\t\t#slideshow-wrappergallery49713 #informationgallery49713 { text-align:left; font-family:Verdana, Arial, Helvetica, sans-serif !important; position:absolute; width:100%; height:0; background:#000000; color:#ffffff; overflow:hidden; z-index:300; opacity:.7; filter:alpha(opacity=70); }\n\t\t#slideshow-wrappergallery49713 #informationgallery49713 h3 { color:#ffffff; padding:4px 8px 3px; margin:0 !important; font-size:16px; font-weight:bold; }\n\t\t#slideshow-wrappergallery49713 #informationgallery49713 a { color:#ffffff; }\n\t\t#slideshow-wrappergallery49713 #informationgallery49713 p { color:#ffffff; padding:0 8px 8px; margin:0 !important; font-size: 14px; font-weight:normal; }\n\t\t#slideshow-wrappergallery49713 .infotop { margin-bottom:8px !important; top:0!important; }\n\t\t#slideshow-wrappergallery49713 .infobottom { margin-top:8px !important; bottom:0!important; }\n\t\t\t\t\t#slideshow-wrappergallery49713 #imagegallery49713 { width:100%; }\n\t\t\t#slideshow-wrappergallery49713 #imagegallery49713 img { border:none; border-radius:0; box-shadow:none; position:absolute; left:0%; right:0%; max-height:100%; max-width:100%; margin:0 auto; display:block; }\n\t\t\t\t#slideshow-wrappergallery49713 .imgnav { position:absolute; width:25%; height:100%; cursor:pointer; z-index:250; }\n\t\t#slideshow-wrappergallery49713 #imgprevgallery49713:before { font-family:FontAwesome; content:\"\\f053\"; font-size:30px; color:white; visibility:visible; left:0; text-align:left; width: auto; height:auto; line-height:160%; top:50%; margin:-30px 0 0 0; border-radius:0 10px 10px 0; background:black; padding:3px 10px 0 10px; position: absolute; display: inline-block; \t}\n\t\t#slideshow-wrappergallery49713 #imgprevgallery49713 { display:none; -moz-user-select: none; -khtml-user-select: none; -webkit-user-select: none; -o-user-select: none; left:0; font-size:0px; }\n\t\t#slideshow-wrappergallery49713 #imgnextgallery49713:before { font-family:FontAwesome; content:\"\\f054\"; font-size:30px; color:white; visibility:visible; right:0; text-align:right; width: auto; height:auto; line-height:160%; top:50%; margin:-30px 0 0 0; border-radius:10px 0 0 10px; background:black; padding:3px 10px 0 10px; position: absolute; display: inline-block; }\n\t\t#slideshow-wrappergallery49713 #imgnextgallery49713 { display:none; -moz-user-select: none; -khtml-user-select: none; -webkit-user-select: none; -o-user-select: none; right:0; font-size:0px; }\n\t\t#slideshow-wrappergallery49713 #imglinkgallery49713 { position:absolute; zoom:1; background-color:#ffffff; height:100%; width:100%; left:0; z-index:149; opacity:0; filter:alpha(opacity=0); }\n\t\t#slideshow-wrappergallery49713 .linkhover:before { font-family:FontAwesome; content:\"\\f14c\"; font-size:30px; text-align:center; height:auto; line-height:160%; width:auto; top:50%; left:auto; right:auto; margin:-30px 0 0 0; padding:0px 12px; display: inline-block; position: relative; background:black; color:white; border-radius:10px; }\n\t\t#slideshow-wrappergallery49713 .linkhover { background:transparent !important; opacity:.4 !important; filter:alpha(opacity=40) !important; text-align:center; font-size:0px; }\n\t\t#slideshow-wrappergallery49713 #thumbnailsgallery49713 { background:#020202; height:89px; width:100%; position:relative; overflow:hidden; }\n\t\t#slideshow-wrappergallery49713 .thumbstop { margin-bottom:8px !important; }\n\t\t#slideshow-wrappergallery49713 .thumbsbot { margin-top:8px !important; }\n\t\t#slideshow-wrappergallery49713 #slideleftgallery49713:before { font-family:FontAwesome; content: \"\\f104\"; color:#999; position: absolute; height: auto; line-height:160%; width: auto; display: inline-block; top: 50%; font-size: 30px; margin: -30px 0 0 0; padding: 0 5px; }\n\t\t#slideshow-wrappergallery49713 #slideleftgallery49713 { text-align:left; float:left; position:absolute; left:0; z-index:150; width:20px; height:89px; background:#222; }\n\t\t#slideshow-wrappergallery49713 #slideleftgallery49713:hover { background-color:#333; }\n\t\t#slideshow-wrappergallery49713 #sliderightgallery49713:before { font-family:FontAwesome; content: \"\\f105\"; color:#999; position: absolute; height: auto; line-height:160%; width: auto; display: inline-block; top: 50%; font-size: 30px; margin: -30px 0 0 0; padding: 0 5px; }\n\t\t#slideshow-wrappergallery49713 #sliderightgallery49713 { text-align:left; float:right; position:absolute; right:0; z-index:150; width:20px; height:89px; background:#222; }\n\t\t#slideshow-wrappergallery49713 #sliderightgallery49713:hover { background-color:#333; }\n\t\t#slideshow-wrappergallery49713 #slideareagallery49713 { float:left; position:absolute; z-index:149; background:#020202; width:100%; margin:0; height:89px; overflow:hidden; }\n\t\t#slideshow-wrappergallery49713 #slidergallery49713 { position:absolute; width:393px !important; left:0; height:89px; padding:3px 20px 0 25px; }\n\t\t#slideshow-wrappergallery49713 #slidergallery49713 img { width:100px; height:75px; cursor:pointer; border:1px solid #666; padding:2px; float:left !important; }\n\t\t#slideshow-wrappergallery49713 #spinnergallery49713 { position:relative; top:50%; left:45%; text-align:left; font-size:30px; }\n\t\t#slideshow-wrappergallery49713 #spinnergallery49713 img { border:none; }\n\t\n\t\t\t\t@media (max-width:480px) { \t.slideshow-information { display: none !important; } }\n\t\t\t\t\t\t@media (max-width:480px) { \t.slideshow-thumbnails { display: none !important; } }\n\t\t\t<\/style><!-- Slideshow Gallery CSS END --><\/p>\n<p><br style=\"clear: both;\" \/><br style=\"clear: both;\" \/>\n<\/div>\n<\/div>\n<\/div>\n<p><!--exhibitioninfo--><\/p>\n","protected":false},"excerpt":{"rendered":"<p>Direcci\u00f3n y patrocinio: Marcel Pascual Ediciones anteriores: 2022 2020 2019 2018 2017 Irma \u00c1lvarez-Laviada gana el Premio Pilar Forcada ART Situacions 2022 Patrocinado por Honda \u2013 Greens premia la mejor obra de arte emergente en ARCOmadrid 2022 Madrid, 28 de<span class=\"ellipsis\">&hellip;<\/span><\/p>\n<div class=\"read-more\"><a href=\"https:\/\/www.artsituacions.com\/es\/art-situacions-arcomadrid-2022\/\">Leer m\u00e1s \u203a<\/a><\/div>\n<p><!-- end of .read-more --><\/p>\n","protected":false},"author":1,"featured_media":0,"parent":0,"menu_order":0,"comment_status":"closed","ping_status":"closed","template":"","meta":[],"yoast_head":"<!-- This site is optimized with the Yoast SEO plugin v17.8 - https:\/\/yoast.com\/wordpress\/plugins\/seo\/ -->\n<meta name=\"robots\" content=\"index, follow, max-snippet:-1, max-image-preview:large, max-video-preview:-1\" \/>\n<link rel=\"canonical\" href=\"https:\/\/www.artsituacions.com\/ca\/art-situacions-arcomadrid-2022\/\" \/>\n<meta property=\"og:locale\" content=\"es_ES\" \/>\n<meta property=\"og:type\" content=\"article\" \/>\n<meta property=\"og:title\" content=\"Premio Pilar Forcada ART Situacions ARCOmadrid 2022\" \/>\n<meta property=\"og:description\" content=\"Direcci\u00f3n y patrocinio: Marcel Pascual Ediciones anteriores: 2022 2020 2019 2018 2017 Irma \u00c1lvarez-Laviada gana el Premio Pilar Forcada ART Situacions 2022 Patrocinado por Honda \u2013 Greens premia la mejor obra de arte emergente en ARCOmadrid 2022 Madrid, 28 de&hellip;Leer m\u00e1s \u203a\" \/>\n<meta property=\"og:url\" content=\"https:\/\/www.artsituacions.com\/es\/art-situacions-arcomadrid-2022\/\" \/>\n<meta property=\"og:site_name\" content=\"Artsituacions\" \/>\n<meta property=\"article:modified_time\" content=\"2023-04-16T17:59:53+00:00\" \/>\n<meta property=\"og:image\" content=\"http:\/\/www.artsituacions.com\/wp-content\/uploads\/2017\/02\/logo_arco_madrid.jpg\" \/>\n<meta name=\"twitter:card\" content=\"summary_large_image\" \/>\n<meta name=\"twitter:label1\" content=\"Tiempo de lectura\" \/>\n\t<meta name=\"twitter:data1\" content=\"12 minutos\" \/>\n<script type=\"application\/ld+json\" class=\"yoast-schema-graph\">{\"@context\":\"https:\/\/schema.org\",\"@graph\":[{\"@type\":\"WebSite\",\"@id\":\"https:\/\/www.artsituacions.com\/es\/#website\",\"url\":\"https:\/\/www.artsituacions.com\/es\/\",\"name\":\"Artsituacions\",\"description\":\"\",\"potentialAction\":[{\"@type\":\"SearchAction\",\"target\":{\"@type\":\"EntryPoint\",\"urlTemplate\":\"https:\/\/www.artsituacions.com\/es\/?s={search_term_string}\"},\"query-input\":\"required name=search_term_string\"}],\"inLanguage\":\"es-ES\"},{\"@type\":\"ImageObject\",\"@id\":\"https:\/\/www.artsituacions.com\/ca\/art-situacions-arcomadrid-2022\/#primaryimage\",\"inLanguage\":\"es-ES\",\"url\":\"http:\/\/www.artsituacions.com\/wp-content\/uploads\/2017\/02\/logo_arco_madrid.jpg\",\"contentUrl\":\"http:\/\/www.artsituacions.com\/wp-content\/uploads\/2017\/02\/logo_arco_madrid.jpg\"},{\"@type\":\"WebPage\",\"@id\":\"https:\/\/www.artsituacions.com\/ca\/art-situacions-arcomadrid-2022\/#webpage\",\"url\":\"https:\/\/www.artsituacions.com\/ca\/art-situacions-arcomadrid-2022\/\",\"name\":\"[:es]Premio Pilar Forcada ART Situacions ARCOmadrid 2022[:ca]Premi Pilar Forcada ART Situacions ARCOmadrid 2022[:en]Pilar Forcada ART Situacions ARCOmadrid 2022 Prize[:it]Premio ART Situacions ARCOmadrid 2020[:] - Artsituacions\",\"isPartOf\":{\"@id\":\"https:\/\/www.artsituacions.com\/es\/#website\"},\"primaryImageOfPage\":{\"@id\":\"https:\/\/www.artsituacions.com\/ca\/art-situacions-arcomadrid-2022\/#primaryimage\"},\"datePublished\":\"2022-03-01T19:14:22+00:00\",\"dateModified\":\"2023-04-16T17:59:53+00:00\",\"breadcrumb\":{\"@id\":\"https:\/\/www.artsituacions.com\/ca\/art-situacions-arcomadrid-2022\/#breadcrumb\"},\"inLanguage\":\"es-ES\",\"potentialAction\":[{\"@type\":\"ReadAction\",\"target\":[\"https:\/\/www.artsituacions.com\/ca\/art-situacions-arcomadrid-2022\/\"]}]},{\"@type\":\"BreadcrumbList\",\"@id\":\"https:\/\/www.artsituacions.com\/ca\/art-situacions-arcomadrid-2022\/#breadcrumb\",\"itemListElement\":[{\"@type\":\"ListItem\",\"position\":1,\"name\":\"Home\",\"item\":\"https:\/\/www.artsituacions.com\/es\/\"},{\"@type\":\"ListItem\",\"position\":2,\"name\":\"Premi Pilar Forcada ART Situacions ARCOmadrid 2022\"}]}]}<\/script>\n<!-- \/ Yoast SEO plugin. -->","yoast_head_json":{"robots":{"index":"index","follow":"follow","max-snippet":"max-snippet:-1","max-image-preview":"max-image-preview:large","max-video-preview":"max-video-preview:-1"},"canonical":"https:\/\/www.artsituacions.com\/ca\/art-situacions-arcomadrid-2022\/","og_locale":"es_ES","og_type":"article","og_title":"[:es]Premio Pilar Forcada ART Situacions ARCOmadrid 2022[:ca]Premi Pilar Forcada ART Situacions ARCOmadrid 2022[:en]Pilar Forcada ART Situacions ARCOmadrid 2022 Prize[:it]Premio ART Situacions ARCOmadrid 2020[:] - Artsituacions","og_description":"Direcci\u00f3n y patrocinio: Marcel Pascual Ediciones anteriores: 2022 2020 2019 2018 2017 Irma \u00c1lvarez-Laviada gana el Premio Pilar Forcada ART Situacions 2022 Patrocinado por Honda \u2013 Greens premia la mejor obra de arte emergente en ARCOmadrid 2022 Madrid, 28 de&hellip;Leer m\u00e1s \u203a","og_url":"https:\/\/www.artsituacions.com\/es\/art-situacions-arcomadrid-2022\/","og_site_name":"Artsituacions","article_modified_time":"2023-04-16T17:59:53+00:00","og_image":[{"url":"http:\/\/www.artsituacions.com\/wp-content\/uploads\/2017\/02\/logo_arco_madrid.jpg"}],"twitter_card":"summary_large_image","twitter_misc":{"Tiempo de lectura":"12 minutos"},"schema":{"@context":"https:\/\/schema.org","@graph":[{"@type":"WebSite","@id":"https:\/\/www.artsituacions.com\/es\/#website","url":"https:\/\/www.artsituacions.com\/es\/","name":"Artsituacions","description":"","potentialAction":[{"@type":"SearchAction","target":{"@type":"EntryPoint","urlTemplate":"https:\/\/www.artsituacions.com\/es\/?s={search_term_string}"},"query-input":"required name=search_term_string"}],"inLanguage":"es-ES"},{"@type":"ImageObject","@id":"https:\/\/www.artsituacions.com\/ca\/art-situacions-arcomadrid-2022\/#primaryimage","inLanguage":"es-ES","url":"http:\/\/www.artsituacions.com\/wp-content\/uploads\/2017\/02\/logo_arco_madrid.jpg","contentUrl":"http:\/\/www.artsituacions.com\/wp-content\/uploads\/2017\/02\/logo_arco_madrid.jpg"},{"@type":"WebPage","@id":"https:\/\/www.artsituacions.com\/ca\/art-situacions-arcomadrid-2022\/#webpage","url":"https:\/\/www.artsituacions.com\/ca\/art-situacions-arcomadrid-2022\/","name":"[:es]Premio Pilar Forcada ART Situacions ARCOmadrid 2022[:ca]Premi Pilar Forcada ART Situacions ARCOmadrid 2022[:en]Pilar Forcada ART Situacions ARCOmadrid 2022 Prize[:it]Premio ART Situacions ARCOmadrid 2020[:] - Artsituacions","isPartOf":{"@id":"https:\/\/www.artsituacions.com\/es\/#website"},"primaryImageOfPage":{"@id":"https:\/\/www.artsituacions.com\/ca\/art-situacions-arcomadrid-2022\/#primaryimage"},"datePublished":"2022-03-01T19:14:22+00:00","dateModified":"2023-04-16T17:59:53+00:00","breadcrumb":{"@id":"https:\/\/www.artsituacions.com\/ca\/art-situacions-arcomadrid-2022\/#breadcrumb"},"inLanguage":"es-ES","potentialAction":[{"@type":"ReadAction","target":["https:\/\/www.artsituacions.com\/ca\/art-situacions-arcomadrid-2022\/"]}]},{"@type":"BreadcrumbList","@id":"https:\/\/www.artsituacions.com\/ca\/art-situacions-arcomadrid-2022\/#breadcrumb","itemListElement":[{"@type":"ListItem","position":1,"name":"Home","item":"https:\/\/www.artsituacions.com\/es\/"},{"@type":"ListItem","position":2,"name":"Premi Pilar Forcada ART Situacions ARCOmadrid 2022"}]}]}},"AFP_featured_media_urls":{"full":false,"thumbnail":false,"medium":false,"medium_large":false,"large":false},"AFP_attachments":[],"AFP_videos":[],"AFP_video_blocks":"","AFP_category_names":[],"_links":{"self":[{"href":"https:\/\/www.artsituacions.com\/es\/wp-json\/wp\/v2\/pages\/1990"}],"collection":[{"href":"https:\/\/www.artsituacions.com\/es\/wp-json\/wp\/v2\/pages"}],"about":[{"href":"https:\/\/www.artsituacions.com\/es\/wp-json\/wp\/v2\/types\/page"}],"author":[{"embeddable":true,"href":"https:\/\/www.artsituacions.com\/es\/wp-json\/wp\/v2\/users\/1"}],"replies":[{"embeddable":true,"href":"https:\/\/www.artsituacions.com\/es\/wp-json\/wp\/v2\/comments?post=1990"}],"version-history":[{"count":20,"href":"https:\/\/www.artsituacions.com\/es\/wp-json\/wp\/v2\/pages\/1990\/revisions"}],"predecessor-version":[{"id":2611,"href":"https:\/\/www.artsituacions.com\/es\/wp-json\/wp\/v2\/pages\/1990\/revisions\/2611"}],"wp:attachment":[{"href":"https:\/\/www.artsituacions.com\/es\/wp-json\/wp\/v2\/media?parent=1990"}],"curies":[{"name":"wp","href":"https:\/\/api.w.org\/{rel}","templated":true}]}}