{"id":2167,"date":"2022-11-24T10:18:24","date_gmt":"2022-11-24T10:18:24","guid":{"rendered":"https:\/\/www.artsituacions.com\/es\/?page_id=2167"},"modified":"2022-11-28T09:10:23","modified_gmt":"2022-11-28T09:10:23","slug":"espolitica-de-cookies","status":"publish","type":"page","link":"https:\/\/www.artsituacions.com\/es\/espolitica-de-cookies\/","title":{"rendered":"Pol\u00edtica de cookies"},"content":{"rendered":"\n<p><\/p>\n\n\n\n<p><\/p>\n\n\n\n<p>En artsituacions.com empleamos&nbsp;<em>cookies<\/em>. Queremos informarte de manera clara y precisa sobre las&nbsp;<em>cookies<\/em>&nbsp;que empleamos, explicando a continuaci\u00f3n qu\u00e9 es una&nbsp;<em>cookie<\/em>&nbsp;y para qu\u00e9 sirve, qu\u00e9 tipos de&nbsp;<em>cookies<\/em>&nbsp;empleamos, qu\u00e9 finalidad tienen, c\u00f3mo puedes configurarlas o deshabilitarlas si lo deseas y cu\u00e1les son las implicaciones de hacerlo.<\/p>\n\n\n\n<p>Como respetamos tu privacidad, puedes optar por excluir algunos tipos de&nbsp;<em>cookies<\/em>. Puedes descartar las&nbsp;<em>cookies<\/em>&nbsp;no funcionales (obligatorias) y cambiar nuestra configuraci\u00f3n predeterminada. Sin embargo, si bloqueas algunos tipos de&nbsp;<em>cookies<\/em>, tu experiencia de uso en el sitio se puede ver afectada y tambi\u00e9n los servicios que podemos ofrecerte.<\/p>\n\n\n\n<h4 class=\"wp-block-heading\">\u00bfQU\u00c9 SON LAS&nbsp;<em>COOKIES<\/em>?<\/h4>\n\n\n\n<p>Una&nbsp;<em>cookie<\/em>&nbsp;es un fichero que se descarga en el equipo terminal de un usuario al acceder a determinadas p\u00e1ginas web. Las&nbsp;<em>cookies<\/em>&nbsp;permiten a una p\u00e1gina web, entre otras cosas, almacenar y recuperar informaci\u00f3n sobre los h\u00e1bitos de navegaci\u00f3n de un usuario o de su equipo y, dependiendo de la informaci\u00f3n que contengan y de la forma en que se utilice su equipo, pueden utilizarse para reconocer al usuario.<\/p>\n\n\n\n<h4 class=\"wp-block-heading\">\u00bfPARA QU\u00c9 SIRVEN LAS&nbsp;<em>COOKIES<\/em>?<\/h4>\n\n\n\n<p>El conjunto de&nbsp;<em>cookies<\/em>&nbsp;de todos nuestros usuarios nos ayuda a mejorar la calidad de nuestra p\u00e1gina web, permiti\u00e9ndonos controlar qu\u00e9 p\u00e1ginas son \u00fatiles o susceptibles de mejora. Las&nbsp;<em>cookies<\/em>&nbsp;son esenciales para el funcionamiento de Internet, aportando innumerables ventajas a la prestaci\u00f3n de servicios interactivos, al tiempo que facilit\u00e1ndote la navegaci\u00f3n y usabilidad de nuestra p\u00e1gina web.<\/p>\n\n\n\n<p>Permitiendo las&nbsp;<em>cookies<\/em>&nbsp;podr\u00e1s aprovechar muchas de las funciones esenciales de <meta charset=\"utf-8\">artsituacions.com, mejorando as\u00ed tu experiencia online.<\/p>\n\n\n\n<p>En ning\u00fan caso las&nbsp;<em>cookies<\/em>&nbsp;podr\u00edan da\u00f1ar tu equipo. Por el contrario, que permanezcan activas nos ayuda a identificar problemas para mejorar nuestra p\u00e1gina web.<\/p>\n\n\n\n<h4 class=\"wp-block-heading\">\u00bfQU\u00c9 TIPOS DE&nbsp;<em>COOKIES<\/em>&nbsp;EMPLEAMOS?<\/h4>\n\n\n\n<p>A continuaci\u00f3n, se realiza una clasificaci\u00f3n de las&nbsp;<em>cookies<\/em>&nbsp;en funci\u00f3n de una serie de categor\u00edas. No obstante es necesario tener en cuenta que una misma&nbsp;<em>cookie<\/em>&nbsp;puede estar incluida en m\u00e1s de una categor\u00eda.<\/p>\n\n\n\n<h4 class=\"wp-block-heading\">1. Seg\u00fan la entidad que las gestione<\/h4>\n\n\n\n<p>Seg\u00fan quien sea la entidad que gestiona el equipo o dominio desde donde se env\u00edan las&nbsp;<em>cookies<\/em>&nbsp;y trate los datos que se obtengan, podemos distinguir:<\/p>\n\n\n\n<p>&#8211;&nbsp;<strong><em>Cookies<\/em>&nbsp;propias<\/strong>: Son aqu\u00e9llas que se env\u00edan al equipo terminal del usuario desde un equipo o dominio gestionado por el propio editor y desde el que se presta el servicio solicitado por el usuario.<\/p>\n\n\n\n<p>&#8211;&nbsp;<strong><em>Cookies<\/em>&nbsp;de terceros<\/strong>: Son aqu\u00e9llas que se env\u00edan al equipo terminal del usuario desde un equipo o dominio que no es gestionado por el editor, sino por otra entidad que trata los datos obtenidos trav\u00e9s de las&nbsp;<em>cookies<\/em>.<\/p>\n\n\n\n<p>En el caso de que las&nbsp;<em>cookies<\/em>&nbsp;sean instaladas desde un equipo o dominio gestionado por el propio editor pero la informaci\u00f3n que se recoja mediante \u00e9stas sea gestionada por un tercero, no pueden ser consideradas como&nbsp;<em>cookies<\/em>&nbsp;propias.<\/p>\n\n\n\n<h4 class=\"wp-block-heading\">2. Seg\u00fan el plazo de tiempo que permanecen activadas<\/h4>\n\n\n\n<p>Seg\u00fan el plazo de tiempo que permanecen activadas en el equipo terminal podemos distinguir:<\/p>\n\n\n\n<p>&#8211;&nbsp;<strong><em>Cookies<\/em>&nbsp;de sesi\u00f3n<\/strong>: Son un tipo de&nbsp;<em>cookies<\/em>&nbsp;dise\u00f1adas para recabar y almacenar datos mientras el usuario accede a una p\u00e1gina web.<\/p>\n\n\n\n<p>Se suelen emplear tambi\u00e9n para almacenar informaci\u00f3n que solo interesa conservar para la prestaci\u00f3n del servicio solicitado por el usuario en una sola ocasi\u00f3n (p.e. una lista de productos adquiridos).<\/p>\n\n\n\n<p>&#8211;&nbsp;<strong><em>Cookies<\/em>&nbsp;persistentes<\/strong>: Son un tipo de&nbsp;<em>cookies<\/em>&nbsp;en el que los datos siguen almacenados en el terminal y pueden ser accedidos y tratados durante un periodo definido por el responsable de la&nbsp;<em>cookie<\/em>, y que puede ir de unos minutos a varios a\u00f1os.<\/p>\n\n\n\n<h4 class=\"wp-block-heading\">3. Seg\u00fan su finalidad<\/h4>\n\n\n\n<p>Seg\u00fan la finalidad para la que se traten los datos obtenidos a trav\u00e9s de las&nbsp;<em>cookies<\/em>, podemos distinguir entre:<\/p>\n\n\n\n<p>&#8211;&nbsp;<strong><em>Cookies<\/em>&nbsp;t\u00e9cnicas<\/strong>: Son aqu\u00e9llas que permiten al usuario la navegaci\u00f3n a trav\u00e9s de una p\u00e1gina web, plataforma o aplicaci\u00f3n y la utilizaci\u00f3n de las diferentes opciones o servicios que en ella existan como, por ejemplo, controlar el tr\u00e1fico y la comunicaci\u00f3n de datos, identificar la sesi\u00f3n, acceder a partes de acceso restringido, recordar los elementos que integran un pedido, realizar el proceso de compra de un pedido, realizar la solicitud de inscripci\u00f3n o participaci\u00f3n en un evento, utilizar elementos de seguridad durante la navegaci\u00f3n, almacenar contenidos para la difusi\u00f3n de videos o sonido o compartir contenidos a trav\u00e9s de redes sociales.<\/p>\n\n\n\n<p>&#8211;&nbsp;<strong><em>Cookies<\/em>&nbsp;de personalizaci\u00f3n<\/strong>: Son aqu\u00e9llas que permiten al usuario acceder al servicio con algunas caracter\u00edsticas de car\u00e1cter general predefinidas en funci\u00f3n de una serie de criterios en el terminal del usuario como por ejemplo serian el idioma, el tipo de navegador a trav\u00e9s del cual accede al servicio, la configuraci\u00f3n regional desde donde accede al servicio, etc.<\/p>\n\n\n\n<p>&#8211;<strong><em>&nbsp;Cookies<\/em>&nbsp;de an\u00e1lisis<\/strong>: Son aqu\u00e9llas que permiten al responsable de las mismas, el seguimiento y an\u00e1lisis del comportamiento de los usuarios de los sitios web a los que est\u00e1n vinculadas. La informaci\u00f3n recogida mediante este tipo de&nbsp;<em>cookies<\/em>&nbsp;se utiliza en la medici\u00f3n de la actividad de los sitios web, aplicaci\u00f3n o plataforma y para la elaboraci\u00f3n de perfiles de navegaci\u00f3n de los usuarios de dichos sitios, aplicaciones y plataformas, con el fin de introducir mejoras en funci\u00f3n del an\u00e1lisis de los datos de uso que hacen los usuarios del servicio.<\/p>\n\n\n\n<p>Respecto del tratamiento de datos recabados a trav\u00e9s de las&nbsp;<em>cookies<\/em>&nbsp;de an\u00e1lisis, el grupo de trabajo del art\u00edculo 29 ha manifestado que, a pesar de que no est\u00e1n exentas del deber de obtener un consentimiento informado para su uso, es poco probable que representen un riesgo para la privacidad de los usuarios siempre que se trate de&nbsp;<em>cookies<\/em>&nbsp;de primera parte, que traten datos agregados con una finalidad estrictamente estad\u00edstica, que se facilite informaci\u00f3n sobre su uso y se incluya la posibilidad de que los usuarios manifesten suy negativa sobre su utilizaci\u00f3n.<\/p>\n\n\n\n<p>&#8211;<strong><em>&nbsp;Cookies<\/em>&nbsp;publicitarias<\/strong>: Son aqu\u00e9llas que permiten la gesti\u00f3n, de la forma m\u00e1s eficaz posible, de los espacios publicitarios que, en su caso, el editor haya incluido en una p\u00e1gina web, aplicaci\u00f3n o plataforma desde la que presta el servicio solicitado en base a criterios como el contenido editado o la frecuencia en la que se muestran los anuncios.<\/p>\n\n\n\n<p>&#8211;&nbsp;<strong><em>Cookies<\/em>&nbsp;de publicidad comportamental<\/strong>: Son aqu\u00e9llas que permiten la gesti\u00f3n, de la forma m\u00e1s eficaz posible, de los espacios publicitarios que, en su caso, el editor haya incluido en una p\u00e1gina web, aplicaci\u00f3n o plataforma desde la que presta el servicio solicitado. Estas&nbsp;<em>cookies<\/em>&nbsp;almacenan informaci\u00f3n del comportamiento de los usuarios obtenida a trav\u00e9s de la observaci\u00f3n continuada de sus h\u00e1bitos de navegaci\u00f3n, lo que permite desarrollar un perfil espec\u00edfico para mostrar publicidad en funci\u00f3n del mismo.<\/p>\n\n\n\n<p>&#8211;&nbsp;<strong><em>Cookies<\/em>&nbsp;de complemento (<em>plug-ins<\/em>&nbsp;sociales)<\/strong>: Son aquellas que se generan al usar complementos de proveedores externos de contenido y que permiten a los usuarios acceder a contenidos o servicios proporcionados por terceros, como por ejemplo, los servicios de Google o la conexi\u00f3n con redes sociales. Los&nbsp;<em>plug-in<\/em>&nbsp;sociales son herramientas que las p\u00e1ginas web pueden utilizar para proporcionar al usuario experiencias sociales y personalizadas. Al interactuar con&nbsp;<em>plug-in<\/em>&nbsp;sociales, el usuario comparte sus experiencias fuera de la red social con sus amigos, seguidores u otros miembros de la red. La informaci\u00f3n que aparece en ellos procede directamente de la red social correspondiente y por lo tanto, son una ampliaci\u00f3n de la experiencia del usuario en la misma. Los&nbsp;<em>plug-in<\/em>&nbsp;sociales est\u00e1n dise\u00f1ados de forma que la p\u00e1gina web que est\u00e1s visitando no reciba esta informaci\u00f3n.<\/p>\n\n\n\n<h4 class=\"wp-block-heading\">\u00bfQU\u00c9 FINALIDAD TIENEN LAS&nbsp;<em>COOKIES<\/em>&nbsp;QUE EMPLEAMOS?<\/h4>\n\n\n\n<h4 class=\"wp-block-heading\"><br>a.&nbsp;<em>Cookies<\/em>&nbsp;propias<\/h4>\n\n\n\n<h4 class=\"wp-block-heading\"><br>T\u00e9cnicas<\/h4>\n\n\n\n<p>Las&nbsp;<em>cookies<\/em>&nbsp;t\u00e9cnicas propias que empleamos en <meta charset=\"utf-8\">artsituacions.com son las estrictamente necesarias para permitirte la navegaci\u00f3n a trav\u00e9s de nuestra p\u00e1gina web y el idioma preferido.<\/p>\n\n\n\n<p>La informaci\u00f3n obtenida a trav\u00e9s de nuestras&nbsp;<em>cookies<\/em>&nbsp;t\u00e9cnicas es tratada \u00fanicamente por <meta charset=\"utf-8\">artsituacions.com y su plazo de expiraci\u00f3n es de 12 meses.<\/p>\n\n\n\n<h4 class=\"wp-block-heading\">Anal\u00edticas<\/h4>\n\n\n\n<p>La informaci\u00f3n recogida mediante este tipo de cookies se utiliza en la medici\u00f3n de la actividad de nuestro sitio web para el seguimiento y an\u00e1lisis del comportamiento de los usuarios, as\u00ed como para la elaboraci\u00f3n de perfiles de navegaci\u00f3n de los mismos con el fin de introducir mejoras en funci\u00f3n del an\u00e1lisis de los datos de uso que hacen del servicio.<\/p>\n\n\n\n<p>Respecto al tratamiento de datos recabados a trav\u00e9s de las&nbsp;<em>cookies<\/em>&nbsp;de an\u00e1lisis que empleamos en <meta charset=\"utf-8\">artsituacions.com, el Grupo de Trabajo del articulo 29 ha manifestado que a pesar de que no est\u00e1n exentas del deber de obtener un consentimiento informado para su uso, es poco probable que representen un riesgo para la privacidad de los usuarios siempre que se trate, como en nuestro caso, de&nbsp;<em>cookies<\/em>&nbsp;de primera parte, que traten datos agregados con una finalidad estrictamente estad\u00edstica, que se facilite informaci\u00f3n sobre su uso y se incluya la posibilidad de que los usuarios manifiesten su negativa sobre su utilizaci\u00f3n.<\/p>\n\n\n\n<h4 class=\"wp-block-heading\">b. Relaci\u00f3n de terceros prestadores de servicios de&nbsp;<em>cookies<\/em><\/h4>\n\n\n\n<p>GOOGLE reCAPTCHA\u00ae<\/p>\n\n\n\n<p>Google reCAPTHCA es un sistema dise\u00f1ado para diferenciar entre humanos y ordenadores, que se utiliza para que los bots no puedan completar formularios de forma malintencionada en nombre de un ser humano. Puede utilizar&nbsp;<em>cookies<\/em>&nbsp;para recopilar informaci\u00f3n e informar de las estad\u00edsticas de uso de los sitios web sin identificar personalmente a los visitantes de Google.<\/p>\n\n\n\n<p><a rel=\"noreferrer noopener\" href=\"https:\/\/policies.google.com\/?hl=es\" target=\"_blank\">Para m\u00e1s informaci\u00f3n, visita la p\u00e1gina web de Google<\/a><\/p>\n\n\n\n<h4 class=\"wp-block-heading\">Anal\u00edticas<\/h4>\n\n\n\n<p>GOOGLE ANALYTICS\u00ae<\/p>\n\n\n\n<p>Google Analytics es la herramienta de anal\u00edtica que ayuda a los sitios web y a los propietarios de aplicaciones a entender el modo en que sus visitantes interact\u00faan con sus propiedades. Puede utilizar un conjunto de&nbsp;<em>cookies<\/em>&nbsp;para recopilar informaci\u00f3n e informar de las estad\u00edsticas de uso de los sitios web sin identificar personalmente a los visitantes de Google.<\/p>\n\n\n\n<p><a rel=\"noreferrer noopener\" href=\"https:\/\/policies.google.com\/?hl=es\" target=\"_blank\">Para m\u00e1s informaci\u00f3n, visita la p\u00e1gina web de Google<\/a><\/p>\n\n\n\n<p><\/p>\n\n\n\n<h4 class=\"wp-block-heading\">\u00bfC\u00d3MO PUEDES DESHABILITAR LAS&nbsp;<em>COOKIES<\/em>?<\/h4>\n\n\n\n<p>La navegaci\u00f3n se optimiza aceptando las&nbsp;<em>cookies<\/em>, por lo que la mayor\u00eda de los navegadores ya est\u00e1n configurados para aceptarlas de forma predeterminada. Pero si lo prefieres, puedes cambiar esta configuraci\u00f3n.<\/p>\n\n\n\n<p>Puedes permitir, bloquear o eliminar las&nbsp;<em>cookies<\/em>&nbsp;instaladas en tu equipo mediante la configuraci\u00f3n de las opciones de tu navegador. En el caso de que no permitas la instalaci\u00f3n de&nbsp;<em>cookies<\/em>&nbsp;en tu navegador es posible que no puedas acceder a algunos de los servicios y que tu experiencia en nuestra p\u00e1gina web pueda resultar menos satisfactoria.<\/p>\n\n\n\n<p>A continuaci\u00f3n, tienes disponibles los enlaces con la informaci\u00f3n para gestionar las&nbsp;<em>cookies<\/em>&nbsp;de los navegadores m\u00e1s utilizados:<\/p>\n\n\n\n<ul><li><strong><a rel=\"noreferrer noopener\" href=\"https:\/\/support.mozilla.org\/es\/kb\/habilitar-y-deshabilitar-cookies-sitios-web-rastrear-preferencias\" target=\"_blank\">Firefox<\/a><\/strong><\/li><li><strong><a rel=\"noreferrer noopener\" href=\"https:\/\/support.google.com\/chrome\/answer\/95647?hl=es\" target=\"_blank\">Chrome<\/a><\/strong><\/li><li><strong><a rel=\"noreferrer noopener\" href=\"https:\/\/support.microsoft.com\/es-es\/help\/278835\/how-to-delete-cookie-files-in-internet-explorer\" target=\"_blank\">Internet Explorer<\/a><\/strong><\/li><li><strong><a rel=\"noreferrer noopener\" href=\"https:\/\/support.microsoft.com\/es-es\/help\/4468242\/microsoft-edge-browsing-data-and-privacy-microsoft-privacy\" target=\"_blank\">Microsoft Edge<\/a><\/strong><\/li><li><strong><a rel=\"noreferrer noopener\" href=\"https:\/\/support.apple.com\/guide\/safari\/manage-cookies-and-website-data-sfri11471\/mac\" target=\"_blank\">Safari<\/a><\/strong><\/li><li><strong><a rel=\"noreferrer noopener\" href=\"https:\/\/help.opera.com\/en\/latest\/web-preferences\/#cookies\" target=\"_blank\">Opera<\/a><\/strong><\/li><li><strong>Otros navegadores<\/strong>: consulta la documentaci\u00f3n del navegador que tengas instalado.<\/li><\/ul>\n\n\n\n<p>Debes tener en cuenta que si bloqueas estas&nbsp;<em>cookies<\/em>&nbsp;se deshabilitar\u00e1n algunos servicios o sencillas herramientas para compartir contenido de nuestra p\u00e1gina web en plataformas de redes sociales.<\/p>\n\n\n\n<h4 class=\"wp-block-heading\">Complemento de inhabilitaci\u00f3n para navegadores de Google Analytics<\/h4>\n\n\n\n<p>Si deseas rechazar las&nbsp;<em>cookies<\/em>&nbsp;anal\u00edticas de Google Analytics en todos los navegadores, de forma que no se env\u00ede informaci\u00f3n tuya a Google Analytics, puedes descargar un complemento que realiza esta funci\u00f3n desde este enlace:&nbsp;<strong><a href=\"https:\/\/tools.google.com\/dlpage\/gaoptout\" target=\"_blank\" rel=\"noreferrer noopener\">https:\/\/tools.google.com\/dlpage\/gaoptout<\/a>.<\/strong><\/p>\n\n\n\n<h4 class=\"wp-block-heading\">CONSENTIMIENTO<\/h4>\n\n\n\n<p>En artsituacions.com nunca guardamos los datos personales de nuestros usuarios, a excepci\u00f3n de la direcci\u00f3n IP de acuerdo a lo descrito anteriormente, salvo que quieras registrarte de forma voluntaria o con el fin de realizar compras de los productos que ponemos a tu disposici\u00f3n o de recibir informaci\u00f3n sobre promociones y contenidos de tu inter\u00e9s.<\/p>\n\n\n\n<p>Si lo deseas, puedes ampliar la informaci\u00f3n sobre&nbsp;<em>cookies<\/em>&nbsp;en el&nbsp;<strong><a rel=\"noreferrer noopener\" href=\"http:\/\/www.agpd.es\/portalwebAGPD\/canaldocumentacion\/publicaciones\/common\/Guias\/Guia_Cookies.pdf\" target=\"_blank\">portal de la Agencia Espa\u00f1ola de Protecci\u00f3n de Datos<\/a><\/strong>&nbsp;o en el&nbsp;<strong><a rel=\"noreferrer noopener\" href=\"http:\/\/ec.europa.eu\/justice\/data-protection\/index_es.htm\" target=\"_blank\">sitio web del Grupo de Protecci\u00f3n de Datos del Art\u00edculo 29<\/a><\/strong>&nbsp;que se cre\u00f3 con arreglo al art\u00edculo 29 de la Directiva 95\/46\/CE como \u00f3rgano consultivo e independiente europeo que se ocupa de la protecci\u00f3n de datos y la privacidad.<\/p>\n\n\n\n<h4 class=\"wp-block-heading\">CAMBIOS EN LA POL\u00cdTICA DE&nbsp;<em>COOKIES<\/em><\/h4>\n\n\n\n<p>Puede que de vez en cuando realicemos cambios en el aviso actualizando esta p\u00e1gina, con el fin de reflejar los cambios en la ley o en nuestras pr\u00e1cticas de privacidad. Actualizaremos la fecha en la parte superior del aviso. Informaremos sobre cualquier cambio cuando as\u00ed lo requiera la legislaci\u00f3n aplicable. Sin embargo, te recomendamos comprobar si se han producido cambios en nuestra pol\u00edtica cuando vuelvas a visitar la p\u00e1gina web.<\/p>\n","protected":false},"excerpt":{"rendered":"<p>En artsituacions.com empleamos&nbsp;cookies. Queremos informarte de manera clara y precisa sobre las&nbsp;cookies&nbsp;que empleamos, explicando a continuaci\u00f3n qu\u00e9 es una&nbsp;cookie&nbsp;y para qu\u00e9 sirve, qu\u00e9 tipos de&nbsp;cookies&nbsp;empleamos, qu\u00e9 finalidad tienen, c\u00f3mo puedes configurarlas o deshabilitarlas si lo deseas y cu\u00e1les son las<span class=\"ellipsis\">&hellip;<\/span><\/p>\n<div class=\"read-more\"><a href=\"https:\/\/www.artsituacions.com\/es\/espolitica-de-cookies\/\">Leer m\u00e1s \u203a<\/a><\/div>\n<p><!-- end of .read-more --><\/p>\n","protected":false},"author":1,"featured_media":0,"parent":0,"menu_order":0,"comment_status":"closed","ping_status":"closed","template":"","meta":[],"yoast_head":"<!-- This site is optimized with the Yoast SEO plugin v17.8 - https:\/\/yoast.com\/wordpress\/plugins\/seo\/ -->\n<meta name=\"robots\" content=\"index, follow, max-snippet:-1, max-image-preview:large, max-video-preview:-1\" \/>\n<link rel=\"canonical\" href=\"https:\/\/www.artsituacions.com\/es\/espolitica-de-cookies\/\" \/>\n<meta property=\"og:locale\" content=\"es_ES\" \/>\n<meta property=\"og:type\" content=\"article\" \/>\n<meta property=\"og:title\" content=\"Pol\u00edtica de cookies\" \/>\n<meta property=\"og:description\" content=\"En artsituacions.com empleamos&nbsp;cookies. Queremos informarte de manera clara y precisa sobre las&nbsp;cookies&nbsp;que empleamos, explicando a continuaci\u00f3n qu\u00e9 es una&nbsp;cookie&nbsp;y para qu\u00e9 sirve, qu\u00e9 tipos de&nbsp;cookies&nbsp;empleamos, qu\u00e9 finalidad tienen, c\u00f3mo puedes configurarlas o deshabilitarlas si lo deseas y cu\u00e1les son las&hellip;Leer m\u00e1s \u203a\" \/>\n<meta property=\"og:url\" content=\"https:\/\/www.artsituacions.com\/es\/espolitica-de-cookies\/\" \/>\n<meta property=\"og:site_name\" content=\"Artsituacions\" \/>\n<meta property=\"article:modified_time\" content=\"2022-11-28T09:10:23+00:00\" \/>\n<meta name=\"twitter:card\" content=\"summary_large_image\" \/>\n<meta name=\"twitter:label1\" content=\"Tiempo de lectura\" \/>\n\t<meta name=\"twitter:data1\" content=\"10 minutos\" \/>\n<script type=\"application\/ld+json\" class=\"yoast-schema-graph\">{\"@context\":\"https:\/\/schema.org\",\"@graph\":[{\"@type\":\"WebSite\",\"@id\":\"https:\/\/www.artsituacions.com\/es\/#website\",\"url\":\"https:\/\/www.artsituacions.com\/es\/\",\"name\":\"Artsituacions\",\"description\":\"\",\"potentialAction\":[{\"@type\":\"SearchAction\",\"target\":{\"@type\":\"EntryPoint\",\"urlTemplate\":\"https:\/\/www.artsituacions.com\/es\/?s={search_term_string}\"},\"query-input\":\"required name=search_term_string\"}],\"inLanguage\":\"es-ES\"},{\"@type\":\"WebPage\",\"@id\":\"https:\/\/www.artsituacions.com\/es\/espolitica-de-cookies\/#webpage\",\"url\":\"https:\/\/www.artsituacions.com\/es\/espolitica-de-cookies\/\",\"name\":\"[:es]Pol\\u00edtica de cookies[:] - Artsituacions\",\"isPartOf\":{\"@id\":\"https:\/\/www.artsituacions.com\/es\/#website\"},\"datePublished\":\"2022-11-24T10:18:24+00:00\",\"dateModified\":\"2022-11-28T09:10:23+00:00\",\"breadcrumb\":{\"@id\":\"https:\/\/www.artsituacions.com\/es\/espolitica-de-cookies\/#breadcrumb\"},\"inLanguage\":\"es-ES\",\"potentialAction\":[{\"@type\":\"ReadAction\",\"target\":[\"https:\/\/www.artsituacions.com\/es\/espolitica-de-cookies\/\"]}]},{\"@type\":\"BreadcrumbList\",\"@id\":\"https:\/\/www.artsituacions.com\/es\/espolitica-de-cookies\/#breadcrumb\",\"itemListElement\":[{\"@type\":\"ListItem\",\"position\":1,\"name\":\"Home\",\"item\":\"https:\/\/www.artsituacions.com\/es\/\"},{\"@type\":\"ListItem\",\"position\":2,\"name\":\"Pol\\u00edtica de cookies\"}]}]}<\/script>\n<!-- \/ Yoast SEO plugin. -->","yoast_head_json":{"robots":{"index":"index","follow":"follow","max-snippet":"max-snippet:-1","max-image-preview":"max-image-preview:large","max-video-preview":"max-video-preview:-1"},"canonical":"https:\/\/www.artsituacions.com\/es\/espolitica-de-cookies\/","og_locale":"es_ES","og_type":"article","og_title":"[:es]Pol\u00edtica de cookies[:] - Artsituacions","og_description":"En artsituacions.com empleamos&nbsp;cookies. Queremos informarte de manera clara y precisa sobre las&nbsp;cookies&nbsp;que empleamos, explicando a continuaci\u00f3n qu\u00e9 es una&nbsp;cookie&nbsp;y para qu\u00e9 sirve, qu\u00e9 tipos de&nbsp;cookies&nbsp;empleamos, qu\u00e9 finalidad tienen, c\u00f3mo puedes configurarlas o deshabilitarlas si lo deseas y cu\u00e1les son las&hellip;Leer m\u00e1s \u203a","og_url":"https:\/\/www.artsituacions.com\/es\/espolitica-de-cookies\/","og_site_name":"Artsituacions","article_modified_time":"2022-11-28T09:10:23+00:00","twitter_card":"summary_large_image","twitter_misc":{"Tiempo de lectura":"10 minutos"},"schema":{"@context":"https:\/\/schema.org","@graph":[{"@type":"WebSite","@id":"https:\/\/www.artsituacions.com\/es\/#website","url":"https:\/\/www.artsituacions.com\/es\/","name":"Artsituacions","description":"","potentialAction":[{"@type":"SearchAction","target":{"@type":"EntryPoint","urlTemplate":"https:\/\/www.artsituacions.com\/es\/?s={search_term_string}"},"query-input":"required name=search_term_string"}],"inLanguage":"es-ES"},{"@type":"WebPage","@id":"https:\/\/www.artsituacions.com\/es\/espolitica-de-cookies\/#webpage","url":"https:\/\/www.artsituacions.com\/es\/espolitica-de-cookies\/","name":"[:es]Pol\u00edtica de cookies[:] - Artsituacions","isPartOf":{"@id":"https:\/\/www.artsituacions.com\/es\/#website"},"datePublished":"2022-11-24T10:18:24+00:00","dateModified":"2022-11-28T09:10:23+00:00","breadcrumb":{"@id":"https:\/\/www.artsituacions.com\/es\/espolitica-de-cookies\/#breadcrumb"},"inLanguage":"es-ES","potentialAction":[{"@type":"ReadAction","target":["https:\/\/www.artsituacions.com\/es\/espolitica-de-cookies\/"]}]},{"@type":"BreadcrumbList","@id":"https:\/\/www.artsituacions.com\/es\/espolitica-de-cookies\/#breadcrumb","itemListElement":[{"@type":"ListItem","position":1,"name":"Home","item":"https:\/\/www.artsituacions.com\/es\/"},{"@type":"ListItem","position":2,"name":"Pol\u00edtica de cookies"}]}]}},"AFP_featured_media_urls":{"full":false,"thumbnail":false,"medium":false,"medium_large":false,"large":false},"AFP_attachments":[],"AFP_videos":[],"AFP_video_blocks":"","AFP_category_names":[],"_links":{"self":[{"href":"https:\/\/www.artsituacions.com\/es\/wp-json\/wp\/v2\/pages\/2167"}],"collection":[{"href":"https:\/\/www.artsituacions.com\/es\/wp-json\/wp\/v2\/pages"}],"about":[{"href":"https:\/\/www.artsituacions.com\/es\/wp-json\/wp\/v2\/types\/page"}],"author":[{"embeddable":true,"href":"https:\/\/www.artsituacions.com\/es\/wp-json\/wp\/v2\/users\/1"}],"replies":[{"embeddable":true,"href":"https:\/\/www.artsituacions.com\/es\/wp-json\/wp\/v2\/comments?post=2167"}],"version-history":[{"count":10,"href":"https:\/\/www.artsituacions.com\/es\/wp-json\/wp\/v2\/pages\/2167\/revisions"}],"predecessor-version":[{"id":2178,"href":"https:\/\/www.artsituacions.com\/es\/wp-json\/wp\/v2\/pages\/2167\/revisions\/2178"}],"wp:attachment":[{"href":"https:\/\/www.artsituacions.com\/es\/wp-json\/wp\/v2\/media?parent=2167"}],"curies":[{"name":"wp","href":"https:\/\/api.w.org\/{rel}","templated":true}]}}