{"id":2468,"date":"2023-03-21T09:57:04","date_gmt":"2023-03-21T09:57:04","guid":{"rendered":"https:\/\/www.artsituacions.com\/ca\/?page_id=2468"},"modified":"2026-03-09T09:43:53","modified_gmt":"2026-03-09T09:43:53","slug":"premio-art-situacions","status":"publish","type":"page","link":"https:\/\/www.artsituacions.com\/es\/premio-art-situacions\/","title":{"rendered":"Premio Pilar Forcada ART Situacions"},"content":{"rendered":"<div class=\"commiteeDetail clearfix\" style=\"margin-top: 20px;\">\n<div class=\"c1\"><img decoding=\"async\" class=\"alignnone size-full wp-image-46\" src=\"\/wp-content\/uploads\/2023\/03\/pilar.jpeg\" alt=\"premio pilar forcada art situacions\" height=\"300\">&nbsp;<\/p>\n<div class=\"supportBy\" style=\"margin-top: 5px;\"><strong>Director ArtSituacions:<\/strong><br \/>\nMarcel Pascual&nbsp;<\/p>\n<p><strong>Patrocinio:<\/strong><br \/>\nMarcel Pascual<\/p>\n<div class=\"box\">\n<div class=\"item\"><a href=\"https:\/\/www.hondaencasa.com\/\" target=\"_blank\" rel=\"noopener\"><img decoding=\"async\" loading=\"lazy\" class=\"alignnone size-thumbnail wp-image-127\" src=\"\/wp-content\/uploads\/2014\/10\/honda-the-power-of-dreams-300x144.jpg\" alt=\"honda-the-power-of-dreams\" width=\"100\" height=\"48\"><\/a><\/div>\n<div class=\"item\"><a href=\"https:\/\/www.hondaencasa.com\/\" target=\"_blank\" rel=\"noopener\"><img decoding=\"async\" loading=\"lazy\" class=\"alignnone size-thumbnail wp-image-127\" src=\"\/wp-content\/uploads\/2015\/09\/greens.jpg\" alt=\"greens\" width=\"100\" height=\"48\"><\/a><\/div>\n<p style=\"display: block; padding-top: 40px; margin-bottom: -10px; clear: both; float: none;\"><strong>Anteriores ediciones:<\/strong><\/p>\n<p><a style=\"color: #cc0000;\" href=\"art-situacions-arcomadrid-2025\">2025<\/a><br \/>\n<a style=\"color: #cc0000;\" href=\"art-situacions-arcomadrid-2022\">2022<\/a><br \/>\n<a style=\"color: #cc0000;\" href=\"premio-art-situacions-arcomadrid-2020\">2020<\/a><br \/>\n<a style=\"color: #cc0000;\" href=\"premio-art-situacions-arcomadrid-2019\">2019<\/a><br \/>\n<a style=\"color: #cc0000;\" href=\"arcomadrid-2018\">2018<\/a><br \/>\n<a style=\"color: #cc0000;\" href=\"arcomadrid-2017\">2017<\/a><\/p>\n<\/div>\n<p><!--box--><\/p>\n<\/div>\n<p><!--supportby--><\/p>\n<\/div>\n<p><!--c1--><\/p>\n<div class=\"c2\">\n<div class=\"scroll-pane\">\n<div class=\"info\">\n<p>&nbsp;<\/p>\n<h4>Impulsando el Arte Emergente Internacional<\/h4>\n<p>Desde su creaci\u00f3n en 2017, el Premio ARCOMadrid ha sido otorgado anualmente a la mejor obra de arte emergente presentada en la feria ARCO de Madrid. Su objetivo es reafirmar el compromiso de ART Situacions con el arte emergente internacional, apoyando a los j\u00f3venes creadores y promoviendo el arte contempor\u00e1neo actual. A partir de 2022, el premio cambia su nombre a Premio Pilar Forcada ART Situacions, en honor a la fundadora y directora de ART Situacions, quien falleci\u00f3 tristemente en 2022. Pilar Forcada fue el alma del proyecto y su legado contin\u00faa inspirando a la comunidad art\u00edstica emergente.<\/p>\n<div class=\"premi\">\n<div>\n<figure><a href=\"art-situacions-arcomadrid-2026\"><img decoding=\"async\" style=\"border: 0px;\" src=\"https:\/\/www.artsituacions.com\/wp-content\/uploads\/2026\/03\/premi-1.jpg\" alt=\"ArcoMadrid2026\"><\/a><span class=\"premi-year\">2026<\/span><\/figure>\n<\/div>\n<div>\n<figure><a href=\"art-situacions-arcomadrid-2025\"><img decoding=\"async\" style=\"border: 0px;\" src=\"https:\/\/www.artsituacions.com\/wp-content\/uploads\/2025\/03\/premi-2025.jpg\" alt=\"ArcoMadrid2025\"><\/a><span class=\"premi-year\">2025<\/span><\/figure>\n<\/div>\n<div>\n<figure><a href=\"art-situacions-arcomadrid-2022\"><img decoding=\"async\" style=\"border: 0px;\" src=\"https:\/\/www.artsituacions.com\/wp-content\/uploads\/2023\/03\/premi-2022.jpg\" alt=\"ArcoMadrid2022\"><\/a><span class=\"premi-year\">2022<\/span><\/figure>\n<\/div>\n<div>\n<figure><a href=\"premio-art-situacions-arcomadrid-2020\"><img decoding=\"async\" style=\"border: 0px;\" src=\"https:\/\/www.artsituacions.com\/wp-content\/uploads\/2023\/03\/premi-2020.jpg\" alt=\"ArcoMadrid2020\"><\/a><span class=\"premi-year\">2020<\/span><\/figure>\n<\/div>\n<div>\n<figure><a href=\"premio-art-situacions-arcomadrid-2019\"><img decoding=\"async\" style=\"border: 0px;\" src=\"https:\/\/www.artsituacions.com\/wp-content\/uploads\/2023\/03\/premi-2019.jpeg\" alt=\"ArcoMadrid2019\"><\/a><span class=\"premi-year\">2019<\/span><\/figure>\n<\/div>\n<div>\n<figure><a href=\"arcomadrid-2018\"><img decoding=\"async\" style=\"border: 0px;\" src=\"https:\/\/www.artsituacions.com\/wp-content\/uploads\/2023\/03\/premi-2018.jpeg\" alt=\"ArcoMadrid2018\"><\/a><span class=\"premi-year\">2018<\/span><\/figure>\n<\/div>\n<div>\n<figure><a href=\"arcomadrid-2017\"><img decoding=\"async\" style=\"border: 0px;\" src=\"https:\/\/www.artsituacions.com\/wp-content\/uploads\/2023\/03\/premi-2017.jpg\" alt=\"ArcoMadrid2017\"><\/a><span class=\"premi-year\">2017<\/span><\/figure>\n<\/div>\n<\/div>\n<p>&nbsp;<\/p>\n<\/div>\n<p><!--info--><\/p>\n<\/div>\n<style>.scroll-pane{width: 100%;height:auto;overflow: auto;}<\/style>\n<\/div>\n<p><!--c2--><br \/>\n<br style=\"clear: both;\"><\/p>\n<\/div>\n<p><!--exhibitioninfo--><\/p>\n","protected":false},"excerpt":{"rendered":"<p>&nbsp; Director ArtSituacions: Marcel Pascual&nbsp; Patrocinio: Marcel Pascual Anteriores ediciones: 2025 2022 2020 2019 2018 2017 &nbsp; Impulsando el Arte Emergente Internacional Desde su creaci\u00f3n en 2017, el Premio ARCOMadrid ha sido otorgado anualmente a la mejor obra de arte<span class=\"ellipsis\">&hellip;<\/span><\/p>\n<div class=\"read-more\"><a href=\"https:\/\/www.artsituacions.com\/es\/premio-art-situacions\/\">Leer m\u00e1s \u203a<\/a><\/div>\n<p><!-- end of .read-more --><\/p>\n","protected":false},"author":1,"featured_media":0,"parent":0,"menu_order":0,"comment_status":"closed","ping_status":"closed","template":"","meta":[],"yoast_head":"<!-- This site is optimized with the Yoast SEO plugin v17.8 - https:\/\/yoast.com\/wordpress\/plugins\/seo\/ -->\n<meta name=\"robots\" content=\"index, follow, max-snippet:-1, max-image-preview:large, max-video-preview:-1\" \/>\n<link rel=\"canonical\" href=\"https:\/\/www.artsituacions.com\/en\/premio-art-situacions\/\" \/>\n<meta property=\"og:locale\" content=\"es_ES\" \/>\n<meta property=\"og:type\" content=\"article\" \/>\n<meta property=\"og:title\" content=\"Premio Pilar Forcada ART Situacions\" \/>\n<meta property=\"og:description\" content=\"&nbsp; Director ArtSituacions: Marcel Pascual&nbsp; Patrocinio: Marcel Pascual Anteriores ediciones: 2025 2022 2020 2019 2018 2017 &nbsp; Impulsando el Arte Emergente Internacional Desde su creaci\u00f3n en 2017, el Premio ARCOMadrid ha sido otorgado anualmente a la mejor obra de arte&hellip;Leer m\u00e1s \u203a\" \/>\n<meta property=\"og:url\" content=\"https:\/\/www.artsituacions.com\/es\/premio-art-situacions\/\" \/>\n<meta property=\"og:site_name\" content=\"Artsituacions\" \/>\n<meta property=\"article:modified_time\" content=\"2026-03-09T09:43:53+00:00\" \/>\n<meta property=\"og:image\" content=\"https:\/\/www.artsituacions.com\/wp-content\/uploads\/2023\/03\/pilar.jpeg\" \/>\n<meta name=\"twitter:card\" content=\"summary_large_image\" \/>\n<meta name=\"twitter:label1\" content=\"Tiempo de lectura\" \/>\n\t<meta name=\"twitter:data1\" content=\"4 minutos\" \/>\n<script type=\"application\/ld+json\" class=\"yoast-schema-graph\">{\"@context\":\"https:\/\/schema.org\",\"@graph\":[{\"@type\":\"WebSite\",\"@id\":\"https:\/\/www.artsituacions.com\/es\/#website\",\"url\":\"https:\/\/www.artsituacions.com\/es\/\",\"name\":\"Artsituacions\",\"description\":\"\",\"potentialAction\":[{\"@type\":\"SearchAction\",\"target\":{\"@type\":\"EntryPoint\",\"urlTemplate\":\"https:\/\/www.artsituacions.com\/es\/?s={search_term_string}\"},\"query-input\":\"required name=search_term_string\"}],\"inLanguage\":\"es-ES\"},{\"@type\":\"ImageObject\",\"@id\":\"https:\/\/www.artsituacions.com\/en\/premio-art-situacions\/#primaryimage\",\"inLanguage\":\"es-ES\",\"url\":\"\/wp-content\/uploads\/2023\/03\/pilar.jpeg\",\"contentUrl\":\"\/wp-content\/uploads\/2023\/03\/pilar.jpeg\"},{\"@type\":\"WebPage\",\"@id\":\"https:\/\/www.artsituacions.com\/en\/premio-art-situacions\/#webpage\",\"url\":\"https:\/\/www.artsituacions.com\/en\/premio-art-situacions\/\",\"name\":\"[:es]Premio Pilar Forcada ART Situacions[:ca]Premi Pilar Forcada ART Situacions[:en]Pilar Forcada ART Situacions Prize[:it]Premio ART Situacions ARCOmadrid 2020[:] - Artsituacions\",\"isPartOf\":{\"@id\":\"https:\/\/www.artsituacions.com\/es\/#website\"},\"primaryImageOfPage\":{\"@id\":\"https:\/\/www.artsituacions.com\/en\/premio-art-situacions\/#primaryimage\"},\"datePublished\":\"2023-03-21T09:57:04+00:00\",\"dateModified\":\"2026-03-09T09:43:53+00:00\",\"breadcrumb\":{\"@id\":\"https:\/\/www.artsituacions.com\/en\/premio-art-situacions\/#breadcrumb\"},\"inLanguage\":\"es-ES\",\"potentialAction\":[{\"@type\":\"ReadAction\",\"target\":[\"https:\/\/www.artsituacions.com\/en\/premio-art-situacions\/\"]}]},{\"@type\":\"BreadcrumbList\",\"@id\":\"https:\/\/www.artsituacions.com\/en\/premio-art-situacions\/#breadcrumb\",\"itemListElement\":[{\"@type\":\"ListItem\",\"position\":1,\"name\":\"Home\",\"item\":\"https:\/\/www.artsituacions.com\/es\/\"},{\"@type\":\"ListItem\",\"position\":2,\"name\":\"Pilar Forcada ART Situacions Prize\"}]}]}<\/script>\n<!-- \/ Yoast SEO plugin. -->","yoast_head_json":{"robots":{"index":"index","follow":"follow","max-snippet":"max-snippet:-1","max-image-preview":"max-image-preview:large","max-video-preview":"max-video-preview:-1"},"canonical":"https:\/\/www.artsituacions.com\/en\/premio-art-situacions\/","og_locale":"es_ES","og_type":"article","og_title":"[:es]Premio Pilar Forcada ART Situacions[:ca]Premi Pilar Forcada ART Situacions[:en]Pilar Forcada ART Situacions Prize[:it]Premio ART Situacions ARCOmadrid 2020[:] - Artsituacions","og_description":"&nbsp; Director ArtSituacions: Marcel Pascual&nbsp; Patrocinio: Marcel Pascual Anteriores ediciones: 2025 2022 2020 2019 2018 2017 &nbsp; Impulsando el Arte Emergente Internacional Desde su creaci\u00f3n en 2017, el Premio ARCOMadrid ha sido otorgado anualmente a la mejor obra de arte&hellip;Leer m\u00e1s \u203a","og_url":"https:\/\/www.artsituacions.com\/es\/premio-art-situacions\/","og_site_name":"Artsituacions","article_modified_time":"2026-03-09T09:43:53+00:00","og_image":[{"url":"https:\/\/www.artsituacions.com\/wp-content\/uploads\/2023\/03\/pilar.jpeg"}],"twitter_card":"summary_large_image","twitter_misc":{"Tiempo de lectura":"4 minutos"},"schema":{"@context":"https:\/\/schema.org","@graph":[{"@type":"WebSite","@id":"https:\/\/www.artsituacions.com\/es\/#website","url":"https:\/\/www.artsituacions.com\/es\/","name":"Artsituacions","description":"","potentialAction":[{"@type":"SearchAction","target":{"@type":"EntryPoint","urlTemplate":"https:\/\/www.artsituacions.com\/es\/?s={search_term_string}"},"query-input":"required name=search_term_string"}],"inLanguage":"es-ES"},{"@type":"ImageObject","@id":"https:\/\/www.artsituacions.com\/en\/premio-art-situacions\/#primaryimage","inLanguage":"es-ES","url":"\/wp-content\/uploads\/2023\/03\/pilar.jpeg","contentUrl":"\/wp-content\/uploads\/2023\/03\/pilar.jpeg"},{"@type":"WebPage","@id":"https:\/\/www.artsituacions.com\/en\/premio-art-situacions\/#webpage","url":"https:\/\/www.artsituacions.com\/en\/premio-art-situacions\/","name":"[:es]Premio Pilar Forcada ART Situacions[:ca]Premi Pilar Forcada ART Situacions[:en]Pilar Forcada ART Situacions Prize[:it]Premio ART Situacions ARCOmadrid 2020[:] - Artsituacions","isPartOf":{"@id":"https:\/\/www.artsituacions.com\/es\/#website"},"primaryImageOfPage":{"@id":"https:\/\/www.artsituacions.com\/en\/premio-art-situacions\/#primaryimage"},"datePublished":"2023-03-21T09:57:04+00:00","dateModified":"2026-03-09T09:43:53+00:00","breadcrumb":{"@id":"https:\/\/www.artsituacions.com\/en\/premio-art-situacions\/#breadcrumb"},"inLanguage":"es-ES","potentialAction":[{"@type":"ReadAction","target":["https:\/\/www.artsituacions.com\/en\/premio-art-situacions\/"]}]},{"@type":"BreadcrumbList","@id":"https:\/\/www.artsituacions.com\/en\/premio-art-situacions\/#breadcrumb","itemListElement":[{"@type":"ListItem","position":1,"name":"Home","item":"https:\/\/www.artsituacions.com\/es\/"},{"@type":"ListItem","position":2,"name":"Pilar Forcada ART Situacions Prize"}]}]}},"AFP_featured_media_urls":{"full":false,"thumbnail":false,"medium":false,"medium_large":false,"large":false},"AFP_attachments":[],"AFP_videos":[],"AFP_video_blocks":"","AFP_category_names":[],"_links":{"self":[{"href":"https:\/\/www.artsituacions.com\/es\/wp-json\/wp\/v2\/pages\/2468"}],"collection":[{"href":"https:\/\/www.artsituacions.com\/es\/wp-json\/wp\/v2\/pages"}],"about":[{"href":"https:\/\/www.artsituacions.com\/es\/wp-json\/wp\/v2\/types\/page"}],"author":[{"embeddable":true,"href":"https:\/\/www.artsituacions.com\/es\/wp-json\/wp\/v2\/users\/1"}],"replies":[{"embeddable":true,"href":"https:\/\/www.artsituacions.com\/es\/wp-json\/wp\/v2\/comments?post=2468"}],"version-history":[{"count":59,"href":"https:\/\/www.artsituacions.com\/es\/wp-json\/wp\/v2\/pages\/2468\/revisions"}],"predecessor-version":[{"id":3288,"href":"https:\/\/www.artsituacions.com\/es\/wp-json\/wp\/v2\/pages\/2468\/revisions\/3288"}],"wp:attachment":[{"href":"https:\/\/www.artsituacions.com\/es\/wp-json\/wp\/v2\/media?parent=2468"}],"curies":[{"name":"wp","href":"https:\/\/api.w.org\/{rel}","templated":true}]}}