{"id":493,"date":"2014-11-26T17:47:12","date_gmt":"2014-11-26T17:47:12","guid":{"rendered":"http:\/\/elb-artsituacions-com-1145311841.eu-west-1.elb.amazonaws.com\/?page_id=493"},"modified":"2022-02-23T20:34:22","modified_gmt":"2022-02-23T20:34:22","slug":"comite","status":"publish","type":"page","link":"https:\/\/www.artsituacions.com\/es\/comite\/","title":{"rendered":"Comit\u00e9"},"content":{"rendered":"<div class=\"commitee clearfix\">\n<h2 class=\"hdrSection\">Miembros del Comit\u00e9 ART Situacions III (2022)<\/h2>\n<ul style=\"Margin-bottom:70px;\" class=\"itemList\">\n<li>\n<figure><a href=\"\/comite\/vicente-todoli\"><img decoding=\"async\" style=\"border: 0px;\" src=\"https:\/\/www.artsituacions.com\/wp-content\/uploads\/2014\/11\/todoli.png\" alt=\"Vicent Todoli 300\"><\/a><figcaption>Vicente Todol\u00ed<\/figcaption><\/figure>\n<\/li>\n<li>\n<figure><a href=\"\/comite\/maria-corral\"><img decoding=\"async\" style=\"border: 0px;\" src=\"https:\/\/www.artsituacions.com\/wp-content\/uploads\/2022\/01\/foto-maria_grande.jpg\" alt=\"Maria Corral 300 px\"><\/a><figcaption>Mar\u00eda de Corral<\/figcaption><\/figure>\n<\/li>\n<li>\n<figure><a href=\"\/comite\/lorena-martinez\"><img decoding=\"async\" style=\"border: 0px;\" src=\"https:\/\/www.artsituacions.com\/wp-content\/uploads\/2022\/01\/foto-lorena_peque.jpg\" alt=\"lorena-martinez\"><br \/>\n<\/a><figcaption>Lorena Mart\u00ednez de Corral<\/figcaption><\/figure>\n<\/li>\n<li>\n<figure><a href=\"\/comite\/chus-martinez\"><img decoding=\"async\" style=\"border: 0px;\" src=\"https:\/\/www.artsituacions.com\/wp-content\/uploads\/2022\/02\/chus-martinez.jpg\" alt=\"chus-martinez\"><br \/>\n<\/a><figcaption>Chus Mart\u00ednez<\/figcaption><\/figure>\n<\/li>\n<\/ul>\n<h2 class=\"hdrSection\">Miembros del Comit\u00e9 ART Situacions II (2015-2016)<\/h2>\n<ul style=\"Margin-bottom:70px;\" class=\"itemList\">\n<li>\n<figure><a href=\"\/comite\/vicente-todoli\"><img decoding=\"async\" style=\"border: 0px;\" src=\"https:\/\/www.artsituacions.com\/wp-content\/uploads\/2014\/11\/todoli.png\" alt=\"Vicent Todoli 300\"><\/a><figcaption>Vicente Todol\u00ed<\/figcaption><\/figure>\n<\/li>\n<li>\n<figure><a href=\"\/comite\/maria-corral\"><img decoding=\"async\" style=\"border: 0px;\" src=\"https:\/\/www.artsituacions.com\/wp-content\/uploads\/2022\/01\/foto-maria_grande.jpg\" alt=\"Maria Corral 300 px\"><\/a><figcaption>Mar\u00eda de Corral<\/figcaption><\/figure>\n<\/li>\n<li>\n<figure><a href=\"\/comite\/lorena-martinez\"><img decoding=\"async\" style=\"border: 0px;\" src=\"https:\/\/www.artsituacions.com\/wp-content\/uploads\/2022\/01\/foto-lorena_peque.jpg\" alt=\"lorena-martinez\"><br \/>\n<\/a><figcaption>Lorena Mart\u00ednez de Corral<\/figcaption><\/figure>\n<\/li>\n<li>\n<figure><a href=\"\/comite\/ilaria-gianni\"><img decoding=\"async\" style=\"border: 0px;\" src=\"\/wp-content\/uploads\/2015\/01\/ilaria-gianni.jpg\" alt=\"Ilaria\"><\/a><figcaption>Ilaria Gianni<\/figcaption><\/figure>\n<\/li>\n<\/ul>\n<h2 class=\"hdrSection\">Miembros del Comit\u00e9 ART Situacions I (2009-2013)<\/h2>\n<ul class=\"itemList\">\n<li>\n<figure><a href=\"\/comite\/vicente-todoli\"><img decoding=\"async\" style=\"border: 0px;\" src=\"https:\/\/www.artsituacions.com\/wp-content\/uploads\/2014\/11\/todoli.png\" alt=\"Vicent Todoli 300\"><br \/>\n<\/a><figcaption>Vicente Todol\u00ed<\/figcaption><\/figure>\n<\/li>\n<li>\n<figure><a href=\"\/comite\/yolanda-romero\"><img decoding=\"async\" style=\"border: 0px;\" src=\"\/wp-content\/uploads\/2014\/11\/yolanda-romero-300px_author_image.jpg\" alt=\"Yolanda Romero 300px\"><\/a><figcaption>Yolanda Romero<\/figcaption><\/figure>\n<\/li>\n<li>\n<figure><a href=\"\/comite\/maria-corral\"><img decoding=\"async\" style=\"border: 0px;\" src=\"https:\/\/www.artsituacions.com\/wp-content\/uploads\/2022\/01\/foto-maria_grande.jpg\" alt=\"Maria Corral 300 px\"><\/a><figcaption>Mar\u00eda de Corral<\/figcaption><\/figure>\n<\/li>\n<li>\n<figure><a href=\"\/comite\/teresa-blanch\"><img decoding=\"async\" style=\"border: 0px;\" src=\"\/wp-content\/uploads\/2014\/11\/teresa-blanch-300_author_image.jpg\" alt=\"Teresa Blanch 300\"><\/a><figcaption>Teresa Blanch<\/figcaption><\/figure>\n<\/li>\n<\/ul>\n<\/div>\n","protected":false},"excerpt":{"rendered":"<p>Miembros del Comit\u00e9 ART Situacions III (2022) Vicente Todol\u00ed Mar\u00eda de Corral Lorena Mart\u00ednez de Corral Chus Mart\u00ednez Miembros del Comit\u00e9 ART Situacions II (2015-2016) Vicente Todol\u00ed Mar\u00eda de Corral Lorena Mart\u00ednez de Corral Ilaria Gianni Miembros del Comit\u00e9 ART<span class=\"ellipsis\">&hellip;<\/span><\/p>\n<div class=\"read-more\"><a href=\"https:\/\/www.artsituacions.com\/es\/comite\/\">Leer m\u00e1s \u203a<\/a><\/div>\n<p><!-- end of .read-more --><\/p>\n","protected":false},"author":1,"featured_media":0,"parent":0,"menu_order":0,"comment_status":"closed","ping_status":"closed","template":"","meta":[],"yoast_head":"<!-- This site is optimized with the Yoast SEO plugin v17.8 - https:\/\/yoast.com\/wordpress\/plugins\/seo\/ -->\n<meta name=\"robots\" content=\"index, follow, max-snippet:-1, max-image-preview:large, max-video-preview:-1\" \/>\n<link rel=\"canonical\" href=\"https:\/\/www.artsituacions.com\/es\/comite\/\" \/>\n<meta property=\"og:locale\" content=\"es_ES\" \/>\n<meta property=\"og:type\" content=\"article\" \/>\n<meta property=\"og:title\" content=\"Comit\u00e9\" \/>\n<meta property=\"og:description\" content=\"Miembros del Comit\u00e9 ART Situacions III (2022) Vicente Todol\u00ed Mar\u00eda de Corral Lorena Mart\u00ednez de Corral Chus Mart\u00ednez Miembros del Comit\u00e9 ART Situacions II (2015-2016) Vicente Todol\u00ed Mar\u00eda de Corral Lorena Mart\u00ednez de Corral Ilaria Gianni Miembros del Comit\u00e9 ART&hellip;Leer m\u00e1s \u203a\" \/>\n<meta property=\"og:url\" content=\"https:\/\/www.artsituacions.com\/es\/comite\/\" \/>\n<meta property=\"og:site_name\" content=\"Artsituacions\" \/>\n<meta property=\"article:modified_time\" content=\"2022-02-23T20:34:22+00:00\" \/>\n<meta property=\"og:image\" content=\"https:\/\/www.artsituacions.com\/wp-content\/uploads\/2014\/11\/todoli.png\" \/>\n<meta name=\"twitter:card\" content=\"summary_large_image\" \/>\n<meta name=\"twitter:label1\" content=\"Tiempo de lectura\" \/>\n\t<meta name=\"twitter:data1\" content=\"3 minutos\" \/>\n<script type=\"application\/ld+json\" class=\"yoast-schema-graph\">{\"@context\":\"https:\/\/schema.org\",\"@graph\":[{\"@type\":\"WebSite\",\"@id\":\"https:\/\/www.artsituacions.com\/es\/#website\",\"url\":\"https:\/\/www.artsituacions.com\/es\/\",\"name\":\"Artsituacions\",\"description\":\"\",\"potentialAction\":[{\"@type\":\"SearchAction\",\"target\":{\"@type\":\"EntryPoint\",\"urlTemplate\":\"https:\/\/www.artsituacions.com\/es\/?s={search_term_string}\"},\"query-input\":\"required name=search_term_string\"}],\"inLanguage\":\"es-ES\"},{\"@type\":\"ImageObject\",\"@id\":\"https:\/\/www.artsituacions.com\/es\/comite\/#primaryimage\",\"inLanguage\":\"es-ES\",\"url\":\"https:\/\/www.artsituacions.com\/wp-content\/uploads\/2014\/11\/todoli.png\",\"contentUrl\":\"https:\/\/www.artsituacions.com\/wp-content\/uploads\/2014\/11\/todoli.png\",\"width\":437,\"height\":445},{\"@type\":\"WebPage\",\"@id\":\"https:\/\/www.artsituacions.com\/es\/comite\/#webpage\",\"url\":\"https:\/\/www.artsituacions.com\/es\/comite\/\",\"name\":\"[:es]Comit\\u00e9[:ca]Comit\\u00e8[:en]Committee[:it]Comitato[:] - Artsituacions\",\"isPartOf\":{\"@id\":\"https:\/\/www.artsituacions.com\/es\/#website\"},\"primaryImageOfPage\":{\"@id\":\"https:\/\/www.artsituacions.com\/es\/comite\/#primaryimage\"},\"datePublished\":\"2014-11-26T17:47:12+00:00\",\"dateModified\":\"2022-02-23T20:34:22+00:00\",\"breadcrumb\":{\"@id\":\"https:\/\/www.artsituacions.com\/es\/comite\/#breadcrumb\"},\"inLanguage\":\"es-ES\",\"potentialAction\":[{\"@type\":\"ReadAction\",\"target\":[\"https:\/\/www.artsituacions.com\/es\/comite\/\"]}]},{\"@type\":\"BreadcrumbList\",\"@id\":\"https:\/\/www.artsituacions.com\/es\/comite\/#breadcrumb\",\"itemListElement\":[{\"@type\":\"ListItem\",\"position\":1,\"name\":\"Home\",\"item\":\"https:\/\/www.artsituacions.com\/es\/\"},{\"@type\":\"ListItem\",\"position\":2,\"name\":\"Comit\\u00e9\"}]}]}<\/script>\n<!-- \/ Yoast SEO plugin. -->","yoast_head_json":{"robots":{"index":"index","follow":"follow","max-snippet":"max-snippet:-1","max-image-preview":"max-image-preview:large","max-video-preview":"max-video-preview:-1"},"canonical":"https:\/\/www.artsituacions.com\/es\/comite\/","og_locale":"es_ES","og_type":"article","og_title":"[:es]Comit\u00e9[:ca]Comit\u00e8[:en]Committee[:it]Comitato[:] - Artsituacions","og_description":"Miembros del Comit\u00e9 ART Situacions III (2022) Vicente Todol\u00ed Mar\u00eda de Corral Lorena Mart\u00ednez de Corral Chus Mart\u00ednez Miembros del Comit\u00e9 ART Situacions II (2015-2016) Vicente Todol\u00ed Mar\u00eda de Corral Lorena Mart\u00ednez de Corral Ilaria Gianni Miembros del Comit\u00e9 ART&hellip;Leer m\u00e1s \u203a","og_url":"https:\/\/www.artsituacions.com\/es\/comite\/","og_site_name":"Artsituacions","article_modified_time":"2022-02-23T20:34:22+00:00","og_image":[{"url":"https:\/\/www.artsituacions.com\/wp-content\/uploads\/2014\/11\/todoli.png"}],"twitter_card":"summary_large_image","twitter_misc":{"Tiempo de lectura":"3 minutos"},"schema":{"@context":"https:\/\/schema.org","@graph":[{"@type":"WebSite","@id":"https:\/\/www.artsituacions.com\/es\/#website","url":"https:\/\/www.artsituacions.com\/es\/","name":"Artsituacions","description":"","potentialAction":[{"@type":"SearchAction","target":{"@type":"EntryPoint","urlTemplate":"https:\/\/www.artsituacions.com\/es\/?s={search_term_string}"},"query-input":"required name=search_term_string"}],"inLanguage":"es-ES"},{"@type":"ImageObject","@id":"https:\/\/www.artsituacions.com\/es\/comite\/#primaryimage","inLanguage":"es-ES","url":"https:\/\/www.artsituacions.com\/wp-content\/uploads\/2014\/11\/todoli.png","contentUrl":"https:\/\/www.artsituacions.com\/wp-content\/uploads\/2014\/11\/todoli.png","width":437,"height":445},{"@type":"WebPage","@id":"https:\/\/www.artsituacions.com\/es\/comite\/#webpage","url":"https:\/\/www.artsituacions.com\/es\/comite\/","name":"[:es]Comit\u00e9[:ca]Comit\u00e8[:en]Committee[:it]Comitato[:] - Artsituacions","isPartOf":{"@id":"https:\/\/www.artsituacions.com\/es\/#website"},"primaryImageOfPage":{"@id":"https:\/\/www.artsituacions.com\/es\/comite\/#primaryimage"},"datePublished":"2014-11-26T17:47:12+00:00","dateModified":"2022-02-23T20:34:22+00:00","breadcrumb":{"@id":"https:\/\/www.artsituacions.com\/es\/comite\/#breadcrumb"},"inLanguage":"es-ES","potentialAction":[{"@type":"ReadAction","target":["https:\/\/www.artsituacions.com\/es\/comite\/"]}]},{"@type":"BreadcrumbList","@id":"https:\/\/www.artsituacions.com\/es\/comite\/#breadcrumb","itemListElement":[{"@type":"ListItem","position":1,"name":"Home","item":"https:\/\/www.artsituacions.com\/es\/"},{"@type":"ListItem","position":2,"name":"Comit\u00e9"}]}]}},"AFP_featured_media_urls":{"full":false,"thumbnail":false,"medium":false,"medium_large":false,"large":false},"AFP_attachments":[],"AFP_videos":[],"AFP_video_blocks":"","AFP_category_names":[],"_links":{"self":[{"href":"https:\/\/www.artsituacions.com\/es\/wp-json\/wp\/v2\/pages\/493"}],"collection":[{"href":"https:\/\/www.artsituacions.com\/es\/wp-json\/wp\/v2\/pages"}],"about":[{"href":"https:\/\/www.artsituacions.com\/es\/wp-json\/wp\/v2\/types\/page"}],"author":[{"embeddable":true,"href":"https:\/\/www.artsituacions.com\/es\/wp-json\/wp\/v2\/users\/1"}],"replies":[{"embeddable":true,"href":"https:\/\/www.artsituacions.com\/es\/wp-json\/wp\/v2\/comments?post=493"}],"version-history":[{"count":57,"href":"https:\/\/www.artsituacions.com\/es\/wp-json\/wp\/v2\/pages\/493\/revisions"}],"predecessor-version":[{"id":1967,"href":"https:\/\/www.artsituacions.com\/es\/wp-json\/wp\/v2\/pages\/493\/revisions\/1967"}],"wp:attachment":[{"href":"https:\/\/www.artsituacions.com\/es\/wp-json\/wp\/v2\/media?parent=493"}],"curies":[{"name":"wp","href":"https:\/\/api.w.org\/{rel}","templated":true}]}}