{"id":527,"date":"2014-11-26T18:36:12","date_gmt":"2014-11-26T18:36:12","guid":{"rendered":"http:\/\/elb-artsituacions-com-1145311841.eu-west-1.elb.amazonaws.com\/?page_id=527"},"modified":"2023-05-31T09:49:05","modified_gmt":"2023-05-31T09:49:05","slug":"quienes-somos","status":"publish","type":"page","link":"https:\/\/www.artsituacions.com\/es\/quienes-somos\/","title":{"rendered":"Qui\u00e9nes somos"},"content":{"rendered":"<div class=\"profile clearfix\">\n<div class=\"c1\"><img decoding=\"async\" loading=\"lazy\" class=\"alignnone size-full wp-image-530\" src=\"\/wp-content\/uploads\/2014\/11\/about_about_us.jpg\" alt=\"about_about_us\" width=\"250\" height=\"250\" srcset=\"https:\/\/www.artsituacions.com\/wp-content\/uploads\/2014\/11\/about_about_us.jpg 250w, https:\/\/www.artsituacions.com\/wp-content\/uploads\/2014\/11\/about_about_us-100x100.jpg 100w, https:\/\/www.artsituacions.com\/wp-content\/uploads\/2014\/11\/about_about_us-150x150.jpg 150w, https:\/\/www.artsituacions.com\/wp-content\/uploads\/2014\/11\/about_about_us-200x200.jpg 200w\" sizes=\"(max-width: 250px) 100vw, 250px\" \/><br \/>\n<a style=\"color:#cc0000;\" href=\"premio-honda\"> Inicios: Premio de pintura Honda <\/a><a style=\"color:#cc0000; margin-top: 10px; display: block;\" href=\"premio-art-situacions\"> Premio Pilar Forcada<\/a><a style=\"color: #cc0000; display: block; margin-top: 10px;\" href=\"art-situacions-en-los-medios\">ART Situacions en medios<\/a><\/p>\n<p class=\"contact\"><a href=\"contact\">Contactar<\/a><\/p>\n<\/div>\n<div class=\"c2\">\n<div>\n<strong>Qui\u00e9nes Somos<\/strong>\n<\/div>\n<p>ART Situacions es una organizaci\u00f3n privada sin \u00e1nimo de lucro que busca promover la difusi\u00f3n del sector m\u00e1s joven del arte actual y acercarlo a un p\u00fablico m\u00e1s amplio, con una mirada prospectiva.<\/p>\n<p>En 2011 se pone en marcha la primera edici\u00f3n de ART Situacions con una selecci\u00f3n de artistas espa\u00f1oles y portugueses, escogidos por un comit\u00e9 de expertos formado por Teresa Blanch, Mar\u00eda de Corral, Yolanda Romero y Vicent Todol\u00ed, especialistas de reconocido prestigio nacional e internacional. Las obras seleccionadas se expusieron en Barcelona (Arts Santa M\u00f2nica), Valladolid (Museo Patio Herreriano), Salamanca (Domus Artium 2002) y Badajoz (Museo Extreme\u00f1o Iberoamericano de Arte Contempor\u00e1neo).<\/p>\n<p>La segunda edici\u00f3n de ART Situacions cont\u00f3 con un comit\u00e9 de expertos formado por Mar\u00eda de Corral, Ilaria Gianni, Lorena M. de Corral y Vicent Todol\u00ed, quienes seleccionaron a artistas espa\u00f1oles e italianos. Con exposiciones en G\u00e9nova (Vila Croce), Roma (Museo d\u2019Arte Contemporanea Roma) y Madrid (Matadero Madrid), esta nueva edici\u00f3n volvi\u00f3 a ser un gran \u00e9xito.<\/p>\n<p>Desde 2017, ART Situacions convoca el premio anual ART Situacions ARCOmadrid que premia la mejor obra de arte emergente de la prestigiosa feria de arte. A partir de 2022, el premio cambia su nombre a Premio Pilar Forcada ART Situacions, en honor a la fundadora y directora de ART Situacions, quien falleci\u00f3 tristemente en 2022. Pilar Forcada fue el alma del proyecto y su legado contin\u00faa inspirando a la comunidad art\u00edstica emergente.<\/p>\n<p>ART Situacions, que apoya la cultura y los artistas participantes con el anhelo compartido de contribuir a dinamizar el tejido art\u00edstico, est\u00e1 trabajando actualmente en la tercera edici\u00f3n, ampliando as\u00ed su colecci\u00f3n de obras de arte emergente nacional y europeo.<\/p>\n<p>Tras la triste p\u00e9rdida del alma del proyecto, Pilar Forcada, fundadora y directora de ART Situacions, su marido y director general de Honda-Greens, Marcel Pascual, toma su relevo en diciembre de 2021 para continuar esta iniciativa que con tanta ilusi\u00f3n su esposa lider\u00f3 con gran \u00e9xito, honrando as\u00ed su memoria y su pasi\u00f3n compartida por el arte.<\/p>\n<div class=\"subsection\">\n<div>\n<strong>Una mirada prospectiva<\/strong><br \/>\nPilar Forcada, septiembre 2015\n<\/div>\n<p>El sistema de valores sobre el que se ha sustentado nuestra sociedad se encuentra ahora en plena redefinici\u00f3n. La cultura y el arte constituyen una eficaz herramienta para aguzar criterios, un camino que permite iluminar la incertidumbre en la que el ser humano se halla sumergido. Con este convencimiento surge ART Situacions, convocatoria que pretende apoyar el arte contempor\u00e1neo de la escena emergente. Desde la Edad Moderna hasta la actualidad, la iniciativa privada ha estimulado de manera constante la creaci\u00f3n art\u00edstica. Podr\u00edamos trazar una l\u00ednea a partir de los M\u00e9dicis, impulsores del Renacimiento, hasta Heiner Friedrich y Philippa de Menil, promotores de la Dia Art Foundation, quienes motivaron el desarrollo del arte minimal, por poner dos ejemplos ilustres y muy separados en el tiempo. Esta propuesta es un nuevo paso para incentivar las iniciativas privadas, fundaciones y coleccionistas, junto a todas las personas amantes del arte, al que nos es grato sumarnos.<\/p>\n<p>Consciente de la escasez de oportunidades que afronta el sector m\u00e1s joven del arte actual, ART Situacions busca promover su difusi\u00f3n y acercarlo a un p\u00fablico m\u00e1s amplio. Al mismo tiempo, no pretende reflejar los gustos propios de los coleccionistas, como tampoco potenciar un tema o disciplina art\u00edstica concretos, sino llevar a cabo una mirada prospectiva. Contamos con\u00a0la colaboraci\u00f3n de destacadas personalidades dentro del mundo del arte de prestigio nacional e internacional, quienes\u00a0escogen\u00a0de forma consensuada a\u00a0los\u00a0artistas\u00a0que\u00a0conforman una incisiva panor\u00e1mica de las generaciones m\u00e1s j\u00f3venes del arte actual. Sin duda, se trata de un sugerente grupo de creadores con proyecci\u00f3n transfronteriza, que exhibe su obra in\u00e9dita elaborada con diversos medios, desde la pintura y el objeto hasta el v\u00eddeo o la acci\u00f3n performativa. Un estimulante paisaje de gran capacidad poli\u00e9drica, unido por un vivo deseo de repensar la relaci\u00f3n del ser humano con el entorno.<\/p>\n<p>Para nosotros representa una gran satisfacci\u00f3n apoyar econ\u00f3micamente tanto la cultura espa\u00f1ola como a los artistas participantes con el anhelo compartido de contribuir a dinamizar el tejido art\u00edstico. Tambi\u00e9n quisiera expresar nuestro agradecimiento a aquellas personas del mundo cultural que, con su apoyo incondicional, permiten consolidar este proyecto.<\/p>\n<h1 class=\"discreet\">Pilar Forcada<\/h1>\n<h2 class=\"discreet\">Fundadora de ART Situacions<\/h2>\n<\/div>\n<\/div>\n<\/div>\n<p><!--end about us--><\/p>\n","protected":false},"excerpt":{"rendered":"<p>Inicios: Premio de pintura Honda Premio Pilar ForcadaART Situacions en medios Contactar Qui\u00e9nes Somos ART Situacions es una organizaci\u00f3n privada sin \u00e1nimo de lucro que busca promover la difusi\u00f3n del sector m\u00e1s joven del arte actual y acercarlo a un<span class=\"ellipsis\">&hellip;<\/span><\/p>\n<div class=\"read-more\"><a href=\"https:\/\/www.artsituacions.com\/es\/quienes-somos\/\">Leer m\u00e1s \u203a<\/a><\/div>\n<p><!-- end of .read-more --><\/p>\n","protected":false},"author":1,"featured_media":0,"parent":0,"menu_order":0,"comment_status":"closed","ping_status":"closed","template":"","meta":[],"yoast_head":"<!-- This site is optimized with the Yoast SEO plugin v17.8 - https:\/\/yoast.com\/wordpress\/plugins\/seo\/ -->\n<meta name=\"robots\" content=\"index, follow, max-snippet:-1, max-image-preview:large, max-video-preview:-1\" \/>\n<link rel=\"canonical\" href=\"https:\/\/www.artsituacions.com\/en\/quienes-somos\/\" \/>\n<meta property=\"og:locale\" content=\"es_ES\" \/>\n<meta property=\"og:type\" content=\"article\" \/>\n<meta property=\"og:title\" content=\"Qui\u00e9nes somos\" \/>\n<meta property=\"og:description\" content=\"Inicios: Premio de pintura Honda Premio Pilar ForcadaART Situacions en medios Contactar Qui\u00e9nes Somos ART Situacions es una organizaci\u00f3n privada sin \u00e1nimo de lucro que busca promover la difusi\u00f3n del sector m\u00e1s joven del arte actual y acercarlo a un&hellip;Leer m\u00e1s \u203a\" \/>\n<meta property=\"og:url\" content=\"https:\/\/www.artsituacions.com\/es\/quienes-somos\/\" \/>\n<meta property=\"og:site_name\" content=\"Artsituacions\" \/>\n<meta property=\"article:modified_time\" content=\"2023-05-31T09:49:05+00:00\" \/>\n<meta property=\"og:image\" content=\"https:\/\/www.artsituacions.com\/wp-content\/uploads\/2014\/11\/about_about_us.jpg\" \/>\n<meta name=\"twitter:card\" content=\"summary_large_image\" \/>\n<meta name=\"twitter:label1\" content=\"Tiempo de lectura\" \/>\n\t<meta name=\"twitter:data1\" content=\"11 minutos\" \/>\n<script type=\"application\/ld+json\" class=\"yoast-schema-graph\">{\"@context\":\"https:\/\/schema.org\",\"@graph\":[{\"@type\":\"WebSite\",\"@id\":\"https:\/\/www.artsituacions.com\/es\/#website\",\"url\":\"https:\/\/www.artsituacions.com\/es\/\",\"name\":\"Artsituacions\",\"description\":\"\",\"potentialAction\":[{\"@type\":\"SearchAction\",\"target\":{\"@type\":\"EntryPoint\",\"urlTemplate\":\"https:\/\/www.artsituacions.com\/es\/?s={search_term_string}\"},\"query-input\":\"required name=search_term_string\"}],\"inLanguage\":\"es-ES\"},{\"@type\":\"ImageObject\",\"@id\":\"https:\/\/www.artsituacions.com\/en\/quienes-somos\/#primaryimage\",\"inLanguage\":\"es-ES\",\"url\":\"\/wp-content\/uploads\/2014\/11\/about_about_us.jpg\",\"contentUrl\":\"\/wp-content\/uploads\/2014\/11\/about_about_us.jpg\"},{\"@type\":\"WebPage\",\"@id\":\"https:\/\/www.artsituacions.com\/en\/quienes-somos\/#webpage\",\"url\":\"https:\/\/www.artsituacions.com\/en\/quienes-somos\/\",\"name\":\"[:es]Qui\\u00e9nes somos[:ca]Qui Som[:en]About Us[:] - Artsituacions\",\"isPartOf\":{\"@id\":\"https:\/\/www.artsituacions.com\/es\/#website\"},\"primaryImageOfPage\":{\"@id\":\"https:\/\/www.artsituacions.com\/en\/quienes-somos\/#primaryimage\"},\"datePublished\":\"2014-11-26T18:36:12+00:00\",\"dateModified\":\"2023-05-31T09:49:05+00:00\",\"breadcrumb\":{\"@id\":\"https:\/\/www.artsituacions.com\/en\/quienes-somos\/#breadcrumb\"},\"inLanguage\":\"es-ES\",\"potentialAction\":[{\"@type\":\"ReadAction\",\"target\":[\"https:\/\/www.artsituacions.com\/en\/quienes-somos\/\"]}]},{\"@type\":\"BreadcrumbList\",\"@id\":\"https:\/\/www.artsituacions.com\/en\/quienes-somos\/#breadcrumb\",\"itemListElement\":[{\"@type\":\"ListItem\",\"position\":1,\"name\":\"Home\",\"item\":\"https:\/\/www.artsituacions.com\/es\/\"},{\"@type\":\"ListItem\",\"position\":2,\"name\":\"About Us\"}]}]}<\/script>\n<!-- \/ Yoast SEO plugin. -->","yoast_head_json":{"robots":{"index":"index","follow":"follow","max-snippet":"max-snippet:-1","max-image-preview":"max-image-preview:large","max-video-preview":"max-video-preview:-1"},"canonical":"https:\/\/www.artsituacions.com\/en\/quienes-somos\/","og_locale":"es_ES","og_type":"article","og_title":"[:es]Qui\u00e9nes somos[:ca]Qui Som[:en]About Us[:] - Artsituacions","og_description":"Inicios: Premio de pintura Honda Premio Pilar ForcadaART Situacions en medios Contactar Qui\u00e9nes Somos ART Situacions es una organizaci\u00f3n privada sin \u00e1nimo de lucro que busca promover la difusi\u00f3n del sector m\u00e1s joven del arte actual y acercarlo a un&hellip;Leer m\u00e1s \u203a","og_url":"https:\/\/www.artsituacions.com\/es\/quienes-somos\/","og_site_name":"Artsituacions","article_modified_time":"2023-05-31T09:49:05+00:00","og_image":[{"url":"https:\/\/www.artsituacions.com\/wp-content\/uploads\/2014\/11\/about_about_us.jpg"}],"twitter_card":"summary_large_image","twitter_misc":{"Tiempo de lectura":"11 minutos"},"schema":{"@context":"https:\/\/schema.org","@graph":[{"@type":"WebSite","@id":"https:\/\/www.artsituacions.com\/es\/#website","url":"https:\/\/www.artsituacions.com\/es\/","name":"Artsituacions","description":"","potentialAction":[{"@type":"SearchAction","target":{"@type":"EntryPoint","urlTemplate":"https:\/\/www.artsituacions.com\/es\/?s={search_term_string}"},"query-input":"required name=search_term_string"}],"inLanguage":"es-ES"},{"@type":"ImageObject","@id":"https:\/\/www.artsituacions.com\/en\/quienes-somos\/#primaryimage","inLanguage":"es-ES","url":"\/wp-content\/uploads\/2014\/11\/about_about_us.jpg","contentUrl":"\/wp-content\/uploads\/2014\/11\/about_about_us.jpg"},{"@type":"WebPage","@id":"https:\/\/www.artsituacions.com\/en\/quienes-somos\/#webpage","url":"https:\/\/www.artsituacions.com\/en\/quienes-somos\/","name":"[:es]Qui\u00e9nes somos[:ca]Qui Som[:en]About Us[:] - Artsituacions","isPartOf":{"@id":"https:\/\/www.artsituacions.com\/es\/#website"},"primaryImageOfPage":{"@id":"https:\/\/www.artsituacions.com\/en\/quienes-somos\/#primaryimage"},"datePublished":"2014-11-26T18:36:12+00:00","dateModified":"2023-05-31T09:49:05+00:00","breadcrumb":{"@id":"https:\/\/www.artsituacions.com\/en\/quienes-somos\/#breadcrumb"},"inLanguage":"es-ES","potentialAction":[{"@type":"ReadAction","target":["https:\/\/www.artsituacions.com\/en\/quienes-somos\/"]}]},{"@type":"BreadcrumbList","@id":"https:\/\/www.artsituacions.com\/en\/quienes-somos\/#breadcrumb","itemListElement":[{"@type":"ListItem","position":1,"name":"Home","item":"https:\/\/www.artsituacions.com\/es\/"},{"@type":"ListItem","position":2,"name":"About Us"}]}]}},"AFP_featured_media_urls":{"full":false,"thumbnail":false,"medium":false,"medium_large":false,"large":false},"AFP_attachments":{"full":["https:\/\/www.artsituacions.com\/wp-content\/uploads\/2014\/11\/about_about_us.jpg",250,250,false],"thumbnail":["https:\/\/www.artsituacions.com\/wp-content\/uploads\/2014\/11\/about_about_us-100x100.jpg",100,100,true],"medium":["https:\/\/www.artsituacions.com\/wp-content\/uploads\/2014\/11\/about_about_us.jpg",250,250,false],"medium_large":["https:\/\/www.artsituacions.com\/wp-content\/uploads\/2014\/11\/about_about_us.jpg",250,250,false],"large":["https:\/\/www.artsituacions.com\/wp-content\/uploads\/2014\/11\/about_about_us.jpg",250,250,false]},"AFP_videos":[],"AFP_video_blocks":"","AFP_category_names":[],"_links":{"self":[{"href":"https:\/\/www.artsituacions.com\/es\/wp-json\/wp\/v2\/pages\/527"}],"collection":[{"href":"https:\/\/www.artsituacions.com\/es\/wp-json\/wp\/v2\/pages"}],"about":[{"href":"https:\/\/www.artsituacions.com\/es\/wp-json\/wp\/v2\/types\/page"}],"author":[{"embeddable":true,"href":"https:\/\/www.artsituacions.com\/es\/wp-json\/wp\/v2\/users\/1"}],"replies":[{"embeddable":true,"href":"https:\/\/www.artsituacions.com\/es\/wp-json\/wp\/v2\/comments?post=527"}],"version-history":[{"count":56,"href":"https:\/\/www.artsituacions.com\/es\/wp-json\/wp\/v2\/pages\/527\/revisions"}],"predecessor-version":[{"id":2779,"href":"https:\/\/www.artsituacions.com\/es\/wp-json\/wp\/v2\/pages\/527\/revisions\/2779"}],"wp:attachment":[{"href":"https:\/\/www.artsituacions.com\/es\/wp-json\/wp\/v2\/media?parent=527"}],"curies":[{"name":"wp","href":"https:\/\/api.w.org\/{rel}","templated":true}]}}