{"id":1586,"date":"2019-01-21T18:43:21","date_gmt":"2019-01-21T18:43:21","guid":{"rendered":"http:\/\/www.artsituacions.com\/?page_id=1586"},"modified":"2023-05-31T10:21:56","modified_gmt":"2023-05-31T10:21:56","slug":"premio-art-situacions-arcomadrid-2019","status":"publish","type":"page","link":"https:\/\/www.artsituacions.com\/it\/premio-art-situacions-arcomadrid-2019\/","title":{"rendered":"Premio ART Situacions ARCOmadrid 2019"},"content":{"rendered":"<div style=\"margin-top:20px; \" class=\"exhibitionInfo\">\n<div class=\"c1\"><img decoding=\"async\" class=\"alignnone size-full wp-image-46\" src=\"http:\/\/www.artsituacions.com\/wp-content\/uploads\/2017\/02\/logo_arco_madrid.jpg\" alt=\"ARCOmadrid 2018\" height=\"300\" \/><\/p>\n<div class=\"supportBy\" style=\"margin-top:5px;\">\n<strong>Directora ArtSituacions:<\/strong><br \/>\nPilar Forcada <\/p>\n<p><strong>Patrocinio:<\/strong><br \/>\nMarcel Pascual <\/p>\n<div class=\"box\">\n<div class=\"item\"><a href=\"https:\/\/www.hondaencasa.com\/\" target=\"_blank\"><img decoding=\"async\" loading=\"lazy\" src=\"\/wp-content\/uploads\/2014\/10\/honda-the-power-of-dreams-300x144.jpg\" alt=\"honda-the-power-of-dreams\" width=\"100\" height=\"48\" class=\"alignnone size-thumbnail wp-image-127\" \/><\/a><\/div>\n<div class=\"item\"><a href=\"https:\/\/www.hondaencasa.com\/\" target=\"_blank\"><img decoding=\"async\" loading=\"lazy\" src=\"\/wp-content\/uploads\/2015\/09\/greens.jpg\" alt=\"greens\" width=\"100\" height=\"48\" class=\"alignnone size-thumbnail wp-image-127\" \/><\/a><\/div>\n<p><br style=\"clear:both;\" \/><\/p>\n<p style=\"margin-top:40px;\"><strong>Edizioni precedenti:<\/strong><\/p>\n<p><a style=\"color:#cc0000;\" href=\"http:\/\/www.artsituacions.com\/arcomadrid-2018\/\">ARCOMAdrid 2018<\/a><br \/>\n<a style=\"color:#cc0000;\" href=\"http:\/\/www.artsituacions.com\/arcomadrid-2017\/\">ARCOMAdrid 2017<\/a>\n<\/div>\n<p><!--box--><\/p>\n<\/div>\n<p><!--supportby--><\/p>\n<\/div>\n<p><!--c1--><\/p>\n<div class=\"c2\">\n<div class='scroll-pane'>\n<div class=\"info\">\n<p><h4>Premio ART Situacions ARCOmadrid 2019<\/h4>\n<\/p>\n<p><em><\/p>\n<h5>Un progetto che documenta le tracce dei migranti vince l\u2019ART Situacions.<\/h5>\n<p><\/em><\/p>\n<p>Madrid, 26 febbraio 2019. Il premio \u00e8 andato all&#8217;opera PLEASE DON&#8217;T PAINT THE WALL della serie \u00c0 tous les clandestins, un progetto di Patricia G\u00f3mez e Mar\u00eda Jes\u00fas Gonz\u00e1lez che recupera e documenta le scritte lasciate dai migranti africani in diversi centri di identificazione delle isole Canarie. Il premio ART Situacions mette in evidenza la miglior opera d\u2019arte emergente alla recentemente conclusa fiera ARCO.<\/p>\n<p>Il premio, che ha una dotazione di 15 000 euro ed \u00e8 sponsorizzato da Honda-Greens Power Products, S.L., \u00e8 stato presentato nella galleria valenziana Espaivisor. L\u2019opera vincitrice entrer\u00e0 a far parte della collezione ART Situacions, diretta da Pilar Forcada. Il comitato di selezione era composto da Mar\u00eda de Corral, curatrice indipendente, e Nimfa Bisbe, responsabile delle collezioni d&#8217;arte della fondazione bancaria &#8220;la Caixa&#8221;.<\/p>\n<p>La cerimonia di consegna del premio ha visto anche la partecipazione di Carlos Urroz, direttore di ARCOmadrid, Pilar Forcada, direttrice di ARTSituacions, e Marcel Pascual, direttore di Honda \u2013 Greens Power Products.<\/p>\n<p><strong>Opera vincitrice<\/strong><\/p>\n<p>PLEASE, DON\u2019T PAINT THE WALL, 2014. CHARLIE-I. CIE El Matorral, Fuerteventura (2014)<br \/>\nPatricia G\u00f3mez &#038; Mar\u00eda Jes\u00fas Gonz\u00e1lez, Valencia, 1978<br \/>\nStampa di strato di pittura murale su tela 116 x 211 x 6 cm (cornice)<br \/>\nPezzo unico <\/p>\n<p>\u00c0 tous les clandestins<\/p>\n<p>Il progetto si propone di affrontare il fenomeno contemporaneo delle migrazioni, focalizzandosi sul percorso che va dalle coste dell&#8217;Africa occidentale alle isole Canarie. Il progetto mirava a salvare e documentare, attraverso la stampa murale, la fotografia e il video, le tracce scritte che uomini e donne in transito hanno lasciato al loro passaggio, e a diventare cos\u00ec un omaggio alla loro memoria.<\/p>\n<\/div>\n<p><!--info--><\/p>\n<\/div>\n<style>.scroll-pane{width: 100%;height:800px;overflow: auto;}<\/style>\n<\/div>\n<p><!--c2--><br \/>\n<br style=\"clear: both;\" \/><\/p>\n<h2 class=\"hdrSection\">Immagini<\/h2>\n<div class=\"gallery\">\n\n\t<ul id=\"slideshowgallery45153\" class=\"slideshowgallery45153\" style=\"display:none;\">\n\t\t\t\t\t<!-- From all slides or gallery slides -->\n\t\t\t\t\t\t\t\n\t\t\t\t<li>\n\t\t\t\t\t<h3 style=\"opacity:70;\">AR19_RRS_PREMIO ART SITUACIONS_012<\/h3>\n\t\t\t\t\t\t\t\t\t\t\t<span data-alt=\"ar19rrspremio-art-situacions012\">https:\/\/www.artsituacions.com\/wp-content\/uploads\/2019\/03\/ar19_rrs_premio-art-situacions_012.jpg<\/span>\n\t\t\t\t\t\t\t\t\t\t<p><\/p>\n\t\t\t\t\t\t\t\t\t\t\t\t\t\t\t\t\t\t<a><img class=\"skip-lazy\" src=\"https:\/\/www.artsituacions.com\/wp-content\/uploads\/2019\/03\/ar19_rrs_premio-art-situacions_012.jpg\" alt=\"ar19rrspremio-art-situacions012\" \/><\/a>\n\t\t\t\t\t\t\t\t\t\t\t\t\t\t\t<\/li>\n\t\t\t\t\t\t\t\n\t\t\t\t<li>\n\t\t\t\t\t<h3 style=\"opacity:70;\">Imagen oficial galeria<\/h3>\n\t\t\t\t\t\t\t\t\t\t\t<span data-alt=\"imagen-oficial-galeria\">https:\/\/www.artsituacions.com\/wp-content\/uploads\/2019\/03\/imagen-oficial-galeria.jpg<\/span>\n\t\t\t\t\t\t\t\t\t\t<p><\/p>\n\t\t\t\t\t\t\t\t\t\t\t\t\t\t\t\t\t\t<a><img class=\"skip-lazy\" src=\"https:\/\/www.artsituacions.com\/wp-content\/uploads\/2019\/03\/imagen-oficial-galeria.jpg\" alt=\"imagen-oficial-galeria\" \/><\/a>\n\t\t\t\t\t\t\t\t\t\t\t\t\t\t\t<\/li>\n\t\t\t\t\t\t<\/ul>\n\t\n\t<div id=\"slideshow-wrappergallery45153\" class=\"slideshow-wrapper\">\n\t\t\t\n\t\t<div class=\"slideshow-fullsize\" id=\"fullsizegallery45153\">\n\t\t\t\t\t\t\t\t\t\t\t\t\t\t<div id=\"imgprevgallery45153\" class=\"slideshow-imgprev imgnav\" title=\"Previous Image\">Previous Image<\/div>\n\t\t\t\t\t\t<a id=\"imglinkgallery45153\" class=\"slideshow-imglink imglink\"><!-- link --><\/a>\n\t\t\t\t\t\t\t\t\t\t\t<div id=\"imgnextgallery45153\" class=\"slideshow-imgnext imgnav\" title=\"Next Image\">Next Image<\/div>\n\t\t\t\t\t\t<div id=\"imagegallery45153\" class=\"slideshow-image\"><\/div>\n\t\t\t<div class=\"slideshow-information infobottom\" id=\"informationgallery45153\">\n\t\t\t\t<h3 class=\"slideshow-info-heading\">info heading<\/h3>\n\t\t\t\t<p class=\"slideshow-info-content\">info content<\/p>\n\t\t\t<\/div>\n\t\t<\/div>\n\t\t\n\t\t\t\t\t<div id=\"thumbnailsgallery45153\" class=\"slideshow-thumbnails thumbsbot\">\n\t\t\t\t<div class=\"slideshow-slideleft\" id=\"slideleftgallery45153\" title=\"Slide Left\"><\/div>\n\t\t\t\t<div class=\"slideshow-slidearea\" id=\"slideareagallery45153\">\n\t\t\t\t\t<div class=\"slideshow-slider\" id=\"slidergallery45153\"><\/div>\n\t\t\t\t<\/div>\n\t\t\t\t<div class=\"slideshow-slideright\" id=\"sliderightgallery45153\" title=\"Slide Right\"><\/div>\n\t\t\t\t<br style=\"clear:both; visibility:hidden; height:1px;\" \/>\n\t\t\t<\/div>\n\t\t\t<\/div>\n\t\n\t\n\t<!-- Slideshow Gallery Javascript BEG -->\t\t<script type=\"text\/javascript\">\tjQuery.noConflict();\ttid('slideshowgallery45153').style.display = \"none\";\ttid('slideshow-wrappergallery45153').style.display = 'block';\ttid('slideshow-wrappergallery45153').style.visibility = 'hidden';\tvar spinnerDiv = document.createElement('div');\tspinnerDiv.setAttribute('id', 'spinnergallery45153');\tspinnerDiv.innerHTML = '<i class=\"fa fa-cog fa-spin\"><\/i>';\tjQuery(spinnerDiv).appendTo('#fullsizegallery45153');\ttid('spinnergallery45153').style.visibility = 'visible';\tvar slideshowgallery45153 = new TINY.slideshow(\"slideshowgallery45153\");\tjQuery(document).ready(function() {\t\tslideshowgallery45153.auto = true;\t\tslideshowgallery45153.speed = 10;\t\tslideshowgallery45153.effect = \"fade\";\t\tslideshowgallery45153.slide_direction = \"lr\";\t\tslideshowgallery45153.easing = \"swing\";\t\tslideshowgallery45153.alwaysauto = true;\t\tslideshowgallery45153.autoheight = true;\t\tslideshowgallery45153.autoheight_max = false;\t\tslideshowgallery45153.imgSpeed = 10;\t\tslideshowgallery45153.navOpacity = 25;\t\tslideshowgallery45153.navHover = 70;\t\tslideshowgallery45153.letterbox = \"#000000\";\t\tslideshowgallery45153.linkclass = \"linkhover\";\t\tslideshowgallery45153.imagesid = \"imagesgallery45153\";\t\tslideshowgallery45153.info = \"informationgallery45153\";\t\tslideshowgallery45153.infoonhover = 0;\t\tslideshowgallery45153.infoSpeed = 10;\t\tslideshowgallery45153.infodelay = 0;\t\tslideshowgallery45153.infofade = 0;\t\tslideshowgallery45153.infofadedelay = 0;\t\tslideshowgallery45153.thumbs = \"slidergallery45153\";\t\tslideshowgallery45153.thumbOpacity = 70;\t\tslideshowgallery45153.left = \"slideleftgallery45153\";\t\tslideshowgallery45153.right = \"sliderightgallery45153\";\t\tslideshowgallery45153.scrollSpeed = 5;\t\tslideshowgallery45153.spacing = 5;\t\tslideshowgallery45153.active = \"#ffffff\";\t\tslideshowgallery45153.imagesthickbox = \"false\";\t\tjQuery(\"#spinnergallery45153\").remove();\t\tslideshowgallery45153.init(\"slideshowgallery45153\",\"imagegallery45153\",\"imgprevgallery45153\",\"imgnextgallery45153\",\"imglinkgallery45153\");\t\ttid('slideshow-wrappergallery45153').style.visibility = 'visible';\t\tjQuery(window).trigger('resize');\t\t\t\t\t});\t\t\t<\/script>\t\t<!-- Slideshow Gallery Javascript END --><!-- Slideshow Gallery CSS BEG --><style id=\"style-gallery45153\">\t\tul.slideshowgallery45153 { list-style:none !important; color:#fff; }\n\t\tul.slideshowgallery45153 span { display:none; }\n\t\t#slideshow-wrappergallery45153 { overflow: hidden; position:relative; width:100%; background:#020202; padding:0 0 0 0; border:; margin:0; display:none; }\n\t\t#slideshow-wrappergallery45153 * { margin:0; padding:0; }\n\t\t#slideshow-wrappergallery45153 #fullsizegallery45153 { position:relative; z-index:1; overflow:hidden; width:100%; height:460px; clear:both; border: none; }\n\t\t#slideshow-wrappergallery45153 #informationgallery45153 { text-align:left; font-family:Verdana, Arial, Helvetica, sans-serif !important; position:absolute; width:100%; height:0; background:#000000; color:#ffffff; overflow:hidden; z-index:300; opacity:.7; filter:alpha(opacity=70); }\n\t\t#slideshow-wrappergallery45153 #informationgallery45153 h3 { color:#ffffff; padding:4px 8px 3px; margin:0 !important; font-size:16px; font-weight:bold; }\n\t\t#slideshow-wrappergallery45153 #informationgallery45153 a { color:#ffffff; }\n\t\t#slideshow-wrappergallery45153 #informationgallery45153 p { color:#ffffff; padding:0 8px 8px; margin:0 !important; font-size: 14px; font-weight:normal; }\n\t\t#slideshow-wrappergallery45153 .infotop { margin-bottom:8px !important; top:0!important; }\n\t\t#slideshow-wrappergallery45153 .infobottom { margin-top:8px !important; bottom:0!important; }\n\t\t\t\t\t#slideshow-wrappergallery45153 #imagegallery45153 { width:100%; }\n\t\t\t#slideshow-wrappergallery45153 #imagegallery45153 img { border:none; border-radius:0; box-shadow:none; position:absolute; left:0%; right:0%; max-height:100%; max-width:100%; margin:0 auto; display:block; }\n\t\t\t\t#slideshow-wrappergallery45153 .imgnav { position:absolute; width:25%; height:100%; cursor:pointer; z-index:250; }\n\t\t#slideshow-wrappergallery45153 #imgprevgallery45153:before { font-family:FontAwesome; content:\"\\f053\"; font-size:30px; color:white; visibility:visible; left:0; text-align:left; width: auto; height:auto; line-height:160%; top:50%; margin:-30px 0 0 0; border-radius:0 10px 10px 0; background:black; padding:3px 10px 0 10px; position: absolute; display: inline-block; \t}\n\t\t#slideshow-wrappergallery45153 #imgprevgallery45153 { display:none; -moz-user-select: none; -khtml-user-select: none; -webkit-user-select: none; -o-user-select: none; left:0; font-size:0px; }\n\t\t#slideshow-wrappergallery45153 #imgnextgallery45153:before { font-family:FontAwesome; content:\"\\f054\"; font-size:30px; color:white; visibility:visible; right:0; text-align:right; width: auto; height:auto; line-height:160%; top:50%; margin:-30px 0 0 0; border-radius:10px 0 0 10px; background:black; padding:3px 10px 0 10px; position: absolute; display: inline-block; }\n\t\t#slideshow-wrappergallery45153 #imgnextgallery45153 { display:none; -moz-user-select: none; -khtml-user-select: none; -webkit-user-select: none; -o-user-select: none; right:0; font-size:0px; }\n\t\t#slideshow-wrappergallery45153 #imglinkgallery45153 { position:absolute; zoom:1; background-color:#ffffff; height:100%; width:100%; left:0; z-index:149; opacity:0; filter:alpha(opacity=0); }\n\t\t#slideshow-wrappergallery45153 .linkhover:before { font-family:FontAwesome; content:\"\\f14c\"; font-size:30px; text-align:center; height:auto; line-height:160%; width:auto; top:50%; left:auto; right:auto; margin:-30px 0 0 0; padding:0px 12px; display: inline-block; position: relative; background:black; color:white; border-radius:10px; }\n\t\t#slideshow-wrappergallery45153 .linkhover { background:transparent !important; opacity:.4 !important; filter:alpha(opacity=40) !important; text-align:center; font-size:0px; }\n\t\t#slideshow-wrappergallery45153 #thumbnailsgallery45153 { background:#020202; height:89px; width:100%; position:relative; overflow:hidden; }\n\t\t#slideshow-wrappergallery45153 .thumbstop { margin-bottom:8px !important; }\n\t\t#slideshow-wrappergallery45153 .thumbsbot { margin-top:8px !important; }\n\t\t#slideshow-wrappergallery45153 #slideleftgallery45153:before { font-family:FontAwesome; content: \"\\f104\"; color:#999; position: absolute; height: auto; line-height:160%; width: auto; display: inline-block; top: 50%; font-size: 30px; margin: -30px 0 0 0; padding: 0 5px; }\n\t\t#slideshow-wrappergallery45153 #slideleftgallery45153 { text-align:left; float:left; position:absolute; left:0; z-index:150; width:20px; height:89px; background:#222; }\n\t\t#slideshow-wrappergallery45153 #slideleftgallery45153:hover { background-color:#333; }\n\t\t#slideshow-wrappergallery45153 #sliderightgallery45153:before { font-family:FontAwesome; content: \"\\f105\"; color:#999; position: absolute; height: auto; line-height:160%; width: auto; display: inline-block; top: 50%; font-size: 30px; margin: -30px 0 0 0; padding: 0 5px; }\n\t\t#slideshow-wrappergallery45153 #sliderightgallery45153 { text-align:left; float:right; position:absolute; right:0; z-index:150; width:20px; height:89px; background:#222; }\n\t\t#slideshow-wrappergallery45153 #sliderightgallery45153:hover { background-color:#333; }\n\t\t#slideshow-wrappergallery45153 #slideareagallery45153 { float:left; position:absolute; z-index:149; background:#020202; width:100%; margin:0; height:89px; overflow:hidden; }\n\t\t#slideshow-wrappergallery45153 #slidergallery45153 { position:absolute; width:282px !important; left:0; height:89px; padding:3px 20px 0 25px; }\n\t\t#slideshow-wrappergallery45153 #slidergallery45153 img { width:100px; height:75px; cursor:pointer; border:1px solid #666; padding:2px; float:left !important; }\n\t\t#slideshow-wrappergallery45153 #spinnergallery45153 { position:relative; top:50%; left:45%; text-align:left; font-size:30px; }\n\t\t#slideshow-wrappergallery45153 #spinnergallery45153 img { border:none; }\n\t\n\t\t\t\t@media (max-width:480px) { \t.slideshow-information { display: none !important; } }\n\t\t\t\t\t\t@media (max-width:480px) { \t.slideshow-thumbnails { display: none !important; } }\n\t\t\t<\/style><!-- Slideshow Gallery CSS END --><\/p>\n<p><br style=\"clear: both;\" \/><br style=\"clear: both;\" \/><\/p><\/div>\n<\/p><\/div>\n<\/div>\n<p><!--exhibitioninfo--><\/p>\n","protected":false},"excerpt":{"rendered":"<p>Directora ArtSituacions: Pilar Forcada Patrocinio: Marcel Pascual Edizioni precedenti: ARCOMAdrid 2018 ARCOMAdrid 2017 Premio ART Situacions ARCOmadrid 2019 Un progetto che documenta le tracce dei migranti vince l\u2019ART Situacions. Madrid, 26 febbraio 2019. Il premio \u00e8 andato all&#8217;opera PLEASE DON&#8217;T<span class=\"ellipsis\">&hellip;<\/span><\/p>\n<div class=\"read-more\"><a href=\"https:\/\/www.artsituacions.com\/it\/premio-art-situacions-arcomadrid-2019\/\">Leggi altro &#8250;<\/a><\/div>\n<p><!-- end of .read-more --><\/p>\n","protected":false},"author":1,"featured_media":0,"parent":0,"menu_order":0,"comment_status":"closed","ping_status":"closed","template":"","meta":[],"yoast_head":"<!-- This site is optimized with the Yoast SEO plugin v17.8 - https:\/\/yoast.com\/wordpress\/plugins\/seo\/ -->\n<meta name=\"robots\" content=\"index, follow, max-snippet:-1, max-image-preview:large, max-video-preview:-1\" \/>\n<link rel=\"canonical\" href=\"https:\/\/www.artsituacions.com\/en\/premio-art-situacions-arcomadrid-2019\/\" \/>\n<meta property=\"og:locale\" content=\"it_IT\" \/>\n<meta property=\"og:type\" content=\"article\" \/>\n<meta property=\"og:title\" content=\"Premio ART Situacions ARCOmadrid 2019\" \/>\n<meta property=\"og:description\" content=\"Directora ArtSituacions: Pilar Forcada Patrocinio: Marcel Pascual Edizioni precedenti: ARCOMAdrid 2018 ARCOMAdrid 2017 Premio ART Situacions ARCOmadrid 2019 Un progetto che documenta le tracce dei migranti vince l\u2019ART Situacions. Madrid, 26 febbraio 2019. Il premio \u00e8 andato all&#8217;opera PLEASE DON&#8217;T&hellip;Leggi altro &#8250;\" \/>\n<meta property=\"og:url\" content=\"https:\/\/www.artsituacions.com\/it\/premio-art-situacions-arcomadrid-2019\/\" \/>\n<meta property=\"og:site_name\" content=\"Artsituacions\" \/>\n<meta property=\"article:modified_time\" content=\"2023-05-31T10:21:56+00:00\" \/>\n<meta property=\"og:image\" content=\"http:\/\/www.artsituacions.com\/wp-content\/uploads\/2017\/02\/logo_arco_madrid.jpg\" \/>\n<meta name=\"twitter:card\" content=\"summary_large_image\" \/>\n<meta name=\"twitter:label1\" content=\"Tempo di lettura stimato\" \/>\n\t<meta name=\"twitter:data1\" content=\"6 minuti\" \/>\n<script type=\"application\/ld+json\" class=\"yoast-schema-graph\">{\"@context\":\"https:\/\/schema.org\",\"@graph\":[{\"@type\":\"WebSite\",\"@id\":\"https:\/\/www.artsituacions.com\/es\/#website\",\"url\":\"https:\/\/www.artsituacions.com\/es\/\",\"name\":\"Artsituacions\",\"description\":\"\",\"potentialAction\":[{\"@type\":\"SearchAction\",\"target\":{\"@type\":\"EntryPoint\",\"urlTemplate\":\"https:\/\/www.artsituacions.com\/es\/?s={search_term_string}\"},\"query-input\":\"required name=search_term_string\"}],\"inLanguage\":\"it-IT\"},{\"@type\":\"ImageObject\",\"@id\":\"https:\/\/www.artsituacions.com\/en\/premio-art-situacions-arcomadrid-2019\/#primaryimage\",\"inLanguage\":\"it-IT\",\"url\":\"http:\/\/www.artsituacions.com\/wp-content\/uploads\/2017\/02\/logo_arco_madrid.jpg\",\"contentUrl\":\"http:\/\/www.artsituacions.com\/wp-content\/uploads\/2017\/02\/logo_arco_madrid.jpg\"},{\"@type\":\"WebPage\",\"@id\":\"https:\/\/www.artsituacions.com\/en\/premio-art-situacions-arcomadrid-2019\/#webpage\",\"url\":\"https:\/\/www.artsituacions.com\/en\/premio-art-situacions-arcomadrid-2019\/\",\"name\":\"[:es]Premio ART Situacions ARCOmadrid 2019[:ca]Premi ART Situacions ARCOmadrid 2019[:en]ART Situacions ARCOmadrid 2019[:it]Premio ART Situacions ARCOmadrid 2019[:] - Artsituacions\",\"isPartOf\":{\"@id\":\"https:\/\/www.artsituacions.com\/es\/#website\"},\"primaryImageOfPage\":{\"@id\":\"https:\/\/www.artsituacions.com\/en\/premio-art-situacions-arcomadrid-2019\/#primaryimage\"},\"datePublished\":\"2019-01-21T18:43:21+00:00\",\"dateModified\":\"2023-05-31T10:21:56+00:00\",\"breadcrumb\":{\"@id\":\"https:\/\/www.artsituacions.com\/en\/premio-art-situacions-arcomadrid-2019\/#breadcrumb\"},\"inLanguage\":\"it-IT\",\"potentialAction\":[{\"@type\":\"ReadAction\",\"target\":[\"https:\/\/www.artsituacions.com\/en\/premio-art-situacions-arcomadrid-2019\/\"]}]},{\"@type\":\"BreadcrumbList\",\"@id\":\"https:\/\/www.artsituacions.com\/en\/premio-art-situacions-arcomadrid-2019\/#breadcrumb\",\"itemListElement\":[{\"@type\":\"ListItem\",\"position\":1,\"name\":\"Home\",\"item\":\"https:\/\/www.artsituacions.com\/es\/\"},{\"@type\":\"ListItem\",\"position\":2,\"name\":\"ART Situacions ARCOmadrid 2019\"}]}]}<\/script>\n<!-- \/ Yoast SEO plugin. -->","yoast_head_json":{"robots":{"index":"index","follow":"follow","max-snippet":"max-snippet:-1","max-image-preview":"max-image-preview:large","max-video-preview":"max-video-preview:-1"},"canonical":"https:\/\/www.artsituacions.com\/en\/premio-art-situacions-arcomadrid-2019\/","og_locale":"it_IT","og_type":"article","og_title":"[:es]Premio ART Situacions ARCOmadrid 2019[:ca]Premi ART Situacions ARCOmadrid 2019[:en]ART Situacions ARCOmadrid 2019[:it]Premio ART Situacions ARCOmadrid 2019[:] - Artsituacions","og_description":"Directora ArtSituacions: Pilar Forcada Patrocinio: Marcel Pascual Edizioni precedenti: ARCOMAdrid 2018 ARCOMAdrid 2017 Premio ART Situacions ARCOmadrid 2019 Un progetto che documenta le tracce dei migranti vince l\u2019ART Situacions. Madrid, 26 febbraio 2019. Il premio \u00e8 andato all&#8217;opera PLEASE DON&#8217;T&hellip;Leggi altro &#8250;","og_url":"https:\/\/www.artsituacions.com\/it\/premio-art-situacions-arcomadrid-2019\/","og_site_name":"Artsituacions","article_modified_time":"2023-05-31T10:21:56+00:00","og_image":[{"url":"http:\/\/www.artsituacions.com\/wp-content\/uploads\/2017\/02\/logo_arco_madrid.jpg"}],"twitter_card":"summary_large_image","twitter_misc":{"Tempo di lettura stimato":"6 minuti"},"schema":{"@context":"https:\/\/schema.org","@graph":[{"@type":"WebSite","@id":"https:\/\/www.artsituacions.com\/es\/#website","url":"https:\/\/www.artsituacions.com\/es\/","name":"Artsituacions","description":"","potentialAction":[{"@type":"SearchAction","target":{"@type":"EntryPoint","urlTemplate":"https:\/\/www.artsituacions.com\/es\/?s={search_term_string}"},"query-input":"required name=search_term_string"}],"inLanguage":"it-IT"},{"@type":"ImageObject","@id":"https:\/\/www.artsituacions.com\/en\/premio-art-situacions-arcomadrid-2019\/#primaryimage","inLanguage":"it-IT","url":"http:\/\/www.artsituacions.com\/wp-content\/uploads\/2017\/02\/logo_arco_madrid.jpg","contentUrl":"http:\/\/www.artsituacions.com\/wp-content\/uploads\/2017\/02\/logo_arco_madrid.jpg"},{"@type":"WebPage","@id":"https:\/\/www.artsituacions.com\/en\/premio-art-situacions-arcomadrid-2019\/#webpage","url":"https:\/\/www.artsituacions.com\/en\/premio-art-situacions-arcomadrid-2019\/","name":"[:es]Premio ART Situacions ARCOmadrid 2019[:ca]Premi ART Situacions ARCOmadrid 2019[:en]ART Situacions ARCOmadrid 2019[:it]Premio ART Situacions ARCOmadrid 2019[:] - Artsituacions","isPartOf":{"@id":"https:\/\/www.artsituacions.com\/es\/#website"},"primaryImageOfPage":{"@id":"https:\/\/www.artsituacions.com\/en\/premio-art-situacions-arcomadrid-2019\/#primaryimage"},"datePublished":"2019-01-21T18:43:21+00:00","dateModified":"2023-05-31T10:21:56+00:00","breadcrumb":{"@id":"https:\/\/www.artsituacions.com\/en\/premio-art-situacions-arcomadrid-2019\/#breadcrumb"},"inLanguage":"it-IT","potentialAction":[{"@type":"ReadAction","target":["https:\/\/www.artsituacions.com\/en\/premio-art-situacions-arcomadrid-2019\/"]}]},{"@type":"BreadcrumbList","@id":"https:\/\/www.artsituacions.com\/en\/premio-art-situacions-arcomadrid-2019\/#breadcrumb","itemListElement":[{"@type":"ListItem","position":1,"name":"Home","item":"https:\/\/www.artsituacions.com\/es\/"},{"@type":"ListItem","position":2,"name":"ART Situacions ARCOmadrid 2019"}]}]}},"AFP_featured_media_urls":{"full":false,"thumbnail":false,"medium":false,"medium_large":false,"large":false},"AFP_attachments":[],"AFP_videos":[],"AFP_video_blocks":"","AFP_category_names":[],"_links":{"self":[{"href":"https:\/\/www.artsituacions.com\/it\/wp-json\/wp\/v2\/pages\/1586"}],"collection":[{"href":"https:\/\/www.artsituacions.com\/it\/wp-json\/wp\/v2\/pages"}],"about":[{"href":"https:\/\/www.artsituacions.com\/it\/wp-json\/wp\/v2\/types\/page"}],"author":[{"embeddable":true,"href":"https:\/\/www.artsituacions.com\/it\/wp-json\/wp\/v2\/users\/1"}],"replies":[{"embeddable":true,"href":"https:\/\/www.artsituacions.com\/it\/wp-json\/wp\/v2\/comments?post=1586"}],"version-history":[{"count":40,"href":"https:\/\/www.artsituacions.com\/it\/wp-json\/wp\/v2\/pages\/1586\/revisions"}],"predecessor-version":[{"id":2785,"href":"https:\/\/www.artsituacions.com\/it\/wp-json\/wp\/v2\/pages\/1586\/revisions\/2785"}],"wp:attachment":[{"href":"https:\/\/www.artsituacions.com\/it\/wp-json\/wp\/v2\/media?parent=1586"}],"curies":[{"name":"wp","href":"https:\/\/api.w.org\/{rel}","templated":true}]}}