{"id":2468,"date":"2023-03-21T09:57:04","date_gmt":"2023-03-21T09:57:04","guid":{"rendered":"https:\/\/www.artsituacions.com\/ca\/?page_id=2468"},"modified":"2026-03-09T09:43:53","modified_gmt":"2026-03-09T09:43:53","slug":"premio-art-situacions","status":"publish","type":"page","link":"https:\/\/www.artsituacions.com\/it\/premio-art-situacions\/","title":{"rendered":"Premio ART Situacions ARCOmadrid 2020"},"content":{"rendered":"<div style=\"margin-top:20px; \" class=\"exhibitionInfo\">\n<div class=\"c1\"><img decoding=\"async\" class=\"alignnone size-full wp-image-46\" src=\"http:\/\/www.artsituacions.com\/wp-content\/uploads\/2017\/02\/logo_arco_madrid.jpg\" alt=\"ARCOmadrid 2018\" height=\"300\" \/><\/p>\n<div class=\"supportBy\" style=\"margin-top:5px;\">\n<strong>Directora ArtSituacions:<\/strong><br \/>\nPilar Forcada <\/p>\n<p><strong>Patrocinio:<\/strong><br \/>\nMarcel Pascual <\/p>\n<div class=\"box\">\n<div class=\"item\"><a href=\"https:\/\/www.hondaencasa.com\/\" target=\"_blank\" rel=\"noopener\"><img decoding=\"async\" loading=\"lazy\" src=\"\/wp-content\/uploads\/2014\/10\/honda-the-power-of-dreams-300x144.jpg\" alt=\"honda-the-power-of-dreams\" width=\"100\" height=\"48\" class=\"alignnone size-thumbnail wp-image-127\" \/><\/a><\/div>\n<div class=\"item\"><a href=\"https:\/\/www.hondaencasa.com\/\" target=\"_blank\" rel=\"noopener\"><img decoding=\"async\" loading=\"lazy\" src=\"\/wp-content\/uploads\/2015\/09\/greens.jpg\" alt=\"greens\" width=\"100\" height=\"48\" class=\"alignnone size-thumbnail wp-image-127\" \/><\/a><\/div>\n<p><br style=\"clear:both;\" \/><\/p>\n<p style=\"margin-top:40px;\"><strong>Edizioni precedenti:<\/strong><\/p>\n<p><a style=\"color:#cc0000;\" href=\"http:\/\/www.artsituacions.com\/premio-art-situacions-arcomadrid-2019\/\">ARCOMAdrid 2019<\/a><br \/>\n<a style=\"color:#cc0000;\" href=\"http:\/\/www.artsituacions.com\/arcomadrid-2018\/\">ARCOMAdrid 2018<\/a><br \/>\n<a style=\"color:#cc0000;\" href=\"http:\/\/www.artsituacions.com\/arcomadrid-2017\/\">ARCOMAdrid 2017<\/a>\n<\/div>\n<p><!--box--><\/p>\n<\/div>\n<p><!--supportby--><\/p>\n<\/div>\n<p><!--c1--><\/p>\n<div class=\"c2\">\n<div class='scroll-pane'>\n<div class=\"info\">\n<p><h4 style=\"margin-top: 100px;\">Consegna del PREMIO ART Situacions ARCOmadrid 2020<\/h4>\n<\/p>\n<p><em><\/p>\n<h5>Sponsorizzato da Honda \u2013 Greens Power Products il riconoscimento premia la miglior opera d&#8217;arte emergente di ARCOmadrid 2020<\/h5>\n<p><\/em><\/p>\n<p>Madrid, 28 febbraio 2020. Giunto al suo quarto bando presso ARCOMadrid, ART Situacions sostiene la creazione artistica contemporanea emergente internazionale.<\/p>\n<p>Il premio, con una dotazione di 15 000 euro, \u00e8 stato assegnato nella sala 39 di ARCOmadrid all&#8217;opera Land Grabbing, di Asunci\u00f3n Molinos Gordo, rappresentata dalla galleria Traves\u00eda Cuatro di Madrid. <\/p>\n<p>L&#8217;opera \u00e8 stata scelta da un comitato di professionisti composto da Lorena M. de Corral, storica dell&#8217;arte e curatrice indipendente, e Chus Mart\u00ednez, curatrice d&#8217;arte, storica e scrittrice. La cerimonia di consegna del premio ha visto anche la partecipazione di Maribel L\u00f3pez, direttrice di ARCOmadrid, Pilar Forcada, direttrice di ART Situacions, e Marcel Pascual, direttore di Honda \u2013 Greens Power Products. L\u2019opera vincitrice entrer\u00e0 a far parte della collezione di ART Situacions. <\/p>\n<p><strong>Sull\u2019opera vincitrice:<\/strong><br \/>\n<em>Land Grabbing<br \/>\n2019<br \/>\nCotone egiziano cucito a mano<br \/>\n150 x 150<\/em><\/p>\n<p>L&#8217;opera Land Grabbing \u00e8 stata concepita come parte della mostra &#8220;Accumulation by Disposession&#8221; di Asunci\u00f3n Molinos presso la Delfina Foundation (Londra), nel marzo-giugno 2019. <\/p>\n<p>Uno sguardo a volo d&#8217;uccello sull&#8217;Egitto rivela una geometria espressiva, che ci parla delle condizioni economiche e produttive dei piccoli agricoltori, dell&#8217;agroindustria e del governo centrale. L\u2019opera costituisce una riflessione su come le geometrie di queste due differenti forme agricole evidenziano la disputa per il controllo delle risorse naturali ed economiche.<\/p>\n<p>Infine, \u00e8 una rappresentazione visiva di come l&#8217;attuale sistema alimentare ha portato alla mercificazione degli alimenti di base, in un processo di finanziarizzazione della terra, del lavoro e dei mezzi di produzione che spinge una gran parte della popolazione mondiale verso il baratro della fame.<\/p>\n<p>Asunci\u00f3n Molinos Gordo \u00e8 un\u2019artista concettuale e ricercatrice culturale spagnola. Il suo lavoro si incentra sullo studio delle culture rurali e contadine in un\u2019ottica internazionale. Lavora da una prospettiva fortemente influenzata da discipline quali l&#8217;antropologia, la sociologia e gli studi culturali. Ha prodotto opere che riflettono sull&#8217;uso della terra, l&#8217;architettura nomade, gli scioperi dei contadini, la burocrazia fondiaria, la trasformazione del lavoro rurale, le biotecnologie e il commercio alimentare internazionale.<\/p>\n<p>Vive e lavora tra Spagna ed Egitto.<\/p>\n<\/div>\n<p><!--info--><\/p>\n<\/div>\n<style>.scroll-pane{width: 100%;height:auto;overflow: auto;}<\/style>\n<\/div>\n<p><!--c2--><br \/>\n<br style=\"clear: both;\" \/><\/p>\n<h2 class=\"hdrSection\">Galleria<\/h2>\n<div class=\"gallery\">\n\n\t<ul id=\"slideshowgallery46162\" class=\"slideshowgallery46162\" style=\"display:none;\">\n\t\t\t\t\t<!-- From all slides or gallery slides -->\n\t\t\t\t\t\t\t\n\t\t\t\t<li>\n\t\t\t\t\t<h3 style=\"opacity:70;\">_CR_0885<\/h3>\n\t\t\t\t\t\t\t\t\t\t\t<span data-alt=\"cr0885\">https:\/\/www.artsituacions.com\/wp-content\/uploads\/2020\/02\/cr_0885.jpg<\/span>\n\t\t\t\t\t\t\t\t\t\t<p><\/p>\n\t\t\t\t\t\t\t\t\t\t\t\t\t\t\t\t\t\t<a><img class=\"skip-lazy\" src=\"https:\/\/www.artsituacions.com\/wp-content\/uploads\/2020\/02\/cr_0885.jpg\" alt=\"cr0885\" \/><\/a>\n\t\t\t\t\t\t\t\t\t\t\t\t\t\t\t<\/li>\n\t\t\t\t\t\t\t\n\t\t\t\t<li>\n\t\t\t\t\t<h3 style=\"opacity:70;\">_CR_0839<\/h3>\n\t\t\t\t\t\t\t\t\t\t\t<span data-alt=\"cr0839\">https:\/\/www.artsituacions.com\/wp-content\/uploads\/2020\/02\/cr_0839.jpg<\/span>\n\t\t\t\t\t\t\t\t\t\t<p><\/p>\n\t\t\t\t\t\t\t\t\t\t\t\t\t\t\t\t\t\t<a><img class=\"skip-lazy\" src=\"https:\/\/www.artsituacions.com\/wp-content\/uploads\/2020\/02\/cr_0839.jpg\" alt=\"cr0839\" \/><\/a>\n\t\t\t\t\t\t\t\t\t\t\t\t\t\t\t<\/li>\n\t\t\t\t\t\t\t\n\t\t\t\t<li>\n\t\t\t\t\t<h3 style=\"opacity:70;\">_CR_0873<\/h3>\n\t\t\t\t\t\t\t\t\t\t\t<span data-alt=\"cr0873\">https:\/\/www.artsituacions.com\/wp-content\/uploads\/2020\/02\/cr_0873.jpg<\/span>\n\t\t\t\t\t\t\t\t\t\t<p><\/p>\n\t\t\t\t\t\t\t\t\t\t\t\t\t\t\t\t\t\t<a><img class=\"skip-lazy\" src=\"https:\/\/www.artsituacions.com\/wp-content\/uploads\/2020\/02\/cr_0873.jpg\" alt=\"cr0873\" \/><\/a>\n\t\t\t\t\t\t\t\t\t\t\t\t\t\t\t<\/li>\n\t\t\t\t\t\t\t\n\t\t\t\t<li>\n\t\t\t\t\t<h3 style=\"opacity:70;\">_CR_0841<\/h3>\n\t\t\t\t\t\t\t\t\t\t\t<span data-alt=\"cr0841\">https:\/\/www.artsituacions.com\/wp-content\/uploads\/2020\/02\/cr_0841.jpg<\/span>\n\t\t\t\t\t\t\t\t\t\t<p><\/p>\n\t\t\t\t\t\t\t\t\t\t\t\t\t\t\t\t\t\t<a><img class=\"skip-lazy\" src=\"https:\/\/www.artsituacions.com\/wp-content\/uploads\/2020\/02\/cr_0841.jpg\" alt=\"cr0841\" \/><\/a>\n\t\t\t\t\t\t\t\t\t\t\t\t\t\t\t<\/li>\n\t\t\t\t\t\t<\/ul>\n\t\n\t<div id=\"slideshow-wrappergallery46162\" class=\"slideshow-wrapper\">\n\t\t\t\n\t\t<div class=\"slideshow-fullsize\" id=\"fullsizegallery46162\">\n\t\t\t\t\t\t\t\t\t\t\t\t\t\t<div id=\"imgprevgallery46162\" class=\"slideshow-imgprev imgnav\" title=\"Previous Image\">Previous Image<\/div>\n\t\t\t\t\t\t<a id=\"imglinkgallery46162\" class=\"slideshow-imglink imglink\"><!-- link --><\/a>\n\t\t\t\t\t\t\t\t\t\t\t<div id=\"imgnextgallery46162\" class=\"slideshow-imgnext imgnav\" title=\"Next Image\">Next Image<\/div>\n\t\t\t\t\t\t<div id=\"imagegallery46162\" class=\"slideshow-image\"><\/div>\n\t\t\t<div class=\"slideshow-information infobottom\" id=\"informationgallery46162\">\n\t\t\t\t<h3 class=\"slideshow-info-heading\">info heading<\/h3>\n\t\t\t\t<p class=\"slideshow-info-content\">info content<\/p>\n\t\t\t<\/div>\n\t\t<\/div>\n\t\t\n\t\t\t\t\t<div id=\"thumbnailsgallery46162\" class=\"slideshow-thumbnails thumbsbot\">\n\t\t\t\t<div class=\"slideshow-slideleft\" id=\"slideleftgallery46162\" title=\"Slide Left\"><\/div>\n\t\t\t\t<div class=\"slideshow-slidearea\" id=\"slideareagallery46162\">\n\t\t\t\t\t<div class=\"slideshow-slider\" id=\"slidergallery46162\"><\/div>\n\t\t\t\t<\/div>\n\t\t\t\t<div class=\"slideshow-slideright\" id=\"sliderightgallery46162\" title=\"Slide Right\"><\/div>\n\t\t\t\t<br style=\"clear:both; visibility:hidden; height:1px;\" \/>\n\t\t\t<\/div>\n\t\t\t<\/div>\n\t\n\t\n\t<!-- Slideshow Gallery Javascript BEG -->\t\t<script type=\"text\/javascript\">\tjQuery.noConflict();\ttid('slideshowgallery46162').style.display = \"none\";\ttid('slideshow-wrappergallery46162').style.display = 'block';\ttid('slideshow-wrappergallery46162').style.visibility = 'hidden';\tvar spinnerDiv = document.createElement('div');\tspinnerDiv.setAttribute('id', 'spinnergallery46162');\tspinnerDiv.innerHTML = '<i class=\"fa fa-cog fa-spin\"><\/i>';\tjQuery(spinnerDiv).appendTo('#fullsizegallery46162');\ttid('spinnergallery46162').style.visibility = 'visible';\tvar slideshowgallery46162 = new TINY.slideshow(\"slideshowgallery46162\");\tjQuery(document).ready(function() {\t\tslideshowgallery46162.auto = true;\t\tslideshowgallery46162.speed = 10;\t\tslideshowgallery46162.effect = \"fade\";\t\tslideshowgallery46162.slide_direction = \"lr\";\t\tslideshowgallery46162.easing = \"swing\";\t\tslideshowgallery46162.alwaysauto = true;\t\tslideshowgallery46162.autoheight = true;\t\tslideshowgallery46162.autoheight_max = false;\t\tslideshowgallery46162.imgSpeed = 10;\t\tslideshowgallery46162.navOpacity = 25;\t\tslideshowgallery46162.navHover = 70;\t\tslideshowgallery46162.letterbox = \"#000000\";\t\tslideshowgallery46162.linkclass = \"linkhover\";\t\tslideshowgallery46162.imagesid = \"imagesgallery46162\";\t\tslideshowgallery46162.info = \"informationgallery46162\";\t\tslideshowgallery46162.infoonhover = 0;\t\tslideshowgallery46162.infoSpeed = 10;\t\tslideshowgallery46162.infodelay = 0;\t\tslideshowgallery46162.infofade = 0;\t\tslideshowgallery46162.infofadedelay = 0;\t\tslideshowgallery46162.thumbs = \"slidergallery46162\";\t\tslideshowgallery46162.thumbOpacity = 70;\t\tslideshowgallery46162.left = \"slideleftgallery46162\";\t\tslideshowgallery46162.right = \"sliderightgallery46162\";\t\tslideshowgallery46162.scrollSpeed = 5;\t\tslideshowgallery46162.spacing = 5;\t\tslideshowgallery46162.active = \"#ffffff\";\t\tslideshowgallery46162.imagesthickbox = \"false\";\t\tjQuery(\"#spinnergallery46162\").remove();\t\tslideshowgallery46162.init(\"slideshowgallery46162\",\"imagegallery46162\",\"imgprevgallery46162\",\"imgnextgallery46162\",\"imglinkgallery46162\");\t\ttid('slideshow-wrappergallery46162').style.visibility = 'visible';\t\tjQuery(window).trigger('resize');\t\t\t\t\t});\t\t\t<\/script>\t\t<!-- Slideshow Gallery Javascript END --><!-- Slideshow Gallery CSS BEG --><style id=\"style-gallery46162\">\t\tul.slideshowgallery46162 { list-style:none !important; color:#fff; }\n\t\tul.slideshowgallery46162 span { display:none; }\n\t\t#slideshow-wrappergallery46162 { overflow: hidden; position:relative; width:100%; background:#020202; padding:0 0 0 0; border:; margin:0; display:none; }\n\t\t#slideshow-wrappergallery46162 * { margin:0; padding:0; }\n\t\t#slideshow-wrappergallery46162 #fullsizegallery46162 { position:relative; z-index:1; overflow:hidden; width:100%; height:460px; clear:both; border: none; }\n\t\t#slideshow-wrappergallery46162 #informationgallery46162 { text-align:left; font-family:Verdana, Arial, Helvetica, sans-serif !important; position:absolute; width:100%; height:0; background:#000000; color:#ffffff; overflow:hidden; z-index:300; opacity:.7; filter:alpha(opacity=70); }\n\t\t#slideshow-wrappergallery46162 #informationgallery46162 h3 { color:#ffffff; padding:4px 8px 3px; margin:0 !important; font-size:16px; font-weight:bold; }\n\t\t#slideshow-wrappergallery46162 #informationgallery46162 a { color:#ffffff; }\n\t\t#slideshow-wrappergallery46162 #informationgallery46162 p { color:#ffffff; padding:0 8px 8px; margin:0 !important; font-size: 14px; font-weight:normal; }\n\t\t#slideshow-wrappergallery46162 .infotop { margin-bottom:8px !important; top:0!important; }\n\t\t#slideshow-wrappergallery46162 .infobottom { margin-top:8px !important; bottom:0!important; }\n\t\t\t\t\t#slideshow-wrappergallery46162 #imagegallery46162 { width:100%; }\n\t\t\t#slideshow-wrappergallery46162 #imagegallery46162 img { border:none; border-radius:0; box-shadow:none; position:absolute; left:0%; right:0%; max-height:100%; max-width:100%; margin:0 auto; display:block; }\n\t\t\t\t#slideshow-wrappergallery46162 .imgnav { position:absolute; width:25%; height:100%; cursor:pointer; z-index:250; }\n\t\t#slideshow-wrappergallery46162 #imgprevgallery46162:before { font-family:FontAwesome; content:\"\\f053\"; font-size:30px; color:white; visibility:visible; left:0; text-align:left; width: auto; height:auto; line-height:160%; top:50%; margin:-30px 0 0 0; border-radius:0 10px 10px 0; background:black; padding:3px 10px 0 10px; position: absolute; display: inline-block; \t}\n\t\t#slideshow-wrappergallery46162 #imgprevgallery46162 { display:none; -moz-user-select: none; -khtml-user-select: none; -webkit-user-select: none; -o-user-select: none; left:0; font-size:0px; }\n\t\t#slideshow-wrappergallery46162 #imgnextgallery46162:before { font-family:FontAwesome; content:\"\\f054\"; font-size:30px; color:white; visibility:visible; right:0; text-align:right; width: auto; height:auto; line-height:160%; top:50%; margin:-30px 0 0 0; border-radius:10px 0 0 10px; background:black; padding:3px 10px 0 10px; position: absolute; display: inline-block; }\n\t\t#slideshow-wrappergallery46162 #imgnextgallery46162 { display:none; -moz-user-select: none; -khtml-user-select: none; -webkit-user-select: none; -o-user-select: none; right:0; font-size:0px; }\n\t\t#slideshow-wrappergallery46162 #imglinkgallery46162 { position:absolute; zoom:1; background-color:#ffffff; height:100%; width:100%; left:0; z-index:149; opacity:0; filter:alpha(opacity=0); }\n\t\t#slideshow-wrappergallery46162 .linkhover:before { font-family:FontAwesome; content:\"\\f14c\"; font-size:30px; text-align:center; height:auto; line-height:160%; width:auto; top:50%; left:auto; right:auto; margin:-30px 0 0 0; padding:0px 12px; display: inline-block; position: relative; background:black; color:white; border-radius:10px; }\n\t\t#slideshow-wrappergallery46162 .linkhover { background:transparent !important; opacity:.4 !important; filter:alpha(opacity=40) !important; text-align:center; font-size:0px; }\n\t\t#slideshow-wrappergallery46162 #thumbnailsgallery46162 { background:#020202; height:89px; width:100%; position:relative; overflow:hidden; }\n\t\t#slideshow-wrappergallery46162 .thumbstop { margin-bottom:8px !important; }\n\t\t#slideshow-wrappergallery46162 .thumbsbot { margin-top:8px !important; }\n\t\t#slideshow-wrappergallery46162 #slideleftgallery46162:before { font-family:FontAwesome; content: \"\\f104\"; color:#999; position: absolute; height: auto; line-height:160%; width: auto; display: inline-block; top: 50%; font-size: 30px; margin: -30px 0 0 0; padding: 0 5px; }\n\t\t#slideshow-wrappergallery46162 #slideleftgallery46162 { text-align:left; float:left; position:absolute; left:0; z-index:150; width:20px; height:89px; background:#222; }\n\t\t#slideshow-wrappergallery46162 #slideleftgallery46162:hover { background-color:#333; }\n\t\t#slideshow-wrappergallery46162 #sliderightgallery46162:before { font-family:FontAwesome; content: \"\\f105\"; color:#999; position: absolute; height: auto; line-height:160%; width: auto; display: inline-block; top: 50%; font-size: 30px; margin: -30px 0 0 0; padding: 0 5px; }\n\t\t#slideshow-wrappergallery46162 #sliderightgallery46162 { text-align:left; float:right; position:absolute; right:0; z-index:150; width:20px; height:89px; background:#222; }\n\t\t#slideshow-wrappergallery46162 #sliderightgallery46162:hover { background-color:#333; }\n\t\t#slideshow-wrappergallery46162 #slideareagallery46162 { float:left; position:absolute; z-index:149; background:#020202; width:100%; margin:0; height:89px; overflow:hidden; }\n\t\t#slideshow-wrappergallery46162 #slidergallery46162 { position:absolute; width:504px !important; left:0; height:89px; padding:3px 20px 0 25px; }\n\t\t#slideshow-wrappergallery46162 #slidergallery46162 img { width:100px; height:75px; cursor:pointer; border:1px solid #666; padding:2px; float:left !important; }\n\t\t#slideshow-wrappergallery46162 #spinnergallery46162 { position:relative; top:50%; left:45%; text-align:left; font-size:30px; }\n\t\t#slideshow-wrappergallery46162 #spinnergallery46162 img { border:none; }\n\t\n\t\t\t\t@media (max-width:480px) { \t.slideshow-information { display: none !important; } }\n\t\t\t\t\t\t@media (max-width:480px) { \t.slideshow-thumbnails { display: none !important; } }\n\t\t\t<\/style><!-- Slideshow Gallery CSS END --><\/p>\n<p><br style=\"clear: both;\" \/><br style=\"clear: both;\" \/>\t<\/div>\n<\/div>\n<p><!--exhibitioninfo--><\/p>\n","protected":false},"excerpt":{"rendered":"<p>Directora ArtSituacions: Pilar Forcada Patrocinio: Marcel Pascual Edizioni precedenti: ARCOMAdrid 2019 ARCOMAdrid 2018 ARCOMAdrid 2017 Consegna del PREMIO ART Situacions ARCOmadrid 2020 Sponsorizzato da Honda \u2013 Greens Power Products il riconoscimento premia la miglior opera d&#8217;arte emergente di ARCOmadrid 2020<span class=\"ellipsis\">&hellip;<\/span><\/p>\n<div class=\"read-more\"><a href=\"https:\/\/www.artsituacions.com\/it\/premio-art-situacions\/\">Leggi altro &#8250;<\/a><\/div>\n<p><!-- end of .read-more --><\/p>\n","protected":false},"author":1,"featured_media":0,"parent":0,"menu_order":0,"comment_status":"closed","ping_status":"closed","template":"","meta":[],"yoast_head":"<!-- This site is optimized with the Yoast SEO plugin v17.8 - https:\/\/yoast.com\/wordpress\/plugins\/seo\/ -->\n<meta name=\"robots\" content=\"index, follow, max-snippet:-1, max-image-preview:large, max-video-preview:-1\" \/>\n<link rel=\"canonical\" href=\"https:\/\/www.artsituacions.com\/en\/premio-art-situacions\/\" \/>\n<meta property=\"og:locale\" content=\"it_IT\" \/>\n<meta property=\"og:type\" content=\"article\" \/>\n<meta property=\"og:title\" content=\"Premio ART Situacions ARCOmadrid 2020\" \/>\n<meta property=\"og:description\" content=\"Directora ArtSituacions: Pilar Forcada Patrocinio: Marcel Pascual Edizioni precedenti: ARCOMAdrid 2019 ARCOMAdrid 2018 ARCOMAdrid 2017 Consegna del PREMIO ART Situacions ARCOmadrid 2020 Sponsorizzato da Honda \u2013 Greens Power Products il riconoscimento premia la miglior opera d&#8217;arte emergente di ARCOmadrid 2020&hellip;Leggi altro &#8250;\" \/>\n<meta property=\"og:url\" content=\"https:\/\/www.artsituacions.com\/it\/premio-art-situacions\/\" \/>\n<meta property=\"og:site_name\" content=\"Artsituacions\" \/>\n<meta property=\"article:modified_time\" content=\"2026-03-09T09:43:53+00:00\" \/>\n<meta property=\"og:image\" content=\"https:\/\/www.artsituacions.com\/wp-content\/uploads\/2023\/03\/pilar.jpeg\" \/>\n<meta name=\"twitter:card\" content=\"summary_large_image\" \/>\n<meta name=\"twitter:label1\" content=\"Tempo di lettura stimato\" \/>\n\t<meta name=\"twitter:data1\" content=\"4 minuti\" \/>\n<script type=\"application\/ld+json\" class=\"yoast-schema-graph\">{\"@context\":\"https:\/\/schema.org\",\"@graph\":[{\"@type\":\"WebSite\",\"@id\":\"https:\/\/www.artsituacions.com\/es\/#website\",\"url\":\"https:\/\/www.artsituacions.com\/es\/\",\"name\":\"Artsituacions\",\"description\":\"\",\"potentialAction\":[{\"@type\":\"SearchAction\",\"target\":{\"@type\":\"EntryPoint\",\"urlTemplate\":\"https:\/\/www.artsituacions.com\/es\/?s={search_term_string}\"},\"query-input\":\"required name=search_term_string\"}],\"inLanguage\":\"it-IT\"},{\"@type\":\"ImageObject\",\"@id\":\"https:\/\/www.artsituacions.com\/en\/premio-art-situacions\/#primaryimage\",\"inLanguage\":\"it-IT\",\"url\":\"\/wp-content\/uploads\/2023\/03\/pilar.jpeg\",\"contentUrl\":\"\/wp-content\/uploads\/2023\/03\/pilar.jpeg\"},{\"@type\":\"WebPage\",\"@id\":\"https:\/\/www.artsituacions.com\/en\/premio-art-situacions\/#webpage\",\"url\":\"https:\/\/www.artsituacions.com\/en\/premio-art-situacions\/\",\"name\":\"[:es]Premio Pilar Forcada ART Situacions[:ca]Premi Pilar Forcada ART Situacions[:en]Pilar Forcada ART Situacions Prize[:it]Premio ART Situacions ARCOmadrid 2020[:] - Artsituacions\",\"isPartOf\":{\"@id\":\"https:\/\/www.artsituacions.com\/es\/#website\"},\"primaryImageOfPage\":{\"@id\":\"https:\/\/www.artsituacions.com\/en\/premio-art-situacions\/#primaryimage\"},\"datePublished\":\"2023-03-21T09:57:04+00:00\",\"dateModified\":\"2026-03-09T09:43:53+00:00\",\"breadcrumb\":{\"@id\":\"https:\/\/www.artsituacions.com\/en\/premio-art-situacions\/#breadcrumb\"},\"inLanguage\":\"it-IT\",\"potentialAction\":[{\"@type\":\"ReadAction\",\"target\":[\"https:\/\/www.artsituacions.com\/en\/premio-art-situacions\/\"]}]},{\"@type\":\"BreadcrumbList\",\"@id\":\"https:\/\/www.artsituacions.com\/en\/premio-art-situacions\/#breadcrumb\",\"itemListElement\":[{\"@type\":\"ListItem\",\"position\":1,\"name\":\"Home\",\"item\":\"https:\/\/www.artsituacions.com\/es\/\"},{\"@type\":\"ListItem\",\"position\":2,\"name\":\"Pilar Forcada ART Situacions Prize\"}]}]}<\/script>\n<!-- \/ Yoast SEO plugin. -->","yoast_head_json":{"robots":{"index":"index","follow":"follow","max-snippet":"max-snippet:-1","max-image-preview":"max-image-preview:large","max-video-preview":"max-video-preview:-1"},"canonical":"https:\/\/www.artsituacions.com\/en\/premio-art-situacions\/","og_locale":"it_IT","og_type":"article","og_title":"[:es]Premio Pilar Forcada ART Situacions[:ca]Premi Pilar Forcada ART Situacions[:en]Pilar Forcada ART Situacions Prize[:it]Premio ART Situacions ARCOmadrid 2020[:] - Artsituacions","og_description":"Directora ArtSituacions: Pilar Forcada Patrocinio: Marcel Pascual Edizioni precedenti: ARCOMAdrid 2019 ARCOMAdrid 2018 ARCOMAdrid 2017 Consegna del PREMIO ART Situacions ARCOmadrid 2020 Sponsorizzato da Honda \u2013 Greens Power Products il riconoscimento premia la miglior opera d&#8217;arte emergente di ARCOmadrid 2020&hellip;Leggi altro &#8250;","og_url":"https:\/\/www.artsituacions.com\/it\/premio-art-situacions\/","og_site_name":"Artsituacions","article_modified_time":"2026-03-09T09:43:53+00:00","og_image":[{"url":"https:\/\/www.artsituacions.com\/wp-content\/uploads\/2023\/03\/pilar.jpeg"}],"twitter_card":"summary_large_image","twitter_misc":{"Tempo di lettura stimato":"4 minuti"},"schema":{"@context":"https:\/\/schema.org","@graph":[{"@type":"WebSite","@id":"https:\/\/www.artsituacions.com\/es\/#website","url":"https:\/\/www.artsituacions.com\/es\/","name":"Artsituacions","description":"","potentialAction":[{"@type":"SearchAction","target":{"@type":"EntryPoint","urlTemplate":"https:\/\/www.artsituacions.com\/es\/?s={search_term_string}"},"query-input":"required name=search_term_string"}],"inLanguage":"it-IT"},{"@type":"ImageObject","@id":"https:\/\/www.artsituacions.com\/en\/premio-art-situacions\/#primaryimage","inLanguage":"it-IT","url":"\/wp-content\/uploads\/2023\/03\/pilar.jpeg","contentUrl":"\/wp-content\/uploads\/2023\/03\/pilar.jpeg"},{"@type":"WebPage","@id":"https:\/\/www.artsituacions.com\/en\/premio-art-situacions\/#webpage","url":"https:\/\/www.artsituacions.com\/en\/premio-art-situacions\/","name":"[:es]Premio Pilar Forcada ART Situacions[:ca]Premi Pilar Forcada ART Situacions[:en]Pilar Forcada ART Situacions Prize[:it]Premio ART Situacions ARCOmadrid 2020[:] - Artsituacions","isPartOf":{"@id":"https:\/\/www.artsituacions.com\/es\/#website"},"primaryImageOfPage":{"@id":"https:\/\/www.artsituacions.com\/en\/premio-art-situacions\/#primaryimage"},"datePublished":"2023-03-21T09:57:04+00:00","dateModified":"2026-03-09T09:43:53+00:00","breadcrumb":{"@id":"https:\/\/www.artsituacions.com\/en\/premio-art-situacions\/#breadcrumb"},"inLanguage":"it-IT","potentialAction":[{"@type":"ReadAction","target":["https:\/\/www.artsituacions.com\/en\/premio-art-situacions\/"]}]},{"@type":"BreadcrumbList","@id":"https:\/\/www.artsituacions.com\/en\/premio-art-situacions\/#breadcrumb","itemListElement":[{"@type":"ListItem","position":1,"name":"Home","item":"https:\/\/www.artsituacions.com\/es\/"},{"@type":"ListItem","position":2,"name":"Pilar Forcada ART Situacions Prize"}]}]}},"AFP_featured_media_urls":{"full":false,"thumbnail":false,"medium":false,"medium_large":false,"large":false},"AFP_attachments":[],"AFP_videos":[],"AFP_video_blocks":"","AFP_category_names":[],"_links":{"self":[{"href":"https:\/\/www.artsituacions.com\/it\/wp-json\/wp\/v2\/pages\/2468"}],"collection":[{"href":"https:\/\/www.artsituacions.com\/it\/wp-json\/wp\/v2\/pages"}],"about":[{"href":"https:\/\/www.artsituacions.com\/it\/wp-json\/wp\/v2\/types\/page"}],"author":[{"embeddable":true,"href":"https:\/\/www.artsituacions.com\/it\/wp-json\/wp\/v2\/users\/1"}],"replies":[{"embeddable":true,"href":"https:\/\/www.artsituacions.com\/it\/wp-json\/wp\/v2\/comments?post=2468"}],"version-history":[{"count":59,"href":"https:\/\/www.artsituacions.com\/it\/wp-json\/wp\/v2\/pages\/2468\/revisions"}],"predecessor-version":[{"id":3288,"href":"https:\/\/www.artsituacions.com\/it\/wp-json\/wp\/v2\/pages\/2468\/revisions\/3288"}],"wp:attachment":[{"href":"https:\/\/www.artsituacions.com\/it\/wp-json\/wp\/v2\/media?parent=2468"}],"curies":[{"name":"wp","href":"https:\/\/api.w.org\/{rel}","templated":true}]}}