{"id":3021,"date":"2024-03-18T17:07:56","date_gmt":"2024-03-18T17:07:56","guid":{"rendered":"https:\/\/www.artsituacions.com\/es\/?page_id=3021"},"modified":"2024-03-18T17:41:04","modified_gmt":"2024-03-18T17:41:04","slug":"fiminco-2024","status":"publish","type":"page","link":"https:\/\/www.artsituacions.com\/it\/fiminco-2024\/","title":{"rendered":"ARCOMadrid 2023"},"content":{"rendered":"<div class=\"exhibitionInfo\" style=\"margin-top: 30px;\">\n<div class=\"c1\">\n<p><img decoding=\"async\" class=\"alignnone size-full wp-image-46\" src=\"\/wp-content\/uploads\/2017\/02\/logo_arco_madrid.jpg\" alt=\"ARCOmadrid 2019\" height=\"300\" \/><\/p>\n<div class=\"supportBy\">\n<p>Con la colaboraci\u00f3n de:<\/p>\n<div class=\"box\">\n<div class=\"item\"><a href=\"https:\/\/www.hondaencasa.com\/\" target=\"_blank\" rel=\"noopener\"><img decoding=\"async\" loading=\"lazy\" class=\"alignnone size-thumbnail wp-image-127\" src=\"\/wp-content\/uploads\/2014\/10\/honda-the-power-of-dreams-300x144.jpg\" alt=\"honda-the-power-of-dreams\" width=\"100\" height=\"48\" \/><\/a><\/div>\n<div class=\"item\"><a href=\"https:\/\/www.hondaencasa.com\/\" target=\"_blank\" rel=\"noopener\"><img decoding=\"async\" loading=\"lazy\" class=\"alignnone size-thumbnail wp-image-127\" src=\"\/wp-content\/uploads\/2015\/09\/greens.jpg\" alt=\"greens\" width=\"100\" height=\"48\" \/><\/a><\/div>\n<\/div>\n<p><!--box--><\/p>\n<\/div>\n<p><!--supportby--><\/p>\n<\/div>\n<p><!--c1--><\/p>\n<div class=\"c2\">\n<div class=\"scroll-pane\">\n<div class=\"info\">\n<div style=\"float:left; width:20%;\">\nARTSituacions III<br \/>\n <b>ESPA\u00d1A, FRANCIA<\/b>\n<\/div>\n<div style=\"float: right; margin-top: 20px;width:80%;\">\nElena Aitzkoa, Nora Aurrekoetxea, Luc\u00eda Bay\u00f3n, Elsa Br\u00e8s, Pablo Capit\u00e1n del R\u00edo, Salom\u00e9 Chatriot, Marie-Luce Nadal, Beno\u00eet Pi\u00e9ron, Yoan Sorin.<\/p>\n<p><span style=\"font-weight: 400;\">Art Situacions regresa con una muestra en ARCO con obras de los artistas espa\u00f1oles y franceses invitados a participar por el comit\u00e9 de expertos. Las obras que forman parte de este encuentro de arte emergente incluyen 10 obras nuevas producidas para la ocasi\u00f3n, as\u00ed como diferentes piezas recientes de los artistas seleccionados. Tambi\u00e9n se presenta el libro escrito por Chus Mart\u00ednez y editado por Turner.<\/span><\/p>\n<p><span style=\"font-weight: 400;\">La exposici\u00f3n \u2013en homenaje a la fundadora de ART Situacions Pilar Forcada\u2014celebra su apoyo al arte y a los artistas, su compromiso con formas culturales de di\u00e1logo entre comunidades de artistas y profesionales, as\u00ed como una forma activa de patrocinio que sirva de motivaci\u00f3n en un tiempo dif\u00edcil a los artistas de las generaciones m\u00e1s j\u00f3venes y a las audiencias que les rodean.\u00a0<\/span><\/p>\n<p><span style=\"font-weight: 400;\">El objetivo de ART Situacions es realizar varias muestras en Espa\u00f1a y Francia durante los dos pr\u00f3ximos a\u00f1os, con la misi\u00f3n de apoyar la cultura y a los artistas participantes, contribuyendo a dinamizar el tejido art\u00edstico actual.<\/span><\/p>\n<\/div>\n<p>&nbsp;<\/p>\n<div style=\"float: right; margin-top: 10px; width: 95%;\">\n<h3><span style=\"font-weight: 400;\">El arte como obligaci\u00f3n moral<\/span><\/h3>\n<p><span style=\"font-weight: 400;\">El arte no cambia el mundo, pero contribuye a que sea mejor. No transforma nuestras vidas, si bien nos estimula la sensibilidad. No elimina las diferencias, aunque nos iguala en nuestra capacidad de extasiarnos ante la belleza. En realidad, el arte pertenece a todo el mundo y a nadie, a todas las \u00e9pocas y a ninguna en concreto, a sus creadores y a quienes son capaces de disfrutarlo. El planeta necesita del arte casi tanto como el aire para respirar, porque su fuerza inspiradora nos resulta imprescindible para seguir creciendo como personas.<\/span><\/p>\n<p><span style=\"font-weight: 400;\">Como empresario, me he sentido obligado a contribuir al fomento de la cultura. Con mi esposa Pilar Forcada tuvimos siempre claro que ten\u00edamos una obligaci\u00f3n moral para devolverle a la sociedad algo de lo que nos hab\u00eda dado. Y como ambos \u00e9ramos unos enamorados del arte, pensamos que pod\u00edamos ayudar en dar a conocer a j\u00f3venes creadores. Durante casi medio siglo hemos construido juntos una colecci\u00f3n ecl\u00e9ctica y diversa, donde al lado de artistas reconocidos incorporamos trabajos de promesas emergentes. Y ciertamente, nos ha dado muchas alegr\u00edas haber contribuido con nuestro respaldo a que un buen pu\u00f1ado de artistas hayan podido dedicarse exclusivamente a la creaci\u00f3n.<\/span><\/p>\n<p><span style=\"font-weight: 400;\">La selecci\u00f3n de este a\u00f1o ha sido realizada, una vez m\u00e1s, por nuestro ilustre comit\u00e9 de expertos. A todos agradezco su dedicaci\u00f3n y su inter\u00e9s renovado. Estamos convencidos del alto nivel de las obras presentadas a esta edici\u00f3n. Nuestra voluntad es que las disfrut\u00e9is en las diferentes exposiciones que vamos a llevar cabo en Espa\u00f1a y Francia. Ya dec\u00eda Marcel Duchamp que no son los pintores sino los espectadores quienes hacen los cuadros.<\/span><\/p>\n<p><span style=\"font-weight: 400;\">No puedo terminar estas l\u00edneas sin felicitar a los artistas que han participado, a quienes les auguramos un gran porvenir. A todos ellos quiero darles las gracias por hacer del mundo un lugar m\u00e1s bello y un espacio de reflexi\u00f3n a trav\u00e9s del arte.<\/span><\/p>\n<p><strong>Marcel Pascual<\/strong><br \/>\n<em><span style=\"font-weight: 400;\">Director ART Situacions<\/span><\/em><\/p>\n<p><span style=\"font-weight: 400;\"><br \/>\n<em>Comit\u00e9 de expertos:<\/em><br \/>\n<\/span><span style=\"font-weight: 400;\">Mar\u00eda de Corral<br \/>\n<\/span><span style=\"font-weight: 400;\">Lorena Mart\u00ednez de Corral<br \/>\n<\/span><span style=\"font-weight: 400;\">Chus Mart\u00ednez<br \/>\n<\/span><span style=\"font-weight: 400;\">Vicent Todol\u00ed<\/span><\/p>\n<p><span style=\"font-weight: 400;\"><em>Direcci\u00f3n:<\/em><br \/>\n<\/span><span style=\"font-weight: 400;\">Marcel Pascual<\/span><\/p>\n<p><span style=\"font-weight: 400;\"><em>Organizaci\u00f3n:<\/em><br \/>\n<\/span><span style=\"font-weight: 400;\">HONDA &#8211; Greens Power Products, S.L.<\/span><\/p>\n<\/div>\n<\/div>\n<p><!--info--><\/p>\n<\/div>\n<style>.scroll-pane{width: 100%;height:550px; overflow: auto;}<\/style>\n<\/div>\n<p><!--c2--><\/p>\n<p><br style=\"clear: both;\" \/><br style=\"clear: both;\" \/><\/p>\n<\/div>\n<p><!--exhibitioninfo--><\/p>\n","protected":false},"excerpt":{"rendered":"<p>Con la colaboraci\u00f3n de: ARTSituacions III ESPA\u00d1A, FRANCIA Elena Aitzkoa, Nora Aurrekoetxea, Luc\u00eda Bay\u00f3n, Elsa Br\u00e8s, Pablo Capit\u00e1n del R\u00edo, Salom\u00e9 Chatriot, Marie-Luce Nadal, Beno\u00eet Pi\u00e9ron, Yoan Sorin. Art Situacions regresa con una muestra en ARCO con obras de los<span class=\"ellipsis\">&hellip;<\/span><\/p>\n<div class=\"read-more\"><a href=\"https:\/\/www.artsituacions.com\/it\/fiminco-2024\/\">Leggi altro &#8250;<\/a><\/div>\n<p><!-- end of .read-more --><\/p>\n","protected":false},"author":1,"featured_media":0,"parent":0,"menu_order":0,"comment_status":"closed","ping_status":"closed","template":"","meta":[],"yoast_head":"<!-- This site is optimized with the Yoast SEO plugin v17.8 - https:\/\/yoast.com\/wordpress\/plugins\/seo\/ -->\n<meta name=\"robots\" content=\"index, follow, max-snippet:-1, max-image-preview:large, max-video-preview:-1\" \/>\n<link rel=\"canonical\" href=\"https:\/\/www.artsituacions.com\/en\/fiminco-2024\/\" \/>\n<meta property=\"og:locale\" content=\"it_IT\" \/>\n<meta property=\"og:type\" content=\"article\" \/>\n<meta property=\"og:title\" content=\"ARCOMadrid 2023\" \/>\n<meta property=\"og:description\" content=\"Con la colaboraci\u00f3n de: ARTSituacions III ESPA\u00d1A, FRANCIA Elena Aitzkoa, Nora Aurrekoetxea, Luc\u00eda Bay\u00f3n, Elsa Br\u00e8s, Pablo Capit\u00e1n del R\u00edo, Salom\u00e9 Chatriot, Marie-Luce Nadal, Beno\u00eet Pi\u00e9ron, Yoan Sorin. Art Situacions regresa con una muestra en ARCO con obras de los&hellip;Leggi altro &#8250;\" \/>\n<meta property=\"og:url\" content=\"https:\/\/www.artsituacions.com\/it\/fiminco-2024\/\" \/>\n<meta property=\"og:site_name\" content=\"Artsituacions\" \/>\n<meta property=\"article:modified_time\" content=\"2024-03-18T17:41:04+00:00\" \/>\n<meta property=\"og:image\" content=\"https:\/\/www.artsituacions.com\/wp-content\/uploads\/2024\/03\/logo-fiminco.png\" \/>\n<meta name=\"twitter:card\" content=\"summary_large_image\" \/>\n<meta name=\"twitter:label1\" content=\"Tempo di lettura stimato\" \/>\n\t<meta name=\"twitter:data1\" content=\"6 minuti\" \/>\n<script type=\"application\/ld+json\" class=\"yoast-schema-graph\">{\"@context\":\"https:\/\/schema.org\",\"@graph\":[{\"@type\":\"WebSite\",\"@id\":\"https:\/\/www.artsituacions.com\/es\/#website\",\"url\":\"https:\/\/www.artsituacions.com\/es\/\",\"name\":\"Artsituacions\",\"description\":\"\",\"potentialAction\":[{\"@type\":\"SearchAction\",\"target\":{\"@type\":\"EntryPoint\",\"urlTemplate\":\"https:\/\/www.artsituacions.com\/es\/?s={search_term_string}\"},\"query-input\":\"required name=search_term_string\"}],\"inLanguage\":\"it-IT\"},{\"@type\":\"ImageObject\",\"@id\":\"https:\/\/www.artsituacions.com\/en\/fiminco-2024\/#primaryimage\",\"inLanguage\":\"it-IT\",\"url\":\"https:\/\/www.artsituacions.com\/wp-content\/uploads\/2024\/03\/logo-fiminco.png\",\"contentUrl\":\"https:\/\/www.artsituacions.com\/wp-content\/uploads\/2024\/03\/logo-fiminco.png\"},{\"@type\":\"WebPage\",\"@id\":\"https:\/\/www.artsituacions.com\/en\/fiminco-2024\/#webpage\",\"url\":\"https:\/\/www.artsituacions.com\/en\/fiminco-2024\/\",\"name\":\"[:es]Fiminco Fondation 2024[:ca]Fondation Fiminco 2024[:en]Fondation Fiminco 2024[:it]ARCOMadrid 2023[:] - Artsituacions\",\"isPartOf\":{\"@id\":\"https:\/\/www.artsituacions.com\/es\/#website\"},\"primaryImageOfPage\":{\"@id\":\"https:\/\/www.artsituacions.com\/en\/fiminco-2024\/#primaryimage\"},\"datePublished\":\"2024-03-18T17:07:56+00:00\",\"dateModified\":\"2024-03-18T17:41:04+00:00\",\"breadcrumb\":{\"@id\":\"https:\/\/www.artsituacions.com\/en\/fiminco-2024\/#breadcrumb\"},\"inLanguage\":\"it-IT\",\"potentialAction\":[{\"@type\":\"ReadAction\",\"target\":[\"https:\/\/www.artsituacions.com\/en\/fiminco-2024\/\"]}]},{\"@type\":\"BreadcrumbList\",\"@id\":\"https:\/\/www.artsituacions.com\/en\/fiminco-2024\/#breadcrumb\",\"itemListElement\":[{\"@type\":\"ListItem\",\"position\":1,\"name\":\"Home\",\"item\":\"https:\/\/www.artsituacions.com\/es\/\"},{\"@type\":\"ListItem\",\"position\":2,\"name\":\"Fondation Fiminco 2024\"}]}]}<\/script>\n<!-- \/ Yoast SEO plugin. -->","yoast_head_json":{"robots":{"index":"index","follow":"follow","max-snippet":"max-snippet:-1","max-image-preview":"max-image-preview:large","max-video-preview":"max-video-preview:-1"},"canonical":"https:\/\/www.artsituacions.com\/en\/fiminco-2024\/","og_locale":"it_IT","og_type":"article","og_title":"[:es]Fiminco Fondation 2024[:ca]Fondation Fiminco 2024[:en]Fondation Fiminco 2024[:it]ARCOMadrid 2023[:] - Artsituacions","og_description":"Con la colaboraci\u00f3n de: ARTSituacions III ESPA\u00d1A, FRANCIA Elena Aitzkoa, Nora Aurrekoetxea, Luc\u00eda Bay\u00f3n, Elsa Br\u00e8s, Pablo Capit\u00e1n del R\u00edo, Salom\u00e9 Chatriot, Marie-Luce Nadal, Beno\u00eet Pi\u00e9ron, Yoan Sorin. Art Situacions regresa con una muestra en ARCO con obras de los&hellip;Leggi altro &#8250;","og_url":"https:\/\/www.artsituacions.com\/it\/fiminco-2024\/","og_site_name":"Artsituacions","article_modified_time":"2024-03-18T17:41:04+00:00","og_image":[{"url":"https:\/\/www.artsituacions.com\/wp-content\/uploads\/2024\/03\/logo-fiminco.png"}],"twitter_card":"summary_large_image","twitter_misc":{"Tempo di lettura stimato":"6 minuti"},"schema":{"@context":"https:\/\/schema.org","@graph":[{"@type":"WebSite","@id":"https:\/\/www.artsituacions.com\/es\/#website","url":"https:\/\/www.artsituacions.com\/es\/","name":"Artsituacions","description":"","potentialAction":[{"@type":"SearchAction","target":{"@type":"EntryPoint","urlTemplate":"https:\/\/www.artsituacions.com\/es\/?s={search_term_string}"},"query-input":"required name=search_term_string"}],"inLanguage":"it-IT"},{"@type":"ImageObject","@id":"https:\/\/www.artsituacions.com\/en\/fiminco-2024\/#primaryimage","inLanguage":"it-IT","url":"https:\/\/www.artsituacions.com\/wp-content\/uploads\/2024\/03\/logo-fiminco.png","contentUrl":"https:\/\/www.artsituacions.com\/wp-content\/uploads\/2024\/03\/logo-fiminco.png"},{"@type":"WebPage","@id":"https:\/\/www.artsituacions.com\/en\/fiminco-2024\/#webpage","url":"https:\/\/www.artsituacions.com\/en\/fiminco-2024\/","name":"[:es]Fiminco Fondation 2024[:ca]Fondation Fiminco 2024[:en]Fondation Fiminco 2024[:it]ARCOMadrid 2023[:] - Artsituacions","isPartOf":{"@id":"https:\/\/www.artsituacions.com\/es\/#website"},"primaryImageOfPage":{"@id":"https:\/\/www.artsituacions.com\/en\/fiminco-2024\/#primaryimage"},"datePublished":"2024-03-18T17:07:56+00:00","dateModified":"2024-03-18T17:41:04+00:00","breadcrumb":{"@id":"https:\/\/www.artsituacions.com\/en\/fiminco-2024\/#breadcrumb"},"inLanguage":"it-IT","potentialAction":[{"@type":"ReadAction","target":["https:\/\/www.artsituacions.com\/en\/fiminco-2024\/"]}]},{"@type":"BreadcrumbList","@id":"https:\/\/www.artsituacions.com\/en\/fiminco-2024\/#breadcrumb","itemListElement":[{"@type":"ListItem","position":1,"name":"Home","item":"https:\/\/www.artsituacions.com\/es\/"},{"@type":"ListItem","position":2,"name":"Fondation Fiminco 2024"}]}]}},"AFP_featured_media_urls":{"full":false,"thumbnail":false,"medium":false,"medium_large":false,"large":false},"AFP_attachments":[],"AFP_videos":[],"AFP_video_blocks":"","AFP_category_names":[],"_links":{"self":[{"href":"https:\/\/www.artsituacions.com\/it\/wp-json\/wp\/v2\/pages\/3021"}],"collection":[{"href":"https:\/\/www.artsituacions.com\/it\/wp-json\/wp\/v2\/pages"}],"about":[{"href":"https:\/\/www.artsituacions.com\/it\/wp-json\/wp\/v2\/types\/page"}],"author":[{"embeddable":true,"href":"https:\/\/www.artsituacions.com\/it\/wp-json\/wp\/v2\/users\/1"}],"replies":[{"embeddable":true,"href":"https:\/\/www.artsituacions.com\/it\/wp-json\/wp\/v2\/comments?post=3021"}],"version-history":[{"count":9,"href":"https:\/\/www.artsituacions.com\/it\/wp-json\/wp\/v2\/pages\/3021\/revisions"}],"predecessor-version":[{"id":3033,"href":"https:\/\/www.artsituacions.com\/it\/wp-json\/wp\/v2\/pages\/3021\/revisions\/3033"}],"wp:attachment":[{"href":"https:\/\/www.artsituacions.com\/it\/wp-json\/wp\/v2\/media?parent=3021"}],"curies":[{"name":"wp","href":"https:\/\/api.w.org\/{rel}","templated":true}]}}