{"id":493,"date":"2014-11-26T17:47:12","date_gmt":"2014-11-26T17:47:12","guid":{"rendered":"http:\/\/elb-artsituacions-com-1145311841.eu-west-1.elb.amazonaws.com\/?page_id=493"},"modified":"2022-02-23T20:34:22","modified_gmt":"2022-02-23T20:34:22","slug":"comite","status":"publish","type":"page","link":"https:\/\/www.artsituacions.com\/it\/comite\/","title":{"rendered":"Comitato"},"content":{"rendered":"<div class=\"commitee clearfix\">\n<h2 class=\"hdrSection\">Comitato 2015<\/h2>\n<ul style=\"Margin-bottom:70px;\" class=\"itemList\">\n<li>\n<figure><a href=\"\/it\/comite\/vicente-todoli\/\"><img decoding=\"async\" style=\"border: 0px;\" src=\"\/wp-content\/uploads\/2014\/11\/vicent-todoli-300_author_image.jpg\" alt=\"Vicent Todoli 300\" \/><figcaption>Vicente Todol\u00ed<\/figcaption><\/figure>\n<p><\/a>&nbsp;<\/li>\n<li>\n<figure><a href=\"\/it\/comite\/maria-corral\/\"><img decoding=\"async\" style=\"border: 0px;\" src=\"\/wp-content\/uploads\/2014\/11\/maria-corral-300-px_author_image.jpg\" alt=\"Maria Corral 300 px\" \/><figcaption>Ms. Maria de Corral<br \/>\n<\/figcaption><\/figure>\n<p><\/a><\/li>\n<li>\n<figure><a href=\"\/it\/comite\/lorena-martinez-de-corral\/\"><img decoding=\"async\" style=\"border: 0px;\" src=\"\/wp-content\/uploads\/2015\/01\/lorena-martinez.jpg\" alt=\"lorena-martinez\" \/><figcaption>Lorena Mart\u00ednez del Corral<\/figcaption><\/figure>\n<p><\/a><\/li>\n<li>\n<figure><a href=\"\/it\/comite\/ilaria-gianni\/\"><img decoding=\"async\" style=\"border: 0px;\" src=\"\/wp-content\/uploads\/2015\/01\/ilaria-gianni.jpg\" alt=\"ilaria\" \/><figcaption>Ilaria Gianni<\/figcaption><\/figure>\n<p><\/a><\/li>\n<\/ul>\n<h2 class=\"hdrSection\">Comitato 2012<\/h2>\n<ul class=\"itemList\">\n<li>\n<figure><a href=\"\/it\/comite\/vicente-todoli\/\"><img decoding=\"async\" style=\"border: 0px;\" src=\"\/wp-content\/uploads\/2014\/11\/vicent-todoli-300_author_image.jpg\" alt=\"Vicent Todoli 300\" \/><figcaption>Vicente Todol\u00ed<\/figcaption><\/figure>\n<p><\/a>&nbsp;<\/li>\n<li>\n<figure><a href=\"\/it\/comite\/yolanda-romero\/\"><img decoding=\"async\" style=\"border: 0px;\" src=\"\/wp-content\/uploads\/2014\/11\/yolanda-romero-300px_author_image.jpg\" alt=\"Yolanda Romero 300px\" \/><figcaption>Yolanda Romero<br \/>\n<\/figcaption><\/figure>\n<p><\/a><\/li>\n<li>\n<figure><a href=\"\/it\/comite\/maria-corral\/\"><img decoding=\"async\" style=\"border: 0px;\" src=\"\/wp-content\/uploads\/2014\/11\/maria-corral-300-px_author_image.jpg\" alt=\"Maria Corral 300 px\" \/><figcaption>Ms. Maria de Corral<br \/>\n<\/figcaption><\/figure>\n<p><\/a><\/li>\n<li>\n<figure><a href=\"\/it\/comite\/teresa-blanch\/\"><img decoding=\"async\" style=\"border: 0px;\" src=\"\/wp-content\/uploads\/2014\/11\/teresa-blanch-300_author_image.jpg\" alt=\"Teresa Blanch 300\" \/><figcaption>Teresa Blanch<\/figcaption><\/figure>\n<p><\/a><\/li>\n<\/ul>\n<\/div>\n","protected":false},"excerpt":{"rendered":"<p>Comitato 2015 Vicente Todol\u00ed &nbsp; Ms. Maria de Corral Lorena Mart\u00ednez del Corral Ilaria Gianni Comitato 2012 Vicente Todol\u00ed &nbsp; Yolanda Romero Ms. Maria de Corral Teresa Blanch<\/p>\n","protected":false},"author":1,"featured_media":0,"parent":0,"menu_order":0,"comment_status":"closed","ping_status":"closed","template":"","meta":[],"yoast_head":"<!-- This site is optimized with the Yoast SEO plugin v17.8 - https:\/\/yoast.com\/wordpress\/plugins\/seo\/ -->\n<meta name=\"robots\" content=\"index, follow, max-snippet:-1, max-image-preview:large, max-video-preview:-1\" \/>\n<link rel=\"canonical\" href=\"https:\/\/www.artsituacions.com\/es\/comite\/\" \/>\n<meta property=\"og:locale\" content=\"it_IT\" \/>\n<meta property=\"og:type\" content=\"article\" \/>\n<meta property=\"og:title\" content=\"Comitato\" \/>\n<meta property=\"og:description\" content=\"Comitato 2015 Vicente Todol\u00ed &nbsp; Ms. Maria de Corral Lorena Mart\u00ednez del Corral Ilaria Gianni Comitato 2012 Vicente Todol\u00ed &nbsp; Yolanda Romero Ms. Maria de Corral Teresa Blanch\" \/>\n<meta property=\"og:url\" content=\"https:\/\/www.artsituacions.com\/it\/comite\/\" \/>\n<meta property=\"og:site_name\" content=\"Artsituacions\" \/>\n<meta property=\"article:modified_time\" content=\"2022-02-23T20:34:22+00:00\" \/>\n<meta property=\"og:image\" content=\"https:\/\/www.artsituacions.com\/wp-content\/uploads\/2014\/11\/todoli.png\" \/>\n<meta name=\"twitter:card\" content=\"summary_large_image\" \/>\n<meta name=\"twitter:label1\" content=\"Tempo di lettura stimato\" \/>\n\t<meta name=\"twitter:data1\" content=\"3 minuti\" \/>\n<script type=\"application\/ld+json\" class=\"yoast-schema-graph\">{\"@context\":\"https:\/\/schema.org\",\"@graph\":[{\"@type\":\"WebSite\",\"@id\":\"https:\/\/www.artsituacions.com\/es\/#website\",\"url\":\"https:\/\/www.artsituacions.com\/es\/\",\"name\":\"Artsituacions\",\"description\":\"\",\"potentialAction\":[{\"@type\":\"SearchAction\",\"target\":{\"@type\":\"EntryPoint\",\"urlTemplate\":\"https:\/\/www.artsituacions.com\/es\/?s={search_term_string}\"},\"query-input\":\"required name=search_term_string\"}],\"inLanguage\":\"it-IT\"},{\"@type\":\"ImageObject\",\"@id\":\"https:\/\/www.artsituacions.com\/es\/comite\/#primaryimage\",\"inLanguage\":\"it-IT\",\"url\":\"https:\/\/www.artsituacions.com\/wp-content\/uploads\/2014\/11\/todoli.png\",\"contentUrl\":\"https:\/\/www.artsituacions.com\/wp-content\/uploads\/2014\/11\/todoli.png\",\"width\":437,\"height\":445},{\"@type\":\"WebPage\",\"@id\":\"https:\/\/www.artsituacions.com\/es\/comite\/#webpage\",\"url\":\"https:\/\/www.artsituacions.com\/es\/comite\/\",\"name\":\"[:es]Comit\\u00e9[:ca]Comit\\u00e8[:en]Committee[:it]Comitato[:] - Artsituacions\",\"isPartOf\":{\"@id\":\"https:\/\/www.artsituacions.com\/es\/#website\"},\"primaryImageOfPage\":{\"@id\":\"https:\/\/www.artsituacions.com\/es\/comite\/#primaryimage\"},\"datePublished\":\"2014-11-26T17:47:12+00:00\",\"dateModified\":\"2022-02-23T20:34:22+00:00\",\"breadcrumb\":{\"@id\":\"https:\/\/www.artsituacions.com\/es\/comite\/#breadcrumb\"},\"inLanguage\":\"it-IT\",\"potentialAction\":[{\"@type\":\"ReadAction\",\"target\":[\"https:\/\/www.artsituacions.com\/es\/comite\/\"]}]},{\"@type\":\"BreadcrumbList\",\"@id\":\"https:\/\/www.artsituacions.com\/es\/comite\/#breadcrumb\",\"itemListElement\":[{\"@type\":\"ListItem\",\"position\":1,\"name\":\"Home\",\"item\":\"https:\/\/www.artsituacions.com\/es\/\"},{\"@type\":\"ListItem\",\"position\":2,\"name\":\"Comit\\u00e9\"}]}]}<\/script>\n<!-- \/ Yoast SEO plugin. -->","yoast_head_json":{"robots":{"index":"index","follow":"follow","max-snippet":"max-snippet:-1","max-image-preview":"max-image-preview:large","max-video-preview":"max-video-preview:-1"},"canonical":"https:\/\/www.artsituacions.com\/es\/comite\/","og_locale":"it_IT","og_type":"article","og_title":"[:es]Comit\u00e9[:ca]Comit\u00e8[:en]Committee[:it]Comitato[:] - Artsituacions","og_description":"Comitato 2015 Vicente Todol\u00ed &nbsp; Ms. Maria de Corral Lorena Mart\u00ednez del Corral Ilaria Gianni Comitato 2012 Vicente Todol\u00ed &nbsp; Yolanda Romero Ms. Maria de Corral Teresa Blanch","og_url":"https:\/\/www.artsituacions.com\/it\/comite\/","og_site_name":"Artsituacions","article_modified_time":"2022-02-23T20:34:22+00:00","og_image":[{"url":"https:\/\/www.artsituacions.com\/wp-content\/uploads\/2014\/11\/todoli.png"}],"twitter_card":"summary_large_image","twitter_misc":{"Tempo di lettura stimato":"3 minuti"},"schema":{"@context":"https:\/\/schema.org","@graph":[{"@type":"WebSite","@id":"https:\/\/www.artsituacions.com\/es\/#website","url":"https:\/\/www.artsituacions.com\/es\/","name":"Artsituacions","description":"","potentialAction":[{"@type":"SearchAction","target":{"@type":"EntryPoint","urlTemplate":"https:\/\/www.artsituacions.com\/es\/?s={search_term_string}"},"query-input":"required name=search_term_string"}],"inLanguage":"it-IT"},{"@type":"ImageObject","@id":"https:\/\/www.artsituacions.com\/es\/comite\/#primaryimage","inLanguage":"it-IT","url":"https:\/\/www.artsituacions.com\/wp-content\/uploads\/2014\/11\/todoli.png","contentUrl":"https:\/\/www.artsituacions.com\/wp-content\/uploads\/2014\/11\/todoli.png","width":437,"height":445},{"@type":"WebPage","@id":"https:\/\/www.artsituacions.com\/es\/comite\/#webpage","url":"https:\/\/www.artsituacions.com\/es\/comite\/","name":"[:es]Comit\u00e9[:ca]Comit\u00e8[:en]Committee[:it]Comitato[:] - Artsituacions","isPartOf":{"@id":"https:\/\/www.artsituacions.com\/es\/#website"},"primaryImageOfPage":{"@id":"https:\/\/www.artsituacions.com\/es\/comite\/#primaryimage"},"datePublished":"2014-11-26T17:47:12+00:00","dateModified":"2022-02-23T20:34:22+00:00","breadcrumb":{"@id":"https:\/\/www.artsituacions.com\/es\/comite\/#breadcrumb"},"inLanguage":"it-IT","potentialAction":[{"@type":"ReadAction","target":["https:\/\/www.artsituacions.com\/es\/comite\/"]}]},{"@type":"BreadcrumbList","@id":"https:\/\/www.artsituacions.com\/es\/comite\/#breadcrumb","itemListElement":[{"@type":"ListItem","position":1,"name":"Home","item":"https:\/\/www.artsituacions.com\/es\/"},{"@type":"ListItem","position":2,"name":"Comit\u00e9"}]}]}},"AFP_featured_media_urls":{"full":false,"thumbnail":false,"medium":false,"medium_large":false,"large":false},"AFP_attachments":[],"AFP_videos":[],"AFP_video_blocks":"","AFP_category_names":[],"_links":{"self":[{"href":"https:\/\/www.artsituacions.com\/it\/wp-json\/wp\/v2\/pages\/493"}],"collection":[{"href":"https:\/\/www.artsituacions.com\/it\/wp-json\/wp\/v2\/pages"}],"about":[{"href":"https:\/\/www.artsituacions.com\/it\/wp-json\/wp\/v2\/types\/page"}],"author":[{"embeddable":true,"href":"https:\/\/www.artsituacions.com\/it\/wp-json\/wp\/v2\/users\/1"}],"replies":[{"embeddable":true,"href":"https:\/\/www.artsituacions.com\/it\/wp-json\/wp\/v2\/comments?post=493"}],"version-history":[{"count":57,"href":"https:\/\/www.artsituacions.com\/it\/wp-json\/wp\/v2\/pages\/493\/revisions"}],"predecessor-version":[{"id":1967,"href":"https:\/\/www.artsituacions.com\/it\/wp-json\/wp\/v2\/pages\/493\/revisions\/1967"}],"wp:attachment":[{"href":"https:\/\/www.artsituacions.com\/it\/wp-json\/wp\/v2\/media?parent=493"}],"curies":[{"name":"wp","href":"https:\/\/api.w.org\/{rel}","templated":true}]}}